{"id":35834,"date":"2023-03-20T13:04:20","date_gmt":"2023-03-20T13:04:20","guid":{"rendered":"https:\/\/beacontower.io\/goodvalley\/"},"modified":"2026-03-24T11:08:49","modified_gmt":"2026-03-24T11:08:49","slug":"goodvalley","status":"publish","type":"page","link":"https:\/\/beacontower.io\/sv\/cases\/goodvalley\/","title":{"rendered":"Goodvalley"},"content":{"rendered":"<p>[et_pb_section fb_built=&#8221;1&#8243; custom_padding_last_edited=&#8221;on|tablet&#8221; admin_label=&#8221;Header&#8221; _builder_version=&#8221;4.19.4&#8243; _module_preset=&#8221;default&#8221; use_background_color_gradient=&#8221;on&#8221; background_color_gradient_stops=&#8221;rgba(0,0,0,0) 0%|#000000 86%&#8221; background_color_gradient_overlays_image=&#8221;on&#8221; background_image=&#8221;https:\/\/beacontower.io\/wp-content\/uploads\/2023\/03\/frontpage-image.jpg&#8221; parallax=&#8221;on&#8221; custom_padding=&#8221;10.2%||||false|false&#8221; custom_padding_tablet=&#8221;60px||||false|false&#8221; custom_padding_phone=&#8221;60px||||false|false&#8221; locked=&#8221;off&#8221; collapsed=&#8221;on&#8221; global_colors_info=&#8221;{}&#8221;][et_pb_row _builder_version=&#8221;4.18.0&#8243; _module_preset=&#8221;default&#8221; max_width=&#8221;700px&#8221; global_colors_info=&#8221;{}&#8221;][et_pb_column type=&#8221;4_4&#8243; _builder_version=&#8221;4.18.0&#8243; _module_preset=&#8221;default&#8221; global_colors_info=&#8221;{}&#8221;][et_pb_text _builder_version=&#8221;4.19.4&#8243; _module_preset=&#8221;e6504a1b-67eb-4b3d-b023-bcab277610b6&#8243; header_4_font=&#8221;Archivo|700||on|||||&#8221; header_4_text_color=&#8221;gcid-f1414204-51c0-48ff-bc68-c545a86d03e7&#8243; header_4_font_size=&#8221;14px&#8221; header_4_letter_spacing=&#8221;1px&#8221; header_4_line_height=&#8221;1.5em&#8221; text_orientation=&#8221;center&#8221; custom_margin=&#8221;||0px||false|false&#8221; global_colors_info=&#8221;{%22gcid-f1414204-51c0-48ff-bc68-c545a86d03e7%22:%91%22header_4_text_color%22%93}&#8221;]<\/p>\n<h4>Case<\/h4>\n<p>[\/et_pb_text][et_pb_text _builder_version=&#8221;4.18.0&#8243; _module_preset=&#8221;c16985e1-e0d6-4022-964d-e2bfc04fa633&#8243; header_font=&#8221;Roboto|700|||||||&#8221; header_text_color=&#8221;gcid-6171fd24-b893-4d22-843a-f4129850a5c1&#8243; header_font_size=&#8221;75px&#8221; header_line_height=&#8221;1.2em&#8221; text_orientation=&#8221;center&#8221; header_font_size_tablet=&#8221;40px&#8221; header_font_size_phone=&#8221;24px&#8221; header_font_size_last_edited=&#8221;on|desktop&#8221; global_colors_info=&#8221;{%22gcid-6171fd24-b893-4d22-843a-f4129850a5c1%22:%91%22header_text_color%22%93}&#8221;]<\/p>\n<h1>Goodvalley<\/h1>\n<p>[\/et_pb_text][et_pb_divider color=&#8221;gcid-6171fd24-b893-4d22-843a-f4129850a5c1&#8243; divider_weight=&#8221;4px&#8221; _builder_version=&#8221;4.18.0&#8243; _module_preset=&#8221;default&#8221; max_width=&#8221;300px&#8221; module_alignment=&#8221;center&#8221; global_colors_info=&#8221;{%22gcid-6171fd24-b893-4d22-843a-f4129850a5c1%22:%91%22color%22%93}&#8221;][\/et_pb_divider][et_pb_text _builder_version=&#8221;4.19.4&#8243; _module_preset=&#8221;518880c8-46c7-4ffa-b5a6-93ffa99dcc17&#8243; text_font=&#8221;Archivo||||||||&#8221; text_text_color=&#8221;gcid-6171fd24-b893-4d22-843a-f4129850a5c1&#8243; text_orientation=&#8221;center&#8221; text_font_size_tablet=&#8221;16px&#8221; text_font_size_phone=&#8221;14px&#8221; text_font_size_last_edited=&#8221;on|phone&#8221; global_colors_info=&#8221;{%22gcid-6171fd24-b893-4d22-843a-f4129850a5c1%22:%91%22text_text_color%22%93}&#8221;]<\/p>\n<p>Monitorering av h\u00e4lsa och f\u00f6rh\u00e5llande<\/p>\n<p>[\/et_pb_text][\/et_pb_column][\/et_pb_row][\/et_pb_section][et_pb_section fb_built=&#8221;1&#8243; admin_label=&#8221;Project&#8221; _builder_version=&#8221;4.19.4&#8243; _module_preset=&#8221;default&#8221; background_color=&#8221;gcid-2cf18f4b-ad1d-4daf-a40a-75be4919065f&#8221; custom_padding=&#8221;0px||0px||false|false&#8221; collapsed=&#8221;on&#8221; global_colors_info=&#8221;{%22gcid-2cf18f4b-ad1d-4daf-a40a-75be4919065f%22:%91%22background_color%22%93}&#8221;][et_pb_row custom_padding_last_edited=&#8221;on|desktop&#8221; _builder_version=&#8221;4.19.4&#8243; _module_preset=&#8221;default&#8221; background_color=&#8221;gcid-55e89f59-bdfa-4c7c-a24f-b278f03ffe74&#8243; custom_padding=&#8221;30px|60px|30px|60px|false|true&#8221; custom_padding_tablet=&#8221;30px|30px|30px|30px|true|true&#8221; custom_padding_phone=&#8221;20px|20px|20px|20px|true|true&#8221; global_colors_info=&#8221;{%22gcid-55e89f59-bdfa-4c7c-a24f-b278f03ffe74%22:%91%22background_color%22%93}&#8221;][et_pb_column type=&#8221;4_4&#8243; _builder_version=&#8221;4.19.4&#8243; _module_preset=&#8221;default&#8221; global_colors_info=&#8221;{}&#8221;][et_pb_text _builder_version=&#8221;4.19.4&#8243; _module_preset=&#8221;e6504a1b-67eb-4b3d-b023-bcab277610b6&#8243; header_4_font=&#8221;Archivo|700||on|||||&#8221; header_4_text_color=&#8221;gcid-f1414204-51c0-48ff-bc68-c545a86d03e7&#8243; header_4_font_size=&#8221;14px&#8221; header_4_letter_spacing=&#8221;1px&#8221; header_4_line_height=&#8221;1.5em&#8221; custom_margin=&#8221;||0px||false|false&#8221; locked=&#8221;off&#8221; global_colors_info=&#8221;{%22gcid-f1414204-51c0-48ff-bc68-c545a86d03e7%22:%91%22header_4_text_color%22%93}&#8221;]<\/p>\n<h4>M\u00e5l<\/h4>\n<p>[\/et_pb_text][et_pb_text _builder_version=&#8221;4.18.0&#8243; _module_preset=&#8221;b327cbe4-b1d5-4b66-ad37-40c8f2f061ba&#8221; header_2_font=&#8221;Roboto|700|||||||&#8221; header_2_text_color=&#8221;gcid-1adb0c48-e943-4be8-b747-83127bdbd76c&#8221; header_2_font_size=&#8221;48px&#8221; header_2_line_height=&#8221;1.2em&#8221; header_2_font_size_tablet=&#8221;32px&#8221; header_2_font_size_phone=&#8221;20px&#8221; header_2_font_size_last_edited=&#8221;on|desktop&#8221; locked=&#8221;off&#8221; global_colors_info=&#8221;{%22gcid-1adb0c48-e943-4be8-b747-83127bdbd76c%22:%91%22header_2_text_color%22%93}&#8221;]<\/p>\n<h2>Monitorering av grisars h\u00e4lsa och f\u00f6rh\u00e5llande i svinstior<\/h2>\n<p>[\/et_pb_text][\/et_pb_column][\/et_pb_row][et_pb_row column_structure=&#8221;1_2,1_2&#8243; custom_padding_last_edited=&#8221;on|desktop&#8221; _builder_version=&#8221;4.19.4&#8243; _module_preset=&#8221;default&#8221; background_color=&#8221;gcid-55e89f59-bdfa-4c7c-a24f-b278f03ffe74&#8243; custom_padding=&#8221;30px|60px|30px|60px|true|true&#8221; custom_padding_tablet=&#8221;30px|30px|30px|30px|true|true&#8221; custom_padding_phone=&#8221;20px|20px|20px|20px|true|true&#8221; global_colors_info=&#8221;{%22gcid-55e89f59-bdfa-4c7c-a24f-b278f03ffe74%22:%91%22background_color%22%93}&#8221;][et_pb_column type=&#8221;1_2&#8243; _builder_version=&#8221;4.18.0&#8243; _module_preset=&#8221;default&#8221; global_colors_info=&#8221;{}&#8221;][et_pb_image src=&#8221;https:\/\/beacontower.io\/wp-content\/uploads\/2023\/03\/GV-case.jpg&#8221; _builder_version=&#8221;4.19.4&#8243; _module_preset=&#8221;default&#8221; global_colors_info=&#8221;{}&#8221;][\/et_pb_image][\/et_pb_column][et_pb_column type=&#8221;1_2&#8243; _builder_version=&#8221;4.18.0&#8243; _module_preset=&#8221;default&#8221; global_colors_info=&#8221;{}&#8221;][et_pb_divider color=&#8221;gcid-6171fd24-b893-4d22-843a-f4129850a5c1&#8243; divider_weight=&#8221;4px&#8221; _builder_version=&#8221;4.18.0&#8243; _module_preset=&#8221;default&#8221; max_width=&#8221;200px&#8221; locked=&#8221;off&#8221; global_colors_info=&#8221;{%22gcid-6171fd24-b893-4d22-843a-f4129850a5c1%22:%91%22color%22%93}&#8221;][\/et_pb_divider][et_pb_text _builder_version=&#8221;4.18.0&#8243; _module_preset=&#8221;1f09816e-184e-4ce5-a4cf-b39c52c423ca&#8221; text_font=&#8221;Archivo||||||||&#8221; text_text_color=&#8221;gcid-1adb0c48-e943-4be8-b747-83127bdbd76c&#8221; text_font_size=&#8221;16px&#8221; text_font_size_tablet=&#8221;15px&#8221; text_font_size_phone=&#8221;14px&#8221; text_font_size_last_edited=&#8221;on|phone&#8221; header_font_size_tablet=&#8221;55px&#8221; header_font_size_last_edited=&#8221;off|desktop&#8221; global_colors_info=&#8221;{%22gcid-1adb0c48-e943-4be8-b747-83127bdbd76c%22:%91%22text_text_color%22%93}&#8221;]<\/p>\n<p>Den danska grisuppf\u00f6daren Goodvalley, med en miljardoms\u00e4ttning i Polen, Ukraina och Ryssland, vill digitalisera hela deras produktionskedja fr\u00e5n svinstiorna till kyldisken. M\u00e5let \u00e4r att minska sjukdomar och \u00f6ka effektiviteten. Bolaget hade en oms\u00e4ttning p\u00e5 2,12 miljarder SEK 2019 och har \u00f6ver 2300 anst\u00e4llda.<\/p>\n<p>[\/et_pb_text][\/et_pb_column][\/et_pb_row][et_pb_row custom_padding_last_edited=&#8221;on|desktop&#8221; _builder_version=&#8221;4.19.4&#8243; _module_preset=&#8221;default&#8221; background_color=&#8221;gcid-55e89f59-bdfa-4c7c-a24f-b278f03ffe74&#8243; custom_padding=&#8221;30px|60px|30px|60px|false|true&#8221; custom_padding_tablet=&#8221;30px|30px|30px|30px|true|true&#8221; custom_padding_phone=&#8221;20px|20px|20px|20px|true|true&#8221; global_colors_info=&#8221;{%22gcid-55e89f59-bdfa-4c7c-a24f-b278f03ffe74%22:%91%22background_color%22%93}&#8221;][et_pb_column type=&#8221;4_4&#8243; _builder_version=&#8221;4.18.0&#8243; _module_preset=&#8221;default&#8221; global_colors_info=&#8221;{}&#8221;][et_pb_text _builder_version=&#8221;4.19.4&#8243; _module_preset=&#8221;64599ba5-eb7d-4ee0-85a7-6565874456c5&#8243; header_5_font=&#8221;Roboto|700|||||||&#8221; header_5_text_color=&#8221;#FFFFFF&#8221; header_5_font_size=&#8221;18px&#8221; custom_margin=&#8221;||0px||false|false&#8221; header_5_font_size_tablet=&#8221;16px&#8221; header_5_font_size_phone=&#8221;15px&#8221; header_5_font_size_last_edited=&#8221;on|desktop&#8221; locked=&#8221;off&#8221; global_colors_info=&#8221;{}&#8221;]<\/p>\n<h5>\u00d6versikt<\/h5>\n<p>[\/et_pb_text][et_pb_text _builder_version=&#8221;4.27.4&#8243; _module_preset=&#8221;4c43b4b6-66bf-432d-959a-705bda24a650&#8243; text_font=&#8221;Archivo||||||||&#8221; text_text_color=&#8221;#FFFFFF&#8221; hover_enabled=&#8221;0&#8243; header_font_size_tablet=&#8221;55px&#8221; header_font_size_last_edited=&#8221;off|desktop&#8221; locked=&#8221;off&#8221; global_colors_info=&#8221;{}&#8221; sticky_enabled=&#8221;0&#8243;]<\/p>\n<p>F\u00f6retaget hade en oms\u00e4ttning p\u00e5 1,56 miljarder DKK 2019 och syssels\u00e4tter cirka 2 300 personer i Polen och Ukraina. I Danmark finns endast sex anst\u00e4llda i stabsfunktionerna p\u00e5 huvudkontoret i K\u00f6penhamn och Goodvalley beh\u00f6ver ha en enkel och uppdaterad bild av hela verksamheten samt kunna djupdyka i verksamhetsintresseomr\u00e5den.<\/p>\n<p>[\/et_pb_text][\/et_pb_column][\/et_pb_row][\/et_pb_section][et_pb_section fb_built=&#8221;1&#8243; _builder_version=&#8221;4.19.4&#8243; _module_preset=&#8221;default&#8221; background_color=&#8221;gcid-2cf18f4b-ad1d-4daf-a40a-75be4919065f&#8221; custom_padding=&#8221;0px||||false|false&#8221; locked=&#8221;off&#8221; global_colors_info=&#8221;{%22gcid-2cf18f4b-ad1d-4daf-a40a-75be4919065f%22:%91%22background_color%22%93}&#8221;][et_pb_row _builder_version=&#8221;4.19.4&#8243; _module_preset=&#8221;default&#8221; custom_padding=&#8221;||0px||false|false&#8221; global_colors_info=&#8221;{}&#8221;][et_pb_column type=&#8221;4_4&#8243; _builder_version=&#8221;4.16&#8243; _module_preset=&#8221;default&#8221; global_colors_info=&#8221;{}&#8221;][et_pb_divider divider_weight=&#8221;3px&#8221; _builder_version=&#8221;4.16&#8243; _module_preset=&#8221;default&#8221; max_width=&#8221;100px&#8221; module_alignment=&#8221;left&#8221; custom_margin=&#8221;0px||20px||false|false&#8221; animation_style=&#8221;slide&#8221; animation_direction=&#8221;bottom&#8221; global_colors_info=&#8221;{}&#8221;][\/et_pb_divider][\/et_pb_column][\/et_pb_row][et_pb_row _builder_version=&#8221;4.19.4&#8243; _module_preset=&#8221;default&#8221; custom_padding=&#8221;0px||||false|false&#8221; global_colors_info=&#8221;{}&#8221;][et_pb_column type=&#8221;4_4&#8243; _builder_version=&#8221;4.19.4&#8243; _module_preset=&#8221;default&#8221; global_colors_info=&#8221;{}&#8221;][et_pb_text _builder_version=&#8221;4.19.4&#8243; _module_preset=&#8221;default&#8221; custom_padding=&#8221;0px||0px||false|false&#8221; global_colors_info=&#8221;{}&#8221;]<\/p>\n<h3><span style=\"color: #ffffff;\"><strong><em><span style=\"font-size: x-large;\">\u00c4ger hela v\u00e4rdekedjan<\/span><\/em><\/strong><\/span><\/h3>\n<p><span style=\"color: #ffffff;\">Goodvalley \u00e4r certifierat CO2-neutralt av tyska T\u00dcV, och det har uppn\u00e5tts bl.a. genom produktion av el f\u00f6r egen f\u00f6rbrukning via f\u00f6rgasning av restavfall fr\u00e5n grisproduktion i nio biogasanl\u00e4ggningar.<\/span><\/p>\n<p><span style=\"color: #ffffff;\">Goodvalley \u00e4ger hela v\u00e4rdekedjan fr\u00e5n foderproduktion p\u00e5 42 000 hektar mark i de tre produktionsl\u00e4nderna till slakterierna och cirka 43 000 djur alla dagar p\u00e5 \u00e5ret.<\/span><\/p>\n<p><span style=\"color: #ffffff;\"><strong><em><span style=\"font-size: x-large;\">Samla, normalisera och konsolidera olika datak\u00e4llor<\/span><\/em><\/strong><\/span><\/p>\n<p><span style=\"color: #ffffff;\">Goodvalley anv\u00e4nder m\u00e5nga olika l\u00f6sningar f\u00f6r datainsamling i sin drift, men de olika leverant\u00f6rerna av system och appar \u00e4r i m\u00e5nga fall inte integrerade. Goodvalley har d\u00e4rf\u00f6r anv\u00e4nt Beacon Tower som sin allm\u00e4nna IoT-plattform f\u00f6r datainsamling som \u00e4r \u2019h\u00e5rdvaruagnostisk\u2019 \u2013 dvs. som back-end f\u00f6r att samla in data fr\u00e5n alla typer av sensorer, maskiner eller annan h\u00e5rdvara i deras drift fr\u00e5n vilken data fl\u00f6dar.<\/span><\/p>\n<p><span style=\"color: #ffffff;\">Beacon Tower samlar in data lokalt i grisstallarna, fr\u00e5n t.ex. vattenm\u00e4tare som \u00e5terigen samlas in p\u00e5 en lokal \u00e4ldre server som sedan kommunicerar med Beacon Tower IoT Edge-gatewayen.<\/span><\/p>\n<p><span style=\"color: #ffffff;\">Fr\u00e5n Beacon Tower kan nya moduler tas i drift, befintliga moduler uppdateras och hela systemets tillst\u00e5nd \u00f6vervakas. Data fr\u00e5n vattenm\u00e4tare och andra sensorer skickas via internetuppkoppling fr\u00e5n stallet till Beacon Tower.<\/span><\/p>\n<p><span style=\"color: #ffffff;\">Datan \u00e4r sedan genom Beacon Towers flexibla tillg\u00e5ngssystem logiskt uppdelad i t.ex. grispartier efter \u00e5lder, storlek och plats i grisstallen, och data kan j\u00e4mf\u00f6ras med referenskurvor. Vid avvikelser kan larm skickas till lokal chef eller veterin\u00e4r p\u00e5 plats.<\/span><\/p>\n<p><span style=\"color: #ffffff;\">Att samla in data fr\u00e5n olika vattenm\u00e4tare var det f\u00f6rsta steget, men det finns m\u00e5nga andra m\u00f6jligheter att utforska. Till exempel kommer Goodvalley att g\u00f6ra vad som helst f\u00f6r att h\u00e5lla sjukdomen afrikansk svinpest borta fr\u00e5n grisboxar. Det \u00e4r d\u00e4rf\u00f6r som lastbilarna som transporterar grisarna idag k\u00f6rs genom ett &#8221;bageri&#8221; och v\u00e4rms upp till 60 grader Celsius f\u00f6r att d\u00f6da bakterier och virus. N\u00e4sta steg f\u00f6rv\u00e4ntas vara installation av temperatursensorer inuti lastbilen. Detta g\u00f6r att Goodvalley kan s\u00e4kerst\u00e4lla att r\u00e4tt temperatur uppn\u00e5s och om detta inte h\u00e4nder kommer d\u00f6rren inte att \u00f6ppnas f\u00f6r lastbilen. Och Beacon Tower kommer att vara platsen d\u00e4r data finns f\u00f6r anv\u00e4ndare och andra system att anv\u00e4nda.<\/span><\/p>\n<p>[\/et_pb_text][\/et_pb_column][\/et_pb_row][\/et_pb_section]<\/p>\n","protected":false},"excerpt":{"rendered":"<p>CaseGoodvalleyMonitorering av h\u00e4lsa och f\u00f6rh\u00e5llandeM\u00e5lMonitorering av grisars h\u00e4lsa och f\u00f6rh\u00e5llande i svinstiorDen danska grisuppf\u00f6daren Goodvalley, med en miljardoms\u00e4ttning i Polen, Ukraina och Ryssland, vill digitalisera hela deras produktionskedja fr\u00e5n svinstiorna till kyldisken. M\u00e5let \u00e4r att minska sjukdomar och \u00f6ka effektiviteten. Bolaget hade en oms\u00e4ttning p\u00e5 2,12 miljarder SEK 2019 och har \u00f6ver 2300 anst\u00e4llda.\u00d6versiktF\u00f6retaget hade [&hellip;]<\/p>\n","protected":false},"author":5,"featured_media":0,"parent":36014,"menu_order":0,"comment_status":"closed","ping_status":"closed","template":"","meta":{"_et_pb_use_builder":"on","_et_pb_old_content":"","_et_gb_content_width":"","footnotes":""},"class_list":["post-35834","page","type-page","status-publish","hentry"],"yoast_head":"<!-- This site is optimized with the Yoast SEO plugin v27.4 - https:\/\/yoast.com\/product\/yoast-seo-wordpress\/ -->\n<title>Goodvalley - Beacon Tower<\/title>\n<meta name=\"robots\" content=\"index, follow, max-snippet:-1, max-image-preview:large, max-video-preview:-1\" \/>\n<link rel=\"canonical\" href=\"https:\/\/beacontower.io\/sv\/cases\/goodvalley\/\" \/>\n<meta property=\"og:locale\" content=\"sv_SE\" \/>\n<meta property=\"og:type\" content=\"article\" \/>\n<meta property=\"og:title\" content=\"Goodvalley - Beacon Tower\" \/>\n<meta property=\"og:description\" content=\"CaseGoodvalleyMonitorering av h\u00e4lsa och f\u00f6rh\u00e5llandeM\u00e5lMonitorering av grisars h\u00e4lsa och f\u00f6rh\u00e5llande i svinstiorDen danska grisuppf\u00f6daren Goodvalley, med en miljardoms\u00e4ttning i Polen, Ukraina och Ryssland, vill digitalisera hela deras produktionskedja fr\u00e5n svinstiorna till kyldisken. M\u00e5let \u00e4r att minska sjukdomar och \u00f6ka effektiviteten. Bolaget hade en oms\u00e4ttning p\u00e5 2,12 miljarder SEK 2019 och har \u00f6ver 2300 anst\u00e4llda.\u00d6versiktF\u00f6retaget hade [&hellip;]\" \/>\n<meta property=\"og:url\" content=\"https:\/\/beacontower.io\/sv\/cases\/goodvalley\/\" \/>\n<meta property=\"og:site_name\" content=\"Beacon Tower\" \/>\n<meta property=\"article:modified_time\" content=\"2026-03-24T11:08:49+00:00\" \/>\n<meta property=\"og:image\" content=\"https:\/\/beacontower.io\/wp-content\/uploads\/2021\/04\/BT-logo-web.png\" \/>\n\t<meta property=\"og:image:width\" content=\"400\" \/>\n\t<meta property=\"og:image:height\" content=\"175\" \/>\n\t<meta property=\"og:image:type\" content=\"image\/png\" \/>\n<meta name=\"twitter:card\" content=\"summary_large_image\" \/>\n<meta name=\"twitter:label1\" content=\"Ber\u00e4knad l\u00e4stid\" \/>\n\t<meta name=\"twitter:data1\" content=\"9 minuter\" \/>\n<script type=\"application\/ld+json\" class=\"yoast-schema-graph\">{\"@context\":\"https:\\\/\\\/schema.org\",\"@graph\":[{\"@type\":\"WebPage\",\"@id\":\"https:\\\/\\\/beacontower.io\\\/sv\\\/cases\\\/goodvalley\\\/\",\"url\":\"https:\\\/\\\/beacontower.io\\\/sv\\\/cases\\\/goodvalley\\\/\",\"name\":\"Goodvalley - Beacon Tower\",\"isPartOf\":{\"@id\":\"https:\\\/\\\/beacontower.io\\\/sv\\\/#website\"},\"datePublished\":\"2023-03-20T13:04:20+00:00\",\"dateModified\":\"2026-03-24T11:08:49+00:00\",\"breadcrumb\":{\"@id\":\"https:\\\/\\\/beacontower.io\\\/sv\\\/cases\\\/goodvalley\\\/#breadcrumb\"},\"inLanguage\":\"sv-SE\",\"potentialAction\":[{\"@type\":\"ReadAction\",\"target\":[\"https:\\\/\\\/beacontower.io\\\/sv\\\/cases\\\/goodvalley\\\/\"]}]},{\"@type\":\"BreadcrumbList\",\"@id\":\"https:\\\/\\\/beacontower.io\\\/sv\\\/cases\\\/goodvalley\\\/#breadcrumb\",\"itemListElement\":[{\"@type\":\"ListItem\",\"position\":1,\"name\":\"Home\",\"item\":\"https:\\\/\\\/beacontower.io\\\/sv\\\/azure-iot-cloud-och-edge-platform\\\/\"},{\"@type\":\"ListItem\",\"position\":2,\"name\":\"Cases\",\"item\":\"https:\\\/\\\/beacontower.io\\\/sv\\\/cases\\\/\"},{\"@type\":\"ListItem\",\"position\":3,\"name\":\"Goodvalley\"}]},{\"@type\":\"WebSite\",\"@id\":\"https:\\\/\\\/beacontower.io\\\/sv\\\/#website\",\"url\":\"https:\\\/\\\/beacontower.io\\\/sv\\\/\",\"name\":\"Beacon Tower\",\"description\":\"Azure IoT Cloud and Edge Platform\",\"publisher\":{\"@id\":\"https:\\\/\\\/beacontower.io\\\/sv\\\/#organization\"},\"potentialAction\":[{\"@type\":\"SearchAction\",\"target\":{\"@type\":\"EntryPoint\",\"urlTemplate\":\"https:\\\/\\\/beacontower.io\\\/sv\\\/?s={search_term_string}\"},\"query-input\":{\"@type\":\"PropertyValueSpecification\",\"valueRequired\":true,\"valueName\":\"search_term_string\"}}],\"inLanguage\":\"sv-SE\"},{\"@type\":\"Organization\",\"@id\":\"https:\\\/\\\/beacontower.io\\\/sv\\\/#organization\",\"name\":\"Beacon Tower\",\"url\":\"https:\\\/\\\/beacontower.io\\\/sv\\\/\",\"logo\":{\"@type\":\"ImageObject\",\"inLanguage\":\"sv-SE\",\"@id\":\"https:\\\/\\\/beacontower.io\\\/sv\\\/#\\\/schema\\\/logo\\\/image\\\/\",\"url\":\"https:\\\/\\\/beacontower.io\\\/wp-content\\\/uploads\\\/2021\\\/04\\\/BT-logo-web.png\",\"contentUrl\":\"https:\\\/\\\/beacontower.io\\\/wp-content\\\/uploads\\\/2021\\\/04\\\/BT-logo-web.png\",\"width\":400,\"height\":175,\"caption\":\"Beacon Tower\"},\"image\":{\"@id\":\"https:\\\/\\\/beacontower.io\\\/sv\\\/#\\\/schema\\\/logo\\\/image\\\/\"},\"sameAs\":[\"https:\\\/\\\/www.linkedin.com\\\/company\\\/glaze-about\"]}]}<\/script>\n<!-- \/ Yoast SEO plugin. -->","yoast_head_json":{"title":"Goodvalley - Beacon Tower","robots":{"index":"index","follow":"follow","max-snippet":"max-snippet:-1","max-image-preview":"max-image-preview:large","max-video-preview":"max-video-preview:-1"},"canonical":"https:\/\/beacontower.io\/sv\/cases\/goodvalley\/","og_locale":"sv_SE","og_type":"article","og_title":"Goodvalley - Beacon Tower","og_description":"CaseGoodvalleyMonitorering av h\u00e4lsa och f\u00f6rh\u00e5llandeM\u00e5lMonitorering av grisars h\u00e4lsa och f\u00f6rh\u00e5llande i svinstiorDen danska grisuppf\u00f6daren Goodvalley, med en miljardoms\u00e4ttning i Polen, Ukraina och Ryssland, vill digitalisera hela deras produktionskedja fr\u00e5n svinstiorna till kyldisken. M\u00e5let \u00e4r att minska sjukdomar och \u00f6ka effektiviteten. Bolaget hade en oms\u00e4ttning p\u00e5 2,12 miljarder SEK 2019 och har \u00f6ver 2300 anst\u00e4llda.\u00d6versiktF\u00f6retaget hade [&hellip;]","og_url":"https:\/\/beacontower.io\/sv\/cases\/goodvalley\/","og_site_name":"Beacon Tower","article_modified_time":"2026-03-24T11:08:49+00:00","og_image":[{"width":400,"height":175,"url":"https:\/\/beacontower.io\/wp-content\/uploads\/2021\/04\/BT-logo-web.png","type":"image\/png"}],"twitter_card":"summary_large_image","twitter_misc":{"Ber\u00e4knad l\u00e4stid":"9 minuter"},"schema":{"@context":"https:\/\/schema.org","@graph":[{"@type":"WebPage","@id":"https:\/\/beacontower.io\/sv\/cases\/goodvalley\/","url":"https:\/\/beacontower.io\/sv\/cases\/goodvalley\/","name":"Goodvalley - Beacon Tower","isPartOf":{"@id":"https:\/\/beacontower.io\/sv\/#website"},"datePublished":"2023-03-20T13:04:20+00:00","dateModified":"2026-03-24T11:08:49+00:00","breadcrumb":{"@id":"https:\/\/beacontower.io\/sv\/cases\/goodvalley\/#breadcrumb"},"inLanguage":"sv-SE","potentialAction":[{"@type":"ReadAction","target":["https:\/\/beacontower.io\/sv\/cases\/goodvalley\/"]}]},{"@type":"BreadcrumbList","@id":"https:\/\/beacontower.io\/sv\/cases\/goodvalley\/#breadcrumb","itemListElement":[{"@type":"ListItem","position":1,"name":"Home","item":"https:\/\/beacontower.io\/sv\/azure-iot-cloud-och-edge-platform\/"},{"@type":"ListItem","position":2,"name":"Cases","item":"https:\/\/beacontower.io\/sv\/cases\/"},{"@type":"ListItem","position":3,"name":"Goodvalley"}]},{"@type":"WebSite","@id":"https:\/\/beacontower.io\/sv\/#website","url":"https:\/\/beacontower.io\/sv\/","name":"Beacon Tower","description":"Azure IoT Cloud and Edge Platform","publisher":{"@id":"https:\/\/beacontower.io\/sv\/#organization"},"potentialAction":[{"@type":"SearchAction","target":{"@type":"EntryPoint","urlTemplate":"https:\/\/beacontower.io\/sv\/?s={search_term_string}"},"query-input":{"@type":"PropertyValueSpecification","valueRequired":true,"valueName":"search_term_string"}}],"inLanguage":"sv-SE"},{"@type":"Organization","@id":"https:\/\/beacontower.io\/sv\/#organization","name":"Beacon Tower","url":"https:\/\/beacontower.io\/sv\/","logo":{"@type":"ImageObject","inLanguage":"sv-SE","@id":"https:\/\/beacontower.io\/sv\/#\/schema\/logo\/image\/","url":"https:\/\/beacontower.io\/wp-content\/uploads\/2021\/04\/BT-logo-web.png","contentUrl":"https:\/\/beacontower.io\/wp-content\/uploads\/2021\/04\/BT-logo-web.png","width":400,"height":175,"caption":"Beacon Tower"},"image":{"@id":"https:\/\/beacontower.io\/sv\/#\/schema\/logo\/image\/"},"sameAs":["https:\/\/www.linkedin.com\/company\/glaze-about"]}]}},"_links":{"self":[{"href":"https:\/\/beacontower.io\/sv\/wp-json\/wp\/v2\/pages\/35834","targetHints":{"allow":["GET"]}}],"collection":[{"href":"https:\/\/beacontower.io\/sv\/wp-json\/wp\/v2\/pages"}],"about":[{"href":"https:\/\/beacontower.io\/sv\/wp-json\/wp\/v2\/types\/page"}],"author":[{"embeddable":true,"href":"https:\/\/beacontower.io\/sv\/wp-json\/wp\/v2\/users\/5"}],"replies":[{"embeddable":true,"href":"https:\/\/beacontower.io\/sv\/wp-json\/wp\/v2\/comments?post=35834"}],"version-history":[{"count":5,"href":"https:\/\/beacontower.io\/sv\/wp-json\/wp\/v2\/pages\/35834\/revisions"}],"predecessor-version":[{"id":36588,"href":"https:\/\/beacontower.io\/sv\/wp-json\/wp\/v2\/pages\/35834\/revisions\/36588"}],"up":[{"embeddable":true,"href":"https:\/\/beacontower.io\/sv\/wp-json\/wp\/v2\/pages\/36014"}],"wp:attachment":[{"href":"https:\/\/beacontower.io\/sv\/wp-json\/wp\/v2\/media?parent=35834"}],"curies":[{"name":"wp","href":"https:\/\/api.w.org\/{rel}","templated":true}]}}