{"id":35806,"date":"2023-03-20T12:15:19","date_gmt":"2023-03-20T12:15:19","guid":{"rendered":"https:\/\/beacontower.io\/future-city-water\/"},"modified":"2023-03-20T13:14:17","modified_gmt":"2023-03-20T13:14:17","slug":"future-city-water","status":"publish","type":"page","link":"https:\/\/beacontower.io\/sv\/cases\/future-city-water\/","title":{"rendered":"Future City Water"},"content":{"rendered":"<p>[et_pb_section fb_built=&#8221;1&#8243; custom_padding_last_edited=&#8221;on|tablet&#8221; admin_label=&#8221;Header&#8221; _builder_version=&#8221;4.19.4&#8243; _module_preset=&#8221;default&#8221; use_background_color_gradient=&#8221;on&#8221; background_color_gradient_stops=&#8221;rgba(0,0,0,0) 0%|#000000 86%&#8221; background_color_gradient_overlays_image=&#8221;on&#8221; background_image=&#8221;https:\/\/beacontower.io\/wp-content\/uploads\/2023\/03\/frontpage-image.jpg&#8221; parallax=&#8221;on&#8221; custom_padding=&#8221;10.2%||||false|false&#8221; custom_padding_tablet=&#8221;60px||||false|false&#8221; custom_padding_phone=&#8221;60px||||false|false&#8221; locked=&#8221;off&#8221; collapsed=&#8221;on&#8221; global_colors_info=&#8221;{}&#8221;][et_pb_row _builder_version=&#8221;4.18.0&#8243; _module_preset=&#8221;default&#8221; max_width=&#8221;700px&#8221; global_colors_info=&#8221;{}&#8221;][et_pb_column type=&#8221;4_4&#8243; _builder_version=&#8221;4.18.0&#8243; _module_preset=&#8221;default&#8221; global_colors_info=&#8221;{}&#8221;][et_pb_text _builder_version=&#8221;4.19.4&#8243; _module_preset=&#8221;e6504a1b-67eb-4b3d-b023-bcab277610b6&#8243; header_4_font=&#8221;Archivo|700||on|||||&#8221; header_4_text_color=&#8221;gcid-f1414204-51c0-48ff-bc68-c545a86d03e7&#8243; header_4_font_size=&#8221;14px&#8221; header_4_letter_spacing=&#8221;1px&#8221; header_4_line_height=&#8221;1.5em&#8221; text_orientation=&#8221;center&#8221; custom_margin=&#8221;||0px||false|false&#8221; global_colors_info=&#8221;{%22gcid-f1414204-51c0-48ff-bc68-c545a86d03e7%22:%91%22header_4_text_color%22%93}&#8221;]<\/p>\n<h4>Case<\/h4>\n<p>[\/et_pb_text][et_pb_text _builder_version=&#8221;4.18.0&#8243; _module_preset=&#8221;c16985e1-e0d6-4022-964d-e2bfc04fa633&#8243; header_font=&#8221;Roboto|700|||||||&#8221; header_text_color=&#8221;gcid-6171fd24-b893-4d22-843a-f4129850a5c1&#8243; header_font_size=&#8221;75px&#8221; header_line_height=&#8221;1.2em&#8221; text_orientation=&#8221;center&#8221; header_font_size_tablet=&#8221;40px&#8221; header_font_size_phone=&#8221;24px&#8221; header_font_size_last_edited=&#8221;on|desktop&#8221; global_colors_info=&#8221;{%22gcid-6171fd24-b893-4d22-843a-f4129850a5c1%22:%91%22header_text_color%22%93}&#8221;]<\/p>\n<h1>Future City Water<\/h1>\n<p>[\/et_pb_text][et_pb_divider color=&#8221;gcid-6171fd24-b893-4d22-843a-f4129850a5c1&#8243; divider_weight=&#8221;4px&#8221; _builder_version=&#8221;4.18.0&#8243; _module_preset=&#8221;default&#8221; max_width=&#8221;300px&#8221; module_alignment=&#8221;center&#8221; global_colors_info=&#8221;{%22gcid-6171fd24-b893-4d22-843a-f4129850a5c1%22:%91%22color%22%93}&#8221;][\/et_pb_divider][et_pb_text _builder_version=&#8221;4.19.4&#8243; _module_preset=&#8221;518880c8-46c7-4ffa-b5a6-93ffa99dcc17&#8243; text_font=&#8221;Archivo||||||||&#8221; text_text_color=&#8221;gcid-6171fd24-b893-4d22-843a-f4129850a5c1&#8243; text_orientation=&#8221;center&#8221; text_font_size_tablet=&#8221;16px&#8221; text_font_size_phone=&#8221;14px&#8221; text_font_size_last_edited=&#8221;on|phone&#8221; global_colors_info=&#8221;{%22gcid-6171fd24-b893-4d22-843a-f4129850a5c1%22:%91%22text_text_color%22%93}&#8221;]<\/p>\n<p>\u00a0Digitaliserar vattenkedjan<\/p>\n<p>[\/et_pb_text][\/et_pb_column][\/et_pb_row][\/et_pb_section][et_pb_section fb_built=&#8221;1&#8243; admin_label=&#8221;Project&#8221; _builder_version=&#8221;4.19.4&#8243; _module_preset=&#8221;default&#8221; background_color=&#8221;gcid-2cf18f4b-ad1d-4daf-a40a-75be4919065f&#8221; custom_padding=&#8221;0px||0px||false|false&#8221; collapsed=&#8221;on&#8221; global_colors_info=&#8221;{%22gcid-2cf18f4b-ad1d-4daf-a40a-75be4919065f%22:%91%22background_color%22%93}&#8221;][et_pb_row custom_padding_last_edited=&#8221;on|desktop&#8221; _builder_version=&#8221;4.19.4&#8243; _module_preset=&#8221;default&#8221; background_color=&#8221;gcid-55e89f59-bdfa-4c7c-a24f-b278f03ffe74&#8243; custom_padding=&#8221;30px|60px|30px|60px|false|true&#8221; custom_padding_tablet=&#8221;30px|30px|30px|30px|true|true&#8221; custom_padding_phone=&#8221;20px|20px|20px|20px|true|true&#8221; global_colors_info=&#8221;{%22gcid-55e89f59-bdfa-4c7c-a24f-b278f03ffe74%22:%91%22background_color%22%93}&#8221;][et_pb_column type=&#8221;4_4&#8243; _builder_version=&#8221;4.19.4&#8243; _module_preset=&#8221;default&#8221; global_colors_info=&#8221;{}&#8221;][et_pb_text _builder_version=&#8221;4.19.4&#8243; _module_preset=&#8221;e6504a1b-67eb-4b3d-b023-bcab277610b6&#8243; header_4_font=&#8221;Archivo|700||on|||||&#8221; header_4_text_color=&#8221;gcid-f1414204-51c0-48ff-bc68-c545a86d03e7&#8243; header_4_font_size=&#8221;14px&#8221; header_4_letter_spacing=&#8221;1px&#8221; header_4_line_height=&#8221;1.5em&#8221; custom_margin=&#8221;||0px||false|false&#8221; hover_enabled=&#8221;0&#8243; locked=&#8221;off&#8221; global_colors_info=&#8221;{%22gcid-f1414204-51c0-48ff-bc68-c545a86d03e7%22:%91%22header_4_text_color%22%93}&#8221; sticky_enabled=&#8221;0&#8243;]<\/p>\n<h4>M\u00e5l<\/h4>\n<p>[\/et_pb_text][et_pb_text _builder_version=&#8221;4.18.0&#8243; _module_preset=&#8221;b327cbe4-b1d5-4b66-ad37-40c8f2f061ba&#8221; header_2_font=&#8221;Roboto|700|||||||&#8221; header_2_text_color=&#8221;gcid-1adb0c48-e943-4be8-b747-83127bdbd76c&#8221; header_2_font_size=&#8221;48px&#8221; header_2_line_height=&#8221;1.2em&#8221; header_2_font_size_tablet=&#8221;32px&#8221; header_2_font_size_phone=&#8221;20px&#8221; header_2_font_size_last_edited=&#8221;on|desktop&#8221; locked=&#8221;off&#8221; global_colors_info=&#8221;{%22gcid-1adb0c48-e943-4be8-b747-83127bdbd76c%22:%91%22header_2_text_color%22%93}&#8221;]<\/p>\n<h2>Ett smart system f\u00f6r kvalitetss\u00e4krad vattenf\u00f6rs\u00f6rjning<\/h2>\n<p>[\/et_pb_text][\/et_pb_column][\/et_pb_row][et_pb_row column_structure=&#8221;1_2,1_2&#8243; custom_padding_last_edited=&#8221;on|desktop&#8221; _builder_version=&#8221;4.19.4&#8243; _module_preset=&#8221;default&#8221; background_color=&#8221;gcid-55e89f59-bdfa-4c7c-a24f-b278f03ffe74&#8243; custom_padding=&#8221;30px|60px|30px|60px|true|true&#8221; custom_padding_tablet=&#8221;30px|30px|30px|30px|true|true&#8221; custom_padding_phone=&#8221;20px|20px|20px|20px|true|true&#8221; global_colors_info=&#8221;{%22gcid-55e89f59-bdfa-4c7c-a24f-b278f03ffe74%22:%91%22background_color%22%93}&#8221;][et_pb_column type=&#8221;1_2&#8243; _builder_version=&#8221;4.18.0&#8243; _module_preset=&#8221;default&#8221; global_colors_info=&#8221;{}&#8221;][et_pb_image src=&#8221;https:\/\/beacontower.io\/wp-content\/uploads\/2021\/04\/FCW-new.png&#8221; _builder_version=&#8221;4.19.4&#8243; _module_preset=&#8221;default&#8221; global_colors_info=&#8221;{}&#8221;][\/et_pb_image][\/et_pb_column][et_pb_column type=&#8221;1_2&#8243; _builder_version=&#8221;4.18.0&#8243; _module_preset=&#8221;default&#8221; global_colors_info=&#8221;{}&#8221;][et_pb_divider color=&#8221;gcid-6171fd24-b893-4d22-843a-f4129850a5c1&#8243; divider_weight=&#8221;4px&#8221; _builder_version=&#8221;4.18.0&#8243; _module_preset=&#8221;default&#8221; max_width=&#8221;200px&#8221; locked=&#8221;off&#8221; global_colors_info=&#8221;{%22gcid-6171fd24-b893-4d22-843a-f4129850a5c1%22:%91%22color%22%93}&#8221;][\/et_pb_divider][et_pb_text _builder_version=&#8221;4.18.0&#8243; _module_preset=&#8221;1f09816e-184e-4ce5-a4cf-b39c52c423ca&#8221; text_font=&#8221;Archivo||||||||&#8221; text_text_color=&#8221;gcid-1adb0c48-e943-4be8-b747-83127bdbd76c&#8221; text_font_size=&#8221;16px&#8221; text_font_size_tablet=&#8221;15px&#8221; text_font_size_phone=&#8221;14px&#8221; text_font_size_last_edited=&#8221;on|phone&#8221; header_font_size_tablet=&#8221;55px&#8221; header_font_size_last_edited=&#8221;off|desktop&#8221; global_colors_info=&#8221;{%22gcid-1adb0c48-e943-4be8-b747-83127bdbd76c%22:%91%22text_text_color%22%93}&#8221;]<\/p>\n<p>Future City Water \u00e4r ett innovationsprojekt som syftar till att \u00f6ka takten i utvecklingen av ett smart n\u00e4tverk f\u00f6r dricksvattenf\u00f6rs\u00f6rjning \u2013 fr\u00e5n vattenk\u00e4lla till kran. Idag finns det ett behov av kommunala vatten- och avloppsf\u00f6retag att f\u00e5 kontroll \u00f6ver dricksvattenf\u00f6rs\u00f6rjningen och snabbt f\u00e5 information om l\u00e4ckor, driftsst\u00f6rningar och vattenkvalitet.<\/p>\n<p>[\/et_pb_text][\/et_pb_column][\/et_pb_row][et_pb_row custom_padding_last_edited=&#8221;on|desktop&#8221; _builder_version=&#8221;4.19.4&#8243; _module_preset=&#8221;default&#8221; background_color=&#8221;gcid-55e89f59-bdfa-4c7c-a24f-b278f03ffe74&#8243; custom_padding=&#8221;30px|60px|30px|60px|false|true&#8221; custom_padding_tablet=&#8221;30px|30px|30px|30px|true|true&#8221; custom_padding_phone=&#8221;20px|20px|20px|20px|true|true&#8221; global_colors_info=&#8221;{%22gcid-55e89f59-bdfa-4c7c-a24f-b278f03ffe74%22:%91%22background_color%22%93}&#8221;][et_pb_column type=&#8221;4_4&#8243; _builder_version=&#8221;4.18.0&#8243; _module_preset=&#8221;default&#8221; global_colors_info=&#8221;{}&#8221;][et_pb_text _builder_version=&#8221;4.19.4&#8243; _module_preset=&#8221;64599ba5-eb7d-4ee0-85a7-6565874456c5&#8243; header_5_font=&#8221;Roboto|700|||||||&#8221; header_5_text_color=&#8221;#FFFFFF&#8221; header_5_font_size=&#8221;18px&#8221; custom_margin=&#8221;||0px||false|false&#8221; header_5_font_size_tablet=&#8221;16px&#8221; header_5_font_size_phone=&#8221;15px&#8221; header_5_font_size_last_edited=&#8221;on|desktop&#8221; locked=&#8221;off&#8221; global_colors_info=&#8221;{}&#8221;]<\/p>\n<h5>\u00d6versikt<\/h5>\n<p>[\/et_pb_text][et_pb_text _builder_version=&#8221;4.19.4&#8243; _module_preset=&#8221;4c43b4b6-66bf-432d-959a-705bda24a650&#8243; text_font=&#8221;Archivo||||||||&#8221; text_text_color=&#8221;#FFFFFF&#8221; header_font_size_tablet=&#8221;55px&#8221; header_font_size_last_edited=&#8221;off|desktop&#8221; locked=&#8221;off&#8221; global_colors_info=&#8221;{}&#8221;]<\/p>\n<p>F\u00f6rlusten av dricksvatten enbart i Sverige ber\u00e4knas uppg\u00e5 till cirka 20 procent, vilket \u00e4r en stor ekonomisk b\u00f6rda f\u00f6r samh\u00e4llen. L\u00e4ckor \u00e4r b\u00e5de sv\u00e5ra och dyra att reparera, vilket leder till en f\u00f6rsenad investering i ny infrastruktur. Med hj\u00e4lp av Future City Waters verktyg digitaliseras hela vattenf\u00f6rs\u00f6rjningskedjan och ger en b\u00e4ttre \u00f6verblick \u00f6ver systemet.<\/p>\n<p>[\/et_pb_text][\/et_pb_column][\/et_pb_row][\/et_pb_section][et_pb_section fb_built=&#8221;1&#8243; _builder_version=&#8221;4.19.4&#8243; _module_preset=&#8221;default&#8221; background_color=&#8221;gcid-2cf18f4b-ad1d-4daf-a40a-75be4919065f&#8221; custom_padding=&#8221;0px||||false|false&#8221; locked=&#8221;off&#8221; global_colors_info=&#8221;{%22gcid-2cf18f4b-ad1d-4daf-a40a-75be4919065f%22:%91%22background_color%22%93}&#8221;][et_pb_row _builder_version=&#8221;4.19.4&#8243; _module_preset=&#8221;default&#8221; custom_padding=&#8221;||0px||false|false&#8221; global_colors_info=&#8221;{}&#8221;][et_pb_column type=&#8221;4_4&#8243; _builder_version=&#8221;4.16&#8243; _module_preset=&#8221;default&#8221; global_colors_info=&#8221;{}&#8221;][et_pb_divider divider_weight=&#8221;3px&#8221; _builder_version=&#8221;4.16&#8243; _module_preset=&#8221;default&#8221; max_width=&#8221;100px&#8221; module_alignment=&#8221;left&#8221; custom_margin=&#8221;0px||20px||false|false&#8221; animation_style=&#8221;slide&#8221; animation_direction=&#8221;bottom&#8221; global_colors_info=&#8221;{}&#8221;][\/et_pb_divider][et_pb_text _builder_version=&#8221;4.19.4&#8243; _module_preset=&#8221;default&#8221; header_2_font=&#8221;|700|||||||&#8221; header_3_font=&#8221;|700|||||||&#8221; header_3_font_size=&#8221;30px&#8221; custom_padding=&#8221;||0px||false|false&#8221; global_colors_info=&#8221;{}&#8221;]<\/p>\n<h3><span style=\"color: #ffffff;\">VA-branschen st\u00e5r inf\u00f6r stora f\u00f6r\u00e4ndringar i och med digitaliseringen<br \/><\/span><\/h3>\n<p>[\/et_pb_text][\/et_pb_column][\/et_pb_row][et_pb_row _builder_version=&#8221;4.19.4&#8243; _module_preset=&#8221;default&#8221; custom_padding=&#8221;0px||||false|false&#8221; global_colors_info=&#8221;{}&#8221;][et_pb_column type=&#8221;4_4&#8243; _builder_version=&#8221;4.19.4&#8243; _module_preset=&#8221;default&#8221; global_colors_info=&#8221;{}&#8221;][et_pb_text _builder_version=&#8221;4.19.4&#8243; _module_preset=&#8221;default&#8221; custom_padding=&#8221;0px||0px||false|false&#8221; global_colors_info=&#8221;{}&#8221;]<\/p>\n<p><span style=\"color: #ffffff;\">VA-branschen st\u00e5r inf\u00f6r stora f\u00f6r\u00e4ndringar n\u00e4r digitaliseringen nu p\u00e5 allvar g\u00f6r sitt int\u00e5g. Future City Water (FCW) fokuserar p\u00e5 v\u00e5rt viktigaste livsmedel, dricksvattnet. I framtiden ska vi ha tillg\u00e5ng till ett smart dricksvattenledningsn\u00e4t fr\u00e5n k\u00e4lla till slutkund med s\u00e4ker och effektiv leverans av dricksvatten av h\u00f6g kvalitet.<\/span><\/p>\n<p><span style=\"color: #ffffff;\"><\/span><\/p>\n<p style=\"text-align: right;\"><span style=\"color: #ffffff;\"><em><span style=\"color: #ffffff; font-size: xx-large;\">Vi utvecklar IoT-plattform och beslutsst\u00f6dsystem f\u00f6r sortering och nyttigg\u00f6rande av helt nya och omfattande datam\u00e4ngder. Vi arbetar med utveckling av morgondagens aff\u00e4rsmodeller, organisation och tv\u00e4rsektoriell innovation<\/span><\/em><\/span><span style=\"color: #ffffff;\"><span style=\"color: #ffffff; font-size: medium;\"><br \/>Mikael R\u00f6nde, Partner i Glaze<\/span><em><span style=\"color: #ffffff; font-size: xx-large;\"><br \/><\/span><\/em><\/span><\/p>\n<p><span style=\"color: #ffffff;\">System\u00f6vergripande planering g\u00f6rs utifr\u00e5n datadrivna beslut. N\u00e4tet styrs automatiskt f\u00f6r optimering av resurser, samt minimering av l\u00e4ckage. Slutanv\u00e4ndare och medborgare kan aktivt p\u00e5verka leverans och kostnad f\u00f6r sin vattenf\u00f6rbrukning. Dricksvattenledningsn\u00e4tet \u00e4r fullt integrerat i den smarta staden och m\u00f6jligg\u00f6r utveckling av helt nya tj\u00e4nster till infrastruktur\u00e4gare och slutanv\u00e4ndare.<\/span><\/p>\n<p><span style=\"color: #ffffff;\">I FCW tas viktiga steg i utvecklingen av det smarta dricksvattenledningsn\u00e4tet genom att angripa utmaningen utifr\u00e5n ett systemperspektiv d\u00e4r vi utvecklar datainsamlande fr\u00e5n alla delar av systemet via s\u00e5v\u00e4l historisk data som smarta sensorer hos kund som dr\u00f6narteknologi i vattent\u00e4kten. Vi utvecklar IoT-plattform och beslutsst\u00f6dsystem f\u00f6r sortering och nyttigg\u00f6rande av helt nya och omfattande datam\u00e4ngder.<\/span><\/p>\n<p><span style=\"color: #ffffff;\">Vi arbetar med utveckling av morgondagens aff\u00e4rsmodeller, organisation och tv\u00e4rsektoriell innovation som \u00e4ven inneb\u00e4r att vi ser p\u00e5 hur energi- och VA-sektorn tillsammans kan uppn\u00e5 synergier i den smarta staden. Vi inkluderar fastighets\u00e4gare och slutanv\u00e4ndare i utvecklingen av morgondagens smarta dricksvattenledningsn\u00e4t.<\/span><\/p>\n<p><span style=\"color: #ffffff;\">Akt\u00f6rerna best\u00e5r av behovs\u00e4gare i form av flera st\u00f6rre kommunala VA-verksamheterna, kommunalt fastighetsbolag, energibolag och l\u00f6sningsutvecklare i form av forskningsinstitutioner och f\u00f6retag med spetskunskap inom IoT, modelleringsverktyg och innovationsledning.<\/span><\/p>\n<h3><span style=\"color: #ffffff;\"><strong>Future City Water hj\u00e4lper dig<\/strong><\/span><\/h3>\n<p><span style=\"color: #ffffff;\">-Samla in och bearbeta stora m\u00e4ngder data f\u00f6r optimerad drift och l\u00e5ngsiktig planering.<br \/>-Hitta l\u00e4ckor, skicka information till kunder, g\u00f6r systemet mer energieffektivt och identifiera kvalitetsproblem.<br \/>-Integrera det digitaliserade vattenf\u00f6rs\u00f6rjningskedjan till en smart stad.<\/span><\/p>\n<p>&nbsp;<\/p>\n<h3><span style=\"color: #ffffff;\"><strong>Hur fungerar det?<\/strong><\/span><\/h3>\n<p><span style=\"color: #ffffff;\">Datainsamling, bearbetning av stora m\u00e4ngder data och simulering av scenarier. Resultat och ber\u00e4kningar anv\u00e4nds f\u00f6r att optimera f\u00f6rs\u00f6rjningskedjan.<\/span><\/p>\n<h3><span style=\"color: #ffffff;\"><strong>Vem \u00e4r det f\u00f6r?<\/strong><\/span><\/h3>\n<p><span style=\"color: #ffffff;\">Kommunala vatten- och avloppsf\u00f6retag kan anv\u00e4nda FCW: s verktyg f\u00f6r att f\u00e5 kontroll \u00f6ver hela vattenf\u00f6rs\u00f6rjningskedjan och snabbt identifiera st\u00f6rningar.<\/span><\/p>\n<h3><span style=\"color: #ffffff;\"><strong>Budget<\/strong><\/span><\/h3>\n<p><span style=\"color: #ffffff;\">Den totala projektbudgeten \u00e4r 21 miljoner kronor, varav cirka 10 miljoner kronor kommer fr\u00e5n Vinnova.<\/span><\/p>\n<h3><span style=\"color: #ffffff;\"><strong>Beacon Tower<\/strong><\/span><\/h3>\n<p><span style=\"color: #ffffff;\">Beacon Tower kommer att vara den centrala datainsamlingsenheten d\u00e4r data samlas in fr\u00e5n m\u00e5nga olika system och d\u00e4r data konsumeras av andra system. M\u00e5let \u00e4r att ge tillg\u00e5ng till ett digitaliserat dricksvattenf\u00f6rs\u00f6rjningsn\u00e4t fr\u00e5n k\u00e4lla till slutkund med s\u00e4ker och effektiv leverans av h\u00f6gkvalitativt dricksvatten. Systemomfattande planering kan uppn\u00e5s n\u00e4r n\u00e4tverket \u00e4r helt integrerat i den smarta staden.<\/span><\/p>\n<p><span style=\"color: #ffffff;\">L\u00e4s mer om projektet <\/span><a href=\"https:\/\/www.swedenwaterresearch.se\/en\/projekt\/future-city-water-2\/\"> h\u00e4r. <\/a><\/p>\n<p>[\/et_pb_text][\/et_pb_column][\/et_pb_row][\/et_pb_section]<\/p>\n","protected":false},"excerpt":{"rendered":"<p>CaseFuture City Water\u00a0Digitaliserar vattenkedjanM\u00e5lEtt smart system f\u00f6r kvalitetss\u00e4krad vattenf\u00f6rs\u00f6rjningFuture City Water \u00e4r ett innovationsprojekt som syftar till att \u00f6ka takten i utvecklingen av ett smart n\u00e4tverk f\u00f6r dricksvattenf\u00f6rs\u00f6rjning \u2013 fr\u00e5n vattenk\u00e4lla till kran. Idag finns det ett behov av kommunala vatten- och avloppsf\u00f6retag att f\u00e5 kontroll \u00f6ver dricksvattenf\u00f6rs\u00f6rjningen och snabbt f\u00e5 information om l\u00e4ckor, driftsst\u00f6rningar [&hellip;]<\/p>\n","protected":false},"author":5,"featured_media":0,"parent":36014,"menu_order":0,"comment_status":"closed","ping_status":"closed","template":"","meta":{"_et_pb_use_builder":"on","_et_pb_old_content":"","_et_gb_content_width":"","footnotes":""},"class_list":["post-35806","page","type-page","status-publish","hentry"],"yoast_head":"<!-- This site is optimized with the Yoast SEO plugin v27.4 - https:\/\/yoast.com\/product\/yoast-seo-wordpress\/ -->\n<title>Future City Water - Beacon Tower<\/title>\n<meta name=\"robots\" content=\"index, follow, max-snippet:-1, max-image-preview:large, max-video-preview:-1\" \/>\n<link rel=\"canonical\" href=\"https:\/\/beacontower.io\/sv\/cases\/future-city-water\/\" \/>\n<meta property=\"og:locale\" content=\"sv_SE\" \/>\n<meta property=\"og:type\" content=\"article\" \/>\n<meta property=\"og:title\" content=\"Future City Water - Beacon Tower\" \/>\n<meta property=\"og:description\" content=\"CaseFuture City Water\u00a0Digitaliserar vattenkedjanM\u00e5lEtt smart system f\u00f6r kvalitetss\u00e4krad vattenf\u00f6rs\u00f6rjningFuture City Water \u00e4r ett innovationsprojekt som syftar till att \u00f6ka takten i utvecklingen av ett smart n\u00e4tverk f\u00f6r dricksvattenf\u00f6rs\u00f6rjning \u2013 fr\u00e5n vattenk\u00e4lla till kran. Idag finns det ett behov av kommunala vatten- och avloppsf\u00f6retag att f\u00e5 kontroll \u00f6ver dricksvattenf\u00f6rs\u00f6rjningen och snabbt f\u00e5 information om l\u00e4ckor, driftsst\u00f6rningar [&hellip;]\" \/>\n<meta property=\"og:url\" content=\"https:\/\/beacontower.io\/sv\/cases\/future-city-water\/\" \/>\n<meta property=\"og:site_name\" content=\"Beacon Tower\" \/>\n<meta property=\"article:modified_time\" content=\"2023-03-20T13:14:17+00:00\" \/>\n<meta property=\"og:image\" content=\"https:\/\/beacontower.io\/wp-content\/uploads\/2021\/04\/BT-logo-web.png\" \/>\n\t<meta property=\"og:image:width\" content=\"400\" \/>\n\t<meta property=\"og:image:height\" content=\"175\" \/>\n\t<meta property=\"og:image:type\" content=\"image\/png\" \/>\n<meta name=\"twitter:card\" content=\"summary_large_image\" \/>\n<meta name=\"twitter:label1\" content=\"Ber\u00e4knad l\u00e4stid\" \/>\n\t<meta name=\"twitter:data1\" content=\"10 minuter\" \/>\n<script type=\"application\/ld+json\" class=\"yoast-schema-graph\">{\"@context\":\"https:\\\/\\\/schema.org\",\"@graph\":[{\"@type\":\"WebPage\",\"@id\":\"https:\\\/\\\/beacontower.io\\\/sv\\\/cases\\\/future-city-water\\\/\",\"url\":\"https:\\\/\\\/beacontower.io\\\/sv\\\/cases\\\/future-city-water\\\/\",\"name\":\"Future City Water - Beacon Tower\",\"isPartOf\":{\"@id\":\"https:\\\/\\\/beacontower.io\\\/sv\\\/#website\"},\"datePublished\":\"2023-03-20T12:15:19+00:00\",\"dateModified\":\"2023-03-20T13:14:17+00:00\",\"breadcrumb\":{\"@id\":\"https:\\\/\\\/beacontower.io\\\/sv\\\/cases\\\/future-city-water\\\/#breadcrumb\"},\"inLanguage\":\"sv-SE\",\"potentialAction\":[{\"@type\":\"ReadAction\",\"target\":[\"https:\\\/\\\/beacontower.io\\\/sv\\\/cases\\\/future-city-water\\\/\"]}]},{\"@type\":\"BreadcrumbList\",\"@id\":\"https:\\\/\\\/beacontower.io\\\/sv\\\/cases\\\/future-city-water\\\/#breadcrumb\",\"itemListElement\":[{\"@type\":\"ListItem\",\"position\":1,\"name\":\"Home\",\"item\":\"https:\\\/\\\/beacontower.io\\\/sv\\\/azure-iot-cloud-och-edge-platform\\\/\"},{\"@type\":\"ListItem\",\"position\":2,\"name\":\"Future City Water\"}]},{\"@type\":\"WebSite\",\"@id\":\"https:\\\/\\\/beacontower.io\\\/sv\\\/#website\",\"url\":\"https:\\\/\\\/beacontower.io\\\/sv\\\/\",\"name\":\"Beacon Tower\",\"description\":\"Azure IoT Cloud and Edge Platform\",\"publisher\":{\"@id\":\"https:\\\/\\\/beacontower.io\\\/sv\\\/#organization\"},\"potentialAction\":[{\"@type\":\"SearchAction\",\"target\":{\"@type\":\"EntryPoint\",\"urlTemplate\":\"https:\\\/\\\/beacontower.io\\\/sv\\\/?s={search_term_string}\"},\"query-input\":{\"@type\":\"PropertyValueSpecification\",\"valueRequired\":true,\"valueName\":\"search_term_string\"}}],\"inLanguage\":\"sv-SE\"},{\"@type\":\"Organization\",\"@id\":\"https:\\\/\\\/beacontower.io\\\/sv\\\/#organization\",\"name\":\"Beacon Tower\",\"url\":\"https:\\\/\\\/beacontower.io\\\/sv\\\/\",\"logo\":{\"@type\":\"ImageObject\",\"inLanguage\":\"sv-SE\",\"@id\":\"https:\\\/\\\/beacontower.io\\\/sv\\\/#\\\/schema\\\/logo\\\/image\\\/\",\"url\":\"https:\\\/\\\/beacontower.io\\\/wp-content\\\/uploads\\\/2021\\\/04\\\/BT-logo-web.png\",\"contentUrl\":\"https:\\\/\\\/beacontower.io\\\/wp-content\\\/uploads\\\/2021\\\/04\\\/BT-logo-web.png\",\"width\":400,\"height\":175,\"caption\":\"Beacon Tower\"},\"image\":{\"@id\":\"https:\\\/\\\/beacontower.io\\\/sv\\\/#\\\/schema\\\/logo\\\/image\\\/\"},\"sameAs\":[\"https:\\\/\\\/www.linkedin.com\\\/company\\\/glaze-about\"]}]}<\/script>\n<!-- \/ Yoast SEO plugin. -->","yoast_head_json":{"title":"Future City Water - Beacon Tower","robots":{"index":"index","follow":"follow","max-snippet":"max-snippet:-1","max-image-preview":"max-image-preview:large","max-video-preview":"max-video-preview:-1"},"canonical":"https:\/\/beacontower.io\/sv\/cases\/future-city-water\/","og_locale":"sv_SE","og_type":"article","og_title":"Future City Water - Beacon Tower","og_description":"CaseFuture City Water\u00a0Digitaliserar vattenkedjanM\u00e5lEtt smart system f\u00f6r kvalitetss\u00e4krad vattenf\u00f6rs\u00f6rjningFuture City Water \u00e4r ett innovationsprojekt som syftar till att \u00f6ka takten i utvecklingen av ett smart n\u00e4tverk f\u00f6r dricksvattenf\u00f6rs\u00f6rjning \u2013 fr\u00e5n vattenk\u00e4lla till kran. Idag finns det ett behov av kommunala vatten- och avloppsf\u00f6retag att f\u00e5 kontroll \u00f6ver dricksvattenf\u00f6rs\u00f6rjningen och snabbt f\u00e5 information om l\u00e4ckor, driftsst\u00f6rningar [&hellip;]","og_url":"https:\/\/beacontower.io\/sv\/cases\/future-city-water\/","og_site_name":"Beacon Tower","article_modified_time":"2023-03-20T13:14:17+00:00","og_image":[{"width":400,"height":175,"url":"https:\/\/beacontower.io\/wp-content\/uploads\/2021\/04\/BT-logo-web.png","type":"image\/png"}],"twitter_card":"summary_large_image","twitter_misc":{"Ber\u00e4knad l\u00e4stid":"10 minuter"},"schema":{"@context":"https:\/\/schema.org","@graph":[{"@type":"WebPage","@id":"https:\/\/beacontower.io\/sv\/cases\/future-city-water\/","url":"https:\/\/beacontower.io\/sv\/cases\/future-city-water\/","name":"Future City Water - Beacon Tower","isPartOf":{"@id":"https:\/\/beacontower.io\/sv\/#website"},"datePublished":"2023-03-20T12:15:19+00:00","dateModified":"2023-03-20T13:14:17+00:00","breadcrumb":{"@id":"https:\/\/beacontower.io\/sv\/cases\/future-city-water\/#breadcrumb"},"inLanguage":"sv-SE","potentialAction":[{"@type":"ReadAction","target":["https:\/\/beacontower.io\/sv\/cases\/future-city-water\/"]}]},{"@type":"BreadcrumbList","@id":"https:\/\/beacontower.io\/sv\/cases\/future-city-water\/#breadcrumb","itemListElement":[{"@type":"ListItem","position":1,"name":"Home","item":"https:\/\/beacontower.io\/sv\/azure-iot-cloud-och-edge-platform\/"},{"@type":"ListItem","position":2,"name":"Future City Water"}]},{"@type":"WebSite","@id":"https:\/\/beacontower.io\/sv\/#website","url":"https:\/\/beacontower.io\/sv\/","name":"Beacon Tower","description":"Azure IoT Cloud and Edge Platform","publisher":{"@id":"https:\/\/beacontower.io\/sv\/#organization"},"potentialAction":[{"@type":"SearchAction","target":{"@type":"EntryPoint","urlTemplate":"https:\/\/beacontower.io\/sv\/?s={search_term_string}"},"query-input":{"@type":"PropertyValueSpecification","valueRequired":true,"valueName":"search_term_string"}}],"inLanguage":"sv-SE"},{"@type":"Organization","@id":"https:\/\/beacontower.io\/sv\/#organization","name":"Beacon Tower","url":"https:\/\/beacontower.io\/sv\/","logo":{"@type":"ImageObject","inLanguage":"sv-SE","@id":"https:\/\/beacontower.io\/sv\/#\/schema\/logo\/image\/","url":"https:\/\/beacontower.io\/wp-content\/uploads\/2021\/04\/BT-logo-web.png","contentUrl":"https:\/\/beacontower.io\/wp-content\/uploads\/2021\/04\/BT-logo-web.png","width":400,"height":175,"caption":"Beacon Tower"},"image":{"@id":"https:\/\/beacontower.io\/sv\/#\/schema\/logo\/image\/"},"sameAs":["https:\/\/www.linkedin.com\/company\/glaze-about"]}]}},"_links":{"self":[{"href":"https:\/\/beacontower.io\/sv\/wp-json\/wp\/v2\/pages\/35806","targetHints":{"allow":["GET"]}}],"collection":[{"href":"https:\/\/beacontower.io\/sv\/wp-json\/wp\/v2\/pages"}],"about":[{"href":"https:\/\/beacontower.io\/sv\/wp-json\/wp\/v2\/types\/page"}],"author":[{"embeddable":true,"href":"https:\/\/beacontower.io\/sv\/wp-json\/wp\/v2\/users\/5"}],"replies":[{"embeddable":true,"href":"https:\/\/beacontower.io\/sv\/wp-json\/wp\/v2\/comments?post=35806"}],"version-history":[{"count":5,"href":"https:\/\/beacontower.io\/sv\/wp-json\/wp\/v2\/pages\/35806\/revisions"}],"predecessor-version":[{"id":35843,"href":"https:\/\/beacontower.io\/sv\/wp-json\/wp\/v2\/pages\/35806\/revisions\/35843"}],"up":[{"embeddable":true,"href":"https:\/\/beacontower.io\/sv\/wp-json\/wp\/v2\/pages\/36014"}],"wp:attachment":[{"href":"https:\/\/beacontower.io\/sv\/wp-json\/wp\/v2\/media?parent=35806"}],"curies":[{"name":"wp","href":"https:\/\/api.w.org\/{rel}","templated":true}]}}