{"id":31984,"date":"2020-11-27T10:33:27","date_gmt":"2020-11-27T10:33:27","guid":{"rendered":"https:\/\/beacontower.io\/om-beacon-tower\/"},"modified":"2023-06-09T11:58:05","modified_gmt":"2023-06-09T11:58:05","slug":"om-beacon-tower","status":"publish","type":"page","link":"https:\/\/beacontower.io\/sv\/om-beacon-tower\/","title":{"rendered":"Om Beacon Tower"},"content":{"rendered":"<p>[et_pb_section fb_built=&#8221;1&#8243; _builder_version=&#8221;4.16&#8243; _module_preset=&#8221;default&#8221; background_color=&#8221;#f4f4f4&#8243; custom_margin=&#8221;||-20px||false|false&#8221; locked=&#8221;off&#8221; global_colors_info=&#8221;{}&#8221;][et_pb_row column_structure=&#8221;2_3,1_3&#8243; make_equal=&#8221;on&#8221; _builder_version=&#8221;4.16&#8243; _module_preset=&#8221;default&#8221; custom_margin=&#8221;100px||||false|false&#8221; custom_margin_tablet=&#8221;40px||||false|false&#8221; custom_margin_phone=&#8221;0px||||false|false&#8221; custom_margin_last_edited=&#8221;on|phone&#8221; locked=&#8221;off&#8221; global_colors_info=&#8221;{}&#8221;][et_pb_column type=&#8221;2_3&#8243; _builder_version=&#8221;4.16&#8243; _module_preset=&#8221;default&#8221; custom_css_main_element=&#8221;align-self: center !important;&#8221; global_colors_info=&#8221;{}&#8221;][et_pb_text _builder_version=&#8221;4.16&#8243; _module_preset=&#8221;default&#8221; header_font=&#8221;|700|||||||&#8221; custom_padding=&#8221;|||110px|false|false&#8221; custom_padding_tablet=&#8221;|||0px|false|false&#8221; custom_padding_phone=&#8221;&#8221; custom_padding_last_edited=&#8221;on|phone&#8221; global_colors_info=&#8221;{}&#8221;]<\/p>\n<h1>Om Beacon Tower<\/h1>\n<p>Beacon Tower \u00e4r utformat f\u00f6r att st\u00f6dja kraven f\u00f6r s\u00e4kerhet, tillf\u00f6rlitlighet och uppdragskritisk anv\u00e4ndning i samband med industriella tillg\u00e5ngar och deras driftsmilj\u00f6er.<\/p>\n<p>Beacon Tower \u00e4r en skalbar IoT-molnplattform n\u00e4r det g\u00e4ller pris, funktionalitet och kapacitet; m\u00f6jligt att skala fr\u00e5n mycket sm\u00e5 l\u00f6sningar med f\u00e5 krav till mycket h\u00f6g belastning och komplexa krav.<\/p>\n<p>L\u00e4s mer om <a href=\"https:\/\/beacontower.io\/sv\/cases\/\">v\u00e5ra utvalda kundcase h\u00e4r<\/a>.<\/p>\n<p>[\/et_pb_text][\/et_pb_column][et_pb_column type=&#8221;1_3&#8243; _builder_version=&#8221;4.16&#8243; _module_preset=&#8221;default&#8221; global_colors_info=&#8221;{}&#8221;][et_pb_image src=&#8221;https:\/\/beacontower.io\/wp-content\/uploads\/2021\/05\/about-bt.png&#8221; title_text=&#8221;GLAZE_Connected-Industries_MLA-980&#215;971&#8243; _builder_version=&#8221;4.16&#8243; _module_preset=&#8221;default&#8221; width=&#8221;60%&#8221; module_alignment=&#8221;center&#8221; animation_style=&#8221;slide&#8221; animation_direction=&#8221;right&#8221; animation_intensity_slide=&#8221;4%&#8221; global_colors_info=&#8221;{}&#8221;][\/et_pb_image][\/et_pb_column][\/et_pb_row][\/et_pb_section][et_pb_section fb_built=&#8221;1&#8243; _builder_version=&#8221;4.16&#8243; background_enable_color=&#8221;off&#8221; global_colors_info=&#8221;{}&#8221;][et_pb_row _builder_version=&#8221;4.16&#8243; global_colors_info=&#8221;{}&#8221;][et_pb_column type=&#8221;4_4&#8243; _builder_version=&#8221;4.16&#8243; global_colors_info=&#8221;{}&#8221;][et_pb_text _builder_version=&#8221;4.16&#8243; text_text_color=&#8221;#ffffff&#8221; text_orientation=&#8221;center&#8221; global_colors_info=&#8221;{}&#8221;]<\/p>\n<h2><strong><span style=\"color: #333;\">Bakgrund<\/span><\/strong><\/h2>\n<p>[\/et_pb_text][\/et_pb_column][\/et_pb_row][et_pb_row _builder_version=&#8221;4.16&#8243; global_colors_info=&#8221;{}&#8221;][et_pb_column type=&#8221;4_4&#8243; _builder_version=&#8221;4.16&#8243; global_colors_info=&#8221;{}&#8221;][et_pb_text _builder_version=&#8221;4.16&#8243; global_colors_info=&#8221;{}&#8221;]<\/p>\n<p>Beacon Tower \u00e4r resultatet av m\u00e5nga stora och sm\u00e5 skr\u00e4ddarsydda IIoT-projekt i Microsoft Azure IoT Cloud (Industrial Internet of Things) som <a href=\"https:\/\/www.glazeholding.com\">Glaze<\/a> har implementerat de senaste \u00e5ren. Beacon Tower anv\u00e4nder en IIoT-specifik arkitektur f\u00f6r inbyggda molntj\u00e4nster och teknologiledande \u00f6ppna komponenter, grundligt testade och noggrant utvalda. P\u00e5 grund av arkitekturen kan Beacon Tower skalas fr\u00e5n f\u00f6retag med endast ett f\u00e5tal anslutna IoT-enheter till f\u00f6retag med tusentals enheter.<br \/>Beacon Tower \u00e4r designat f\u00f6r anv\u00e4ndning med industriella IoT-enheter och f\u00f6r att st\u00f6dja s\u00e4kerhetskraven i industriella driftsmilj\u00f6er.<\/p>\n<p><span><a href=\"https:\/\/glazeholding.com\">Glaze<\/a>\u00a0\u00e4r ett IoT-konsultbolag som specialiserar sig p\u00e5 att hj\u00e4lpa f\u00f6retag skapa nya aff\u00e4rsv\u00e4rde genom att utnyttja potentialen i IoT. Glaze har hj\u00e4lpt m\u00e5nga f\u00f6retag med business case, integration av IoT-moln till produkter och utveckling av uppkopplade sensorl\u00f6sningar. F\u00f6retaget anv\u00e4nder en agil process och hj\u00e4lper kunder att skapa piloter, skala upp och implementera framtidss\u00e4kra IoT-l\u00f6sningar. Glaze best\u00e5r av ingenj\u00f6rer med erfarenhet av alla fem lager i IoT-teknologistacken (h\u00e5rdvara, programvara, kommunikation, molnplattform och molnapplikationer). Det \u00e4r alla de erfarenheterna fr\u00e5n en<\/span><span>\u00a0<a href=\"https:\/\/beacontower.io\/sv\/azure-iot-datainsamling-branscher-losningar\/\">rad olika brancher och anv\u00e4ndningsfall<\/a> d\u00e4r visade p\u00e5 behovet av en flexibel och skalbar IoT-molnplattform med\u00a0<a href=\"https:\/\/beacontower.io\/sv\/komma-igang\/\">s\u00e4ker och snabb utrullning<\/a>.<\/span><br \/><span>N\u00e5gra av de kunder som hj\u00e4lpt format Beacon Tower \u00e4r listade nedan:<\/span><\/p>\n<p>[\/et_pb_text][\/et_pb_column][\/et_pb_row][et_pb_row column_structure=&#8221;1_5,1_5,1_5,1_5,1_5&#8243; _builder_version=&#8221;4.16&#8243; global_colors_info=&#8221;{}&#8221;][et_pb_column type=&#8221;1_5&#8243; _builder_version=&#8221;4.16&#8243; global_colors_info=&#8221;{}&#8221;][et_pb_image src=&#8221;https:\/\/beacontower.io\/wp-content\/uploads\/2020\/08\/urbanwater.png&#8221; align=&#8221;center&#8221; _builder_version=&#8221;4.16&#8243; global_colors_info=&#8221;{}&#8221;][\/et_pb_image][\/et_pb_column][et_pb_column type=&#8221;1_5&#8243; _builder_version=&#8221;4.16&#8243; global_colors_info=&#8221;{}&#8221;][et_pb_image src=&#8221;https:\/\/beacontower.io\/wp-content\/uploads\/2020\/08\/fluisense.png&#8221; align=&#8221;center&#8221; _builder_version=&#8221;4.16&#8243; global_colors_info=&#8221;{}&#8221;][\/et_pb_image][\/et_pb_column][et_pb_column type=&#8221;1_5&#8243; _builder_version=&#8221;4.16&#8243; global_colors_info=&#8221;{}&#8221;][et_pb_image src=&#8221;https:\/\/beacontower.io\/wp-content\/uploads\/2020\/08\/swedishnet.png&#8221; align=&#8221;center&#8221; _builder_version=&#8221;4.16&#8243; global_colors_info=&#8221;{}&#8221;][\/et_pb_image][\/et_pb_column][et_pb_column type=&#8221;1_5&#8243; _builder_version=&#8221;4.16&#8243; global_colors_info=&#8221;{}&#8221;][et_pb_image src=&#8221;https:\/\/beacontower.io\/wp-content\/uploads\/2020\/08\/brimon.png&#8221; align=&#8221;center&#8221; _builder_version=&#8221;4.16&#8243; global_colors_info=&#8221;{}&#8221;][\/et_pb_image][\/et_pb_column][et_pb_column type=&#8221;1_5&#8243; _builder_version=&#8221;4.16&#8243; global_colors_info=&#8221;{}&#8221;][et_pb_image src=&#8221;https:\/\/beacontower.io\/wp-content\/uploads\/2020\/08\/ectogrid.png&#8221; title_text=&#8221;Beacon Tower | Azure IoT Moln och Edge Plattform | IoT teknologi&#8221; align=&#8221;center&#8221; _builder_version=&#8221;4.16&#8243; width=&#8221;38%&#8221; global_colors_info=&#8221;{}&#8221;][\/et_pb_image][\/et_pb_column][\/et_pb_row][et_pb_row column_structure=&#8221;1_5,1_5,1_5,1_5,1_5&#8243; _builder_version=&#8221;4.16&#8243; global_colors_info=&#8221;{}&#8221;][et_pb_column type=&#8221;1_5&#8243; _builder_version=&#8221;4.16&#8243; global_colors_info=&#8221;{}&#8221;][et_pb_image src=&#8221;https:\/\/beacontower.io\/wp-content\/uploads\/2020\/08\/eon.png&#8221; align=&#8221;center&#8221; _builder_version=&#8221;4.16&#8243; global_colors_info=&#8221;{}&#8221;][\/et_pb_image][\/et_pb_column][et_pb_column type=&#8221;1_5&#8243; _builder_version=&#8221;4.16&#8243; global_colors_info=&#8221;{}&#8221;][et_pb_image src=&#8221;https:\/\/beacontower.io\/wp-content\/uploads\/2020\/08\/tetrapak.png&#8221; alt=&#8221;Beacon Tower | Azure IoT Moln och Edge Plattform | IoT teknologi&#8221; align=&#8221;center&#8221; _builder_version=&#8221;4.16&#8243; global_colors_info=&#8221;{}&#8221;][\/et_pb_image][\/et_pb_column][et_pb_column type=&#8221;1_5&#8243; _builder_version=&#8221;4.16&#8243; global_colors_info=&#8221;{}&#8221;][et_pb_image src=&#8221;https:\/\/beacontower.io\/wp-content\/uploads\/2020\/08\/flsmidth.png&#8221; alt=&#8221;Beacon Tower | Azure IoT Moln och Edge Plattform | IoT teknologi&#8221; align=&#8221;center&#8221; _builder_version=&#8221;4.16&#8243; global_colors_info=&#8221;{}&#8221;][\/et_pb_image][\/et_pb_column][et_pb_column type=&#8221;1_5&#8243; _builder_version=&#8221;4.16&#8243; global_colors_info=&#8221;{}&#8221;][et_pb_image src=&#8221;https:\/\/beacontower.io\/wp-content\/uploads\/2020\/08\/lithium-balance.jpg&#8221; alt=&#8221;Beacon Tower | Azure IoT Moln och Edge Plattform | IoT teknologi&#8221; _builder_version=&#8221;4.16&#8243; global_colors_info=&#8221;{}&#8221;][\/et_pb_image][\/et_pb_column][et_pb_column type=&#8221;1_5&#8243; _builder_version=&#8221;4.16&#8243; global_colors_info=&#8221;{}&#8221;][et_pb_image src=&#8221;https:\/\/beacontower.io\/wp-content\/uploads\/2020\/08\/topdanmark.jpg&#8221; alt=&#8221;Beacon Tower | Azure IoT Moln och Edge Plattform | IoT teknologi&#8221; _builder_version=&#8221;4.16&#8243; global_colors_info=&#8221;{}&#8221;][\/et_pb_image][\/et_pb_column][\/et_pb_row][et_pb_row column_structure=&#8221;1_5,1_5,1_5,1_5,1_5&#8243; _builder_version=&#8221;4.16&#8243; global_colors_info=&#8221;{}&#8221;][et_pb_column type=&#8221;1_5&#8243; _builder_version=&#8221;4.16&#8243; global_colors_info=&#8221;{}&#8221;][et_pb_image src=&#8221;https:\/\/beacontower.io\/wp-content\/uploads\/2020\/08\/regin.png&#8221; alt=&#8221;Beacon Tower | Azure IoT Moln och Edge Plattform | IoT teknologi&#8221; _builder_version=&#8221;4.16&#8243; global_colors_info=&#8221;{}&#8221;][\/et_pb_image][\/et_pb_column][et_pb_column type=&#8221;1_5&#8243; _builder_version=&#8221;4.16&#8243; global_colors_info=&#8221;{}&#8221;][et_pb_image src=&#8221;https:\/\/beacontower.io\/wp-content\/uploads\/2020\/08\/natus.png&#8221; alt=&#8221;Beacon Tower | Azure IoT Moln och Edge Plattform | IoT teknologi&#8221; _builder_version=&#8221;4.16&#8243; global_colors_info=&#8221;{}&#8221;][\/et_pb_image][\/et_pb_column][et_pb_column type=&#8221;1_5&#8243; _builder_version=&#8221;4.16&#8243; global_colors_info=&#8221;{}&#8221;][et_pb_image src=&#8221;https:\/\/beacontower.io\/wp-content\/uploads\/2020\/08\/acconeer.png&#8221; alt=&#8221;Beacon Tower | Azure IoT Moln och Edge Plattform | IoT teknologi&#8221; _builder_version=&#8221;4.16&#8243; global_colors_info=&#8221;{}&#8221;][\/et_pb_image][\/et_pb_column][et_pb_column type=&#8221;1_5&#8243; _builder_version=&#8221;4.16&#8243; global_colors_info=&#8221;{}&#8221;][et_pb_image src=&#8221;https:\/\/beacontower.io\/wp-content\/uploads\/2020\/08\/acarix.png&#8221; alt=&#8221;Beacon Tower | Azure IoT Moln och Edge Plattform | IoT teknologi&#8221; _builder_version=&#8221;4.16&#8243; global_colors_info=&#8221;{}&#8221;][\/et_pb_image][\/et_pb_column][et_pb_column type=&#8221;1_5&#8243; _builder_version=&#8221;4.16&#8243; global_colors_info=&#8221;{}&#8221;][et_pb_image src=&#8221;https:\/\/beacontower.io\/wp-content\/uploads\/2020\/08\/sonossteam.png&#8221; alt=&#8221;Beacon Tower | Azure IoT Moln och Edge Plattform | IoT teknologi&#8221; _builder_version=&#8221;4.16&#8243; global_colors_info=&#8221;{}&#8221;][\/et_pb_image][\/et_pb_column][\/et_pb_row][\/et_pb_section]<\/p>\n","protected":false},"excerpt":{"rendered":"<p>Om Beacon Tower Beacon Tower \u00e4r utformat f\u00f6r att st\u00f6dja kraven f\u00f6r s\u00e4kerhet, tillf\u00f6rlitlighet och uppdragskritisk anv\u00e4ndning i samband med industriella tillg\u00e5ngar och deras driftsmilj\u00f6er. Beacon Tower \u00e4r en skalbar IoT-molnplattform n\u00e4r det g\u00e4ller pris, funktionalitet och kapacitet; m\u00f6jligt att skala fr\u00e5n mycket sm\u00e5 l\u00f6sningar med f\u00e5 krav till mycket h\u00f6g belastning och komplexa krav. [&hellip;]<\/p>\n","protected":false},"author":2,"featured_media":31064,"parent":0,"menu_order":0,"comment_status":"closed","ping_status":"closed","template":"","meta":{"_et_pb_use_builder":"on","_et_pb_old_content":"","_et_gb_content_width":"","footnotes":""},"class_list":["post-31984","page","type-page","status-publish","has-post-thumbnail","hentry"],"yoast_head":"<!-- This site is optimized with the Yoast SEO plugin v27.3 - https:\/\/yoast.com\/product\/yoast-seo-wordpress\/ -->\n<title>Beacon Tower | Azure IoT Moln och Edge Plattform | IoT teknologi<\/title>\n<meta name=\"description\" content=\"Beacon Tower \u00e4r en skalbar IoT-molnplattform; m\u00f6jligt att skala fr\u00e5n mycket liten instans med sparsamma krav till mycket h\u00f6ga belastningar.\" \/>\n<meta name=\"robots\" content=\"index, follow, max-snippet:-1, max-image-preview:large, max-video-preview:-1\" \/>\n<link rel=\"canonical\" href=\"https:\/\/beacontower.io\/sv\/om-beacon-tower\/\" \/>\n<meta property=\"og:locale\" content=\"sv_SE\" \/>\n<meta property=\"og:type\" content=\"article\" \/>\n<meta property=\"og:title\" content=\"Beacon Tower | Azure IoT Moln och Edge Plattform | IoT teknologi\" \/>\n<meta property=\"og:description\" content=\"Beacon Tower \u00e4r en skalbar IoT-molnplattform; m\u00f6jligt att skala fr\u00e5n mycket liten instans med sparsamma krav till mycket h\u00f6ga belastningar.\" \/>\n<meta property=\"og:url\" content=\"https:\/\/beacontower.io\/sv\/om-beacon-tower\/\" \/>\n<meta property=\"og:site_name\" content=\"Beacon Tower\" \/>\n<meta property=\"article:modified_time\" content=\"2023-06-09T11:58:05+00:00\" \/>\n<meta property=\"og:image\" content=\"https:\/\/beacontower.io\/wp-content\/uploads\/2020\/08\/ectogrid.png\" \/>\n\t<meta property=\"og:image:width\" content=\"225\" \/>\n\t<meta property=\"og:image:height\" content=\"225\" \/>\n\t<meta property=\"og:image:type\" content=\"image\/png\" \/>\n<meta name=\"twitter:card\" content=\"summary_large_image\" \/>\n<meta name=\"twitter:label1\" content=\"Ber\u00e4knad l\u00e4stid\" \/>\n\t<meta name=\"twitter:data1\" content=\"6 minuter\" \/>\n<script type=\"application\/ld+json\" class=\"yoast-schema-graph\">{\"@context\":\"https:\\\/\\\/schema.org\",\"@graph\":[{\"@type\":\"WebPage\",\"@id\":\"https:\\\/\\\/beacontower.io\\\/sv\\\/om-beacon-tower\\\/\",\"url\":\"https:\\\/\\\/beacontower.io\\\/sv\\\/om-beacon-tower\\\/\",\"name\":\"Beacon Tower | Azure IoT Moln och Edge Plattform | IoT teknologi\",\"isPartOf\":{\"@id\":\"https:\\\/\\\/beacontower.io\\\/sv\\\/#website\"},\"primaryImageOfPage\":{\"@id\":\"https:\\\/\\\/beacontower.io\\\/sv\\\/om-beacon-tower\\\/#primaryimage\"},\"image\":{\"@id\":\"https:\\\/\\\/beacontower.io\\\/sv\\\/om-beacon-tower\\\/#primaryimage\"},\"thumbnailUrl\":\"https:\\\/\\\/beacontower.io\\\/wp-content\\\/uploads\\\/2020\\\/08\\\/ectogrid.png\",\"datePublished\":\"2020-11-27T10:33:27+00:00\",\"dateModified\":\"2023-06-09T11:58:05+00:00\",\"description\":\"Beacon Tower \u00e4r en skalbar IoT-molnplattform; m\u00f6jligt att skala fr\u00e5n mycket liten instans med sparsamma krav till mycket h\u00f6ga belastningar.\",\"breadcrumb\":{\"@id\":\"https:\\\/\\\/beacontower.io\\\/sv\\\/om-beacon-tower\\\/#breadcrumb\"},\"inLanguage\":\"sv-SE\",\"potentialAction\":[{\"@type\":\"ReadAction\",\"target\":[\"https:\\\/\\\/beacontower.io\\\/sv\\\/om-beacon-tower\\\/\"]}]},{\"@type\":\"ImageObject\",\"inLanguage\":\"sv-SE\",\"@id\":\"https:\\\/\\\/beacontower.io\\\/sv\\\/om-beacon-tower\\\/#primaryimage\",\"url\":\"https:\\\/\\\/beacontower.io\\\/wp-content\\\/uploads\\\/2020\\\/08\\\/ectogrid.png\",\"contentUrl\":\"https:\\\/\\\/beacontower.io\\\/wp-content\\\/uploads\\\/2020\\\/08\\\/ectogrid.png\",\"width\":225,\"height\":225,\"caption\":\"Beacon Tower | Azure IoT Moln och Edge Plattform | IoT teknologi\"},{\"@type\":\"BreadcrumbList\",\"@id\":\"https:\\\/\\\/beacontower.io\\\/sv\\\/om-beacon-tower\\\/#breadcrumb\",\"itemListElement\":[{\"@type\":\"ListItem\",\"position\":1,\"name\":\"Home\",\"item\":\"https:\\\/\\\/beacontower.io\\\/sv\\\/azure-iot-cloud-och-edge-platform\\\/\"},{\"@type\":\"ListItem\",\"position\":2,\"name\":\"Om Beacon Tower\"}]},{\"@type\":\"WebSite\",\"@id\":\"https:\\\/\\\/beacontower.io\\\/sv\\\/#website\",\"url\":\"https:\\\/\\\/beacontower.io\\\/sv\\\/\",\"name\":\"Beacon Tower\",\"description\":\"Azure IoT Cloud and Edge Platform\",\"publisher\":{\"@id\":\"https:\\\/\\\/beacontower.io\\\/sv\\\/#organization\"},\"potentialAction\":[{\"@type\":\"SearchAction\",\"target\":{\"@type\":\"EntryPoint\",\"urlTemplate\":\"https:\\\/\\\/beacontower.io\\\/sv\\\/?s={search_term_string}\"},\"query-input\":{\"@type\":\"PropertyValueSpecification\",\"valueRequired\":true,\"valueName\":\"search_term_string\"}}],\"inLanguage\":\"sv-SE\"},{\"@type\":\"Organization\",\"@id\":\"https:\\\/\\\/beacontower.io\\\/sv\\\/#organization\",\"name\":\"Beacon Tower\",\"url\":\"https:\\\/\\\/beacontower.io\\\/sv\\\/\",\"logo\":{\"@type\":\"ImageObject\",\"inLanguage\":\"sv-SE\",\"@id\":\"https:\\\/\\\/beacontower.io\\\/sv\\\/#\\\/schema\\\/logo\\\/image\\\/\",\"url\":\"https:\\\/\\\/beacontower.io\\\/wp-content\\\/uploads\\\/2021\\\/04\\\/BT-logo-web.png\",\"contentUrl\":\"https:\\\/\\\/beacontower.io\\\/wp-content\\\/uploads\\\/2021\\\/04\\\/BT-logo-web.png\",\"width\":400,\"height\":175,\"caption\":\"Beacon Tower\"},\"image\":{\"@id\":\"https:\\\/\\\/beacontower.io\\\/sv\\\/#\\\/schema\\\/logo\\\/image\\\/\"},\"sameAs\":[\"https:\\\/\\\/www.linkedin.com\\\/company\\\/glaze-about\"]}]}<\/script>\n<!-- \/ Yoast SEO plugin. -->","yoast_head_json":{"title":"Beacon Tower | Azure IoT Moln och Edge Plattform | IoT teknologi","description":"Beacon Tower \u00e4r en skalbar IoT-molnplattform; m\u00f6jligt att skala fr\u00e5n mycket liten instans med sparsamma krav till mycket h\u00f6ga belastningar.","robots":{"index":"index","follow":"follow","max-snippet":"max-snippet:-1","max-image-preview":"max-image-preview:large","max-video-preview":"max-video-preview:-1"},"canonical":"https:\/\/beacontower.io\/sv\/om-beacon-tower\/","og_locale":"sv_SE","og_type":"article","og_title":"Beacon Tower | Azure IoT Moln och Edge Plattform | IoT teknologi","og_description":"Beacon Tower \u00e4r en skalbar IoT-molnplattform; m\u00f6jligt att skala fr\u00e5n mycket liten instans med sparsamma krav till mycket h\u00f6ga belastningar.","og_url":"https:\/\/beacontower.io\/sv\/om-beacon-tower\/","og_site_name":"Beacon Tower","article_modified_time":"2023-06-09T11:58:05+00:00","og_image":[{"width":225,"height":225,"url":"https:\/\/beacontower.io\/wp-content\/uploads\/2020\/08\/ectogrid.png","type":"image\/png"}],"twitter_card":"summary_large_image","twitter_misc":{"Ber\u00e4knad l\u00e4stid":"6 minuter"},"schema":{"@context":"https:\/\/schema.org","@graph":[{"@type":"WebPage","@id":"https:\/\/beacontower.io\/sv\/om-beacon-tower\/","url":"https:\/\/beacontower.io\/sv\/om-beacon-tower\/","name":"Beacon Tower | Azure IoT Moln och Edge Plattform | IoT teknologi","isPartOf":{"@id":"https:\/\/beacontower.io\/sv\/#website"},"primaryImageOfPage":{"@id":"https:\/\/beacontower.io\/sv\/om-beacon-tower\/#primaryimage"},"image":{"@id":"https:\/\/beacontower.io\/sv\/om-beacon-tower\/#primaryimage"},"thumbnailUrl":"https:\/\/beacontower.io\/wp-content\/uploads\/2020\/08\/ectogrid.png","datePublished":"2020-11-27T10:33:27+00:00","dateModified":"2023-06-09T11:58:05+00:00","description":"Beacon Tower \u00e4r en skalbar IoT-molnplattform; m\u00f6jligt att skala fr\u00e5n mycket liten instans med sparsamma krav till mycket h\u00f6ga belastningar.","breadcrumb":{"@id":"https:\/\/beacontower.io\/sv\/om-beacon-tower\/#breadcrumb"},"inLanguage":"sv-SE","potentialAction":[{"@type":"ReadAction","target":["https:\/\/beacontower.io\/sv\/om-beacon-tower\/"]}]},{"@type":"ImageObject","inLanguage":"sv-SE","@id":"https:\/\/beacontower.io\/sv\/om-beacon-tower\/#primaryimage","url":"https:\/\/beacontower.io\/wp-content\/uploads\/2020\/08\/ectogrid.png","contentUrl":"https:\/\/beacontower.io\/wp-content\/uploads\/2020\/08\/ectogrid.png","width":225,"height":225,"caption":"Beacon Tower | Azure IoT Moln och Edge Plattform | IoT teknologi"},{"@type":"BreadcrumbList","@id":"https:\/\/beacontower.io\/sv\/om-beacon-tower\/#breadcrumb","itemListElement":[{"@type":"ListItem","position":1,"name":"Home","item":"https:\/\/beacontower.io\/sv\/azure-iot-cloud-och-edge-platform\/"},{"@type":"ListItem","position":2,"name":"Om Beacon Tower"}]},{"@type":"WebSite","@id":"https:\/\/beacontower.io\/sv\/#website","url":"https:\/\/beacontower.io\/sv\/","name":"Beacon Tower","description":"Azure IoT Cloud and Edge Platform","publisher":{"@id":"https:\/\/beacontower.io\/sv\/#organization"},"potentialAction":[{"@type":"SearchAction","target":{"@type":"EntryPoint","urlTemplate":"https:\/\/beacontower.io\/sv\/?s={search_term_string}"},"query-input":{"@type":"PropertyValueSpecification","valueRequired":true,"valueName":"search_term_string"}}],"inLanguage":"sv-SE"},{"@type":"Organization","@id":"https:\/\/beacontower.io\/sv\/#organization","name":"Beacon Tower","url":"https:\/\/beacontower.io\/sv\/","logo":{"@type":"ImageObject","inLanguage":"sv-SE","@id":"https:\/\/beacontower.io\/sv\/#\/schema\/logo\/image\/","url":"https:\/\/beacontower.io\/wp-content\/uploads\/2021\/04\/BT-logo-web.png","contentUrl":"https:\/\/beacontower.io\/wp-content\/uploads\/2021\/04\/BT-logo-web.png","width":400,"height":175,"caption":"Beacon Tower"},"image":{"@id":"https:\/\/beacontower.io\/sv\/#\/schema\/logo\/image\/"},"sameAs":["https:\/\/www.linkedin.com\/company\/glaze-about"]}]}},"_links":{"self":[{"href":"https:\/\/beacontower.io\/sv\/wp-json\/wp\/v2\/pages\/31984","targetHints":{"allow":["GET"]}}],"collection":[{"href":"https:\/\/beacontower.io\/sv\/wp-json\/wp\/v2\/pages"}],"about":[{"href":"https:\/\/beacontower.io\/sv\/wp-json\/wp\/v2\/types\/page"}],"author":[{"embeddable":true,"href":"https:\/\/beacontower.io\/sv\/wp-json\/wp\/v2\/users\/2"}],"replies":[{"embeddable":true,"href":"https:\/\/beacontower.io\/sv\/wp-json\/wp\/v2\/comments?post=31984"}],"version-history":[{"count":7,"href":"https:\/\/beacontower.io\/sv\/wp-json\/wp\/v2\/pages\/31984\/revisions"}],"predecessor-version":[{"id":36055,"href":"https:\/\/beacontower.io\/sv\/wp-json\/wp\/v2\/pages\/31984\/revisions\/36055"}],"wp:featuredmedia":[{"embeddable":true,"href":"https:\/\/beacontower.io\/sv\/wp-json\/wp\/v2\/media\/31064"}],"wp:attachment":[{"href":"https:\/\/beacontower.io\/sv\/wp-json\/wp\/v2\/media?parent=31984"}],"curies":[{"name":"wp","href":"https:\/\/api.w.org\/{rel}","templated":true}]}}