{"id":31972,"date":"2020-11-27T10:13:45","date_gmt":"2020-11-27T10:13:45","guid":{"rendered":"https:\/\/beacontower.io\/offert\/"},"modified":"2021-06-07T16:12:15","modified_gmt":"2021-06-07T16:12:15","slug":"offert","status":"publish","type":"page","link":"https:\/\/beacontower.io\/sv\/offert\/","title":{"rendered":"Offert"},"content":{"rendered":"<p>[et_pb_section fb_built=&#8221;1&#8243; _builder_version=&#8221;4.9.4&#8243; _module_preset=&#8221;default&#8221; background_color=&#8221;#f4f4f4&#8243; custom_margin=&#8221;||-20px||false|false&#8221; locked=&#8221;off&#8221;][et_pb_row column_structure=&#8221;2_3,1_3&#8243; make_equal=&#8221;on&#8221; _builder_version=&#8221;4.9.4&#8243; _module_preset=&#8221;default&#8221; custom_margin=&#8221;100px||||false|false&#8221; locked=&#8221;off&#8221;][et_pb_column type=&#8221;2_3&#8243; _builder_version=&#8221;4.8.2&#8243; _module_preset=&#8221;default&#8221; custom_css_main_element=&#8221;align-self: center !important;&#8221;][et_pb_text _builder_version=&#8221;4.9.4&#8243; _module_preset=&#8221;default&#8221; header_font=&#8221;|700|||||||&#8221; custom_padding=&#8221;|||110px|false|false&#8221;]<\/p>\n<h1>Efterfr\u00e5ga offert<\/h1>\n<p>Beacon Towers priss\u00e4ttningsmodell ger flexibla alternativ f\u00f6r organisationer i alla storlekar och vi erbjuder riskfria piloter f\u00f6r att experimentera och testa prototyper.<\/p>\n<p>Efterfr\u00e5ga en offert och l\u00e5t oss komma ig\u00e5ng!<\/p>\n<p>[\/et_pb_text][\/et_pb_column][et_pb_column type=&#8221;1_3&#8243; _builder_version=&#8221;4.8.2&#8243; _module_preset=&#8221;default&#8221;][et_pb_image src=&#8221;https:\/\/beacontower.io\/wp-content\/uploads\/2021\/05\/about-bt.png&#8221; title_text=&#8221;GLAZE_Connected-Industries_MLA-980&#215;971&#8243; _builder_version=&#8221;4.9.4&#8243; _module_preset=&#8221;default&#8221; width=&#8221;60%&#8221; module_alignment=&#8221;center&#8221; animation_style=&#8221;slide&#8221; animation_direction=&#8221;right&#8221; animation_intensity_slide=&#8221;4%&#8221;][\/et_pb_image][\/et_pb_column][\/et_pb_row][\/et_pb_section][et_pb_section fb_built=&#8221;1&#8243; _builder_version=&#8221;4.9.4&#8243; background_enable_color=&#8221;off&#8221; custom_margin=&#8221;||-30px||false|false&#8221; locked=&#8221;off&#8221;][et_pb_row column_structure=&#8221;1_2,1_2&#8243; _builder_version=&#8221;4.9.4&#8243; width=&#8221;56%&#8221; custom_margin=&#8221;60px||30px||false|false&#8221; custom_padding=&#8221;0px||||false|false&#8221;][et_pb_column type=&#8221;1_2&#8243; _builder_version=&#8221;4.4.8&#8243;][et_pb_text _builder_version=&#8221;4.8.2&#8243; text_font=&#8221;|700|||||||&#8221; text_font_size=&#8221;54px&#8221; header_2_font=&#8221;|600|||||||&#8221; header_2_font_size=&#8221;50px&#8221; custom_margin=&#8221;||15px||false|false&#8221; header_2_font_size_tablet=&#8221;35px&#8221; header_2_font_size_phone=&#8221;30px&#8221; header_2_font_size_last_edited=&#8221;on|desktop&#8221;]<\/p>\n<h2><a href=\"https:\/\/beacontower.io\/iot-cloud-platform-saas\/\">SaaS<\/a><\/h2>\n<p>[\/et_pb_text][et_pb_blurb title=&#8221;Skala fr\u00e5n PoC till Enterprise&#8221; use_icon=&#8221;on&#8221; font_icon=&#8221;%%202%%&#8221; icon_placement=&#8221;left&#8221; content_max_width=&#8221;100%&#8221; use_icon_font_size=&#8221;on&#8221; icon_font_size=&#8221;30px&#8221; admin_label=&#8221;Small&#8221; module_class=&#8221;custom_blurb_j&#8221; _builder_version=&#8221;4.9.4&#8243; header_text_color=&#8221;#333333&#8243; custom_margin=&#8221;||15px||false|false&#8221; custom_padding=&#8221;0px||0px||false|false&#8221; hover_enabled=&#8221;0&#8243; sticky_enabled=&#8221;0&#8243;][\/et_pb_blurb][et_pb_blurb title=&#8221;Modellerar ditt f\u00f6retag&#8221; use_icon=&#8221;on&#8221; font_icon=&#8221;%%202%%&#8221; icon_placement=&#8221;left&#8221; content_max_width=&#8221;100%&#8221; use_icon_font_size=&#8221;on&#8221; icon_font_size=&#8221;30px&#8221; admin_label=&#8221;Small&#8221; module_class=&#8221;custom_blurb_j&#8221; _builder_version=&#8221;4.9.4&#8243; header_text_color=&#8221;#333333&#8243; custom_margin=&#8221;||15px||false|false&#8221; custom_padding=&#8221;0px||0px||false|false&#8221;][\/et_pb_blurb][et_pb_blurb title=&#8221;\u00d6ppen datamodell&#8221; use_icon=&#8221;on&#8221; font_icon=&#8221;%%202%%&#8221; icon_placement=&#8221;left&#8221; content_max_width=&#8221;100%&#8221; use_icon_font_size=&#8221;on&#8221; icon_font_size=&#8221;30px&#8221; admin_label=&#8221;Small&#8221; module_class=&#8221;custom_blurb_j&#8221; _builder_version=&#8221;4.9.4&#8243; header_text_color=&#8221;#333333&#8243; custom_margin=&#8221;||15px||false|false&#8221; custom_padding=&#8221;0px||0px||false|false&#8221;][\/et_pb_blurb][et_pb_blurb title=&#8221;Ingen leverant\u00f6rsinl\u00e5sning&#8221; use_icon=&#8221;on&#8221; font_icon=&#8221;%%202%%&#8221; icon_placement=&#8221;left&#8221; content_max_width=&#8221;100%&#8221; use_icon_font_size=&#8221;on&#8221; icon_font_size=&#8221;30px&#8221; admin_label=&#8221;Small&#8221; module_class=&#8221;custom_blurb_j&#8221; _builder_version=&#8221;4.9.4&#8243; header_text_color=&#8221;#333333&#8243; custom_margin=&#8221;||15px||false|false&#8221; custom_padding=&#8221;0px||0px||false|false&#8221;][\/et_pb_blurb][et_pb_blurb title=&#8221;L\u00e5ga driftskostnader&#8221; use_icon=&#8221;on&#8221; font_icon=&#8221;%%202%%&#8221; icon_placement=&#8221;left&#8221; content_max_width=&#8221;100%&#8221; use_icon_font_size=&#8221;on&#8221; icon_font_size=&#8221;30px&#8221; admin_label=&#8221;Small&#8221; module_class=&#8221;custom_blurb_j&#8221; _builder_version=&#8221;4.9.4&#8243; header_text_color=&#8221;#333333&#8243; custom_margin=&#8221;||15px||false|false&#8221; custom_padding=&#8221;0px||0px||false|false&#8221;][\/et_pb_blurb][et_pb_blurb title=&#8221;Alltid uppdaterat&#8221; use_icon=&#8221;on&#8221; font_icon=&#8221;%%202%%&#8221; icon_placement=&#8221;left&#8221; content_max_width=&#8221;100%&#8221; use_icon_font_size=&#8221;on&#8221; icon_font_size=&#8221;30px&#8221; admin_label=&#8221;Small&#8221; module_class=&#8221;custom_blurb_j&#8221; _builder_version=&#8221;4.9.4&#8243; header_text_color=&#8221;#333333&#8243; custom_margin=&#8221;||15px||false|false&#8221; custom_padding=&#8221;0px||0px||false|false&#8221;][\/et_pb_blurb][\/et_pb_column][et_pb_column type=&#8221;1_2&#8243; _builder_version=&#8221;4.4.8&#8243;][et_pb_text _builder_version=&#8221;4.8.2&#8243; text_font=&#8221;|700|||||||&#8221; text_font_size=&#8221;54px&#8221; header_text_color=&#8221;#e02b20&#8243; header_2_font=&#8221;|600|||||||&#8221; header_2_font_size=&#8221;50px&#8221; custom_margin=&#8221;||15px||false|false&#8221; header_2_font_size_tablet=&#8221;35px&#8221; header_2_font_size_phone=&#8221;30px&#8221; header_2_font_size_last_edited=&#8221;on|desktop&#8221;]<\/p>\n<h2><a href=\"https:\/\/beacontower.io\/IoT-cloud-platform-accelerator\/\">Accelerator<\/a><\/h2>\n<p>[\/et_pb_text][et_pb_blurb title=&#8221;Samma som SaaS&#8221; use_icon=&#8221;on&#8221; font_icon=&#8221;%%202%%&#8221; icon_placement=&#8221;left&#8221; content_max_width=&#8221;100%&#8221; use_icon_font_size=&#8221;on&#8221; icon_font_size=&#8221;30px&#8221; admin_label=&#8221;Small&#8221; module_class=&#8221;custom_blurb_j&#8221; _builder_version=&#8221;4.9.4&#8243; header_text_color=&#8221;#333333&#8243; custom_margin=&#8221;||15px||false|false&#8221; custom_padding=&#8221;0px||0px||false|false&#8221;][\/et_pb_blurb][et_pb_blurb title=&#8221;100% anpassningsbar&#8221; use_icon=&#8221;on&#8221; font_icon=&#8221;%%200%%&#8221; icon_placement=&#8221;left&#8221; content_max_width=&#8221;100%&#8221; use_icon_font_size=&#8221;on&#8221; icon_font_size=&#8221;30px&#8221; admin_label=&#8221;Small&#8221; module_class=&#8221;custom_blurb_j&#8221; _builder_version=&#8221;4.9.4&#8243; header_text_color=&#8221;#333333&#8243; custom_margin=&#8221;||15px||false|false&#8221; custom_padding=&#8221;0px||0px||false|false&#8221;][\/et_pb_blurb][et_pb_blurb title=&#8221;IP-\u00e4gande&#8221; use_icon=&#8221;on&#8221; font_icon=&#8221;%%200%%&#8221; icon_placement=&#8221;left&#8221; content_max_width=&#8221;100%&#8221; use_icon_font_size=&#8221;on&#8221; icon_font_size=&#8221;30px&#8221; admin_label=&#8221;Small&#8221; module_class=&#8221;custom_blurb_j&#8221; _builder_version=&#8221;4.9.4&#8243; header_text_color=&#8221;#333333&#8243; custom_margin=&#8221;||15px||false|false&#8221; custom_padding=&#8221;0px||0px||false|false&#8221;][\/et_pb_blurb][et_pb_blurb title=&#8221;K\u00f6rs i din molnmilj\u00f6&#8221; use_icon=&#8221;on&#8221; font_icon=&#8221;%%200%%&#8221; icon_placement=&#8221;left&#8221; content_max_width=&#8221;100%&#8221; use_icon_font_size=&#8221;on&#8221; icon_font_size=&#8221;30px&#8221; admin_label=&#8221;Small&#8221; module_class=&#8221;custom_blurb_j&#8221; _builder_version=&#8221;4.9.4&#8243; header_text_color=&#8221;#333333&#8243; custom_margin=&#8221;||15px||false|false&#8221; custom_padding=&#8221;0px||0px||false|false&#8221;][\/et_pb_blurb][et_pb_blurb title=&#8221;Skr\u00e4ddarsy din egen utveckling&#8221; use_icon=&#8221;on&#8221; font_icon=&#8221;%%200%%&#8221; icon_placement=&#8221;left&#8221; content_max_width=&#8221;100%&#8221; use_icon_font_size=&#8221;on&#8221; icon_font_size=&#8221;30px&#8221; admin_label=&#8221;Small&#8221; module_class=&#8221;custom_blurb_j&#8221; _builder_version=&#8221;4.9.4&#8243; header_text_color=&#8221;#333333&#8243; custom_margin=&#8221;||15px||false|false&#8221; custom_padding=&#8221;0px||0px||false|false&#8221;][\/et_pb_blurb][et_pb_blurb title=&#8221;Passar alla IoT-ekosystem&#8221; use_icon=&#8221;on&#8221; font_icon=&#8221;%%200%%&#8221; icon_placement=&#8221;left&#8221; content_max_width=&#8221;100%&#8221; use_icon_font_size=&#8221;on&#8221; icon_font_size=&#8221;30px&#8221; admin_label=&#8221;Small&#8221; module_class=&#8221;custom_blurb_j&#8221; _builder_version=&#8221;4.9.4&#8243; header_text_color=&#8221;#333333&#8243; custom_margin=&#8221;||15px||false|false&#8221; custom_padding=&#8221;0px||0px||false|false&#8221;][\/et_pb_blurb][\/et_pb_column][\/et_pb_row][et_pb_row _builder_version=&#8221;4.9.4&#8243; custom_padding=&#8221;0px||||false|false&#8221; locked=&#8221;off&#8221;][et_pb_column type=&#8221;4_4&#8243; _builder_version=&#8221;4.4.8&#8243;][et_pb_button button_text=&#8221;Efterfr\u00e5ga en offert&#8221; button_alignment=&#8221;center&#8221; module_class=&#8221;button_for_request_quote popmake-32010 popmake-request-a-quote&#8221; _builder_version=&#8221;4.9.4&#8243; custom_button=&#8221;on&#8221; button_use_icon=&#8221;off&#8221; transform_scale=&#8221;176%|176%&#8221; button_bg_color__hover_enabled=&#8221;on|hover&#8221; button_bg_color__hover=&#8221;#D91F27&#8243; button_bg_enable_color__hover=&#8221;on&#8221; button_text_color__hover_enabled=&#8221;on|desktop&#8221; button_text_color__hover=&#8221;#FFFFFF&#8221;][\/et_pb_button][\/et_pb_column][\/et_pb_row][\/et_pb_section]<\/p>\n","protected":false},"excerpt":{"rendered":"<p>Efterfr\u00e5ga offert Beacon Towers priss\u00e4ttningsmodell ger flexibla alternativ f\u00f6r organisationer i alla storlekar och vi erbjuder riskfria piloter f\u00f6r att experimentera och testa prototyper. Efterfr\u00e5ga en offert och l\u00e5t oss komma ig\u00e5ng!SaaSAccelerator<\/p>\n","protected":false},"author":2,"featured_media":31204,"parent":0,"menu_order":0,"comment_status":"closed","ping_status":"closed","template":"","meta":{"_et_pb_use_builder":"on","_et_pb_old_content":"","_et_gb_content_width":"","footnotes":""},"class_list":["post-31972","page","type-page","status-publish","has-post-thumbnail","hentry"],"yoast_head":"<!-- This site is optimized with the Yoast SEO plugin v27.4 - https:\/\/yoast.com\/product\/yoast-seo-wordpress\/ -->\n<title>Offert | Azure IoT Moln och Edge Plattform | Beacon Tower<\/title>\n<meta name=\"description\" content=\"Beacon Towers prismodell ger flexibla alternativ f\u00f6r organisationer i alla storlekar. Beg\u00e4r en offert och l\u00e5t oss komma ig\u00e5ng!\" \/>\n<meta name=\"robots\" content=\"index, follow, max-snippet:-1, max-image-preview:large, max-video-preview:-1\" \/>\n<link rel=\"canonical\" href=\"https:\/\/beacontower.io\/sv\/offert\/\" \/>\n<meta property=\"og:locale\" content=\"sv_SE\" \/>\n<meta property=\"og:type\" content=\"article\" \/>\n<meta property=\"og:title\" content=\"Offert | Azure IoT Moln och Edge Plattform | Beacon Tower\" \/>\n<meta property=\"og:description\" content=\"Beacon Towers prismodell ger flexibla alternativ f\u00f6r organisationer i alla storlekar. Beg\u00e4r en offert och l\u00e5t oss komma ig\u00e5ng!\" \/>\n<meta property=\"og:url\" content=\"https:\/\/beacontower.io\/sv\/offert\/\" \/>\n<meta property=\"og:site_name\" content=\"Beacon Tower\" \/>\n<meta property=\"article:modified_time\" content=\"2021-06-07T16:12:15+00:00\" \/>\n<meta property=\"og:image\" content=\"https:\/\/beacontower.io\/wp-content\/uploads\/2020\/10\/Fingers-touch.jpg\" \/>\n\t<meta property=\"og:image:width\" content=\"1200\" \/>\n\t<meta property=\"og:image:height\" content=\"600\" \/>\n\t<meta property=\"og:image:type\" content=\"image\/jpeg\" \/>\n<meta name=\"twitter:card\" content=\"summary_large_image\" \/>\n<meta name=\"twitter:label1\" content=\"Ber\u00e4knad l\u00e4stid\" \/>\n\t<meta name=\"twitter:data1\" content=\"5 minuter\" \/>\n<script type=\"application\/ld+json\" class=\"yoast-schema-graph\">{\"@context\":\"https:\\\/\\\/schema.org\",\"@graph\":[{\"@type\":\"WebPage\",\"@id\":\"https:\\\/\\\/beacontower.io\\\/sv\\\/offert\\\/\",\"url\":\"https:\\\/\\\/beacontower.io\\\/sv\\\/offert\\\/\",\"name\":\"Offert | Azure IoT Moln och Edge Plattform | Beacon Tower\",\"isPartOf\":{\"@id\":\"https:\\\/\\\/beacontower.io\\\/sv\\\/#website\"},\"primaryImageOfPage\":{\"@id\":\"https:\\\/\\\/beacontower.io\\\/sv\\\/offert\\\/#primaryimage\"},\"image\":{\"@id\":\"https:\\\/\\\/beacontower.io\\\/sv\\\/offert\\\/#primaryimage\"},\"thumbnailUrl\":\"https:\\\/\\\/beacontower.io\\\/wp-content\\\/uploads\\\/2020\\\/10\\\/Fingers-touch.jpg\",\"datePublished\":\"2020-11-27T10:13:45+00:00\",\"dateModified\":\"2021-06-07T16:12:15+00:00\",\"description\":\"Beacon Towers prismodell ger flexibla alternativ f\u00f6r organisationer i alla storlekar. Beg\u00e4r en offert och l\u00e5t oss komma ig\u00e5ng!\",\"breadcrumb\":{\"@id\":\"https:\\\/\\\/beacontower.io\\\/sv\\\/offert\\\/#breadcrumb\"},\"inLanguage\":\"sv-SE\",\"potentialAction\":[{\"@type\":\"ReadAction\",\"target\":[\"https:\\\/\\\/beacontower.io\\\/sv\\\/offert\\\/\"]}]},{\"@type\":\"ImageObject\",\"inLanguage\":\"sv-SE\",\"@id\":\"https:\\\/\\\/beacontower.io\\\/sv\\\/offert\\\/#primaryimage\",\"url\":\"https:\\\/\\\/beacontower.io\\\/wp-content\\\/uploads\\\/2020\\\/10\\\/Fingers-touch.jpg\",\"contentUrl\":\"https:\\\/\\\/beacontower.io\\\/wp-content\\\/uploads\\\/2020\\\/10\\\/Fingers-touch.jpg\",\"width\":1200,\"height\":600,\"caption\":\"Offert | Azure IoT Moln och Edge Plattform | Beacon Tower\"},{\"@type\":\"BreadcrumbList\",\"@id\":\"https:\\\/\\\/beacontower.io\\\/sv\\\/offert\\\/#breadcrumb\",\"itemListElement\":[{\"@type\":\"ListItem\",\"position\":1,\"name\":\"Home\",\"item\":\"https:\\\/\\\/beacontower.io\\\/sv\\\/azure-iot-cloud-och-edge-platform\\\/\"},{\"@type\":\"ListItem\",\"position\":2,\"name\":\"Offert\"}]},{\"@type\":\"WebSite\",\"@id\":\"https:\\\/\\\/beacontower.io\\\/sv\\\/#website\",\"url\":\"https:\\\/\\\/beacontower.io\\\/sv\\\/\",\"name\":\"Beacon Tower\",\"description\":\"Azure IoT Cloud and Edge Platform\",\"publisher\":{\"@id\":\"https:\\\/\\\/beacontower.io\\\/sv\\\/#organization\"},\"potentialAction\":[{\"@type\":\"SearchAction\",\"target\":{\"@type\":\"EntryPoint\",\"urlTemplate\":\"https:\\\/\\\/beacontower.io\\\/sv\\\/?s={search_term_string}\"},\"query-input\":{\"@type\":\"PropertyValueSpecification\",\"valueRequired\":true,\"valueName\":\"search_term_string\"}}],\"inLanguage\":\"sv-SE\"},{\"@type\":\"Organization\",\"@id\":\"https:\\\/\\\/beacontower.io\\\/sv\\\/#organization\",\"name\":\"Beacon Tower\",\"url\":\"https:\\\/\\\/beacontower.io\\\/sv\\\/\",\"logo\":{\"@type\":\"ImageObject\",\"inLanguage\":\"sv-SE\",\"@id\":\"https:\\\/\\\/beacontower.io\\\/sv\\\/#\\\/schema\\\/logo\\\/image\\\/\",\"url\":\"https:\\\/\\\/beacontower.io\\\/wp-content\\\/uploads\\\/2021\\\/04\\\/BT-logo-web.png\",\"contentUrl\":\"https:\\\/\\\/beacontower.io\\\/wp-content\\\/uploads\\\/2021\\\/04\\\/BT-logo-web.png\",\"width\":400,\"height\":175,\"caption\":\"Beacon Tower\"},\"image\":{\"@id\":\"https:\\\/\\\/beacontower.io\\\/sv\\\/#\\\/schema\\\/logo\\\/image\\\/\"},\"sameAs\":[\"https:\\\/\\\/www.linkedin.com\\\/company\\\/glaze-about\"]}]}<\/script>\n<!-- \/ Yoast SEO plugin. -->","yoast_head_json":{"title":"Offert | Azure IoT Moln och Edge Plattform | Beacon Tower","description":"Beacon Towers prismodell ger flexibla alternativ f\u00f6r organisationer i alla storlekar. Beg\u00e4r en offert och l\u00e5t oss komma ig\u00e5ng!","robots":{"index":"index","follow":"follow","max-snippet":"max-snippet:-1","max-image-preview":"max-image-preview:large","max-video-preview":"max-video-preview:-1"},"canonical":"https:\/\/beacontower.io\/sv\/offert\/","og_locale":"sv_SE","og_type":"article","og_title":"Offert | Azure IoT Moln och Edge Plattform | Beacon Tower","og_description":"Beacon Towers prismodell ger flexibla alternativ f\u00f6r organisationer i alla storlekar. Beg\u00e4r en offert och l\u00e5t oss komma ig\u00e5ng!","og_url":"https:\/\/beacontower.io\/sv\/offert\/","og_site_name":"Beacon Tower","article_modified_time":"2021-06-07T16:12:15+00:00","og_image":[{"width":1200,"height":600,"url":"https:\/\/beacontower.io\/wp-content\/uploads\/2020\/10\/Fingers-touch.jpg","type":"image\/jpeg"}],"twitter_card":"summary_large_image","twitter_misc":{"Ber\u00e4knad l\u00e4stid":"5 minuter"},"schema":{"@context":"https:\/\/schema.org","@graph":[{"@type":"WebPage","@id":"https:\/\/beacontower.io\/sv\/offert\/","url":"https:\/\/beacontower.io\/sv\/offert\/","name":"Offert | Azure IoT Moln och Edge Plattform | Beacon Tower","isPartOf":{"@id":"https:\/\/beacontower.io\/sv\/#website"},"primaryImageOfPage":{"@id":"https:\/\/beacontower.io\/sv\/offert\/#primaryimage"},"image":{"@id":"https:\/\/beacontower.io\/sv\/offert\/#primaryimage"},"thumbnailUrl":"https:\/\/beacontower.io\/wp-content\/uploads\/2020\/10\/Fingers-touch.jpg","datePublished":"2020-11-27T10:13:45+00:00","dateModified":"2021-06-07T16:12:15+00:00","description":"Beacon Towers prismodell ger flexibla alternativ f\u00f6r organisationer i alla storlekar. Beg\u00e4r en offert och l\u00e5t oss komma ig\u00e5ng!","breadcrumb":{"@id":"https:\/\/beacontower.io\/sv\/offert\/#breadcrumb"},"inLanguage":"sv-SE","potentialAction":[{"@type":"ReadAction","target":["https:\/\/beacontower.io\/sv\/offert\/"]}]},{"@type":"ImageObject","inLanguage":"sv-SE","@id":"https:\/\/beacontower.io\/sv\/offert\/#primaryimage","url":"https:\/\/beacontower.io\/wp-content\/uploads\/2020\/10\/Fingers-touch.jpg","contentUrl":"https:\/\/beacontower.io\/wp-content\/uploads\/2020\/10\/Fingers-touch.jpg","width":1200,"height":600,"caption":"Offert | Azure IoT Moln och Edge Plattform | Beacon Tower"},{"@type":"BreadcrumbList","@id":"https:\/\/beacontower.io\/sv\/offert\/#breadcrumb","itemListElement":[{"@type":"ListItem","position":1,"name":"Home","item":"https:\/\/beacontower.io\/sv\/azure-iot-cloud-och-edge-platform\/"},{"@type":"ListItem","position":2,"name":"Offert"}]},{"@type":"WebSite","@id":"https:\/\/beacontower.io\/sv\/#website","url":"https:\/\/beacontower.io\/sv\/","name":"Beacon Tower","description":"Azure IoT Cloud and Edge Platform","publisher":{"@id":"https:\/\/beacontower.io\/sv\/#organization"},"potentialAction":[{"@type":"SearchAction","target":{"@type":"EntryPoint","urlTemplate":"https:\/\/beacontower.io\/sv\/?s={search_term_string}"},"query-input":{"@type":"PropertyValueSpecification","valueRequired":true,"valueName":"search_term_string"}}],"inLanguage":"sv-SE"},{"@type":"Organization","@id":"https:\/\/beacontower.io\/sv\/#organization","name":"Beacon Tower","url":"https:\/\/beacontower.io\/sv\/","logo":{"@type":"ImageObject","inLanguage":"sv-SE","@id":"https:\/\/beacontower.io\/sv\/#\/schema\/logo\/image\/","url":"https:\/\/beacontower.io\/wp-content\/uploads\/2021\/04\/BT-logo-web.png","contentUrl":"https:\/\/beacontower.io\/wp-content\/uploads\/2021\/04\/BT-logo-web.png","width":400,"height":175,"caption":"Beacon Tower"},"image":{"@id":"https:\/\/beacontower.io\/sv\/#\/schema\/logo\/image\/"},"sameAs":["https:\/\/www.linkedin.com\/company\/glaze-about"]}]}},"_links":{"self":[{"href":"https:\/\/beacontower.io\/sv\/wp-json\/wp\/v2\/pages\/31972","targetHints":{"allow":["GET"]}}],"collection":[{"href":"https:\/\/beacontower.io\/sv\/wp-json\/wp\/v2\/pages"}],"about":[{"href":"https:\/\/beacontower.io\/sv\/wp-json\/wp\/v2\/types\/page"}],"author":[{"embeddable":true,"href":"https:\/\/beacontower.io\/sv\/wp-json\/wp\/v2\/users\/2"}],"replies":[{"embeddable":true,"href":"https:\/\/beacontower.io\/sv\/wp-json\/wp\/v2\/comments?post=31972"}],"version-history":[{"count":13,"href":"https:\/\/beacontower.io\/sv\/wp-json\/wp\/v2\/pages\/31972\/revisions"}],"predecessor-version":[{"id":34174,"href":"https:\/\/beacontower.io\/sv\/wp-json\/wp\/v2\/pages\/31972\/revisions\/34174"}],"wp:featuredmedia":[{"embeddable":true,"href":"https:\/\/beacontower.io\/sv\/wp-json\/wp\/v2\/media\/31204"}],"wp:attachment":[{"href":"https:\/\/beacontower.io\/sv\/wp-json\/wp\/v2\/media?parent=31972"}],"curies":[{"name":"wp","href":"https:\/\/api.w.org\/{rel}","templated":true}]}}