{"id":31965,"date":"2020-11-27T09:58:28","date_gmt":"2020-11-27T09:58:28","guid":{"rendered":"https:\/\/beacontower.io\/komma-igang\/"},"modified":"2023-02-03T14:09:08","modified_gmt":"2023-02-03T14:09:08","slug":"komma-igang","status":"publish","type":"page","link":"https:\/\/beacontower.io\/sv\/komma-igang\/","title":{"rendered":"Komma ig\u00e5ng"},"content":{"rendered":"<p>[et_pb_section fb_built=&#8221;1&#8243; _builder_version=&#8221;4.16&#8243; background_color=&#8221;#F4F4F4&#8243; custom_margin=&#8221;||-30px||false|false&#8221; locked=&#8221;off&#8221; global_colors_info=&#8221;{}&#8221;][et_pb_row column_structure=&#8221;1_2,1_2&#8243; _builder_version=&#8221;4.16&#8243; width=&#8221;56%&#8221; custom_margin=&#8221;60px||30px||false|false&#8221; custom_margin_tablet=&#8221;&#8221; custom_margin_phone=&#8221;0px||||false|false&#8221; custom_margin_last_edited=&#8221;on|phone&#8221; global_colors_info=&#8221;{}&#8221;][et_pb_column type=&#8221;1_2&#8243; _builder_version=&#8221;4.16&#8243; global_colors_info=&#8221;{}&#8221;][et_pb_text _builder_version=&#8221;4.16&#8243; text_font=&#8221;|700|||||||&#8221; text_font_size=&#8221;54px&#8221; header_2_font=&#8221;|600|||||||&#8221; header_2_font_size=&#8221;50px&#8221; custom_margin=&#8221;||15px||false|false&#8221; header_2_font_size_tablet=&#8221;35px&#8221; header_2_font_size_phone=&#8221;30px&#8221; header_2_font_size_last_edited=&#8221;on|desktop&#8221; global_colors_info=&#8221;{}&#8221;]<\/p>\n<h2><a href=\"https:\/\/beacontower.io\/iot-cloud-platform-saas\/\">SaaS<\/a><\/h2>\n<p>[\/et_pb_text][et_pb_blurb title=&#8221;Skala fr\u00e5n PoC till Enterprise&#8221; use_icon=&#8221;on&#8221; font_icon=&#8221;&#xe052;||divi||400&#8243; icon_placement=&#8221;left&#8221; image_icon_width=&#8221;30px&#8221; content_max_width=&#8221;100%&#8221; admin_label=&#8221;Small&#8221; module_class=&#8221;custom_blurb_j&#8221; _builder_version=&#8221;4.16&#8243; header_text_color=&#8221;#333333&#8243; custom_margin=&#8221;||15px||false|false&#8221; custom_padding=&#8221;0px||0px||false|false&#8221; icon_font_size=&#8221;30px&#8221; global_colors_info=&#8221;{}&#8221;][\/et_pb_blurb][et_pb_blurb title=&#8221;Modellerar ditt f\u00f6retag&#8221; use_icon=&#8221;on&#8221; font_icon=&#8221;&#xe052;||divi||400&#8243; icon_placement=&#8221;left&#8221; image_icon_width=&#8221;30px&#8221; content_max_width=&#8221;100%&#8221; admin_label=&#8221;Small&#8221; module_class=&#8221;custom_blurb_j&#8221; _builder_version=&#8221;4.16&#8243; header_text_color=&#8221;#333333&#8243; custom_margin=&#8221;||15px||false|false&#8221; custom_padding=&#8221;0px||0px||false|false&#8221; icon_font_size=&#8221;30px&#8221; global_colors_info=&#8221;{}&#8221;][\/et_pb_blurb][et_pb_blurb title=&#8221;\u00d6ppen datamodell&#8221; use_icon=&#8221;on&#8221; font_icon=&#8221;&#xe052;||divi||400&#8243; icon_placement=&#8221;left&#8221; image_icon_width=&#8221;30px&#8221; content_max_width=&#8221;100%&#8221; admin_label=&#8221;Small&#8221; module_class=&#8221;custom_blurb_j&#8221; _builder_version=&#8221;4.16&#8243; header_text_color=&#8221;#333333&#8243; custom_margin=&#8221;||15px||false|false&#8221; custom_padding=&#8221;0px||0px||false|false&#8221; icon_font_size=&#8221;30px&#8221; global_colors_info=&#8221;{}&#8221;][\/et_pb_blurb][et_pb_blurb title=&#8221;Ingen leverant\u00f6rsinl\u00e5sning&#8221; use_icon=&#8221;on&#8221; font_icon=&#8221;&#xe052;||divi||400&#8243; icon_placement=&#8221;left&#8221; image_icon_width=&#8221;30px&#8221; content_max_width=&#8221;100%&#8221; admin_label=&#8221;Small&#8221; module_class=&#8221;custom_blurb_j&#8221; _builder_version=&#8221;4.16&#8243; header_text_color=&#8221;#333333&#8243; custom_margin=&#8221;||15px||false|false&#8221; custom_padding=&#8221;0px||0px||false|false&#8221; icon_font_size=&#8221;30px&#8221; global_colors_info=&#8221;{}&#8221;][\/et_pb_blurb][et_pb_blurb title=&#8221;L\u00e5ga driftskostnader&#8221; use_icon=&#8221;on&#8221; font_icon=&#8221;&#xe052;||divi||400&#8243; icon_placement=&#8221;left&#8221; image_icon_width=&#8221;30px&#8221; content_max_width=&#8221;100%&#8221; admin_label=&#8221;Small&#8221; module_class=&#8221;custom_blurb_j&#8221; _builder_version=&#8221;4.16&#8243; header_text_color=&#8221;#333333&#8243; custom_margin=&#8221;||15px||false|false&#8221; custom_padding=&#8221;0px||0px||false|false&#8221; icon_font_size=&#8221;30px&#8221; global_colors_info=&#8221;{}&#8221;][\/et_pb_blurb][et_pb_blurb title=&#8221;Alltid uppdaterat&#8221; use_icon=&#8221;on&#8221; font_icon=&#8221;&#xe052;||divi||400&#8243; icon_placement=&#8221;left&#8221; image_icon_width=&#8221;30px&#8221; content_max_width=&#8221;100%&#8221; admin_label=&#8221;Small&#8221; module_class=&#8221;custom_blurb_j&#8221; _builder_version=&#8221;4.16&#8243; header_text_color=&#8221;#333333&#8243; custom_margin=&#8221;||15px||false|false&#8221; custom_padding=&#8221;0px||0px||false|false&#8221; icon_font_size=&#8221;30px&#8221; global_colors_info=&#8221;{}&#8221;][\/et_pb_blurb][\/et_pb_column][et_pb_column type=&#8221;1_2&#8243; _builder_version=&#8221;4.16&#8243; global_colors_info=&#8221;{}&#8221;][et_pb_text _builder_version=&#8221;4.16&#8243; text_font=&#8221;|700|||||||&#8221; text_font_size=&#8221;54px&#8221; header_text_color=&#8221;#e02b20&#8243; header_2_font=&#8221;|600|||||||&#8221; header_2_font_size=&#8221;50px&#8221; custom_margin=&#8221;||15px||false|false&#8221; header_2_font_size_tablet=&#8221;35px&#8221; header_2_font_size_phone=&#8221;30px&#8221; header_2_font_size_last_edited=&#8221;on|desktop&#8221; global_colors_info=&#8221;{}&#8221;]<\/p>\n<h2><a href=\"https:\/\/beacontower.io\/sv\/azure-iot-moln-och-edge-ipaas\/\">iPaaS<\/a><\/h2>\n<p>[\/et_pb_text][et_pb_blurb title=&#8221;Samma som SaaS&#8221; use_icon=&#8221;on&#8221; font_icon=&#8221;&#xe052;||divi||400&#8243; icon_placement=&#8221;left&#8221; image_icon_width=&#8221;30px&#8221; content_max_width=&#8221;100%&#8221; admin_label=&#8221;Small&#8221; module_class=&#8221;custom_blurb_j&#8221; _builder_version=&#8221;4.16&#8243; header_text_color=&#8221;#333333&#8243; custom_margin=&#8221;||15px||false|false&#8221; custom_padding=&#8221;0px||0px||false|false&#8221; icon_font_size=&#8221;30px&#8221; global_colors_info=&#8221;{}&#8221;][\/et_pb_blurb][et_pb_blurb title=&#8221;100% anpassningsbar&#8221; use_icon=&#8221;on&#8221; font_icon=&#8221;&#xe050;||divi||400&#8243; icon_placement=&#8221;left&#8221; image_icon_width=&#8221;30px&#8221; content_max_width=&#8221;100%&#8221; admin_label=&#8221;Small&#8221; module_class=&#8221;custom_blurb_j&#8221; _builder_version=&#8221;4.16&#8243; header_text_color=&#8221;#333333&#8243; custom_margin=&#8221;||15px||false|false&#8221; custom_padding=&#8221;0px||0px||false|false&#8221; icon_font_size=&#8221;30px&#8221; global_colors_info=&#8221;{}&#8221;][\/et_pb_blurb][et_pb_blurb title=&#8221;IP-\u00e4gande&#8221; use_icon=&#8221;on&#8221; font_icon=&#8221;&#xe050;||divi||400&#8243; icon_placement=&#8221;left&#8221; image_icon_width=&#8221;30px&#8221; content_max_width=&#8221;100%&#8221; admin_label=&#8221;Small&#8221; module_class=&#8221;custom_blurb_j&#8221; _builder_version=&#8221;4.16&#8243; header_text_color=&#8221;#333333&#8243; custom_margin=&#8221;||15px||false|false&#8221; custom_padding=&#8221;0px||0px||false|false&#8221; icon_font_size=&#8221;30px&#8221; global_colors_info=&#8221;{}&#8221;][\/et_pb_blurb][et_pb_blurb title=&#8221;K\u00f6rs i din molnmilj\u00f6&#8221; use_icon=&#8221;on&#8221; font_icon=&#8221;&#xe050;||divi||400&#8243; icon_placement=&#8221;left&#8221; image_icon_width=&#8221;30px&#8221; content_max_width=&#8221;100%&#8221; admin_label=&#8221;Small&#8221; module_class=&#8221;custom_blurb_j&#8221; _builder_version=&#8221;4.16&#8243; header_text_color=&#8221;#333333&#8243; custom_margin=&#8221;||15px||false|false&#8221; custom_padding=&#8221;0px||0px||false|false&#8221; icon_font_size=&#8221;30px&#8221; global_colors_info=&#8221;{}&#8221;][\/et_pb_blurb][et_pb_blurb title=&#8221;Skr\u00e4ddarsy din egen utveckling&#8221; use_icon=&#8221;on&#8221; font_icon=&#8221;&#xe050;||divi||400&#8243; icon_placement=&#8221;left&#8221; image_icon_width=&#8221;30px&#8221; content_max_width=&#8221;100%&#8221; admin_label=&#8221;Small&#8221; module_class=&#8221;custom_blurb_j&#8221; _builder_version=&#8221;4.16&#8243; header_text_color=&#8221;#333333&#8243; custom_margin=&#8221;||15px||false|false&#8221; custom_padding=&#8221;0px||0px||false|false&#8221; icon_font_size=&#8221;30px&#8221; global_colors_info=&#8221;{}&#8221;][\/et_pb_blurb][et_pb_blurb title=&#8221;Passar alla IoT-ekosystem&#8221; use_icon=&#8221;on&#8221; font_icon=&#8221;&#xe050;||divi||400&#8243; icon_placement=&#8221;left&#8221; image_icon_width=&#8221;30px&#8221; content_max_width=&#8221;100%&#8221; admin_label=&#8221;Small&#8221; module_class=&#8221;custom_blurb_j&#8221; _builder_version=&#8221;4.16&#8243; header_text_color=&#8221;#333333&#8243; custom_margin=&#8221;||15px||false|false&#8221; custom_padding=&#8221;0px||0px||false|false&#8221; icon_font_size=&#8221;30px&#8221; global_colors_info=&#8221;{}&#8221;][\/et_pb_blurb][\/et_pb_column][\/et_pb_row][\/et_pb_section][et_pb_section fb_built=&#8221;1&#8243; _builder_version=&#8221;4.16&#8243; background_enable_color=&#8221;off&#8221; custom_margin=&#8221;-80px||||false|false&#8221; global_colors_info=&#8221;{}&#8221;][et_pb_row column_structure=&#8221;1_3,1_3,1_3&#8243; _builder_version=&#8221;4.16&#8243; global_colors_info=&#8221;{}&#8221;][et_pb_column type=&#8221;1_3&#8243; _builder_version=&#8221;4.16&#8243; global_colors_info=&#8221;{}&#8221;][et_pb_text admin_label=&#8221;Numbering&#8221; _builder_version=&#8221;4.16&#8243; text_font=&#8221;|800|||||||&#8221; text_text_color=&#8221;#0465b3&#8243; text_font_size=&#8221;75px&#8221; text_line_height=&#8221;1.3em&#8221; custom_margin=&#8221;||10px||false|false&#8221; text_font_size_tablet=&#8221;50px&#8221; text_font_size_phone=&#8221;&#8221; text_font_size_last_edited=&#8221;on|phone&#8221; global_colors_info=&#8221;{}&#8221;]<\/p>\n<p style=\"text-align: left;\"><span style=\"color: #333;\">1. Starta<\/span><\/p>\n<p>[\/et_pb_text][et_pb_text _builder_version=&#8221;4.19.4&#8243; custom_padding=&#8221;||2px|||&#8221; hover_enabled=&#8221;0&#8243; global_colors_info=&#8221;{}&#8221; sticky_enabled=&#8221;0&#8243;]<\/p>\n<p style=\"text-align: center;\">Beg\u00e4r en demo och kom ig\u00e5ng<\/p>\n<p>[\/et_pb_text][\/et_pb_column][et_pb_column type=&#8221;1_3&#8243; _builder_version=&#8221;4.16&#8243; global_colors_info=&#8221;{}&#8221;][et_pb_text admin_label=&#8221;Numbering&#8221; _builder_version=&#8221;4.16&#8243; text_font=&#8221;|800|||||||&#8221; text_text_color=&#8221;#0465b3&#8243; text_font_size=&#8221;75px&#8221; text_line_height=&#8221;1.3em&#8221; custom_margin=&#8221;||10px||false|false&#8221; text_font_size_tablet=&#8221;50px&#8221; text_font_size_phone=&#8221;&#8221; text_font_size_last_edited=&#8221;on|phone&#8221; global_colors_info=&#8221;{}&#8221;]<\/p>\n<p style=\"text-align: center;\"><span style=\"color: #333;\">2. Bygg<\/span><\/p>\n<p>[\/et_pb_text][et_pb_text _builder_version=&#8221;4.16&#8243; global_colors_info=&#8221;{}&#8221;]<\/p>\n<p style=\"text-align: center;\">Tillsammans bygger vi en PoC och etablerar <a href=\"https:\/\/beacontower.io\/sv\/azure-iot-moln-edge-plattform\/\">grunderna<\/a><\/p>\n<p>[\/et_pb_text][\/et_pb_column][et_pb_column type=&#8221;1_3&#8243; _builder_version=&#8221;4.16&#8243; global_colors_info=&#8221;{}&#8221;][et_pb_text admin_label=&#8221;Numbering&#8221; _builder_version=&#8221;4.16&#8243; text_font=&#8221;|800|||||||&#8221; text_text_color=&#8221;#0465b3&#8243; text_font_size=&#8221;75px&#8221; text_line_height=&#8221;1.3em&#8221; custom_margin=&#8221;||10px||false|false&#8221; text_font_size_tablet=&#8221;50px&#8221; text_font_size_phone=&#8221;&#8221; text_font_size_last_edited=&#8221;on|phone&#8221; global_colors_info=&#8221;{}&#8221;]<\/p>\n<p style=\"text-align: center;\"><span style=\"color: #333;\">3. Skala<\/span><\/p>\n<p>[\/et_pb_text][et_pb_text _builder_version=&#8221;4.19.4&#8243; hover_enabled=&#8221;0&#8243; global_colors_info=&#8221;{}&#8221; sticky_enabled=&#8221;0&#8243;]<\/p>\n<p style=\"text-align: center;\">Skala och tj\u00e4na pengar<\/p>\n<p>[\/et_pb_text][et_pb_text _builder_version=&#8221;4.16&#8243; text_text_color=&#8221;#ffffff&#8221; global_colors_info=&#8221;{}&#8221;]<\/p>\n<p style=\"text-align: center;\">Skala och leverera v\u00e4rde till din organisation<\/p>\n<p>[\/et_pb_text][\/et_pb_column][\/et_pb_row][et_pb_row _builder_version=&#8221;4.16&#8243; module_alignment=&#8221;center&#8221; global_colors_info=&#8221;{}&#8221;][et_pb_column type=&#8221;4_4&#8243; _builder_version=&#8221;4.16&#8243; global_colors_info=&#8221;{}&#8221;][et_pb_button button_text=&#8221;Planera en demo&#8221; button_alignment=&#8221;center&#8221; module_class=&#8221;popmake-32007 popmake-request-a-free-user&#8221; _builder_version=&#8221;4.16&#8243; transform_scale=&#8221;176%|176%&#8221; global_colors_info=&#8221;{}&#8221;][\/et_pb_button][\/et_pb_column][\/et_pb_row][\/et_pb_section]<\/p>\n","protected":false},"excerpt":{"rendered":"<p>SaaSiPaaS1. StartaBeg\u00e4r en demo och kom ig\u00e5ng2. ByggTillsammans bygger vi en PoC och etablerar grunderna3. SkalaSkala och tj\u00e4na pengarSkala och leverera v\u00e4rde till din organisation<\/p>\n","protected":false},"author":2,"featured_media":31201,"parent":0,"menu_order":0,"comment_status":"closed","ping_status":"closed","template":"","meta":{"_et_pb_use_builder":"on","_et_pb_old_content":"","_et_gb_content_width":"","footnotes":""},"class_list":["post-31965","page","type-page","status-publish","has-post-thumbnail","hentry"],"yoast_head":"<!-- This site is optimized with the Yoast SEO plugin v27.3 - https:\/\/yoast.com\/product\/yoast-seo-wordpress\/ -->\n<title>Komma ig\u00e5ng | Industrial IoT resa | Beacon Tower<\/title>\n<meta name=\"description\" content=\"Kom ig\u00e5ng just nu. Anv\u00e4nd Beacon Tower f\u00f6r att f\u00e5 en s\u00e4ker, skalbar och framtidss\u00e4ker plattform f\u00f6r din Industrial IoT-resa.\" \/>\n<meta name=\"robots\" content=\"index, follow, max-snippet:-1, max-image-preview:large, max-video-preview:-1\" \/>\n<link rel=\"canonical\" href=\"https:\/\/beacontower.io\/sv\/komma-igang\/\" \/>\n<meta property=\"og:locale\" content=\"sv_SE\" \/>\n<meta property=\"og:type\" content=\"article\" \/>\n<meta property=\"og:title\" content=\"Komma ig\u00e5ng | Industrial IoT resa | Beacon Tower\" \/>\n<meta property=\"og:description\" content=\"Kom ig\u00e5ng just nu. Anv\u00e4nd Beacon Tower f\u00f6r att f\u00e5 en s\u00e4ker, skalbar och framtidss\u00e4ker plattform f\u00f6r din Industrial IoT-resa.\" \/>\n<meta property=\"og:url\" content=\"https:\/\/beacontower.io\/sv\/komma-igang\/\" \/>\n<meta property=\"og:site_name\" content=\"Beacon Tower\" \/>\n<meta property=\"article:modified_time\" content=\"2023-02-03T14:09:08+00:00\" \/>\n<meta property=\"og:image\" content=\"https:\/\/beacontower.io\/wp-content\/uploads\/2020\/10\/train-dark-s.jpg\" \/>\n\t<meta property=\"og:image:width\" content=\"1200\" \/>\n\t<meta property=\"og:image:height\" content=\"600\" \/>\n\t<meta property=\"og:image:type\" content=\"image\/jpeg\" \/>\n<meta name=\"twitter:card\" content=\"summary_large_image\" \/>\n<meta name=\"twitter:label1\" content=\"Ber\u00e4knad l\u00e4stid\" \/>\n\t<meta name=\"twitter:data1\" content=\"6 minuter\" \/>\n<script type=\"application\/ld+json\" class=\"yoast-schema-graph\">{\"@context\":\"https:\\\/\\\/schema.org\",\"@graph\":[{\"@type\":\"WebPage\",\"@id\":\"https:\\\/\\\/beacontower.io\\\/sv\\\/komma-igang\\\/\",\"url\":\"https:\\\/\\\/beacontower.io\\\/sv\\\/komma-igang\\\/\",\"name\":\"Komma ig\u00e5ng | Industrial IoT resa | Beacon Tower\",\"isPartOf\":{\"@id\":\"https:\\\/\\\/beacontower.io\\\/sv\\\/#website\"},\"primaryImageOfPage\":{\"@id\":\"https:\\\/\\\/beacontower.io\\\/sv\\\/komma-igang\\\/#primaryimage\"},\"image\":{\"@id\":\"https:\\\/\\\/beacontower.io\\\/sv\\\/komma-igang\\\/#primaryimage\"},\"thumbnailUrl\":\"https:\\\/\\\/beacontower.io\\\/wp-content\\\/uploads\\\/2020\\\/10\\\/train-dark-s.jpg\",\"datePublished\":\"2020-11-27T09:58:28+00:00\",\"dateModified\":\"2023-02-03T14:09:08+00:00\",\"description\":\"Kom ig\u00e5ng just nu. Anv\u00e4nd Beacon Tower f\u00f6r att f\u00e5 en s\u00e4ker, skalbar och framtidss\u00e4ker plattform f\u00f6r din Industrial IoT-resa.\",\"breadcrumb\":{\"@id\":\"https:\\\/\\\/beacontower.io\\\/sv\\\/komma-igang\\\/#breadcrumb\"},\"inLanguage\":\"sv-SE\",\"potentialAction\":[{\"@type\":\"ReadAction\",\"target\":[\"https:\\\/\\\/beacontower.io\\\/sv\\\/komma-igang\\\/\"]}]},{\"@type\":\"ImageObject\",\"inLanguage\":\"sv-SE\",\"@id\":\"https:\\\/\\\/beacontower.io\\\/sv\\\/komma-igang\\\/#primaryimage\",\"url\":\"https:\\\/\\\/beacontower.io\\\/wp-content\\\/uploads\\\/2020\\\/10\\\/train-dark-s.jpg\",\"contentUrl\":\"https:\\\/\\\/beacontower.io\\\/wp-content\\\/uploads\\\/2020\\\/10\\\/train-dark-s.jpg\",\"width\":1200,\"height\":600,\"caption\":\"Komma ig\u00e5ng | Industrial IoT resa | Beacon Tower\"},{\"@type\":\"BreadcrumbList\",\"@id\":\"https:\\\/\\\/beacontower.io\\\/sv\\\/komma-igang\\\/#breadcrumb\",\"itemListElement\":[{\"@type\":\"ListItem\",\"position\":1,\"name\":\"Home\",\"item\":\"https:\\\/\\\/beacontower.io\\\/sv\\\/azure-iot-cloud-och-edge-platform\\\/\"},{\"@type\":\"ListItem\",\"position\":2,\"name\":\"Komma ig\u00e5ng\"}]},{\"@type\":\"WebSite\",\"@id\":\"https:\\\/\\\/beacontower.io\\\/sv\\\/#website\",\"url\":\"https:\\\/\\\/beacontower.io\\\/sv\\\/\",\"name\":\"Beacon Tower\",\"description\":\"Azure IoT Cloud and Edge Platform\",\"publisher\":{\"@id\":\"https:\\\/\\\/beacontower.io\\\/sv\\\/#organization\"},\"potentialAction\":[{\"@type\":\"SearchAction\",\"target\":{\"@type\":\"EntryPoint\",\"urlTemplate\":\"https:\\\/\\\/beacontower.io\\\/sv\\\/?s={search_term_string}\"},\"query-input\":{\"@type\":\"PropertyValueSpecification\",\"valueRequired\":true,\"valueName\":\"search_term_string\"}}],\"inLanguage\":\"sv-SE\"},{\"@type\":\"Organization\",\"@id\":\"https:\\\/\\\/beacontower.io\\\/sv\\\/#organization\",\"name\":\"Beacon Tower\",\"url\":\"https:\\\/\\\/beacontower.io\\\/sv\\\/\",\"logo\":{\"@type\":\"ImageObject\",\"inLanguage\":\"sv-SE\",\"@id\":\"https:\\\/\\\/beacontower.io\\\/sv\\\/#\\\/schema\\\/logo\\\/image\\\/\",\"url\":\"https:\\\/\\\/beacontower.io\\\/wp-content\\\/uploads\\\/2021\\\/04\\\/BT-logo-web.png\",\"contentUrl\":\"https:\\\/\\\/beacontower.io\\\/wp-content\\\/uploads\\\/2021\\\/04\\\/BT-logo-web.png\",\"width\":400,\"height\":175,\"caption\":\"Beacon Tower\"},\"image\":{\"@id\":\"https:\\\/\\\/beacontower.io\\\/sv\\\/#\\\/schema\\\/logo\\\/image\\\/\"},\"sameAs\":[\"https:\\\/\\\/www.linkedin.com\\\/company\\\/glaze-about\"]}]}<\/script>\n<!-- \/ Yoast SEO plugin. -->","yoast_head_json":{"title":"Komma ig\u00e5ng | Industrial IoT resa | Beacon Tower","description":"Kom ig\u00e5ng just nu. Anv\u00e4nd Beacon Tower f\u00f6r att f\u00e5 en s\u00e4ker, skalbar och framtidss\u00e4ker plattform f\u00f6r din Industrial IoT-resa.","robots":{"index":"index","follow":"follow","max-snippet":"max-snippet:-1","max-image-preview":"max-image-preview:large","max-video-preview":"max-video-preview:-1"},"canonical":"https:\/\/beacontower.io\/sv\/komma-igang\/","og_locale":"sv_SE","og_type":"article","og_title":"Komma ig\u00e5ng | Industrial IoT resa | Beacon Tower","og_description":"Kom ig\u00e5ng just nu. Anv\u00e4nd Beacon Tower f\u00f6r att f\u00e5 en s\u00e4ker, skalbar och framtidss\u00e4ker plattform f\u00f6r din Industrial IoT-resa.","og_url":"https:\/\/beacontower.io\/sv\/komma-igang\/","og_site_name":"Beacon Tower","article_modified_time":"2023-02-03T14:09:08+00:00","og_image":[{"width":1200,"height":600,"url":"https:\/\/beacontower.io\/wp-content\/uploads\/2020\/10\/train-dark-s.jpg","type":"image\/jpeg"}],"twitter_card":"summary_large_image","twitter_misc":{"Ber\u00e4knad l\u00e4stid":"6 minuter"},"schema":{"@context":"https:\/\/schema.org","@graph":[{"@type":"WebPage","@id":"https:\/\/beacontower.io\/sv\/komma-igang\/","url":"https:\/\/beacontower.io\/sv\/komma-igang\/","name":"Komma ig\u00e5ng | Industrial IoT resa | Beacon Tower","isPartOf":{"@id":"https:\/\/beacontower.io\/sv\/#website"},"primaryImageOfPage":{"@id":"https:\/\/beacontower.io\/sv\/komma-igang\/#primaryimage"},"image":{"@id":"https:\/\/beacontower.io\/sv\/komma-igang\/#primaryimage"},"thumbnailUrl":"https:\/\/beacontower.io\/wp-content\/uploads\/2020\/10\/train-dark-s.jpg","datePublished":"2020-11-27T09:58:28+00:00","dateModified":"2023-02-03T14:09:08+00:00","description":"Kom ig\u00e5ng just nu. Anv\u00e4nd Beacon Tower f\u00f6r att f\u00e5 en s\u00e4ker, skalbar och framtidss\u00e4ker plattform f\u00f6r din Industrial IoT-resa.","breadcrumb":{"@id":"https:\/\/beacontower.io\/sv\/komma-igang\/#breadcrumb"},"inLanguage":"sv-SE","potentialAction":[{"@type":"ReadAction","target":["https:\/\/beacontower.io\/sv\/komma-igang\/"]}]},{"@type":"ImageObject","inLanguage":"sv-SE","@id":"https:\/\/beacontower.io\/sv\/komma-igang\/#primaryimage","url":"https:\/\/beacontower.io\/wp-content\/uploads\/2020\/10\/train-dark-s.jpg","contentUrl":"https:\/\/beacontower.io\/wp-content\/uploads\/2020\/10\/train-dark-s.jpg","width":1200,"height":600,"caption":"Komma ig\u00e5ng | Industrial IoT resa | Beacon Tower"},{"@type":"BreadcrumbList","@id":"https:\/\/beacontower.io\/sv\/komma-igang\/#breadcrumb","itemListElement":[{"@type":"ListItem","position":1,"name":"Home","item":"https:\/\/beacontower.io\/sv\/azure-iot-cloud-och-edge-platform\/"},{"@type":"ListItem","position":2,"name":"Komma ig\u00e5ng"}]},{"@type":"WebSite","@id":"https:\/\/beacontower.io\/sv\/#website","url":"https:\/\/beacontower.io\/sv\/","name":"Beacon Tower","description":"Azure IoT Cloud and Edge Platform","publisher":{"@id":"https:\/\/beacontower.io\/sv\/#organization"},"potentialAction":[{"@type":"SearchAction","target":{"@type":"EntryPoint","urlTemplate":"https:\/\/beacontower.io\/sv\/?s={search_term_string}"},"query-input":{"@type":"PropertyValueSpecification","valueRequired":true,"valueName":"search_term_string"}}],"inLanguage":"sv-SE"},{"@type":"Organization","@id":"https:\/\/beacontower.io\/sv\/#organization","name":"Beacon Tower","url":"https:\/\/beacontower.io\/sv\/","logo":{"@type":"ImageObject","inLanguage":"sv-SE","@id":"https:\/\/beacontower.io\/sv\/#\/schema\/logo\/image\/","url":"https:\/\/beacontower.io\/wp-content\/uploads\/2021\/04\/BT-logo-web.png","contentUrl":"https:\/\/beacontower.io\/wp-content\/uploads\/2021\/04\/BT-logo-web.png","width":400,"height":175,"caption":"Beacon Tower"},"image":{"@id":"https:\/\/beacontower.io\/sv\/#\/schema\/logo\/image\/"},"sameAs":["https:\/\/www.linkedin.com\/company\/glaze-about"]}]}},"_links":{"self":[{"href":"https:\/\/beacontower.io\/sv\/wp-json\/wp\/v2\/pages\/31965","targetHints":{"allow":["GET"]}}],"collection":[{"href":"https:\/\/beacontower.io\/sv\/wp-json\/wp\/v2\/pages"}],"about":[{"href":"https:\/\/beacontower.io\/sv\/wp-json\/wp\/v2\/types\/page"}],"author":[{"embeddable":true,"href":"https:\/\/beacontower.io\/sv\/wp-json\/wp\/v2\/users\/2"}],"replies":[{"embeddable":true,"href":"https:\/\/beacontower.io\/sv\/wp-json\/wp\/v2\/comments?post=31965"}],"version-history":[{"count":12,"href":"https:\/\/beacontower.io\/sv\/wp-json\/wp\/v2\/pages\/31965\/revisions"}],"predecessor-version":[{"id":35654,"href":"https:\/\/beacontower.io\/sv\/wp-json\/wp\/v2\/pages\/31965\/revisions\/35654"}],"wp:featuredmedia":[{"embeddable":true,"href":"https:\/\/beacontower.io\/sv\/wp-json\/wp\/v2\/media\/31201"}],"wp:attachment":[{"href":"https:\/\/beacontower.io\/sv\/wp-json\/wp\/v2\/media?parent=31965"}],"curies":[{"name":"wp","href":"https:\/\/api.w.org\/{rel}","templated":true}]}}