{"id":31883,"date":"2020-11-24T10:12:26","date_gmt":"2020-11-24T10:12:26","guid":{"rendered":"https:\/\/beacontower.io\/azure-iot-datainsamling-branscher-losningar\/"},"modified":"2021-12-06T13:04:37","modified_gmt":"2021-12-06T13:04:37","slug":"azure-iot-datainsamling-branscher-losningar","status":"publish","type":"page","link":"https:\/\/beacontower.io\/sv\/azure-iot-datainsamling-branscher-losningar\/","title":{"rendered":"Azure IoT-datainsamling &#8211; Branscher &#038; l\u00f6sningar"},"content":{"rendered":"<p>[et_pb_section fb_built=&#8221;1&#8243; _builder_version=&#8221;4.9.4&#8243; _module_preset=&#8221;default&#8221; background_color=&#8221;#f4f4f4&#8243; custom_margin=&#8221;||||false|false&#8221; global_colors_info=&#8221;{}&#8221;][et_pb_row column_structure=&#8221;2_3,1_3&#8243; make_equal=&#8221;on&#8221; _builder_version=&#8221;4.9.4&#8243; _module_preset=&#8221;default&#8221; custom_margin=&#8221;100px||||false|false&#8221; custom_margin_tablet=&#8221;40px||||false|false&#8221; custom_margin_phone=&#8221;0px||||false|false&#8221; custom_margin_last_edited=&#8221;on|phone&#8221; locked=&#8221;off&#8221; global_colors_info=&#8221;{}&#8221;][et_pb_column type=&#8221;2_3&#8243; _builder_version=&#8221;4.8.2&#8243; _module_preset=&#8221;default&#8221; custom_css_main_element=&#8221;align-self: center !important;&#8221; global_colors_info=&#8221;{}&#8221;][et_pb_text _builder_version=&#8221;4.9.4&#8243; _module_preset=&#8221;default&#8221; header_font=&#8221;|700|||||||&#8221; global_colors_info=&#8221;{}&#8221;]<\/p>\n<h1> Branscher &#038; l\u00f6sningar <\/h1>\n<p>F\u00e5 inspiration om hur utvalda sektorer anv\u00e4nder IoT och hur Beacon Tower hj\u00e4lper till att f\u00f6renkla implementering, administration, drift och datainsamling fr\u00e5n IoT-enheter.<\/p>\n<p>[\/et_pb_text][\/et_pb_column][et_pb_column type=&#8221;1_3&#8243; _builder_version=&#8221;4.8.2&#8243; _module_preset=&#8221;default&#8221; global_colors_info=&#8221;{}&#8221;][et_pb_image src=&#8221;https:\/\/beacontower.io\/wp-content\/uploads\/2021\/05\/GLAZE_Connected-Industries_optimised.png&#8221; title_text=&#8221;GLAZE_Connected-Industries_MLA-980&#215;971&#8243; _builder_version=&#8221;4.9.4&#8243; _module_preset=&#8221;default&#8221; width=&#8221;85%&#8221; animation_style=&#8221;slide&#8221; animation_direction=&#8221;right&#8221; animation_intensity_slide=&#8221;4%&#8221; global_colors_info=&#8221;{}&#8221;][\/et_pb_image][\/et_pb_column][\/et_pb_row][\/et_pb_section][et_pb_section fb_built=&#8221;1&#8243; _builder_version=&#8221;4.8.2&#8243; background_enable_color=&#8221;off&#8221; global_colors_info=&#8221;{}&#8221;][et_pb_row _builder_version=&#8221;4.4.8&#8243; global_colors_info=&#8221;{}&#8221;][et_pb_column type=&#8221;4_4&#8243; _builder_version=&#8221;4.4.8&#8243; global_colors_info=&#8221;{}&#8221;][et_pb_divider divider_weight=&#8221;3px&#8221; _builder_version=&#8221;4.8.2&#8243; _module_preset=&#8221;default&#8221; max_width=&#8221;100px&#8221; module_alignment=&#8221;center&#8221; custom_margin=&#8221;0px||20px||false|false&#8221; animation_style=&#8221;slide&#8221; animation_direction=&#8221;bottom&#8221; global_colors_info=&#8221;{}&#8221;][\/et_pb_divider][et_pb_text _builder_version=&#8221;4.9.4&#8243; text_orientation=&#8221;center&#8221; global_colors_info=&#8221;{}&#8221;]<span style=\"font-size: xx-large;\"><strong><span style=\"color: #333;\">F\u00e5 n\u00e5gra tips om hur du kommer ig\u00e5ng:<\/span><\/strong><\/span>[\/et_pb_text][\/et_pb_column][\/et_pb_row][et_pb_row column_structure=&#8221;1_3,1_3,1_3&#8243; module_class=&#8221;img_btn_row&#8221; _builder_version=&#8221;4.9.4&#8243; global_colors_info=&#8221;{}&#8221;][et_pb_column type=&#8221;1_3&#8243; module_class=&#8221;cmn_img_btn_columng&#8221; _builder_version=&#8221;4.9.4&#8243; background_enable_color=&#8221;off&#8221; link_option_url=&#8221;\/sv\/iot-plattform-for-uppkopplade-produkter\/&#8221; global_colors_info=&#8221;{}&#8221;][et_pb_image src=&#8221;https:\/\/beacontower.io\/wp-content\/uploads\/2021\/04\/connected-products-new-dark.png&#8221; alt=&#8221;Industries and Solutions | Azure IoT Cloud Platform | Beacon Tower&#8221; title_text=&#8221;connected-products-new-dark&#8221; url=&#8221;\/sv\/iot-plattform-for-uppkopplade-produkter\/&#8221; _builder_version=&#8221;4.9.4&#8243; width=&#8221;59%&#8221; module_alignment=&#8221;center&#8221; global_colors_info=&#8221;{}&#8221;][\/et_pb_image][et_pb_text _builder_version=&#8221;4.9.4&#8243; text_text_color=&#8221;#d91f27 &#8221; text_orientation=&#8221;center&#8221; link_option_url=&#8221;\/sv\/iot-plattform-for-uppkopplade-produkter\/&#8221; global_colors_info=&#8221;{}&#8221;]<\/p>\n<p><span style=\"font-size: xx-large; color: #333;\"><strong>Uppkopplade produkter<\/strong><\/span><\/p>\n<p>[\/et_pb_text][\/et_pb_column][et_pb_column type=&#8221;1_3&#8243; module_class=&#8221;cmn_img_btn_columng&#8221; _builder_version=&#8221;4.9.4&#8243; link_option_url=&#8221;\/sv\/iot-molnplattform-for-energi-och-forsorjningssektorn\/&#8221; global_colors_info=&#8221;{}&#8221;][et_pb_image src=&#8221;https:\/\/beacontower.io\/wp-content\/uploads\/2021\/04\/smart-city-transparent-white-1-dark.png&#8221; alt=&#8221;Industries and Solutions | Azure IoT Cloud Platform | Beacon Tower&#8221; title_text=&#8221;smart-city-transparent-white-1-dark&#8221; url=&#8221;\/sv\/iot-molnplattform-for-energi-och-forsorjningssektorn\/&#8221; align=&#8221;center&#8221; _builder_version=&#8221;4.9.4&#8243; width=&#8221;84%&#8221; global_colors_info=&#8221;{}&#8221;][\/et_pb_image][et_pb_text _builder_version=&#8221;4.9.4&#8243; text_text_color=&#8221;#333333&#8243; text_orientation=&#8221;center&#8221; link_option_url=&#8221;\/sv\/iot-molnplattform-for-energi-och-forsorjningssektorn\/&#8221; global_colors_info=&#8221;{}&#8221;]<\/p>\n<p><span style=\"font-size: xx-large;\"><strong><span>Energi- och f\u00f6rs\u00f6rjningssektorn<\/span><\/strong><\/span><\/p>\n<p>[\/et_pb_text][\/et_pb_column][et_pb_column type=&#8221;1_3&#8243; module_class=&#8221;cmn_img_btn_columng&#8221; _builder_version=&#8221;4.9.4&#8243; link_option_url=&#8221;\/sv\/iot-plattform-for-industri-4-0-och-smart-produktion\/&#8221; global_colors_info=&#8221;{}&#8221;][et_pb_image src=&#8221;https:\/\/beacontower.io\/wp-content\/uploads\/2021\/04\/smart-production-new-dark.png&#8221; alt=&#8221;Industries and Solutions | Azure IoT Cloud Platform | Beacon Tower&#8221; title_text=&#8221;smart-production-new-dark&#8221; url=&#8221;\/sv\/iot-plattform-for-industri-4-0-och-smart-produktion\/&#8221; align=&#8221;center&#8221; _builder_version=&#8221;4.9.4&#8243; width=&#8221;42%&#8221; global_colors_info=&#8221;{}&#8221;][\/et_pb_image][et_pb_text _builder_version=&#8221;4.9.4&#8243; text_text_color=&#8221;#333333&#8243; text_orientation=&#8221;center&#8221; link_option_url=&#8221;\/sv\/iot-plattform-for-industri-4-0-och-smart-produktion\/&#8221; global_colors_info=&#8221;{}&#8221;]<\/p>\n<p><span style=\"font-size: xx-large;\"><strong><span>Industri 4.0<\/span><\/strong><\/span><\/p>\n<p>[\/et_pb_text][\/et_pb_column][\/et_pb_row][\/et_pb_section][et_pb_section fb_built=&#8221;1&#8243; custom_padding_last_edited=&#8221;on|tablet&#8221; _builder_version=&#8221;4.8.2&#8243; background_color=&#8221;#f4f4f4&#8243; custom_padding=&#8221;70px||70px||false|false&#8221; custom_padding_tablet=&#8221;50px||50px||false|false&#8221; custom_padding_phone=&#8221;&#8221; global_colors_info=&#8221;{}&#8221;][et_pb_row column_structure=&#8221;1_2,1_2&#8243; _builder_version=&#8221;4.4.8&#8243; global_colors_info=&#8221;{}&#8221;][et_pb_column type=&#8221;1_2&#8243; _builder_version=&#8221;4.4.8&#8243; global_colors_info=&#8221;{}&#8221;][et_pb_divider divider_weight=&#8221;3px&#8221; _builder_version=&#8221;4.8.2&#8243; _module_preset=&#8221;default&#8221; max_width=&#8221;100px&#8221; module_alignment=&#8221;left&#8221; custom_margin=&#8221;0px||20px||false|false&#8221; animation_style=&#8221;slide&#8221; animation_direction=&#8221;bottom&#8221; global_colors_info=&#8221;{}&#8221;][\/et_pb_divider][et_pb_text admin_label=&#8221;Numbering&#8221; _builder_version=&#8221;4.9.4&#8243; text_font=&#8221;|800|||||||&#8221; text_text_color=&#8221;#0465b3&#8243; text_font_size=&#8221;75px&#8221; text_line_height=&#8221;1.3em&#8221; custom_margin=&#8221;||10px||false|false&#8221; text_font_size_tablet=&#8221;50px&#8221; text_font_size_phone=&#8221;&#8221; text_font_size_last_edited=&#8221;on|phone&#8221; global_colors_info=&#8221;{}&#8221;]<\/p>\n<h2><span><strong>Insikt i intelligenta industriella n\u00e4tverk<\/strong><br \/><\/span><\/h2>\n<p>[\/et_pb_text][et_pb_text admin_label=&#8221;Our Skills product is the bread&#8230;.&#8221; _builder_version=&#8221;4.9.4&#8243; global_colors_info=&#8221;{}&#8221;]<\/p>\n<p><span>\u00c4r du intresserad av att f\u00e5 inblick i hur olika branscher anv\u00e4nder IoT och hur f\u00f6retag kan skapa nya aff\u00e4rsm\u00f6jligheter? Fyll i formul\u00e4ret nedan och f\u00e5 v\u00e5rt whitepaper om dessa \u00e4mnen.<\/span><\/p>\n<p>[\/et_pb_text][et_pb_text module_class=&#8221;popup_contact_jn  update_fomr_solution&#8221; _builder_version=&#8221;4.14.2&#8243; text_text_color=&#8221;#ffffff&#8221; hover_enabled=&#8221;0&#8243; global_colors_info=&#8221;{}&#8221; sticky_enabled=&#8221;0&#8243;]<div class=\"cf7sg-container\"><div id=\"cf7sg-form-order-to-receive-a-pdf-2\" class=\"cf7-smart-grid has-grid key_order-to-receive-a-pdf-2\">\n<div class=\"wpcf7 no-js\" id=\"wpcf7-f34858-o1\" lang=\"sv-SE\" dir=\"ltr\" data-wpcf7-id=\"34858\">\n<div class=\"screen-reader-response\"><p role=\"status\" aria-live=\"polite\" aria-atomic=\"true\"><\/p> <ul><\/ul><\/div>\n<form action=\"\/sv\/wp-json\/wp\/v2\/pages\/31883#wpcf7-f34858-o1\" method=\"post\" class=\"wpcf7-form init\" aria-label=\"Kontaktformul\u00e4r\" novalidate=\"novalidate\" data-status=\"init\">\n<fieldset class=\"hidden-fields-container\"><input type=\"hidden\" name=\"_wpcf7\" value=\"34858\" \/><input type=\"hidden\" name=\"_wpcf7_version\" value=\"6.1.5\" \/><input type=\"hidden\" name=\"_wpcf7_locale\" value=\"sv_SE\" \/><input type=\"hidden\" name=\"_wpcf7_unit_tag\" value=\"wpcf7-f34858-o1\" \/><input type=\"hidden\" name=\"_wpcf7_container_post\" value=\"0\" \/><input type=\"hidden\" name=\"_wpcf7_posted_data_hash\" value=\"\" \/><input type=\"hidden\" name=\"_wpcf7_key\" value=\"order-to-receive-a-pdf-2\" \/><input type=\"hidden\" name=\"_cf7sg_toggles\" value=\"\" \/><input type=\"hidden\" name=\"_cf7sg_version\" value=\"4.15.8\" \/><input type=\"hidden\" name=\"_wpnonce\" value=\"112de5add8\" \/>\n<\/fieldset>\n<div class=\"container\">\n  <div class=\"row\">\n    <div class=\"columns full\">\n      <div class=\"field\"><label>Namn<em>*<\/em><\/label><span class=\"wpcf7-form-control-wrap\" data-name=\"text-430\"><input size=\"40\" maxlength=\"400\" class=\"wpcf7-form-control wpcf7-text wpcf7-validates-as-required\" aria-required=\"true\" aria-invalid=\"false\" value=\"\" type=\"text\" name=\"text-430\" \/><\/span>\n        <p class=\"info-tip\"><\/p>\n      <\/div>\n    <\/div>\n  <\/div>\n<\/div>\n<div class=\"container\">\n  <div class=\"row\">\n    <div class=\"columns full\">\n      <div class=\"field\"><label>E-mail<em>*<\/em><\/label><span class=\"wpcf7-form-control-wrap\" data-name=\"email-364\"><input size=\"40\" maxlength=\"400\" class=\"wpcf7-form-control wpcf7-email wpcf7-validates-as-required wpcf7-text wpcf7-validates-as-email\" aria-required=\"true\" aria-invalid=\"false\" value=\"\" type=\"email\" name=\"email-364\" \/><\/span>\n        <p class=\"info-tip\"><\/p>\n      <\/div>\n    <\/div>\n  <\/div>\n<\/div>\n<div class=\"container\">\n  <div class=\"row\">\n    <div class=\"columns full\">\n      <div class=\"field\"><label>Foretag<em>*<\/em><\/label><span class=\"wpcf7-form-control-wrap\" data-name=\"text-355\"><input size=\"40\" maxlength=\"400\" class=\"wpcf7-form-control wpcf7-text wpcf7-validates-as-required\" aria-required=\"true\" aria-invalid=\"false\" value=\"\" type=\"text\" name=\"text-355\" \/><\/span>\n        <p class=\"info-tip\"><\/p>\n      <\/div>\n    <\/div>\n  <\/div>\n<\/div>\n<div class=\"container\">\n  <div class=\"row\">\n    <div class=\"columns full\">\n      <div class=\"field\"><label><\/label><input class=\"wpcf7-form-control wpcf7-submit has-spinner\" type=\"submit\" value=\"SEND\" \/>\n        <p class=\"info-tip\"><\/p>\n      <\/div>\n    <\/div>\n  <\/div>\n<\/div><input type='hidden' class='wpcf7-pum' value='{\"closepopup\":false,\"closedelay\":0,\"openpopup\":false,\"openpopup_id\":0}' \/><div class=\"wpcf7-response-output\" aria-hidden=\"true\"><\/div>\n<\/form>\n<\/div>\n<\/div><\/div>[\/et_pb_text][\/et_pb_column][et_pb_column type=&#8221;1_2&#8243; _builder_version=&#8221;4.4.8&#8243; global_colors_info=&#8221;{}&#8221;][et_pb_image src=&#8221;https:\/\/beacontower.io\/wp-content\/uploads\/2020\/07\/solutions-and-industries-flyer-Recovered.jpg&#8221; alt=&#8221;Industries and Solutions | Azure IoT Cloud Platform | Beacon Tower&#8221; _builder_version=&#8221;4.4.8&#8243; width=&#8221;100%&#8221; custom_padding=&#8221;|0px||||&#8221; global_colors_info=&#8221;{}&#8221;][\/et_pb_image][\/et_pb_column][\/et_pb_row][\/et_pb_section]<\/p>\n","protected":false},"excerpt":{"rendered":"<p>Branscher &#038; l\u00f6sningar F\u00e5 inspiration om hur utvalda sektorer anv\u00e4nder IoT och hur Beacon Tower hj\u00e4lper till att f\u00f6renkla implementering, administration, drift och datainsamling fr\u00e5n IoT-enheter.F\u00e5 n\u00e5gra tips om hur du kommer ig\u00e5ng:Uppkopplade produkterEnergi- och f\u00f6rs\u00f6rjningssektornIndustri 4.0Insikt i intelligenta industriella n\u00e4tverk\u00c4r du intresserad av att f\u00e5 inblick i hur olika branscher anv\u00e4nder IoT och hur [&hellip;]<\/p>\n","protected":false},"author":2,"featured_media":31043,"parent":0,"menu_order":0,"comment_status":"closed","ping_status":"closed","template":"","meta":{"_et_pb_use_builder":"on","_et_pb_old_content":"","_et_gb_content_width":"","footnotes":""},"class_list":["post-31883","page","type-page","status-publish","has-post-thumbnail","hentry"],"yoast_head":"<!-- This site is optimized with the Yoast SEO plugin v27.3 - https:\/\/yoast.com\/product\/yoast-seo-wordpress\/ -->\n<title>Branscher och l\u00f6sningar | Azure IoT Cloud Platform | Beacon Tower<\/title>\n<meta name=\"description\" content=\"Intresserad av insikt i hur olika branscher anv\u00e4nder IoT-l\u00f6sningar och hur f\u00f6retag kan skapa nya aff\u00e4rsfall baserat p\u00e5 IoT-datainsamling i Azure-molnet? Kontakta oss.\" \/>\n<meta name=\"robots\" content=\"index, follow, max-snippet:-1, max-image-preview:large, max-video-preview:-1\" \/>\n<link rel=\"canonical\" href=\"https:\/\/beacontower.io\/sv\/azure-iot-datainsamling-branscher-losningar\/\" \/>\n<meta property=\"og:locale\" content=\"sv_SE\" \/>\n<meta property=\"og:type\" content=\"article\" \/>\n<meta property=\"og:title\" content=\"Branscher och l\u00f6sningar | Azure IoT Cloud Platform | Beacon Tower\" \/>\n<meta property=\"og:description\" content=\"Intresserad av insikt i hur olika branscher anv\u00e4nder IoT-l\u00f6sningar och hur f\u00f6retag kan skapa nya aff\u00e4rsfall baserat p\u00e5 IoT-datainsamling i Azure-molnet? Kontakta oss.\" \/>\n<meta property=\"og:url\" content=\"https:\/\/beacontower.io\/sv\/azure-iot-datainsamling-branscher-losningar\/\" \/>\n<meta property=\"og:site_name\" content=\"Beacon Tower\" \/>\n<meta property=\"article:modified_time\" content=\"2021-12-06T13:04:37+00:00\" \/>\n<meta property=\"og:image\" content=\"https:\/\/beacontower.io\/wp-content\/uploads\/2020\/07\/solutions-and-industries-flyer.jpg\" \/>\n\t<meta property=\"og:image:width\" content=\"500\" \/>\n\t<meta property=\"og:image:height\" content=\"281\" \/>\n\t<meta property=\"og:image:type\" content=\"image\/jpeg\" \/>\n<meta name=\"twitter:card\" content=\"summary_large_image\" \/>\n<meta name=\"twitter:label1\" content=\"Ber\u00e4knad l\u00e4stid\" \/>\n\t<meta name=\"twitter:data1\" content=\"4 minuter\" \/>\n<script type=\"application\/ld+json\" class=\"yoast-schema-graph\">{\"@context\":\"https:\\\/\\\/schema.org\",\"@graph\":[{\"@type\":\"WebPage\",\"@id\":\"https:\\\/\\\/beacontower.io\\\/sv\\\/azure-iot-datainsamling-branscher-losningar\\\/\",\"url\":\"https:\\\/\\\/beacontower.io\\\/sv\\\/azure-iot-datainsamling-branscher-losningar\\\/\",\"name\":\"Branscher och l\u00f6sningar | Azure IoT Cloud Platform | Beacon Tower\",\"isPartOf\":{\"@id\":\"https:\\\/\\\/beacontower.io\\\/sv\\\/#website\"},\"primaryImageOfPage\":{\"@id\":\"https:\\\/\\\/beacontower.io\\\/sv\\\/azure-iot-datainsamling-branscher-losningar\\\/#primaryimage\"},\"image\":{\"@id\":\"https:\\\/\\\/beacontower.io\\\/sv\\\/azure-iot-datainsamling-branscher-losningar\\\/#primaryimage\"},\"thumbnailUrl\":\"https:\\\/\\\/beacontower.io\\\/wp-content\\\/uploads\\\/2020\\\/07\\\/solutions-and-industries-flyer.jpg\",\"datePublished\":\"2020-11-24T10:12:26+00:00\",\"dateModified\":\"2021-12-06T13:04:37+00:00\",\"description\":\"Intresserad av insikt i hur olika branscher anv\u00e4nder IoT-l\u00f6sningar och hur f\u00f6retag kan skapa nya aff\u00e4rsfall baserat p\u00e5 IoT-datainsamling i Azure-molnet? Kontakta oss.\",\"breadcrumb\":{\"@id\":\"https:\\\/\\\/beacontower.io\\\/sv\\\/azure-iot-datainsamling-branscher-losningar\\\/#breadcrumb\"},\"inLanguage\":\"sv-SE\",\"potentialAction\":[{\"@type\":\"ReadAction\",\"target\":[\"https:\\\/\\\/beacontower.io\\\/sv\\\/azure-iot-datainsamling-branscher-losningar\\\/\"]}]},{\"@type\":\"ImageObject\",\"inLanguage\":\"sv-SE\",\"@id\":\"https:\\\/\\\/beacontower.io\\\/sv\\\/azure-iot-datainsamling-branscher-losningar\\\/#primaryimage\",\"url\":\"https:\\\/\\\/beacontower.io\\\/wp-content\\\/uploads\\\/2020\\\/07\\\/solutions-and-industries-flyer.jpg\",\"contentUrl\":\"https:\\\/\\\/beacontower.io\\\/wp-content\\\/uploads\\\/2020\\\/07\\\/solutions-and-industries-flyer.jpg\",\"width\":500,\"height\":281,\"caption\":\"Industries and Solutions\"},{\"@type\":\"BreadcrumbList\",\"@id\":\"https:\\\/\\\/beacontower.io\\\/sv\\\/azure-iot-datainsamling-branscher-losningar\\\/#breadcrumb\",\"itemListElement\":[{\"@type\":\"ListItem\",\"position\":1,\"name\":\"Home\",\"item\":\"https:\\\/\\\/beacontower.io\\\/sv\\\/azure-iot-cloud-och-edge-platform\\\/\"},{\"@type\":\"ListItem\",\"position\":2,\"name\":\"Azure IoT-datainsamling &#8211; Branscher &#038; l\u00f6sningar\"}]},{\"@type\":\"WebSite\",\"@id\":\"https:\\\/\\\/beacontower.io\\\/sv\\\/#website\",\"url\":\"https:\\\/\\\/beacontower.io\\\/sv\\\/\",\"name\":\"Beacon Tower\",\"description\":\"Azure IoT Cloud and Edge Platform\",\"publisher\":{\"@id\":\"https:\\\/\\\/beacontower.io\\\/sv\\\/#organization\"},\"potentialAction\":[{\"@type\":\"SearchAction\",\"target\":{\"@type\":\"EntryPoint\",\"urlTemplate\":\"https:\\\/\\\/beacontower.io\\\/sv\\\/?s={search_term_string}\"},\"query-input\":{\"@type\":\"PropertyValueSpecification\",\"valueRequired\":true,\"valueName\":\"search_term_string\"}}],\"inLanguage\":\"sv-SE\"},{\"@type\":\"Organization\",\"@id\":\"https:\\\/\\\/beacontower.io\\\/sv\\\/#organization\",\"name\":\"Beacon Tower\",\"url\":\"https:\\\/\\\/beacontower.io\\\/sv\\\/\",\"logo\":{\"@type\":\"ImageObject\",\"inLanguage\":\"sv-SE\",\"@id\":\"https:\\\/\\\/beacontower.io\\\/sv\\\/#\\\/schema\\\/logo\\\/image\\\/\",\"url\":\"https:\\\/\\\/beacontower.io\\\/wp-content\\\/uploads\\\/2021\\\/04\\\/BT-logo-web.png\",\"contentUrl\":\"https:\\\/\\\/beacontower.io\\\/wp-content\\\/uploads\\\/2021\\\/04\\\/BT-logo-web.png\",\"width\":400,\"height\":175,\"caption\":\"Beacon Tower\"},\"image\":{\"@id\":\"https:\\\/\\\/beacontower.io\\\/sv\\\/#\\\/schema\\\/logo\\\/image\\\/\"},\"sameAs\":[\"https:\\\/\\\/www.linkedin.com\\\/company\\\/glaze-about\"]}]}<\/script>\n<!-- \/ Yoast SEO plugin. -->","yoast_head_json":{"title":"Branscher och l\u00f6sningar | Azure IoT Cloud Platform | Beacon Tower","description":"Intresserad av insikt i hur olika branscher anv\u00e4nder IoT-l\u00f6sningar och hur f\u00f6retag kan skapa nya aff\u00e4rsfall baserat p\u00e5 IoT-datainsamling i Azure-molnet? Kontakta oss.","robots":{"index":"index","follow":"follow","max-snippet":"max-snippet:-1","max-image-preview":"max-image-preview:large","max-video-preview":"max-video-preview:-1"},"canonical":"https:\/\/beacontower.io\/sv\/azure-iot-datainsamling-branscher-losningar\/","og_locale":"sv_SE","og_type":"article","og_title":"Branscher och l\u00f6sningar | Azure IoT Cloud Platform | Beacon Tower","og_description":"Intresserad av insikt i hur olika branscher anv\u00e4nder IoT-l\u00f6sningar och hur f\u00f6retag kan skapa nya aff\u00e4rsfall baserat p\u00e5 IoT-datainsamling i Azure-molnet? Kontakta oss.","og_url":"https:\/\/beacontower.io\/sv\/azure-iot-datainsamling-branscher-losningar\/","og_site_name":"Beacon Tower","article_modified_time":"2021-12-06T13:04:37+00:00","og_image":[{"width":500,"height":281,"url":"https:\/\/beacontower.io\/wp-content\/uploads\/2020\/07\/solutions-and-industries-flyer.jpg","type":"image\/jpeg"}],"twitter_card":"summary_large_image","twitter_misc":{"Ber\u00e4knad l\u00e4stid":"4 minuter"},"schema":{"@context":"https:\/\/schema.org","@graph":[{"@type":"WebPage","@id":"https:\/\/beacontower.io\/sv\/azure-iot-datainsamling-branscher-losningar\/","url":"https:\/\/beacontower.io\/sv\/azure-iot-datainsamling-branscher-losningar\/","name":"Branscher och l\u00f6sningar | Azure IoT Cloud Platform | Beacon Tower","isPartOf":{"@id":"https:\/\/beacontower.io\/sv\/#website"},"primaryImageOfPage":{"@id":"https:\/\/beacontower.io\/sv\/azure-iot-datainsamling-branscher-losningar\/#primaryimage"},"image":{"@id":"https:\/\/beacontower.io\/sv\/azure-iot-datainsamling-branscher-losningar\/#primaryimage"},"thumbnailUrl":"https:\/\/beacontower.io\/wp-content\/uploads\/2020\/07\/solutions-and-industries-flyer.jpg","datePublished":"2020-11-24T10:12:26+00:00","dateModified":"2021-12-06T13:04:37+00:00","description":"Intresserad av insikt i hur olika branscher anv\u00e4nder IoT-l\u00f6sningar och hur f\u00f6retag kan skapa nya aff\u00e4rsfall baserat p\u00e5 IoT-datainsamling i Azure-molnet? Kontakta oss.","breadcrumb":{"@id":"https:\/\/beacontower.io\/sv\/azure-iot-datainsamling-branscher-losningar\/#breadcrumb"},"inLanguage":"sv-SE","potentialAction":[{"@type":"ReadAction","target":["https:\/\/beacontower.io\/sv\/azure-iot-datainsamling-branscher-losningar\/"]}]},{"@type":"ImageObject","inLanguage":"sv-SE","@id":"https:\/\/beacontower.io\/sv\/azure-iot-datainsamling-branscher-losningar\/#primaryimage","url":"https:\/\/beacontower.io\/wp-content\/uploads\/2020\/07\/solutions-and-industries-flyer.jpg","contentUrl":"https:\/\/beacontower.io\/wp-content\/uploads\/2020\/07\/solutions-and-industries-flyer.jpg","width":500,"height":281,"caption":"Industries and Solutions"},{"@type":"BreadcrumbList","@id":"https:\/\/beacontower.io\/sv\/azure-iot-datainsamling-branscher-losningar\/#breadcrumb","itemListElement":[{"@type":"ListItem","position":1,"name":"Home","item":"https:\/\/beacontower.io\/sv\/azure-iot-cloud-och-edge-platform\/"},{"@type":"ListItem","position":2,"name":"Azure IoT-datainsamling &#8211; Branscher &#038; l\u00f6sningar"}]},{"@type":"WebSite","@id":"https:\/\/beacontower.io\/sv\/#website","url":"https:\/\/beacontower.io\/sv\/","name":"Beacon Tower","description":"Azure IoT Cloud and Edge Platform","publisher":{"@id":"https:\/\/beacontower.io\/sv\/#organization"},"potentialAction":[{"@type":"SearchAction","target":{"@type":"EntryPoint","urlTemplate":"https:\/\/beacontower.io\/sv\/?s={search_term_string}"},"query-input":{"@type":"PropertyValueSpecification","valueRequired":true,"valueName":"search_term_string"}}],"inLanguage":"sv-SE"},{"@type":"Organization","@id":"https:\/\/beacontower.io\/sv\/#organization","name":"Beacon Tower","url":"https:\/\/beacontower.io\/sv\/","logo":{"@type":"ImageObject","inLanguage":"sv-SE","@id":"https:\/\/beacontower.io\/sv\/#\/schema\/logo\/image\/","url":"https:\/\/beacontower.io\/wp-content\/uploads\/2021\/04\/BT-logo-web.png","contentUrl":"https:\/\/beacontower.io\/wp-content\/uploads\/2021\/04\/BT-logo-web.png","width":400,"height":175,"caption":"Beacon Tower"},"image":{"@id":"https:\/\/beacontower.io\/sv\/#\/schema\/logo\/image\/"},"sameAs":["https:\/\/www.linkedin.com\/company\/glaze-about"]}]}},"_links":{"self":[{"href":"https:\/\/beacontower.io\/sv\/wp-json\/wp\/v2\/pages\/31883","targetHints":{"allow":["GET"]}}],"collection":[{"href":"https:\/\/beacontower.io\/sv\/wp-json\/wp\/v2\/pages"}],"about":[{"href":"https:\/\/beacontower.io\/sv\/wp-json\/wp\/v2\/types\/page"}],"author":[{"embeddable":true,"href":"https:\/\/beacontower.io\/sv\/wp-json\/wp\/v2\/users\/2"}],"replies":[{"embeddable":true,"href":"https:\/\/beacontower.io\/sv\/wp-json\/wp\/v2\/comments?post=31883"}],"version-history":[{"count":13,"href":"https:\/\/beacontower.io\/sv\/wp-json\/wp\/v2\/pages\/31883\/revisions"}],"predecessor-version":[{"id":34929,"href":"https:\/\/beacontower.io\/sv\/wp-json\/wp\/v2\/pages\/31883\/revisions\/34929"}],"wp:featuredmedia":[{"embeddable":true,"href":"https:\/\/beacontower.io\/sv\/wp-json\/wp\/v2\/media\/31043"}],"wp:attachment":[{"href":"https:\/\/beacontower.io\/sv\/wp-json\/wp\/v2\/media?parent=31883"}],"curies":[{"name":"wp","href":"https:\/\/api.w.org\/{rel}","templated":true}]}}