{"id":35796,"date":"2023-03-20T12:08:15","date_gmt":"2023-03-20T12:08:15","guid":{"rendered":"https:\/\/beacontower.io\/future-city-water\/"},"modified":"2023-03-20T12:26:02","modified_gmt":"2023-03-20T12:26:02","slug":"future-city-water","status":"publish","type":"page","link":"https:\/\/beacontower.io\/da\/cases\/future-city-water\/","title":{"rendered":"Future City Water"},"content":{"rendered":"<p>[et_pb_section fb_built=&#8221;1&#8243; custom_padding_last_edited=&#8221;on|tablet&#8221; admin_label=&#8221;Header&#8221; _builder_version=&#8221;4.19.4&#8243; _module_preset=&#8221;default&#8221; use_background_color_gradient=&#8221;on&#8221; background_color_gradient_stops=&#8221;rgba(0,0,0,0) 0%|#000000 86%&#8221; background_color_gradient_overlays_image=&#8221;on&#8221; background_image=&#8221;https:\/\/beacontower.io\/wp-content\/uploads\/2023\/03\/frontpage-image.jpg&#8221; parallax=&#8221;on&#8221; custom_padding=&#8221;10.2%||||false|false&#8221; custom_padding_tablet=&#8221;60px||||false|false&#8221; custom_padding_phone=&#8221;60px||||false|false&#8221; locked=&#8221;off&#8221; collapsed=&#8221;on&#8221; global_colors_info=&#8221;{}&#8221;][et_pb_row _builder_version=&#8221;4.18.0&#8243; _module_preset=&#8221;default&#8221; max_width=&#8221;700px&#8221; global_colors_info=&#8221;{}&#8221;][et_pb_column type=&#8221;4_4&#8243; _builder_version=&#8221;4.18.0&#8243; _module_preset=&#8221;default&#8221; global_colors_info=&#8221;{}&#8221;][et_pb_text _builder_version=&#8221;4.19.4&#8243; _module_preset=&#8221;e6504a1b-67eb-4b3d-b023-bcab277610b6&#8243; header_4_font=&#8221;Archivo|700||on|||||&#8221; header_4_text_color=&#8221;gcid-f1414204-51c0-48ff-bc68-c545a86d03e7&#8243; header_4_font_size=&#8221;14px&#8221; header_4_letter_spacing=&#8221;1px&#8221; header_4_line_height=&#8221;1.5em&#8221; text_orientation=&#8221;center&#8221; custom_margin=&#8221;||0px||false|false&#8221; global_colors_info=&#8221;{%22gcid-f1414204-51c0-48ff-bc68-c545a86d03e7%22:%91%22header_4_text_color%22%93}&#8221;]<\/p>\n<h4>Case<\/h4>\n<p>[\/et_pb_text][et_pb_text _builder_version=&#8221;4.18.0&#8243; _module_preset=&#8221;c16985e1-e0d6-4022-964d-e2bfc04fa633&#8243; header_font=&#8221;Roboto|700|||||||&#8221; header_text_color=&#8221;gcid-6171fd24-b893-4d22-843a-f4129850a5c1&#8243; header_font_size=&#8221;75px&#8221; header_line_height=&#8221;1.2em&#8221; text_orientation=&#8221;center&#8221; header_font_size_tablet=&#8221;40px&#8221; header_font_size_phone=&#8221;24px&#8221; header_font_size_last_edited=&#8221;on|desktop&#8221; global_colors_info=&#8221;{%22gcid-6171fd24-b893-4d22-843a-f4129850a5c1%22:%91%22header_text_color%22%93}&#8221;]<\/p>\n<h1>Future City Water<\/h1>\n<p>[\/et_pb_text][et_pb_divider color=&#8221;gcid-6171fd24-b893-4d22-843a-f4129850a5c1&#8243; divider_weight=&#8221;4px&#8221; _builder_version=&#8221;4.18.0&#8243; _module_preset=&#8221;default&#8221; max_width=&#8221;300px&#8221; module_alignment=&#8221;center&#8221; global_colors_info=&#8221;{%22gcid-6171fd24-b893-4d22-843a-f4129850a5c1%22:%91%22color%22%93}&#8221;][\/et_pb_divider][et_pb_text _builder_version=&#8221;4.19.4&#8243; _module_preset=&#8221;518880c8-46c7-4ffa-b5a6-93ffa99dcc17&#8243; text_font=&#8221;Archivo||||||||&#8221; text_text_color=&#8221;gcid-6171fd24-b893-4d22-843a-f4129850a5c1&#8243; text_orientation=&#8221;center&#8221; text_font_size_tablet=&#8221;16px&#8221; text_font_size_phone=&#8221;14px&#8221; text_font_size_last_edited=&#8221;on|phone&#8221; global_colors_info=&#8221;{%22gcid-6171fd24-b893-4d22-843a-f4129850a5c1%22:%91%22text_text_color%22%93}&#8221;]<\/p>\n<p>Digitalisering af vandforsyningen<\/p>\n<p>[\/et_pb_text][\/et_pb_column][\/et_pb_row][\/et_pb_section][et_pb_section fb_built=&#8221;1&#8243; admin_label=&#8221;Project&#8221; _builder_version=&#8221;4.19.4&#8243; _module_preset=&#8221;default&#8221; background_color=&#8221;gcid-2cf18f4b-ad1d-4daf-a40a-75be4919065f&#8221; custom_padding=&#8221;0px||0px||false|false&#8221; collapsed=&#8221;on&#8221; global_colors_info=&#8221;{%22gcid-2cf18f4b-ad1d-4daf-a40a-75be4919065f%22:%91%22background_color%22%93}&#8221;][et_pb_row custom_padding_last_edited=&#8221;on|desktop&#8221; _builder_version=&#8221;4.19.4&#8243; _module_preset=&#8221;default&#8221; background_color=&#8221;gcid-55e89f59-bdfa-4c7c-a24f-b278f03ffe74&#8243; custom_padding=&#8221;30px|60px|30px|60px|false|true&#8221; custom_padding_tablet=&#8221;30px|30px|30px|30px|true|true&#8221; custom_padding_phone=&#8221;20px|20px|20px|20px|true|true&#8221; global_colors_info=&#8221;{%22gcid-55e89f59-bdfa-4c7c-a24f-b278f03ffe74%22:%91%22background_color%22%93}&#8221;][et_pb_column type=&#8221;4_4&#8243; _builder_version=&#8221;4.19.4&#8243; _module_preset=&#8221;default&#8221; global_colors_info=&#8221;{}&#8221;][et_pb_text _builder_version=&#8221;4.18.0&#8243; _module_preset=&#8221;e6504a1b-67eb-4b3d-b023-bcab277610b6&#8243; header_4_font=&#8221;Archivo|700||on|||||&#8221; header_4_text_color=&#8221;gcid-f1414204-51c0-48ff-bc68-c545a86d03e7&#8243; header_4_font_size=&#8221;14px&#8221; header_4_letter_spacing=&#8221;1px&#8221; header_4_line_height=&#8221;1.5em&#8221; custom_margin=&#8221;||0px||false|false&#8221; locked=&#8221;off&#8221; global_colors_info=&#8221;{%22gcid-f1414204-51c0-48ff-bc68-c545a86d03e7%22:%91%22header_4_text_color%22%93}&#8221;]<\/p>\n<h4>M\u00e5l<\/h4>\n<p>[\/et_pb_text][et_pb_text _builder_version=&#8221;4.18.0&#8243; _module_preset=&#8221;b327cbe4-b1d5-4b66-ad37-40c8f2f061ba&#8221; header_2_font=&#8221;Roboto|700|||||||&#8221; header_2_text_color=&#8221;gcid-1adb0c48-e943-4be8-b747-83127bdbd76c&#8221; header_2_font_size=&#8221;48px&#8221; header_2_line_height=&#8221;1.2em&#8221; header_2_font_size_tablet=&#8221;32px&#8221; header_2_font_size_phone=&#8221;20px&#8221; header_2_font_size_last_edited=&#8221;on|desktop&#8221; locked=&#8221;off&#8221; global_colors_info=&#8221;{%22gcid-1adb0c48-e943-4be8-b747-83127bdbd76c%22:%91%22header_2_text_color%22%93}&#8221;]<\/p>\n<h2>Et intelligent system til kvalitetssikring af vandforsyningen<\/h2>\n<p>[\/et_pb_text][\/et_pb_column][\/et_pb_row][et_pb_row column_structure=&#8221;1_2,1_2&#8243; custom_padding_last_edited=&#8221;on|desktop&#8221; _builder_version=&#8221;4.19.4&#8243; _module_preset=&#8221;default&#8221; background_color=&#8221;gcid-55e89f59-bdfa-4c7c-a24f-b278f03ffe74&#8243; custom_padding=&#8221;30px|60px|30px|60px|true|true&#8221; custom_padding_tablet=&#8221;30px|30px|30px|30px|true|true&#8221; custom_padding_phone=&#8221;20px|20px|20px|20px|true|true&#8221; global_colors_info=&#8221;{%22gcid-55e89f59-bdfa-4c7c-a24f-b278f03ffe74%22:%91%22background_color%22%93}&#8221;][et_pb_column type=&#8221;1_2&#8243; _builder_version=&#8221;4.18.0&#8243; _module_preset=&#8221;default&#8221; global_colors_info=&#8221;{}&#8221;][et_pb_image src=&#8221;https:\/\/beacontower.io\/wp-content\/uploads\/2021\/04\/FCW-new.png&#8221; _builder_version=&#8221;4.19.4&#8243; _module_preset=&#8221;default&#8221; global_colors_info=&#8221;{}&#8221;][\/et_pb_image][\/et_pb_column][et_pb_column type=&#8221;1_2&#8243; _builder_version=&#8221;4.18.0&#8243; _module_preset=&#8221;default&#8221; global_colors_info=&#8221;{}&#8221;][et_pb_divider color=&#8221;gcid-6171fd24-b893-4d22-843a-f4129850a5c1&#8243; divider_weight=&#8221;4px&#8221; _builder_version=&#8221;4.18.0&#8243; _module_preset=&#8221;default&#8221; max_width=&#8221;200px&#8221; locked=&#8221;off&#8221; global_colors_info=&#8221;{%22gcid-6171fd24-b893-4d22-843a-f4129850a5c1%22:%91%22color%22%93}&#8221;][\/et_pb_divider][et_pb_text _builder_version=&#8221;4.18.0&#8243; _module_preset=&#8221;1f09816e-184e-4ce5-a4cf-b39c52c423ca&#8221; text_font=&#8221;Archivo||||||||&#8221; text_text_color=&#8221;gcid-1adb0c48-e943-4be8-b747-83127bdbd76c&#8221; text_font_size=&#8221;16px&#8221; text_font_size_tablet=&#8221;15px&#8221; text_font_size_phone=&#8221;14px&#8221; text_font_size_last_edited=&#8221;on|phone&#8221; header_font_size_tablet=&#8221;55px&#8221; header_font_size_last_edited=&#8221;off|desktop&#8221; global_colors_info=&#8221;{%22gcid-1adb0c48-e943-4be8-b747-83127bdbd76c%22:%91%22text_text_color%22%93}&#8221;]<\/p>\n<p>Future City Water er et innovationsprojekt, der har til form\u00e5l at \u00f8ge tempoet i udviklingen af et intelligent netv\u00e6rk til drikkevandsforsyning \u2013 fra vandkilde til vandhaner. I dag er der et behov for, at kommunale vand- og kloakvirksomheder f\u00e5r kontrol over hele forsyningsk\u00e6den af drikkevand og hurtigt f\u00e5r information om l\u00e6kager, driftsforstyrrelser og vandkvalitet.<\/p>\n<p>[\/et_pb_text][\/et_pb_column][\/et_pb_row][et_pb_row custom_padding_last_edited=&#8221;on|desktop&#8221; _builder_version=&#8221;4.19.4&#8243; _module_preset=&#8221;default&#8221; background_color=&#8221;gcid-55e89f59-bdfa-4c7c-a24f-b278f03ffe74&#8243; custom_padding=&#8221;30px|60px|30px|60px|false|true&#8221; custom_padding_tablet=&#8221;30px|30px|30px|30px|true|true&#8221; custom_padding_phone=&#8221;20px|20px|20px|20px|true|true&#8221; global_colors_info=&#8221;{%22gcid-55e89f59-bdfa-4c7c-a24f-b278f03ffe74%22:%91%22background_color%22%93}&#8221;][et_pb_column type=&#8221;4_4&#8243; _builder_version=&#8221;4.18.0&#8243; _module_preset=&#8221;default&#8221; global_colors_info=&#8221;{}&#8221;][et_pb_text _builder_version=&#8221;4.18.0&#8243; _module_preset=&#8221;64599ba5-eb7d-4ee0-85a7-6565874456c5&#8243; header_5_font=&#8221;Roboto|700|||||||&#8221; header_5_text_color=&#8221;#FFFFFF&#8221; header_5_font_size=&#8221;18px&#8221; custom_margin=&#8221;||0px||false|false&#8221; header_5_font_size_tablet=&#8221;16px&#8221; header_5_font_size_phone=&#8221;15px&#8221; header_5_font_size_last_edited=&#8221;on|desktop&#8221; locked=&#8221;off&#8221; global_colors_info=&#8221;{}&#8221;]<\/p>\n<h5>Overblik<\/h5>\n<p>[\/et_pb_text][et_pb_text _builder_version=&#8221;4.19.4&#8243; _module_preset=&#8221;4c43b4b6-66bf-432d-959a-705bda24a650&#8243; text_font=&#8221;Archivo||||||||&#8221; text_text_color=&#8221;#FFFFFF&#8221; header_font_size_tablet=&#8221;55px&#8221; header_font_size_last_edited=&#8221;off|desktop&#8221; locked=&#8221;off&#8221; global_colors_info=&#8221;{}&#8221;]<\/p>\n<p>Tabet af drikkevand alene i Sverige ansl\u00e5s til at v\u00e6re omkring 20 procent, hvilket er en stor \u00f8konomisk byrde for kommunerne og borgerne. L\u00e6kager er b\u00e5de vanskelige og dyre at reparere, og dette f\u00f8rer til en forsinkelse i investeringerne i ny infrastruktur. Ved hj\u00e6lp af Future City Waters v\u00e6rkt\u00f8jer og indsigter digitaliseres hele vandforsyningsk\u00e6den og giver et bedre overblik til alle interessenter i forsyningsk\u00e6den.<\/p>\n<p>[\/et_pb_text][\/et_pb_column][\/et_pb_row][\/et_pb_section][et_pb_section fb_built=&#8221;1&#8243; _builder_version=&#8221;4.19.4&#8243; _module_preset=&#8221;default&#8221; background_color=&#8221;gcid-2cf18f4b-ad1d-4daf-a40a-75be4919065f&#8221; custom_padding=&#8221;0px||||false|false&#8221; locked=&#8221;off&#8221; global_colors_info=&#8221;{%22gcid-2cf18f4b-ad1d-4daf-a40a-75be4919065f%22:%91%22background_color%22%93}&#8221;][et_pb_row _builder_version=&#8221;4.19.4&#8243; _module_preset=&#8221;default&#8221; custom_padding=&#8221;||0px||false|false&#8221; global_colors_info=&#8221;{}&#8221;][et_pb_column type=&#8221;4_4&#8243; _builder_version=&#8221;4.16&#8243; _module_preset=&#8221;default&#8221; global_colors_info=&#8221;{}&#8221;][et_pb_divider divider_weight=&#8221;3px&#8221; _builder_version=&#8221;4.16&#8243; _module_preset=&#8221;default&#8221; max_width=&#8221;100px&#8221; module_alignment=&#8221;left&#8221; custom_margin=&#8221;0px||20px||false|false&#8221; animation_style=&#8221;slide&#8221; animation_direction=&#8221;bottom&#8221; global_colors_info=&#8221;{}&#8221;][\/et_pb_divider][et_pb_text _builder_version=&#8221;4.19.4&#8243; _module_preset=&#8221;default&#8221; header_2_font=&#8221;|700|||||||&#8221; header_3_font=&#8221;|700|||||||&#8221; header_3_font_size=&#8221;30px&#8221; custom_padding=&#8221;||0px||false|false&#8221; global_colors_info=&#8221;{}&#8221;]<\/p>\n<h3><span style=\"color: #ffffff;\">Vandforsynings- og spildevandssektoren st\u00e5r over for store forandringer med digitalisering<br \/>\n<\/span><\/h3>\n<p>[\/et_pb_text][\/et_pb_column][\/et_pb_row][et_pb_row _builder_version=&#8221;4.19.4&#8243; _module_preset=&#8221;default&#8221; custom_padding=&#8221;0px||||false|false&#8221; global_colors_info=&#8221;{}&#8221;][et_pb_column type=&#8221;4_4&#8243; _builder_version=&#8221;4.19.4&#8243; _module_preset=&#8221;default&#8221; global_colors_info=&#8221;{}&#8221;][et_pb_text _builder_version=&#8221;4.19.4&#8243; _module_preset=&#8221;default&#8221; custom_padding=&#8221;0px||0px||false|false&#8221; global_colors_info=&#8221;{}&#8221;]<\/p>\n<p><span style=\"color: #ffffff;\">Vandforsyningssektoren st\u00e5r over for store forandringer, n\u00e5r digitaliseringen nu for alvor g\u00f8r sit indtog. Future City Water (FCW) fokuserer p\u00e5 vores vigtigste livsingrediens, drikkevand.<\/span><\/p>\n<p><span style=\"color: #ffffff;\"><\/span><\/p>\n<p style=\"text-align: right;\"><span style=\"color: #ffffff;\"><em><span style=\"color: #ffffff; font-size: xx-large;\">Vi udvikler en IoT-dataplatform og beslutningsst\u00f8ttesystem til strukturering af og brug af helt nye og omfattende datas\u00e6t. Vi arbejder med fremtidens udvikling af forretningsmodeller, organisationer og tv\u00e6rsektoriel innovation<\/span><\/em><\/span><span style=\"color: #ffffff;\"><span style=\"color: #ffffff; font-size: medium;\"><br \/>Mikael R\u00f6nde, Partner i Glaze<\/span><em><span style=\"color: #ffffff; font-size: xx-large;\"><br \/><\/span><\/em><\/span><\/p>\n<p><span style=\"color: #ffffff;\">I fremtiden f\u00e5r vi adgang til et smart drikkevandsnetv\u00e6rk fra kilde til slutkunde med sikker og effektiv levering af drikkevand af h\u00f8j kvalitet. Systemd\u00e6kkende planl\u00e6gning udf\u00f8res baseret p\u00e5 datadrevne beslutninger. Netv\u00e6rket styres automatisk for optimering af ressourcer, samt minimering af l\u00e6kager. Slutbrugere og borgere kan aktivt p\u00e5virke leveringen og omkostningerne ved deres vandforbrug. Drikkevandsnettet er fuldt integreret i den intelligente by og muligg\u00f8r udvikling af helt nye tjenester til infrastrukturejere og slutbrugere.<\/span><\/p>\n<p><span style=\"color: #ffffff;\">I FCW tages vigtige skridt i udviklingen af \u200b\u200bdet intelligente drikkevandsnetv\u00e6rk ved at angribe udfordringen fra et systemperspektiv, hvor vi udvikler dataindsamling fra alle dele af systemet via historiske data samt intelligente sensorer hos kunden og droneteknologi i vandforsyningen. Vi udvikler en IoT-dataplatform og beslutningsst\u00f8ttesystem til strukturering af og brug af helt nye og omfattende datas\u00e6t. Vi arbejder med fremtidens udvikling af forretningsmodeller, organisationer og tv\u00e6rsektoriel innovation hvilket ogs\u00e5 betyder at vi ser p\u00e5 hvordan energi- og vand-sektoren tilsammen kan opn\u00e5 synergier i den intelligente by. Vi inkluderer ejendomsejere og slutbrugere i udviklingen af \u200b\u200bmorgendagens intelligente drikkevandsledninger.<\/span><\/p>\n<p><span style=\"color: #ffffff;\">Akt\u00f8rerne best\u00e5r af flere st\u00f8rre kommunale organisationer, et kommunalt ejendomsselskab, et energiselskab og flere l\u00f8sningsudviklere i form af forskningsinstitutioner og virksomheder med banebrydende viden inden for IoT, modelleringsv\u00e6rkt\u00f8jer og innovationsledelse.<\/span><\/p>\n<h3><span style=\"color: #ffffff;\"><strong>Hvad er Future City Water?<\/strong><strong><\/strong><\/span><\/h3>\n<p><span style=\"color: #ffffff;\">Future City Water har til form\u00e5l:<\/span><\/p>\n<p><span style=\"color: #ffffff;\">-At samle og behandle store m\u00e6ngder data til optimeret drift og langsigtet planl\u00e6gning.<\/span><br \/><span style=\"color: #ffffff;\">-At finde l\u00e6kager, sende information til kunder og at g\u00f8re forsyningssystemet mere energieffektivt og i stand til at identificere kvalitetsproblemer.<\/span><br \/><span style=\"color: #ffffff;\">-At integrere den digitaliserede vandforsyningsk\u00e6de i et \u201csmart city\u201d scenarie.<\/span><\/p>\n<h3><span style=\"color: #ffffff;\"><strong>Hvordan fungerer det?<\/strong><\/span><\/h3>\n<p><span style=\"color: #ffffff;\">Projektet har stort fokus p\u00e5 dataindsamling og den tilh\u00f8rende behandling af store datam\u00e6ngder samt simulering af scenarier. Beacon Tower st\u00e5r for den centrale dataindsamling med integration til kildesystemer, visualisering og normalisering af real-time data og integration til simulerings- og overv\u00e5gningsv\u00e6rkt\u00f8jer. Resultater og beregninger bruges til at optimere forsyningsk\u00e6den.<\/span><\/p>\n<h3><span style=\"color: #ffffff;\"><strong>Hvem er det til?<\/strong><\/span><\/h3>\n<p><span style=\"color: #ffffff;\">Kommunale vand- og kloakvirksomheder kan bruge Future City Waters v\u00e6rkt\u00f8jer til at f\u00e5 kontrol over hele vandforsyningsk\u00e6den og hurtigt identificere forstyrrelser.<\/span><\/p>\n<h3><span style=\"color: #ffffff;\"><strong>Budget<\/strong><\/span><\/h3>\n<p><span style=\"color: #ffffff;\">Det samlede projektbudget er SEK 21 millioner, hvoraf ca. SEK 10 millioner kommer fra Vinnova.<\/span><\/p>\n<h3><span style=\"color: #ffffff;\"><strong>Beacon Tower<\/strong><\/span><\/h3>\n<p><span style=\"color: #ffffff;\">Beacon Tower er den centrale dataindsamlingsenhed, hvor data indsamles fra mange forskellige systemer, og hvor data forbruges af andre systemer. M\u00e5let er at give adgang til et digitaliseret drikkevandsforsyningsnetv\u00e6rk fra kilde til forbruger med sikker og effektiv levering af drikkevand af h\u00f8j kvalitet, herunder at muligg\u00f8re generel planl\u00e6gning for den samlede forsyningsk\u00e6de, n\u00e5r netv\u00e6rket er fuldt integreret i fremtidens byer.<\/span><\/p>\n<p><span style=\"color: #ffffff;\">L\u00e6s mere om projektet <a href=\"https:\/\/www.swedenwaterresearch.se\/da\/projekt\/future-city-water-2\/\" style=\"color: #ffffff;\">her. <\/a><\/span><\/p>\n<p>[\/et_pb_text][\/et_pb_column][\/et_pb_row][\/et_pb_section]<\/p>\n","protected":false},"excerpt":{"rendered":"<p>CaseFuture City WaterDigitalisering af vandforsyningenM\u00e5lEt intelligent system til kvalitetssikring af vandforsyningenFuture City Water er et innovationsprojekt, der har til form\u00e5l at \u00f8ge tempoet i udviklingen af et intelligent netv\u00e6rk til drikkevandsforsyning \u2013 fra vandkilde til vandhaner. I dag er der et behov for, at kommunale vand- og kloakvirksomheder f\u00e5r kontrol over hele forsyningsk\u00e6den af drikkevand [&hellip;]<\/p>\n","protected":false},"author":5,"featured_media":0,"parent":36007,"menu_order":0,"comment_status":"closed","ping_status":"closed","template":"","meta":{"_et_pb_use_builder":"on","_et_pb_old_content":"","_et_gb_content_width":"","footnotes":""},"class_list":["post-35796","page","type-page","status-publish","hentry"],"yoast_head":"<!-- This site is optimized with the Yoast SEO plugin v27.4 - https:\/\/yoast.com\/product\/yoast-seo-wordpress\/ -->\n<title>Future City Water - Beacon Tower<\/title>\n<meta name=\"robots\" content=\"index, follow, max-snippet:-1, max-image-preview:large, max-video-preview:-1\" \/>\n<link rel=\"canonical\" href=\"https:\/\/beacontower.io\/da\/cases\/future-city-water\/\" \/>\n<meta property=\"og:locale\" content=\"da_DK\" \/>\n<meta property=\"og:type\" content=\"article\" \/>\n<meta property=\"og:title\" content=\"Future City Water - Beacon Tower\" \/>\n<meta property=\"og:description\" content=\"CaseFuture City WaterDigitalisering af vandforsyningenM\u00e5lEt intelligent system til kvalitetssikring af vandforsyningenFuture City Water er et innovationsprojekt, der har til form\u00e5l at \u00f8ge tempoet i udviklingen af et intelligent netv\u00e6rk til drikkevandsforsyning \u2013 fra vandkilde til vandhaner. I dag er der et behov for, at kommunale vand- og kloakvirksomheder f\u00e5r kontrol over hele forsyningsk\u00e6den af drikkevand [&hellip;]\" \/>\n<meta property=\"og:url\" content=\"https:\/\/beacontower.io\/da\/cases\/future-city-water\/\" \/>\n<meta property=\"og:site_name\" content=\"Beacon Tower\" \/>\n<meta property=\"article:modified_time\" content=\"2023-03-20T12:26:02+00:00\" \/>\n<meta property=\"og:image\" content=\"https:\/\/beacontower.io\/wp-content\/uploads\/2021\/04\/BT-logo-web.png\" \/>\n\t<meta property=\"og:image:width\" content=\"400\" \/>\n\t<meta property=\"og:image:height\" content=\"175\" \/>\n\t<meta property=\"og:image:type\" content=\"image\/png\" \/>\n<meta name=\"twitter:card\" content=\"summary_large_image\" \/>\n<meta name=\"twitter:label1\" content=\"Estimeret l\u00e6setid\" \/>\n\t<meta name=\"twitter:data1\" content=\"10 minutter\" \/>\n<script type=\"application\/ld+json\" class=\"yoast-schema-graph\">{\"@context\":\"https:\\\/\\\/schema.org\",\"@graph\":[{\"@type\":\"WebPage\",\"@id\":\"https:\\\/\\\/beacontower.io\\\/da\\\/cases\\\/future-city-water\\\/\",\"url\":\"https:\\\/\\\/beacontower.io\\\/da\\\/cases\\\/future-city-water\\\/\",\"name\":\"Future City Water - Beacon Tower\",\"isPartOf\":{\"@id\":\"https:\\\/\\\/beacontower.io\\\/da\\\/#website\"},\"datePublished\":\"2023-03-20T12:08:15+00:00\",\"dateModified\":\"2023-03-20T12:26:02+00:00\",\"breadcrumb\":{\"@id\":\"https:\\\/\\\/beacontower.io\\\/da\\\/cases\\\/future-city-water\\\/#breadcrumb\"},\"inLanguage\":\"da-DK\",\"potentialAction\":[{\"@type\":\"ReadAction\",\"target\":[\"https:\\\/\\\/beacontower.io\\\/da\\\/cases\\\/future-city-water\\\/\"]}]},{\"@type\":\"BreadcrumbList\",\"@id\":\"https:\\\/\\\/beacontower.io\\\/da\\\/cases\\\/future-city-water\\\/#breadcrumb\",\"itemListElement\":[{\"@type\":\"ListItem\",\"position\":1,\"name\":\"Home\",\"item\":\"https:\\\/\\\/beacontower.io\\\/da\\\/azure-iot-cloud-and-edge-platform\\\/\"},{\"@type\":\"ListItem\",\"position\":2,\"name\":\"Future City Water\"}]},{\"@type\":\"WebSite\",\"@id\":\"https:\\\/\\\/beacontower.io\\\/da\\\/#website\",\"url\":\"https:\\\/\\\/beacontower.io\\\/da\\\/\",\"name\":\"Beacon Tower\",\"description\":\"Azure IoT Cloud and Edge Platform\",\"publisher\":{\"@id\":\"https:\\\/\\\/beacontower.io\\\/da\\\/#organization\"},\"potentialAction\":[{\"@type\":\"SearchAction\",\"target\":{\"@type\":\"EntryPoint\",\"urlTemplate\":\"https:\\\/\\\/beacontower.io\\\/da\\\/?s={search_term_string}\"},\"query-input\":{\"@type\":\"PropertyValueSpecification\",\"valueRequired\":true,\"valueName\":\"search_term_string\"}}],\"inLanguage\":\"da-DK\"},{\"@type\":\"Organization\",\"@id\":\"https:\\\/\\\/beacontower.io\\\/da\\\/#organization\",\"name\":\"Beacon Tower\",\"url\":\"https:\\\/\\\/beacontower.io\\\/da\\\/\",\"logo\":{\"@type\":\"ImageObject\",\"inLanguage\":\"da-DK\",\"@id\":\"https:\\\/\\\/beacontower.io\\\/da\\\/#\\\/schema\\\/logo\\\/image\\\/\",\"url\":\"https:\\\/\\\/beacontower.io\\\/wp-content\\\/uploads\\\/2021\\\/04\\\/BT-logo-web.png\",\"contentUrl\":\"https:\\\/\\\/beacontower.io\\\/wp-content\\\/uploads\\\/2021\\\/04\\\/BT-logo-web.png\",\"width\":400,\"height\":175,\"caption\":\"Beacon Tower\"},\"image\":{\"@id\":\"https:\\\/\\\/beacontower.io\\\/da\\\/#\\\/schema\\\/logo\\\/image\\\/\"},\"sameAs\":[\"https:\\\/\\\/www.linkedin.com\\\/company\\\/glaze-about\"]}]}<\/script>\n<!-- \/ Yoast SEO plugin. -->","yoast_head_json":{"title":"Future City Water - Beacon Tower","robots":{"index":"index","follow":"follow","max-snippet":"max-snippet:-1","max-image-preview":"max-image-preview:large","max-video-preview":"max-video-preview:-1"},"canonical":"https:\/\/beacontower.io\/da\/cases\/future-city-water\/","og_locale":"da_DK","og_type":"article","og_title":"Future City Water - Beacon Tower","og_description":"CaseFuture City WaterDigitalisering af vandforsyningenM\u00e5lEt intelligent system til kvalitetssikring af vandforsyningenFuture City Water er et innovationsprojekt, der har til form\u00e5l at \u00f8ge tempoet i udviklingen af et intelligent netv\u00e6rk til drikkevandsforsyning \u2013 fra vandkilde til vandhaner. I dag er der et behov for, at kommunale vand- og kloakvirksomheder f\u00e5r kontrol over hele forsyningsk\u00e6den af drikkevand [&hellip;]","og_url":"https:\/\/beacontower.io\/da\/cases\/future-city-water\/","og_site_name":"Beacon Tower","article_modified_time":"2023-03-20T12:26:02+00:00","og_image":[{"width":400,"height":175,"url":"https:\/\/beacontower.io\/wp-content\/uploads\/2021\/04\/BT-logo-web.png","type":"image\/png"}],"twitter_card":"summary_large_image","twitter_misc":{"Estimeret l\u00e6setid":"10 minutter"},"schema":{"@context":"https:\/\/schema.org","@graph":[{"@type":"WebPage","@id":"https:\/\/beacontower.io\/da\/cases\/future-city-water\/","url":"https:\/\/beacontower.io\/da\/cases\/future-city-water\/","name":"Future City Water - Beacon Tower","isPartOf":{"@id":"https:\/\/beacontower.io\/da\/#website"},"datePublished":"2023-03-20T12:08:15+00:00","dateModified":"2023-03-20T12:26:02+00:00","breadcrumb":{"@id":"https:\/\/beacontower.io\/da\/cases\/future-city-water\/#breadcrumb"},"inLanguage":"da-DK","potentialAction":[{"@type":"ReadAction","target":["https:\/\/beacontower.io\/da\/cases\/future-city-water\/"]}]},{"@type":"BreadcrumbList","@id":"https:\/\/beacontower.io\/da\/cases\/future-city-water\/#breadcrumb","itemListElement":[{"@type":"ListItem","position":1,"name":"Home","item":"https:\/\/beacontower.io\/da\/azure-iot-cloud-and-edge-platform\/"},{"@type":"ListItem","position":2,"name":"Future City Water"}]},{"@type":"WebSite","@id":"https:\/\/beacontower.io\/da\/#website","url":"https:\/\/beacontower.io\/da\/","name":"Beacon Tower","description":"Azure IoT Cloud and Edge Platform","publisher":{"@id":"https:\/\/beacontower.io\/da\/#organization"},"potentialAction":[{"@type":"SearchAction","target":{"@type":"EntryPoint","urlTemplate":"https:\/\/beacontower.io\/da\/?s={search_term_string}"},"query-input":{"@type":"PropertyValueSpecification","valueRequired":true,"valueName":"search_term_string"}}],"inLanguage":"da-DK"},{"@type":"Organization","@id":"https:\/\/beacontower.io\/da\/#organization","name":"Beacon Tower","url":"https:\/\/beacontower.io\/da\/","logo":{"@type":"ImageObject","inLanguage":"da-DK","@id":"https:\/\/beacontower.io\/da\/#\/schema\/logo\/image\/","url":"https:\/\/beacontower.io\/wp-content\/uploads\/2021\/04\/BT-logo-web.png","contentUrl":"https:\/\/beacontower.io\/wp-content\/uploads\/2021\/04\/BT-logo-web.png","width":400,"height":175,"caption":"Beacon Tower"},"image":{"@id":"https:\/\/beacontower.io\/da\/#\/schema\/logo\/image\/"},"sameAs":["https:\/\/www.linkedin.com\/company\/glaze-about"]}]}},"_links":{"self":[{"href":"https:\/\/beacontower.io\/da\/wp-json\/wp\/v2\/pages\/35796","targetHints":{"allow":["GET"]}}],"collection":[{"href":"https:\/\/beacontower.io\/da\/wp-json\/wp\/v2\/pages"}],"about":[{"href":"https:\/\/beacontower.io\/da\/wp-json\/wp\/v2\/types\/page"}],"author":[{"embeddable":true,"href":"https:\/\/beacontower.io\/da\/wp-json\/wp\/v2\/users\/5"}],"replies":[{"embeddable":true,"href":"https:\/\/beacontower.io\/da\/wp-json\/wp\/v2\/comments?post=35796"}],"version-history":[{"count":10,"href":"https:\/\/beacontower.io\/da\/wp-json\/wp\/v2\/pages\/35796\/revisions"}],"predecessor-version":[{"id":35815,"href":"https:\/\/beacontower.io\/da\/wp-json\/wp\/v2\/pages\/35796\/revisions\/35815"}],"up":[{"embeddable":true,"href":"https:\/\/beacontower.io\/da\/wp-json\/wp\/v2\/pages\/36007"}],"wp:attachment":[{"href":"https:\/\/beacontower.io\/da\/wp-json\/wp\/v2\/media?parent=35796"}],"curies":[{"name":"wp","href":"https:\/\/api.w.org\/{rel}","templated":true}]}}