{"id":34250,"date":"2021-06-07T17:56:31","date_gmt":"2021-06-07T17:56:31","guid":{"rendered":"https:\/\/beacontower.io\/indsigter\/what-is-the-industrial-internet-of-things-iiot\/"},"modified":"2021-07-01T11:26:54","modified_gmt":"2021-07-01T11:26:54","slug":"hvad-er-det-industrielle-internet-of-things-iiot","status":"publish","type":"page","link":"https:\/\/beacontower.io\/da\/indsigter\/hvad-er-det-industrielle-internet-of-things-iiot\/","title":{"rendered":"Hvad er IIoT &#8211; det industrielle Internet of Things?"},"content":{"rendered":"<p>[et_pb_section fb_built=&#8221;1&#8243; _builder_version=&#8221;4.7.4&#8243; _module_preset=&#8221;default&#8221;][et_pb_row _builder_version=&#8221;4.9.4&#8243; _module_preset=&#8221;default&#8221; custom_margin=&#8221;100px||||false|false&#8221;][et_pb_column type=&#8221;4_4&#8243; _builder_version=&#8221;4.9.4&#8243; _module_preset=&#8221;default&#8221;][et_pb_text _builder_version=&#8221;4.9.4&#8243; _module_preset=&#8221;default&#8221; min_height=&#8221;3698.9px&#8221;]<\/p>\n<h1><strong>Hvad er IIoT &#8211; det industrielle Internet of Things?<\/strong><\/h1>\n<p>Internet of Things giver producenter og servicevirksomheder mulighed for at f\u00f8lge fremstillingsprocessen og produkternes anvendelse. N\u00e5r produktet f\u00f8rst er taget i brug, rapporterer det om brug og data, hvilket f\u00f8rer til mulige forbedringer. Analytics er baseret p\u00e5 avancerede statistikker, og markerer advarsler som p\u00e5 sigt kan muligg\u00f8re forebyggende vedligeholdelse, for at minimere fejl, for\u00f8ge oppetiden og i visse tilf\u00e6lde for at udvikle forretningen til mere serviceorienterede ydelser. Ved at skabe indsigt om den generelle slutbrugeradf\u00e6rd, kan yderligere forretningstiltag eller tjenester tilf\u00f8jes den eksisterende forretning. De indsamlede data h\u00e5ndteres af avancerede datah\u00e5ndteringsalgoritmer og statistikker, for at hj\u00e6lpe med at identificere tendenser og m\u00f8nstre i de store indsamlede datapuljer.<\/p>\n<p>Cirka 5 milliarder mobiltelefoner er i aktiv brug. Hver af os har i lommen en kraftfuld computerplatform, der er i stand til meget mere end de oprindelige GSM-funktioner, som kun var taleopkald og sms. Mobilnetv\u00e6rket danner nu et &#8220;Internet of People&#8221;.<\/p>\n<p><img loading=\"lazy\" decoding=\"async\" class=\"wp-image-33732 alignnone size-full\" src=\"https:\/\/beacontower.io\/wp-content\/uploads\/2021\/05\/linked-devices-to-cloud.jpg\" alt=\"\" width=\"527\" height=\"298\" srcset=\"https:\/\/beacontower.io\/wp-content\/uploads\/2021\/05\/linked-devices-to-cloud.jpg 527w, https:\/\/beacontower.io\/wp-content\/uploads\/2021\/05\/linked-devices-to-cloud-480x271.jpg 480w\" sizes=\"(min-width: 0px) and (max-width: 480px) 480px, (min-width: 481px) 527px, 100vw\" \/><\/p>\n<p>&#8220;Internet of Things&#8221; tilbyder det n\u00e6ste trin i <em>connected <\/em>computing. Tilf\u00f8jelse af tilslutningsmuligheder til enheder &#8211; ting \u2013 er eksemplificeret p\u00e5 venstre side af ovenst\u00e5ende figur. Cisco og Ericsson har forudsagt at mere end 25 milliarder tilsluttede enheder vil v\u00e6re i brug inden for f\u00e5 \u00e5r, og uanset om disse tal er usikre eller ej, afh\u00e6ngigt af hvem der bliver spurgt, er den generelle retning meget klar.<\/p>\n<p>Enkle sensorer &#8211; uanset om de bruges til at angive en udbr\u00e6ndt p\u00e6re eller transmittere lufttrykket i et bild\u00e6k &#8211; vil blive indlejret n\u00e6sten overalt, da prisen pr. enhed st\u00f8t falder. Grafen i nedenst\u00e5ende figur viser, at p\u00e5 trods af den gennemsnitlige salgspris (kurve) er faldet siden 2010, sikrer volumenfor\u00f8gelsen (r\u00f8de kolonner) en stabil v\u00e6kst i salget (bl\u00e5 kolonner).<\/p>\n<p>Som konsekvens, vil st\u00f8rre og mere komplekse enheder kommunikere, overv\u00e5ge eller forbehandle indsamlede data. Elektronikkens ydelse fordobles st\u00f8t cirka hvert andet \u00e5r if\u00f8lge en observation, som Intel-grundl\u00e6gger Gordon Moore lavede i 1965.<\/p>\n<p><img loading=\"lazy\" decoding=\"async\" class=\"wp-image-33737 alignnone size-full\" src=\"https:\/\/beacontower.io\/wp-content\/uploads\/2021\/05\/correlations-between-unit-price-and-total-volumes.jpg\" alt=\"\" width=\"557\" height=\"357\" srcset=\"https:\/\/beacontower.io\/wp-content\/uploads\/2021\/05\/correlations-between-unit-price-and-total-volumes.jpg 557w, https:\/\/beacontower.io\/wp-content\/uploads\/2021\/05\/correlations-between-unit-price-and-total-volumes-480x308.jpg 480w\" sizes=\"(min-width: 0px) and (max-width: 480px) 480px, (min-width: 481px) 557px, 100vw\" \/><\/p>\n<p>Figur: Korrelation mellem enhedspris og samlet volumen<\/p>\n<p>Data indsamlet fra tusindvis af installationer administreres i datacentre &#8211; skyen &#8211; og bruges til at udf\u00f8re analyser med statistiske v\u00e6rkt\u00f8jer, der ekstraherer ellers ukendt korrelation. M\u00e6ngden af data, der er gemt i skyen, vokser i \u00f8jeblikket eksponentielt, hvilket kr\u00e6ver en evne til at grafisk visualisere enhver adf\u00e6rdsm\u00e6ssig tendens for at hj\u00e6lpe med at producere indsigt i datagrundlaget. Tr\u00e6k-og-slip-v\u00e6rkt\u00f8jer hj\u00e6lper med hurtig prototyping og udvikling af nye tjenester eller enkle dashboard-applikationer, som kunderne kan overv\u00e5ge f.eks. overholdelse af kriterierne for luftkvalitet i kommercielle bygninger &#8211; kontinuerligt og om n\u00f8dvendigt anonym benchmarking til tusindvis af lignende installationer.<\/p>\n<p>Den uundg\u00e5elige konsekvens for alle er, at nye digitale markedsdeltagere vil &#8220;disrupte&#8221; og kannibalisere v\u00e6rdik\u00e6den for eksisterende forretningsstrukturer i et hidtil uset tempo. I hele denne sektion vil vi n\u00e6vne eksempler p\u00e5 forretningsomr\u00e5der, der allerede er st\u00e6rkt p\u00e5virket: aktuelt f\u00f8rende spillere k\u00e6mper enten for at omdefinere sig selv, eller de vil blive udfordret p\u00e5 deres forretningsmodel og overskud fra nye digitalt fokuserede deltagere. P\u00e5 markedet vil nogen i sidste ende tjene p\u00e5 en moden forretningsmodel &#8211; og mange vil virksomhed m\u00e5 erkende at det er bedre p\u00e5 et tidspunkt at kannibalisere p\u00e5 egen forretning end at give den v\u00e6k til andre.<\/p>\n<h2><a name=\"_Toc73445790\"><\/a>Fire industrielle revolutioner<\/h2>\n<p><img loading=\"lazy\" decoding=\"async\" class=\"wp-image-33740 alignnone size-full\" src=\"https:\/\/beacontower.io\/wp-content\/uploads\/2021\/05\/fourth-industrial-revolution.jpg\" alt=\"\" width=\"408\" height=\"245\" srcset=\"https:\/\/beacontower.io\/wp-content\/uploads\/2021\/05\/fourth-industrial-revolution.jpg 408w, https:\/\/beacontower.io\/wp-content\/uploads\/2021\/05\/fourth-industrial-revolution-300x180.jpg 300w\" sizes=\"(max-width: 408px) 100vw, 408px\" \/><\/p>\n<p><em>\u201cThe First Industrial Revolution used steam power to mechanize production. The Second used electric power to create mass production. The Third used electronics and information technology to automate production. Now a Fourth Industrial Revolution is building on advances of the Third. It is characterized by a fusion of technologies that is blurring the lines between the physical, digital, and biological spheres\u201d<\/em> \u2013 Professor Klaus Schwab, <em>World Economic Forum<\/em><\/p>\n<p>For hvert tidligere industrielle trin, som anf\u00f8rt i ovenst\u00e5ende figur har adgangen til energi og nye maskiner generelt \u00e6ndret tempoet i udviklingen parallelt med optimerede fremstillingsprocedurer. Dampdrevne maskiner kan bev\u00e6ge eller manipulere forholdsm\u00e6ssigt flere varer end et heste- eller mandedrevet udstyr. Med introduktionen af elektriske maskiner og samleb\u00e5ndsarbejde, der blev opfundet af Henry Ford, blev den dav\u00e6rende eksisterende fulde arbejdscyklus for en traditionel h\u00e5ndv\u00e6rker fuldst\u00e6ndig overhalet n\u00e5r det kom til produktion.<\/p>\n<p>Den tredje revolution, som n\u00e6vnt ovenfor, introducerede elektroniske beregninger og gradvis automatisering af gentagne arbejdsprocesser. Men inden for tidsrummet for hver af de f\u00f8rste tre omdrejninger, blev effektiviteten line\u00e6rt forbedret &#8211; samling af 500 enheder tog stadig 10 gange flere ressourcer (tid, materiale, magt, fabriksgulvplads, distribution) end at producere 50 enheder.<\/p>\n<p>Den fjerde revolution introducerer eksponentielt, snarere end proportionalt, v\u00e6kstforhold: n\u00e5r der er adgang til enhver ny digital tjeneste fra f.eks. Microsofts tilsyneladende ubegr\u00e6nsede serverkapacitet er det ikke l\u00e6ngere de fysiske begr\u00e6nsninger der afg\u00f8r v\u00e6kstpotentialet, men derimod udelukkende den enkelte value proposition. Der er ingen direkte omkostninger forbundet med at distribuere millioner af kopier af software til en smartphone &#8211; linket er helt adskilt fra fysiske begr\u00e6nsninger, s\u00e5som beregning af m\u00e6ngden af udstyr og personale til at samle en enhed. P\u00e5 grund af ledig kapacitet tilbyder kontraktelektronikproducenten Flex (tidligere Flextronics) lignende skalering p\u00e5 hardwarevarer baseret p\u00e5 modulkomponenter leveret i 10 eller 10.000 eller 10.000.000 pr\u00f8ver.<\/p>\n<p><img loading=\"lazy\" decoding=\"async\" class=\"wp-image-33743 alignnone size-full\" src=\"https:\/\/beacontower.io\/wp-content\/uploads\/2021\/05\/reaching-50-million-users.jpg\" alt=\"\" width=\"698\" height=\"432\" srcset=\"https:\/\/beacontower.io\/wp-content\/uploads\/2021\/05\/reaching-50-million-users.jpg 698w, https:\/\/beacontower.io\/wp-content\/uploads\/2021\/05\/reaching-50-million-users-480x297.jpg 480w\" sizes=\"(min-width: 0px) and (max-width: 480px) 480px, (min-width: 481px) 698px, 100vw\" \/><\/p>\n<p>Naturen af friktionsfri eksponentiel v\u00e6kst n\u00e6rer tendensen <em>&#8220;the winner takes all&#8221;<\/em> som illustreret i ovenst\u00e5ende figur, men alligevel kan den f\u00f8rende position falme hurtigt, medmindre den underst\u00f8ttes af v\u00e6sentlige og vedvarende fordele for slutbrugeren. Spiller nogen f.eks. stadig &#8220;Draw Something&#8221;?<\/p>\n<p>Repr\u00e6sentanter fra den tyske industri og politikere er blevet enige om et f\u00e6lles charter, der generelt anvendes p\u00e5 flere dom\u00e6ner, og som er initiativer fra den f\u00f8derale regering som skal sikre at der tidligt dannes et f\u00e6lles grundlag for den n\u00e6ste revolution. INDUSTRIE 4.0 betyder et paradigmeskift v\u00e6k fra centraliseret til en mere decentral og smart produktion og logistik &#8211; indsamling og justering af produktionen i henhold til m\u00e5linger i realtid. N\u00e5r produkterne er installeret, overv\u00e5ges de for at forudsige fejl og optimere service.<\/p>\n<p>&nbsp;<\/p>\n<div>\n<h3 class=\"InfoBoxHeader\"><a name=\"_Toc46997473\"><\/a><em>SKF industrielle lejer<\/em><\/h3>\n<\/div>\n<div>\n<p class=\"InfoBoxtext\">Som et illustrativt eksempel har SKF, den svenske kuglelejeproducent, \u00f8get nettooms\u00e6tningen med 50% ved at tilf\u00f8je en digital servicevirksomhed med overv\u00e5gning og vedligeholdelse til deres oprindelige kerneprodukt af sm\u00e5 st\u00e5lkugler. Ved at m\u00e5le vibrationer p\u00e5 maskiner, der k\u00f8rer p\u00e5 SKF-lejer, kan de validere korrekt montering og efterf\u00f8lgende analysere et kendt vibrationsm\u00f8nster fra de installerede lejer, og derefter sammenligne vibrationen med tilsluttede sunde maskiner. En avanceret analysealgoritme genkender bidraget fra individuelle komponenter fra det akkumulerede akustiske spektrum, der g\u00f8r det muligt for SKF at identificere kilder til ukendte eller farlige vibrationsm\u00f8nstre, og dermed beskytte installationens livscyklus.<\/p>\n<p class=\"InfoBoxtext\">\n<div>\n<p class=\"InfoBoxtext\" style=\"text-align: left;\" align=\"right\"><i>&#8220;SKF har udviklet avancerede tjenester og teknologier til at vedligeholde, overv\u00e5ge, reparere og optimere dine aktiver gennem hele deres levetid. SKF leverer de optimale reservedele p\u00e5 det rigtige tidspunkt, og hj\u00e6lper kunderne med at optimere aktivets effektivitet.&#8221;<\/i><\/p>\n<\/div>\n<div>\n<p class=\"InfoBoxtext\" style=\"text-align: left;\" align=\"right\">SKF web info<\/p>\n<p class=\"InfoBoxtext\" style=\"text-align: center;\" align=\"right\">\n<p class=\"InfoBoxtext\" style=\"text-align: left;\" align=\"right\">G\u00e5 til den n\u00e6ste sektion: <a href=\"https:\/\/beacontower.io\/da\/indsigter\/iot-teknologi-trends\/\">IoT teknologitrends<\/a><\/p>\n<\/div>\n<\/div>\n<p>[\/et_pb_text][\/et_pb_column][\/et_pb_row][\/et_pb_section]<\/p>\n","protected":false},"excerpt":{"rendered":"<p>Hvad er IIoT &#8211; det industrielle Internet of Things? Internet of Things giver producenter og servicevirksomheder mulighed for at f\u00f8lge fremstillingsprocessen og produkternes anvendelse. N\u00e5r produktet f\u00f8rst er taget i brug, rapporterer det om brug og data, hvilket f\u00f8rer til mulige forbedringer. Analytics er baseret p\u00e5 avancerede statistikker, og markerer advarsler som p\u00e5 sigt kan [&hellip;]<\/p>\n","protected":false},"author":5,"featured_media":0,"parent":32861,"menu_order":0,"comment_status":"closed","ping_status":"closed","template":"","meta":{"_et_pb_use_builder":"on","_et_pb_old_content":"","_et_gb_content_width":"","footnotes":""},"class_list":["post-34250","page","type-page","status-publish","hentry"],"yoast_head":"<!-- This site is optimized with the Yoast SEO plugin v27.3 - https:\/\/yoast.com\/product\/yoast-seo-wordpress\/ -->\n<title>Hvad er IIoT - det industrielle Internet of Things? - Beacon Tower<\/title>\n<meta name=\"robots\" content=\"index, follow, max-snippet:-1, max-image-preview:large, max-video-preview:-1\" \/>\n<link rel=\"canonical\" href=\"https:\/\/beacontower.io\/da\/indsigter\/hvad-er-det-industrielle-internet-of-things-iiot\/\" \/>\n<meta property=\"og:locale\" content=\"da_DK\" \/>\n<meta property=\"og:type\" content=\"article\" \/>\n<meta property=\"og:title\" content=\"Hvad er IIoT - det industrielle Internet of Things? - Beacon Tower\" \/>\n<meta property=\"og:description\" content=\"Hvad er IIoT - det industrielle Internet of Things? Internet of Things giver producenter og servicevirksomheder mulighed for at f\u00f8lge fremstillingsprocessen og produkternes anvendelse. N\u00e5r produktet f\u00f8rst er taget i brug, rapporterer det om brug og data, hvilket f\u00f8rer til mulige forbedringer. Analytics er baseret p\u00e5 avancerede statistikker, og markerer advarsler som p\u00e5 sigt kan [&hellip;]\" \/>\n<meta property=\"og:url\" content=\"https:\/\/beacontower.io\/da\/indsigter\/hvad-er-det-industrielle-internet-of-things-iiot\/\" \/>\n<meta property=\"og:site_name\" content=\"Beacon Tower\" \/>\n<meta property=\"article:modified_time\" content=\"2021-07-01T11:26:54+00:00\" \/>\n<meta property=\"og:image\" content=\"https:\/\/beacontower.io\/wp-content\/uploads\/2021\/05\/linked-devices-to-cloud.jpg\" \/>\n<meta name=\"twitter:card\" content=\"summary_large_image\" \/>\n<meta name=\"twitter:label1\" content=\"Estimeret l\u00e6setid\" \/>\n\t<meta name=\"twitter:data1\" content=\"6 minutter\" \/>\n<script type=\"application\/ld+json\" class=\"yoast-schema-graph\">{\"@context\":\"https:\\\/\\\/schema.org\",\"@graph\":[{\"@type\":\"WebPage\",\"@id\":\"https:\\\/\\\/beacontower.io\\\/da\\\/indsigter\\\/hvad-er-det-industrielle-internet-of-things-iiot\\\/\",\"url\":\"https:\\\/\\\/beacontower.io\\\/da\\\/indsigter\\\/hvad-er-det-industrielle-internet-of-things-iiot\\\/\",\"name\":\"Hvad er IIoT - det industrielle Internet of Things? - Beacon Tower\",\"isPartOf\":{\"@id\":\"https:\\\/\\\/beacontower.io\\\/da\\\/#website\"},\"primaryImageOfPage\":{\"@id\":\"https:\\\/\\\/beacontower.io\\\/da\\\/indsigter\\\/hvad-er-det-industrielle-internet-of-things-iiot\\\/#primaryimage\"},\"image\":{\"@id\":\"https:\\\/\\\/beacontower.io\\\/da\\\/indsigter\\\/hvad-er-det-industrielle-internet-of-things-iiot\\\/#primaryimage\"},\"thumbnailUrl\":\"https:\\\/\\\/beacontower.io\\\/wp-content\\\/uploads\\\/2021\\\/05\\\/linked-devices-to-cloud.jpg\",\"datePublished\":\"2021-06-07T17:56:31+00:00\",\"dateModified\":\"2021-07-01T11:26:54+00:00\",\"breadcrumb\":{\"@id\":\"https:\\\/\\\/beacontower.io\\\/da\\\/indsigter\\\/hvad-er-det-industrielle-internet-of-things-iiot\\\/#breadcrumb\"},\"inLanguage\":\"da-DK\",\"potentialAction\":[{\"@type\":\"ReadAction\",\"target\":[\"https:\\\/\\\/beacontower.io\\\/da\\\/indsigter\\\/hvad-er-det-industrielle-internet-of-things-iiot\\\/\"]}]},{\"@type\":\"ImageObject\",\"inLanguage\":\"da-DK\",\"@id\":\"https:\\\/\\\/beacontower.io\\\/da\\\/indsigter\\\/hvad-er-det-industrielle-internet-of-things-iiot\\\/#primaryimage\",\"url\":\"https:\\\/\\\/beacontower.io\\\/wp-content\\\/uploads\\\/2021\\\/05\\\/linked-devices-to-cloud.jpg\",\"contentUrl\":\"https:\\\/\\\/beacontower.io\\\/wp-content\\\/uploads\\\/2021\\\/05\\\/linked-devices-to-cloud.jpg\"},{\"@type\":\"BreadcrumbList\",\"@id\":\"https:\\\/\\\/beacontower.io\\\/da\\\/indsigter\\\/hvad-er-det-industrielle-internet-of-things-iiot\\\/#breadcrumb\",\"itemListElement\":[{\"@type\":\"ListItem\",\"position\":1,\"name\":\"Home\",\"item\":\"https:\\\/\\\/beacontower.io\\\/da\\\/azure-iot-cloud-and-edge-platform\\\/\"},{\"@type\":\"ListItem\",\"position\":2,\"name\":\"Indsigter\",\"item\":\"https:\\\/\\\/beacontower.io\\\/da\\\/indsigter\\\/\"},{\"@type\":\"ListItem\",\"position\":3,\"name\":\"Hvad er IIoT &#8211; det industrielle Internet of Things?\"}]},{\"@type\":\"WebSite\",\"@id\":\"https:\\\/\\\/beacontower.io\\\/da\\\/#website\",\"url\":\"https:\\\/\\\/beacontower.io\\\/da\\\/\",\"name\":\"Beacon Tower\",\"description\":\"Azure IoT Cloud and Edge Platform\",\"publisher\":{\"@id\":\"https:\\\/\\\/beacontower.io\\\/da\\\/#organization\"},\"potentialAction\":[{\"@type\":\"SearchAction\",\"target\":{\"@type\":\"EntryPoint\",\"urlTemplate\":\"https:\\\/\\\/beacontower.io\\\/da\\\/?s={search_term_string}\"},\"query-input\":{\"@type\":\"PropertyValueSpecification\",\"valueRequired\":true,\"valueName\":\"search_term_string\"}}],\"inLanguage\":\"da-DK\"},{\"@type\":\"Organization\",\"@id\":\"https:\\\/\\\/beacontower.io\\\/da\\\/#organization\",\"name\":\"Beacon Tower\",\"url\":\"https:\\\/\\\/beacontower.io\\\/da\\\/\",\"logo\":{\"@type\":\"ImageObject\",\"inLanguage\":\"da-DK\",\"@id\":\"https:\\\/\\\/beacontower.io\\\/da\\\/#\\\/schema\\\/logo\\\/image\\\/\",\"url\":\"https:\\\/\\\/beacontower.io\\\/wp-content\\\/uploads\\\/2021\\\/04\\\/BT-logo-web.png\",\"contentUrl\":\"https:\\\/\\\/beacontower.io\\\/wp-content\\\/uploads\\\/2021\\\/04\\\/BT-logo-web.png\",\"width\":400,\"height\":175,\"caption\":\"Beacon Tower\"},\"image\":{\"@id\":\"https:\\\/\\\/beacontower.io\\\/da\\\/#\\\/schema\\\/logo\\\/image\\\/\"},\"sameAs\":[\"https:\\\/\\\/www.linkedin.com\\\/company\\\/glaze-about\"]}]}<\/script>\n<!-- \/ Yoast SEO plugin. -->","yoast_head_json":{"title":"Hvad er IIoT - det industrielle Internet of Things? - Beacon Tower","robots":{"index":"index","follow":"follow","max-snippet":"max-snippet:-1","max-image-preview":"max-image-preview:large","max-video-preview":"max-video-preview:-1"},"canonical":"https:\/\/beacontower.io\/da\/indsigter\/hvad-er-det-industrielle-internet-of-things-iiot\/","og_locale":"da_DK","og_type":"article","og_title":"Hvad er IIoT - det industrielle Internet of Things? - Beacon Tower","og_description":"Hvad er IIoT - det industrielle Internet of Things? Internet of Things giver producenter og servicevirksomheder mulighed for at f\u00f8lge fremstillingsprocessen og produkternes anvendelse. N\u00e5r produktet f\u00f8rst er taget i brug, rapporterer det om brug og data, hvilket f\u00f8rer til mulige forbedringer. Analytics er baseret p\u00e5 avancerede statistikker, og markerer advarsler som p\u00e5 sigt kan [&hellip;]","og_url":"https:\/\/beacontower.io\/da\/indsigter\/hvad-er-det-industrielle-internet-of-things-iiot\/","og_site_name":"Beacon Tower","article_modified_time":"2021-07-01T11:26:54+00:00","og_image":[{"url":"https:\/\/beacontower.io\/wp-content\/uploads\/2021\/05\/linked-devices-to-cloud.jpg","type":"","width":"","height":""}],"twitter_card":"summary_large_image","twitter_misc":{"Estimeret l\u00e6setid":"6 minutter"},"schema":{"@context":"https:\/\/schema.org","@graph":[{"@type":"WebPage","@id":"https:\/\/beacontower.io\/da\/indsigter\/hvad-er-det-industrielle-internet-of-things-iiot\/","url":"https:\/\/beacontower.io\/da\/indsigter\/hvad-er-det-industrielle-internet-of-things-iiot\/","name":"Hvad er IIoT - det industrielle Internet of Things? - Beacon Tower","isPartOf":{"@id":"https:\/\/beacontower.io\/da\/#website"},"primaryImageOfPage":{"@id":"https:\/\/beacontower.io\/da\/indsigter\/hvad-er-det-industrielle-internet-of-things-iiot\/#primaryimage"},"image":{"@id":"https:\/\/beacontower.io\/da\/indsigter\/hvad-er-det-industrielle-internet-of-things-iiot\/#primaryimage"},"thumbnailUrl":"https:\/\/beacontower.io\/wp-content\/uploads\/2021\/05\/linked-devices-to-cloud.jpg","datePublished":"2021-06-07T17:56:31+00:00","dateModified":"2021-07-01T11:26:54+00:00","breadcrumb":{"@id":"https:\/\/beacontower.io\/da\/indsigter\/hvad-er-det-industrielle-internet-of-things-iiot\/#breadcrumb"},"inLanguage":"da-DK","potentialAction":[{"@type":"ReadAction","target":["https:\/\/beacontower.io\/da\/indsigter\/hvad-er-det-industrielle-internet-of-things-iiot\/"]}]},{"@type":"ImageObject","inLanguage":"da-DK","@id":"https:\/\/beacontower.io\/da\/indsigter\/hvad-er-det-industrielle-internet-of-things-iiot\/#primaryimage","url":"https:\/\/beacontower.io\/wp-content\/uploads\/2021\/05\/linked-devices-to-cloud.jpg","contentUrl":"https:\/\/beacontower.io\/wp-content\/uploads\/2021\/05\/linked-devices-to-cloud.jpg"},{"@type":"BreadcrumbList","@id":"https:\/\/beacontower.io\/da\/indsigter\/hvad-er-det-industrielle-internet-of-things-iiot\/#breadcrumb","itemListElement":[{"@type":"ListItem","position":1,"name":"Home","item":"https:\/\/beacontower.io\/da\/azure-iot-cloud-and-edge-platform\/"},{"@type":"ListItem","position":2,"name":"Indsigter","item":"https:\/\/beacontower.io\/da\/indsigter\/"},{"@type":"ListItem","position":3,"name":"Hvad er IIoT &#8211; det industrielle Internet of Things?"}]},{"@type":"WebSite","@id":"https:\/\/beacontower.io\/da\/#website","url":"https:\/\/beacontower.io\/da\/","name":"Beacon Tower","description":"Azure IoT Cloud and Edge Platform","publisher":{"@id":"https:\/\/beacontower.io\/da\/#organization"},"potentialAction":[{"@type":"SearchAction","target":{"@type":"EntryPoint","urlTemplate":"https:\/\/beacontower.io\/da\/?s={search_term_string}"},"query-input":{"@type":"PropertyValueSpecification","valueRequired":true,"valueName":"search_term_string"}}],"inLanguage":"da-DK"},{"@type":"Organization","@id":"https:\/\/beacontower.io\/da\/#organization","name":"Beacon Tower","url":"https:\/\/beacontower.io\/da\/","logo":{"@type":"ImageObject","inLanguage":"da-DK","@id":"https:\/\/beacontower.io\/da\/#\/schema\/logo\/image\/","url":"https:\/\/beacontower.io\/wp-content\/uploads\/2021\/04\/BT-logo-web.png","contentUrl":"https:\/\/beacontower.io\/wp-content\/uploads\/2021\/04\/BT-logo-web.png","width":400,"height":175,"caption":"Beacon Tower"},"image":{"@id":"https:\/\/beacontower.io\/da\/#\/schema\/logo\/image\/"},"sameAs":["https:\/\/www.linkedin.com\/company\/glaze-about"]}]}},"_links":{"self":[{"href":"https:\/\/beacontower.io\/da\/wp-json\/wp\/v2\/pages\/34250","targetHints":{"allow":["GET"]}}],"collection":[{"href":"https:\/\/beacontower.io\/da\/wp-json\/wp\/v2\/pages"}],"about":[{"href":"https:\/\/beacontower.io\/da\/wp-json\/wp\/v2\/types\/page"}],"author":[{"embeddable":true,"href":"https:\/\/beacontower.io\/da\/wp-json\/wp\/v2\/users\/5"}],"replies":[{"embeddable":true,"href":"https:\/\/beacontower.io\/da\/wp-json\/wp\/v2\/comments?post=34250"}],"version-history":[{"count":13,"href":"https:\/\/beacontower.io\/da\/wp-json\/wp\/v2\/pages\/34250\/revisions"}],"predecessor-version":[{"id":34402,"href":"https:\/\/beacontower.io\/da\/wp-json\/wp\/v2\/pages\/34250\/revisions\/34402"}],"up":[{"embeddable":true,"href":"https:\/\/beacontower.io\/da\/wp-json\/wp\/v2\/pages\/32861"}],"wp:attachment":[{"href":"https:\/\/beacontower.io\/da\/wp-json\/wp\/v2\/media?parent=34250"}],"curies":[{"name":"wp","href":"https:\/\/api.w.org\/{rel}","templated":true}]}}