{"id":34244,"date":"2021-06-07T17:54:29","date_gmt":"2021-06-07T17:54:29","guid":{"rendered":"https:\/\/beacontower.io\/indsigter\/system-architecture-layers\/"},"modified":"2021-07-02T08:58:46","modified_gmt":"2021-07-02T08:58:46","slug":"iot-systemarkitektur","status":"publish","type":"page","link":"https:\/\/beacontower.io\/da\/indsigter\/iot-systemarkitektur\/","title":{"rendered":"Systemarkitektur"},"content":{"rendered":"<p>[et_pb_section fb_built=&#8221;1&#8243; _builder_version=&#8221;4.7.4&#8243; _module_preset=&#8221;default&#8221;][et_pb_row _builder_version=&#8221;4.9.4&#8243; _module_preset=&#8221;default&#8221; custom_margin=&#8221;100px||||false|false&#8221; custom_padding=&#8221;||||false|false&#8221;][et_pb_column type=&#8221;4_4&#8243; _builder_version=&#8221;4.9.4&#8243; _module_preset=&#8221;default&#8221;][et_pb_text _builder_version=&#8221;4.9.4&#8243; _module_preset=&#8221;default&#8221;]<\/p>\n<h2><strong>IoT-systemarkitektur<\/strong><\/h2>\n<p>Internet of Things forbinder den fysiske verden med dataservere i den digitale verden, og pr\u00e6senterer indsigt for brugeren. En simpel model til at illustrere logikken er vist nedenfor:<\/p>\n<h1><strong><img loading=\"lazy\" decoding=\"async\" class=\"wp-image-33846 alignnone size-full\" src=\"https:\/\/beacontower.io\/wp-content\/uploads\/2021\/05\/iot-overview.jpg\" alt=\"\" width=\"567\" height=\"350\" srcset=\"https:\/\/beacontower.io\/wp-content\/uploads\/2021\/05\/iot-overview.jpg 567w, https:\/\/beacontower.io\/wp-content\/uploads\/2021\/05\/iot-overview-480x296.jpg 480w\" sizes=\"(min-width: 0px) and (max-width: 480px) 480px, (min-width: 481px) 567px, 100vw\" \/><\/strong><\/h1>\n<p>Den <strong>fysiske ting<\/strong> kan opholde sig hvor som helst som en fast enhed &#8211; f.eks. fabriksmaskiner &#8211; eller en bev\u00e6gelig genstand &#8211; f.eks. k\u00f8lebeholdere. <strong>Sensorer <\/strong>registrerer en fysisk egenskab p\u00e5 den fysiske ting, s\u00e5som temperatur eller mekanisk placering af et stykke bev\u00e6geligt maskineri. <strong>Aktuatorer<\/strong> betjener tingen, og handler p\u00e5 digitale kontrolkommandoer for at \u00e5bne, dreje, k\u00f8le, flytte osv. Ofte er lag 1 &amp; 2 integreret og k\u00f8rer et autonomt lukket kredsl\u00f8bskontrolsystem, for eksempel ved at styre servomekanismer eller opretholde den indstillede temperatur, ved at betjene en varmtvandsventil.<\/p>\n<p>Data indsamlet af sensorer og kontrolkommandoer fra den digitale tjeneste sendes og modtages gennem <strong>forbindelseslaget<\/strong>, som v\u00e6lges til at d\u00e6kke transmissionens fysiske afstand og den n\u00f8dvendige b\u00e5ndbredde til form\u00e5let. Forbindelse kan opdeles i f.eks. lokal tr\u00e5dl\u00f8s forbindelse p\u00e5 webstedet, og derefter bruge offentligt internet til at oprette forbindelse til serverne i den digitale verden.<\/p>\n<p>Installationen i den fysiske verden kaldes ogs\u00e5 <strong>Edge<\/strong>.<\/p>\n<p>I den digitale verden, <strong>Cloud<\/strong>, lagres og normaliseres data for at forbedre digitale r\u00e5formater med informative metadata og supplerende oplysninger s\u00e5som tidsstempel, placeringskode, samplingsfrekvens osv. Hostet p\u00e5 et centralt computersystem. \u201cCloud\u201d er blot endnu et udtryk for en meget skal\u00e9rbar serverfarm, men ordet indikerer en abstraktion af mindre bekymring for hvor behandlingen udf\u00f8res, s\u00e5 l\u00e6nge slutbrugeren oplever det \u00f8nskede output p\u00e5 en dedikeret pc, tablet eller mobilterminal.<\/p>\n<p><strong>Analytics <\/strong>modellerer data ved hj\u00e6lp af almindelige statistikv\u00e6rkt\u00f8jer s\u00e5som trendlinjer, gennemsnit, varians yderligere forbedret ved at anvende korrelations- og regressionsalgoritmer &#8211; alt sammen med det form\u00e5l at l\u00e6re m\u00f8nstre og senere sammenligne dem p\u00e5 tv\u00e6rs af datas\u00e6t. Forskellige tr\u00e6ningsmetoder til forudsigelse anvendes, indtil modellen opn\u00e5r et \u00f8nsket niveau af n\u00f8jagtighed p\u00e5 tr\u00e6ningsdataene.<\/p>\n<p>Den <strong>digitale tjeneste<\/strong> pr\u00e6senterer data som direkte afl\u00e6sninger &#8211; tidslinjer, m\u00e5lere, varmekort osv. &#8211; samt visualiserer de m\u00f8nstre, der l\u00e6res under analysen. Dette kan pr\u00e6senteres som store displaydashboards eller sendes til en h\u00e5ndholdt enhed til direkte kunde- eller operat\u00f8rinteraktion.<\/p>\n<p>En <strong>fabrikskvalitetsoperat\u00f8r<\/strong> kan nu fra et instrumentbr\u00e6t se et farvekort over komponenter, der indikerer den risiko, der snart indtr\u00e6ffer, baseret p\u00e5 deres produktionshistorie sammenlignet med mange \u00e5rs erfaring, som maskinleverand\u00f8ren har samlet fra lignende dele over en verdensomsp\u00e6ndende installationsbase.<\/p>\n<p>Afsnittene nedenfor eksemplificerer yderligere eller uddyber visse egenskaber, der skal tages i betragtning for hvert lag:<\/p>\n<h2><a name=\"_Toc73445815\"><\/a>Fysiske ting<\/h2>\n<p>Enheden eller apparatet med fysisk tilstedev\u00e6relse: Elektrisk transportb\u00e5nd, hydraulisk positionsservo, automatisk d\u00f8r, afl\u00f8bspumpe, blodtryksm\u00e5ler. Det er den enhed, der skal m\u00e5les eller kontrolleres.<\/p>\n<h2><a name=\"_Toc73445816\"><\/a>Sensorer\/aktuatorer<\/h2>\n<p>Sensorer udsender et elektrisk signal som en afl\u00e6sning af position, temperatur, GPS-modul, kraftdissipation, tryk, vibration, lyd osv.<\/p>\n<p>Aktuatorer bruger energi til at flytte eller aktivere luftventiler, hydraulik, elektriske motoraksler, servomekanismer, afl\u00f8bspumper, vibratorer osv.<\/p>\n<h3>Energimangel<\/h3>\n<p>Sensorer p\u00e5 fjerntliggende steder kan v\u00e6re begr\u00e6nset af meget lav effekt, der er tilg\u00e6ngelig p\u00e5 m\u00e5lepunktet. P\u00e5 ethvert tidspunkt unders\u00f8ges nye m\u00e5der at minimere vedligeholdelse af installerede enheder inklusiv udskiftning af batterier, hvilket har f\u00f8rt til fremkomsten af avancerede energih\u00f8stningsprincipper: Et piezo-element, der genererer str\u00f8m fra klemning, kan fange minimale bev\u00e6gelser for at generere str\u00f8m til en sensor og sender; en sensor p\u00e5 en enhed med en tydelig temperaturforskel kan h\u00f8ste energi via Peltier-effekten. Endnu andre enheder str\u00e6ber efter at indsamle solenergi til et forseglet batteri, der ikke skal udskiftes f\u00f8r om 10 \u00e5r.<\/p>\n<h3>IoT-relevante komponenter med priserosion<\/h3>\n<p>Visse komponenter er tilb\u00f8jelige til en dramatisk volumenfor\u00f8gelse p\u00e5 markedet, da andre dom\u00e6ner opfanger funktionaliteten, der udl\u00f8ser umiddelbar mangel og derefter en h\u00e5rd konkurrence, der f\u00f8rer til kraftig priserosion. Matrixen af sensorer, der er implementeret i smartphones s\u00e5som accelerometre, digitalt kompas, GPS-modtager, medium- og high-definition kamera, lyssensorer, mikrofoner osv., giver en rig kilde til muligheder for gr\u00e6nseflade til industri- eller kundeudstyr til ethvert andet form\u00e5l.<\/p>\n<p>N\u00e5r f\u00f8rst en sensor er blevet almindelig inden for smartphone-dom\u00e6net (forsendelsesm\u00e6rket p\u00e5 1 milliard LTE-smartphone blev overg\u00e5et i 2016), er en komponent som et accelerometer tilg\u00e6ngelig til ca. 0,50 USD &#8211; i 1980&#8217;erne var omkostningerne over 500 USD pr. stk.<\/p>\n<h2><a name=\"_Toc73445817\"><\/a>Dataindsamling<\/h2>\n<p>Dataindsamling etablerer en buffer mellem m\u00e5lingerne fra sensorer og den forbindelse, der bruges til at videresende dataene. B\u00e5ndbredden er muligvis ikke den samme, eller andre data kan v\u00e6re samlet inden videresendelse. Yderligere kan dataindsamlingspunktet udf\u00f8re indledende beregninger eller kontrol af de tilknyttede data og aktuatorer.<\/p>\n<h3>Eksperimenterende enheder<\/h3>\n<p>Til eksperimentering og forretningsverifikationsform\u00e5l er der en r\u00e6kke generelle modul\u00e6re enheder tilg\u00e6ngelige, der forbinder via standardgr\u00e6nseflader til sensorer og udf\u00f8rer datah\u00e5ndtering\/transmission. Dette forenkler forbindelsen til eksterne sensorer og et valg af tr\u00e5dl\u00f8s forbindelse. Et intuitivt softwaremilj\u00f8 (SDK) underst\u00f8tter hurtig eksperimentering og fjernopdatering distribueret til enheder p\u00e5 stedet eller i et laboratorium.<\/p>\n<p>En smule \u201d<em>n\u00f8rdet\u201d<\/em> eksperimentel tilgang er at erhverve et enkeltst\u00e5ende computerkort, f.eks. C.H.I.P. (9 USD) Raspberry Pi Zero (fra 5 USD). Som kernen i en lang r\u00e6kke opfindelser baseret p\u00e5 Linux, Windows-10 eller andre COTS-operativsystemer er \u00f8kosystemet omfattende, men skr\u00f8beligt og beregnet til fortsat udforskning for at f\u00e5 fordel af allerede offentlige drivere osv.<\/p>\n<h3>Kontrol loop<\/h3>\n<p>Uanset hvor p\u00e5lidelig og hurtig forbindelsen ville v\u00e6re p\u00e5 et 4G \/ LTE-netv\u00e6rk, ville styringen af \u200b\u200bet atomkraftv\u00e6rk aldrig blive styret via en fjernforbindelse &#8211; konsekvenserne, hvis de blev afbrudt, ville v\u00e6re fatale.<\/p>\n<p>Der kr\u00e6ves meget korte responstider til styring af tidskritiske systemer som automatiserede lukkede sl\u00f8jfer, der regulerer og afbalancerer undersystemer, f.eks. aktualitet af et fabriks transportb\u00e5nds hastighed til at synkronisere med andre procestrin.<\/p>\n<p>Overordnet kontrol af systemet &#8211; som f.eks. \u00e6ndring af referencetemperaturindstillingspunktet &#8211; er uafh\u00e6ngig af n\u00f8jagtig rettidighed og kan ske p\u00e5 afstand p\u00e5 operat\u00f8rens instrumentbr\u00e6t eller en knap for at kontrollere processen.<\/p>\n<p>Den ydre overv\u00e5gningssl\u00f8jfe er ikke direkte involveret i at kontrollere, men overv\u00e5ger og reagerer p\u00e5 observationer over tid, f.eks. overv\u00e5gning af gennemsnit og varians af temperaturstabilitet, sammenligning p\u00e5 tv\u00e6rs af alle temperatursensorer; benchmarking af energiforbrug med indend\u00f8rs komfort p\u00e5 tv\u00e6rs af etager eller bygninger og efterf\u00f8lgende fra bedste praksis foresl\u00e5r korrigerende handlinger p\u00e5 systemkontrollen.<\/p>\n<h2><a name=\"_Toc73445818\"><\/a>Forbindelse (digital infrastruktur)<\/h2>\n<p>Dedikerede datatransmissionsprotokoller er udviklet og optimeret med det form\u00e5l at minimere energiforbruget og kun transmittere et minimum af information i netv\u00e6rk, hvor enheder kan g\u00e5 i dvaletilstand og v\u00e5gne op, n\u00e5r det er n\u00f8dvendigt.<\/p>\n<p>Milliarder af kompakte radiomoduler, protokollogik og antenner, der er implementeret p\u00e5 tv\u00e6rs af h\u00e5ndholdte enheder, giver mulighed for at udstyre IoT-enheder med kort (NFC, Bluetooth), medium (WiFi) eller lang r\u00e6kkevidde (3G, 4G, 5G, NB-IoT) -tilslutning tilg\u00e6ngelig som integrerede moduler til meget lave omkostninger.<\/p>\n<p>Den digitale infrastruktur skal optimeres til den fulde rute fra oprindeligt at forbinde en simpel sensor mod en hub eller router, som igen forbinder forbindelsen til serverne og skyfunktionalitet. Flere systemer kan implementeres for at supplere kravene for brugsscenariet.<\/p>\n<p><img loading=\"lazy\" decoding=\"async\" class=\"wp-image-33860 alignnone size-full\" src=\"https:\/\/beacontower.io\/wp-content\/uploads\/2021\/05\/connectivity-technologies.jpg\" alt=\"\" width=\"600\" height=\"321\" srcset=\"https:\/\/beacontower.io\/wp-content\/uploads\/2021\/05\/connectivity-technologies.jpg 600w, https:\/\/beacontower.io\/wp-content\/uploads\/2021\/05\/connectivity-technologies-480x257.jpg 480w\" sizes=\"(min-width: 0px) and (max-width: 480px) 480px, (min-width: 481px) 600px, 100vw\" \/><\/p>\n<p>En producent af et standard tr\u00e5dl\u00f8st modul fremh\u00e6ver: <em>\u201dDet ideelle til IoT-applikationer og -enheder, er det at det indeholder forskellige funktioner s\u00e5som smart utility m\u00e5ling, smart betaling og salgssteder, og er i stand til b\u00e6rbare enheder som action kameraer. Med end-to-end sikkerhedsfunktioner som sikker boot, transportlag og mere er den klar til LTE World. \u201d<\/em><\/p>\n<p>At designe en robust digital infrastruktur kr\u00e6ver analyse og beslutninger om 1) valg af moduler til optimal datakapacitet i forhold til omkostninger, 2) markedskrav, 3) d\u00e6kning af begr\u00e6nsninger p\u00e5 tv\u00e6rs af regional regulering, 4) forbindelse i forskellige geografiske omr\u00e5der, 5) over kortere eller l\u00e6ngere afstande gennem forhindringer.<\/p>\n<p>Figuren foroven repr\u00e6senterer et hypotetisk eksempel p\u00e5 at forbinde bev\u00e6gelige maskiner med sensorer p\u00e5 et fabriksgulv inden for tr\u00e5dl\u00f8se ZigBee-netv\u00e6rker med kort r\u00e6kkevidde. Disse er igen forbundet via WiFi til b\u00e5de tablets og kablet (Ethernet) cloud-servere via offentligt internet.<\/p>\n<p>&nbsp;<\/p>\n<p>Forts\u00e6t l\u00e6sningen: <a href=\"https:\/\/beacontower.io\/da\/indsigter\/cloud-og-iot-hvad-skal-man-vaelge\/\">Cloud og IoT &#8211; hvad skal man v\u00e6lge?<\/a><\/p>\n<p>&nbsp;<\/p>\n<p>[\/et_pb_text][\/et_pb_column][\/et_pb_row][\/et_pb_section]<\/p>\n","protected":false},"excerpt":{"rendered":"<p>IoT-systemarkitektur Internet of Things forbinder den fysiske verden med dataservere i den digitale verden, og pr\u00e6senterer indsigt for brugeren. En simpel model til at illustrere logikken er vist nedenfor: Den fysiske ting kan opholde sig hvor som helst som en fast enhed &#8211; f.eks. fabriksmaskiner &#8211; eller en bev\u00e6gelig genstand &#8211; f.eks. k\u00f8lebeholdere. Sensorer registrerer [&hellip;]<\/p>\n","protected":false},"author":5,"featured_media":0,"parent":32861,"menu_order":0,"comment_status":"closed","ping_status":"closed","template":"","meta":{"_et_pb_use_builder":"on","_et_pb_old_content":"","_et_gb_content_width":"","footnotes":""},"class_list":["post-34244","page","type-page","status-publish","hentry"],"yoast_head":"<!-- This site is optimized with the Yoast SEO plugin v27.3 - https:\/\/yoast.com\/product\/yoast-seo-wordpress\/ -->\n<title>Systemarkitektur - Beacon Tower<\/title>\n<meta name=\"robots\" content=\"index, follow, max-snippet:-1, max-image-preview:large, max-video-preview:-1\" \/>\n<link rel=\"canonical\" href=\"https:\/\/beacontower.io\/da\/indsigter\/iot-systemarkitektur\/\" \/>\n<meta property=\"og:locale\" content=\"da_DK\" \/>\n<meta property=\"og:type\" content=\"article\" \/>\n<meta property=\"og:title\" content=\"Systemarkitektur - Beacon Tower\" \/>\n<meta property=\"og:description\" content=\"IoT-systemarkitektur Internet of Things forbinder den fysiske verden med dataservere i den digitale verden, og pr\u00e6senterer indsigt for brugeren. En simpel model til at illustrere logikken er vist nedenfor: Den fysiske ting kan opholde sig hvor som helst som en fast enhed - f.eks. fabriksmaskiner - eller en bev\u00e6gelig genstand - f.eks. k\u00f8lebeholdere. Sensorer registrerer [&hellip;]\" \/>\n<meta property=\"og:url\" content=\"https:\/\/beacontower.io\/da\/indsigter\/iot-systemarkitektur\/\" \/>\n<meta property=\"og:site_name\" content=\"Beacon Tower\" \/>\n<meta property=\"article:modified_time\" content=\"2021-07-02T08:58:46+00:00\" \/>\n<meta property=\"og:image\" content=\"https:\/\/beacontower.io\/wp-content\/uploads\/2021\/05\/iot-overview.jpg\" \/>\n<meta name=\"twitter:card\" content=\"summary_large_image\" \/>\n<meta name=\"twitter:label1\" content=\"Estimeret l\u00e6setid\" \/>\n\t<meta name=\"twitter:data1\" content=\"7 minutter\" \/>\n<script type=\"application\/ld+json\" class=\"yoast-schema-graph\">{\"@context\":\"https:\\\/\\\/schema.org\",\"@graph\":[{\"@type\":\"WebPage\",\"@id\":\"https:\\\/\\\/beacontower.io\\\/da\\\/indsigter\\\/iot-systemarkitektur\\\/\",\"url\":\"https:\\\/\\\/beacontower.io\\\/da\\\/indsigter\\\/iot-systemarkitektur\\\/\",\"name\":\"Systemarkitektur - Beacon Tower\",\"isPartOf\":{\"@id\":\"https:\\\/\\\/beacontower.io\\\/da\\\/#website\"},\"primaryImageOfPage\":{\"@id\":\"https:\\\/\\\/beacontower.io\\\/da\\\/indsigter\\\/iot-systemarkitektur\\\/#primaryimage\"},\"image\":{\"@id\":\"https:\\\/\\\/beacontower.io\\\/da\\\/indsigter\\\/iot-systemarkitektur\\\/#primaryimage\"},\"thumbnailUrl\":\"https:\\\/\\\/beacontower.io\\\/wp-content\\\/uploads\\\/2021\\\/05\\\/iot-overview.jpg\",\"datePublished\":\"2021-06-07T17:54:29+00:00\",\"dateModified\":\"2021-07-02T08:58:46+00:00\",\"breadcrumb\":{\"@id\":\"https:\\\/\\\/beacontower.io\\\/da\\\/indsigter\\\/iot-systemarkitektur\\\/#breadcrumb\"},\"inLanguage\":\"da-DK\",\"potentialAction\":[{\"@type\":\"ReadAction\",\"target\":[\"https:\\\/\\\/beacontower.io\\\/da\\\/indsigter\\\/iot-systemarkitektur\\\/\"]}]},{\"@type\":\"ImageObject\",\"inLanguage\":\"da-DK\",\"@id\":\"https:\\\/\\\/beacontower.io\\\/da\\\/indsigter\\\/iot-systemarkitektur\\\/#primaryimage\",\"url\":\"https:\\\/\\\/beacontower.io\\\/wp-content\\\/uploads\\\/2021\\\/05\\\/iot-overview.jpg\",\"contentUrl\":\"https:\\\/\\\/beacontower.io\\\/wp-content\\\/uploads\\\/2021\\\/05\\\/iot-overview.jpg\"},{\"@type\":\"BreadcrumbList\",\"@id\":\"https:\\\/\\\/beacontower.io\\\/da\\\/indsigter\\\/iot-systemarkitektur\\\/#breadcrumb\",\"itemListElement\":[{\"@type\":\"ListItem\",\"position\":1,\"name\":\"Home\",\"item\":\"https:\\\/\\\/beacontower.io\\\/da\\\/azure-iot-cloud-and-edge-platform\\\/\"},{\"@type\":\"ListItem\",\"position\":2,\"name\":\"Indsigter\",\"item\":\"https:\\\/\\\/beacontower.io\\\/da\\\/indsigter\\\/\"},{\"@type\":\"ListItem\",\"position\":3,\"name\":\"Systemarkitektur\"}]},{\"@type\":\"WebSite\",\"@id\":\"https:\\\/\\\/beacontower.io\\\/da\\\/#website\",\"url\":\"https:\\\/\\\/beacontower.io\\\/da\\\/\",\"name\":\"Beacon Tower\",\"description\":\"Azure IoT Cloud and Edge Platform\",\"publisher\":{\"@id\":\"https:\\\/\\\/beacontower.io\\\/da\\\/#organization\"},\"potentialAction\":[{\"@type\":\"SearchAction\",\"target\":{\"@type\":\"EntryPoint\",\"urlTemplate\":\"https:\\\/\\\/beacontower.io\\\/da\\\/?s={search_term_string}\"},\"query-input\":{\"@type\":\"PropertyValueSpecification\",\"valueRequired\":true,\"valueName\":\"search_term_string\"}}],\"inLanguage\":\"da-DK\"},{\"@type\":\"Organization\",\"@id\":\"https:\\\/\\\/beacontower.io\\\/da\\\/#organization\",\"name\":\"Beacon Tower\",\"url\":\"https:\\\/\\\/beacontower.io\\\/da\\\/\",\"logo\":{\"@type\":\"ImageObject\",\"inLanguage\":\"da-DK\",\"@id\":\"https:\\\/\\\/beacontower.io\\\/da\\\/#\\\/schema\\\/logo\\\/image\\\/\",\"url\":\"https:\\\/\\\/beacontower.io\\\/wp-content\\\/uploads\\\/2021\\\/04\\\/BT-logo-web.png\",\"contentUrl\":\"https:\\\/\\\/beacontower.io\\\/wp-content\\\/uploads\\\/2021\\\/04\\\/BT-logo-web.png\",\"width\":400,\"height\":175,\"caption\":\"Beacon Tower\"},\"image\":{\"@id\":\"https:\\\/\\\/beacontower.io\\\/da\\\/#\\\/schema\\\/logo\\\/image\\\/\"},\"sameAs\":[\"https:\\\/\\\/www.linkedin.com\\\/company\\\/glaze-about\"]}]}<\/script>\n<!-- \/ Yoast SEO plugin. -->","yoast_head_json":{"title":"Systemarkitektur - Beacon Tower","robots":{"index":"index","follow":"follow","max-snippet":"max-snippet:-1","max-image-preview":"max-image-preview:large","max-video-preview":"max-video-preview:-1"},"canonical":"https:\/\/beacontower.io\/da\/indsigter\/iot-systemarkitektur\/","og_locale":"da_DK","og_type":"article","og_title":"Systemarkitektur - Beacon Tower","og_description":"IoT-systemarkitektur Internet of Things forbinder den fysiske verden med dataservere i den digitale verden, og pr\u00e6senterer indsigt for brugeren. En simpel model til at illustrere logikken er vist nedenfor: Den fysiske ting kan opholde sig hvor som helst som en fast enhed - f.eks. fabriksmaskiner - eller en bev\u00e6gelig genstand - f.eks. k\u00f8lebeholdere. Sensorer registrerer [&hellip;]","og_url":"https:\/\/beacontower.io\/da\/indsigter\/iot-systemarkitektur\/","og_site_name":"Beacon Tower","article_modified_time":"2021-07-02T08:58:46+00:00","og_image":[{"url":"https:\/\/beacontower.io\/wp-content\/uploads\/2021\/05\/iot-overview.jpg","type":"","width":"","height":""}],"twitter_card":"summary_large_image","twitter_misc":{"Estimeret l\u00e6setid":"7 minutter"},"schema":{"@context":"https:\/\/schema.org","@graph":[{"@type":"WebPage","@id":"https:\/\/beacontower.io\/da\/indsigter\/iot-systemarkitektur\/","url":"https:\/\/beacontower.io\/da\/indsigter\/iot-systemarkitektur\/","name":"Systemarkitektur - Beacon Tower","isPartOf":{"@id":"https:\/\/beacontower.io\/da\/#website"},"primaryImageOfPage":{"@id":"https:\/\/beacontower.io\/da\/indsigter\/iot-systemarkitektur\/#primaryimage"},"image":{"@id":"https:\/\/beacontower.io\/da\/indsigter\/iot-systemarkitektur\/#primaryimage"},"thumbnailUrl":"https:\/\/beacontower.io\/wp-content\/uploads\/2021\/05\/iot-overview.jpg","datePublished":"2021-06-07T17:54:29+00:00","dateModified":"2021-07-02T08:58:46+00:00","breadcrumb":{"@id":"https:\/\/beacontower.io\/da\/indsigter\/iot-systemarkitektur\/#breadcrumb"},"inLanguage":"da-DK","potentialAction":[{"@type":"ReadAction","target":["https:\/\/beacontower.io\/da\/indsigter\/iot-systemarkitektur\/"]}]},{"@type":"ImageObject","inLanguage":"da-DK","@id":"https:\/\/beacontower.io\/da\/indsigter\/iot-systemarkitektur\/#primaryimage","url":"https:\/\/beacontower.io\/wp-content\/uploads\/2021\/05\/iot-overview.jpg","contentUrl":"https:\/\/beacontower.io\/wp-content\/uploads\/2021\/05\/iot-overview.jpg"},{"@type":"BreadcrumbList","@id":"https:\/\/beacontower.io\/da\/indsigter\/iot-systemarkitektur\/#breadcrumb","itemListElement":[{"@type":"ListItem","position":1,"name":"Home","item":"https:\/\/beacontower.io\/da\/azure-iot-cloud-and-edge-platform\/"},{"@type":"ListItem","position":2,"name":"Indsigter","item":"https:\/\/beacontower.io\/da\/indsigter\/"},{"@type":"ListItem","position":3,"name":"Systemarkitektur"}]},{"@type":"WebSite","@id":"https:\/\/beacontower.io\/da\/#website","url":"https:\/\/beacontower.io\/da\/","name":"Beacon Tower","description":"Azure IoT Cloud and Edge Platform","publisher":{"@id":"https:\/\/beacontower.io\/da\/#organization"},"potentialAction":[{"@type":"SearchAction","target":{"@type":"EntryPoint","urlTemplate":"https:\/\/beacontower.io\/da\/?s={search_term_string}"},"query-input":{"@type":"PropertyValueSpecification","valueRequired":true,"valueName":"search_term_string"}}],"inLanguage":"da-DK"},{"@type":"Organization","@id":"https:\/\/beacontower.io\/da\/#organization","name":"Beacon Tower","url":"https:\/\/beacontower.io\/da\/","logo":{"@type":"ImageObject","inLanguage":"da-DK","@id":"https:\/\/beacontower.io\/da\/#\/schema\/logo\/image\/","url":"https:\/\/beacontower.io\/wp-content\/uploads\/2021\/04\/BT-logo-web.png","contentUrl":"https:\/\/beacontower.io\/wp-content\/uploads\/2021\/04\/BT-logo-web.png","width":400,"height":175,"caption":"Beacon Tower"},"image":{"@id":"https:\/\/beacontower.io\/da\/#\/schema\/logo\/image\/"},"sameAs":["https:\/\/www.linkedin.com\/company\/glaze-about"]}]}},"_links":{"self":[{"href":"https:\/\/beacontower.io\/da\/wp-json\/wp\/v2\/pages\/34244","targetHints":{"allow":["GET"]}}],"collection":[{"href":"https:\/\/beacontower.io\/da\/wp-json\/wp\/v2\/pages"}],"about":[{"href":"https:\/\/beacontower.io\/da\/wp-json\/wp\/v2\/types\/page"}],"author":[{"embeddable":true,"href":"https:\/\/beacontower.io\/da\/wp-json\/wp\/v2\/users\/5"}],"replies":[{"embeddable":true,"href":"https:\/\/beacontower.io\/da\/wp-json\/wp\/v2\/comments?post=34244"}],"version-history":[{"count":7,"href":"https:\/\/beacontower.io\/da\/wp-json\/wp\/v2\/pages\/34244\/revisions"}],"predecessor-version":[{"id":34475,"href":"https:\/\/beacontower.io\/da\/wp-json\/wp\/v2\/pages\/34244\/revisions\/34475"}],"up":[{"embeddable":true,"href":"https:\/\/beacontower.io\/da\/wp-json\/wp\/v2\/pages\/32861"}],"wp:attachment":[{"href":"https:\/\/beacontower.io\/da\/wp-json\/wp\/v2\/media?parent=34244"}],"curies":[{"name":"wp","href":"https:\/\/api.w.org\/{rel}","templated":true}]}}