{"id":34238,"date":"2021-06-07T17:52:53","date_gmt":"2021-06-07T17:52:53","guid":{"rendered":"https:\/\/beacontower.io\/indsigter\/iot-technology-trends\/"},"modified":"2021-07-01T11:56:41","modified_gmt":"2021-07-01T11:56:41","slug":"iot-teknologi-trends","status":"publish","type":"page","link":"https:\/\/beacontower.io\/da\/indsigter\/iot-teknologi-trends\/","title":{"rendered":"IoT teknologitrends"},"content":{"rendered":"<p>[et_pb_section fb_built=&#8221;1&#8243; _builder_version=&#8221;4.7.4&#8243; _module_preset=&#8221;default&#8221;][et_pb_row _builder_version=&#8221;4.9.4&#8243; _module_preset=&#8221;default&#8221; custom_margin=&#8221;100px||||false|false&#8221; custom_padding=&#8221;||||false|false&#8221;][et_pb_column type=&#8221;4_4&#8243; _builder_version=&#8221;4.9.4&#8243; _module_preset=&#8221;default&#8221;][et_pb_text _builder_version=&#8221;4.9.4&#8243; _module_preset=&#8221;default&#8221;]<\/p>\n<h1><strong>IoT<span lang=\"EN-GB\">\u00a0teknologitrends <\/span><\/strong><\/h1>\n<p>Muligheden for IoT-drevet forretning er i vid udstr\u00e6kning baseret p\u00e5 tre tendenser: Omkostninger, kapaciteter og bekvemmelighed. Selvom prisen p\u00e5 sensorer, b\u00e5ndbredde og computing konstant er blevet mindre, og mere avanceret funktionalitet er muliggjort, er teknologiens historie fyldt med utallige eksempler p\u00e5 produktintroduktioner, der ikke levede op til forventningerne fra den annoncerede ydeevne (IBMs OS \/ 2), eller som var forud for tiden (Apple Newton).<\/p>\n<p>De l\u00e6rte erfaringer er at s\u00f8ge efter en rentabel l\u00f8sning p\u00e5 et reelt problem eller \u00f8nske &#8211; ikke at udvikle tekniske gadgets, der ser bort fra kunden. F\u00f8lgende afsnit viser udviklingsfaktorer til det der for den traditionelle virksomhed kan virke som den perfekte storm: Tendens til at tidligere forskelle mellem teknologiprodukter smelter sammen; risikoen for at tabe til nye og uortodokse markedsdeltagere, hvordan nye muligheder opst\u00e5r for at give livslang produktforbedring og mulighed for at forblive relevant; og drevet af dataindsigt.<\/p>\n<h2><a name=\"_Toc73445792\"><\/a>Teknologitrend: sammensmeltning af funktionaliteter og produkter<\/h2>\n<p>I 1991 forventede de fleste virksomheder, der leverede produkterne i nedenst\u00e5ende Radio Shack-reklame, ikke at de alle p\u00e5 et tidspunkt ville blive hinandens potentielle konkurrenter. Men kort efter absorberede mobilnetv\u00e6rket telefonsvareren. Derefter blev b\u00e5ndet\/cd-afspilleren udskiftet med en iPod, der efterf\u00f8lgende blev udkonkurrereret af netv\u00e6rkets streamingtjenester, og tilsyneladende er bekvemmeligheden ved at have et still- og videokamera til r\u00e5dighed n\u00e5r som helst i lommen en st\u00e6rkere drivkraft end et spejlreflekskamera eller videokamera af h\u00f8j kvalitet.<\/p>\n<p>IPhone 7 har mere end 1000 gange flere transistorer end den originale PC Pentium, samtidigt med at den kr\u00e6ver mindre energi pr. beregningstransaktion. Varmeafledning pr. bit information beregnet eller transmitteret reduceres med hver nye generation af silicium-chip, hvilket ogs\u00e5 bidrager til at reducere omkostningerne ved de komponenter og sensorer, der kr\u00e6ves for at indsamle og beregne data.<\/p>\n<p><img loading=\"lazy\" decoding=\"async\" class=\"wp-image-33756 alignnone size-full\" src=\"https:\/\/beacontower.io\/wp-content\/uploads\/2021\/05\/radio-shack.jpg\" alt=\"\" width=\"270\" height=\"351\" \/><\/p>\n<h3>Forretningstrend \u2013 at leve op til kundernes forventninger?<\/h3>\n<p>Den nemme adgang til n\u00e6sten ubegr\u00e6nset beregningskraft, udg\u00f8r en trussel for de traditionelle virksomheder med et dedikeret form\u00e5l og h\u00e5ndgribelig maskinel l\u00f8sning. Nyankomne markedsdeltagere kan m\u00e5lrette deres ydelser som en funktion af den ubegr\u00e6nsede computingkraft, der n\u00e6sten ignorerer begr\u00e6nsningerne i den fysiske verden. Derfor risikerer de eksisterende virksomheder at blive en tilf\u00f8jelsesfunktion integreret med andres bredere l\u00f8sning, eller en ren leverand\u00f8r af varer til et \u00f8kosystem, hvor v\u00e6rdien fra deres produkter er marginaliseret.<\/p>\n<p>Nye markedsdeltagere ser ikke n\u00f8dvendigvis den eksisterende forretningsvertikal som en integreret enhed, som den nuv\u00e6rende vifte af veletablerede virksomheder. Nye markedsdeltagere eksperimenterer, forenkler, hvad der har v\u00e6rdi, eller de omdefinerer tjenesten til det, som kunderne virkelig \u00f8nsker, men aldrig har f\u00e5et.<\/p>\n<h3>Nybegyndere finder den <em>&#8216;hemmelige opskrift&#8217;<\/em><\/h3>\n<p>En vigtig bidrager til mobiltelefonparadigmeskiftet fra hvert produkt-sin egen software-variant til de enorme App-\u00f8kosystemer i iOS- og Android-udgivelser, tilskrives \u00f8del\u00e6ggelse af den oprindeligt obligatoriske FCC \/ ITU-godkendelse (telekommunikationsorganer) til at levere den komplette telefon inklusive software, menutekster og grafik. Java-motoren indkapslede en mulighed for at have sm\u00e5 adskilte apps. Nu handler mobilmarkedet om applikationsdownloads, mens den traditionelle telefonfunktionalitet blot er et lille hj\u00f8rne af en generel computerenhed. FCC \/ ITU har mistet kontrollen med enheden, men hvert radiomodul har stadig sit separate certifikat, der beviser, at specifikationen overholdes.<\/p>\n<h3><em>Apples iPhone omdefinerede brugen af mobiltjenester<\/em><\/h3>\n<p>Da Apple introducerede iPhone, var hele mobiltelefonmarkedet l\u00e5st inde med forhandlere\/operat\u00f8rer, der kr\u00e6vede fuld overholdelse af detaljerede tekniske specifikationer. Desuden var forretningsudviklerne vant til at optimere hvert nyt tilbud til slutbrugerens omkostningsbevidsthed om h\u00f8je datatariffer, i eksisterende mobile forretningssystemer. Apple oprettede s\u00e5ledes en enhed med s\u00e5dan en enkelhed og appel, at AT&amp;T var villige til at se bort fra, deres ellers obligatoriske krav til overholdelse af standarder.<\/p>\n<div>\n<p class=\"InfoBoxtext\">Apple insisterede yderligere p\u00e5, at AT&amp;T indf\u00f8rte fast dataforbrug, der bryder det eksisterende minimerede datatrafikparadigme fra alle andre produktproducenter. Derfor oplevede slutbrugeren et produkt uden dikkedarer fjernet fra endel\u00f8se menupunkter, og n\u00e5r de var tilsluttet, f\u00f8rte hver applikation konsekvent faktiske data til\/fra netv\u00e6rket. Disse faktorer gav denne \u201dhvorfor har det v\u00e6ret s\u00e5 vanskeligt indtil nu\u201d -oplevelse fra kunder, hvilket effektivt br\u00f8d gitterl\u00e5sen til den eksisterende konkurrence, der var bundet til et for\u00e6ldet data tarif paradigme.<\/p>\n<h3>Medicinsk udstyr bliver digitalt<\/h3>\n<p>En lignende udvikling kan v\u00e6re p\u00e5 vej inden for vertikaler af medicinsk udstyrs uden for FDAs traditionelle regulatoriske kontrol. Potentielle gennembrud kommer fra nye forretningsmodeller af sensoriske gadgets &#8211; herunder at sende digitale data til en allerede FDA-godkendt sky, der er i overensstemmelse med strenge regler for datalagring p\u00e5 alle relevante markeder.<\/p>\n<h3><a name=\"_Toc73445794\"><\/a>\u00a0 \u00a0 \u00a0<br \/>R&amp;D Tendens: Et produkts liv starter, n\u00e5r det pakkes ud og t\u00e6ndes for f\u00f8rste gang<\/h3>\n<\/div>\n<p><img loading=\"lazy\" decoding=\"async\" class=\"wp-image-33759 alignnone size-full\" src=\"https:\/\/beacontower.io\/wp-content\/uploads\/2021\/05\/a-product-life-starts-when-unwrapped.jpg\" alt=\"\" width=\"600\" height=\"332\" srcset=\"https:\/\/beacontower.io\/wp-content\/uploads\/2021\/05\/a-product-life-starts-when-unwrapped.jpg 600w, https:\/\/beacontower.io\/wp-content\/uploads\/2021\/05\/a-product-life-starts-when-unwrapped-480x266.jpg 480w\" sizes=\"(min-width: 0px) and (max-width: 480px) 480px, (min-width: 481px) 600px, 100vw\" \/><\/p>\n<p>Produktudvikling gennem en stage-gate-model leverer en defineret funktionsliste i en forudsigelig kvalitet p\u00e5 en bestemt dato som illustreret skematisk i ovenst\u00e5ende figur. Efter produktlancering sender R&amp;D-teamet vedligeholdelsesopgaven til et ingeni\u00f8rteam, og dermed betragtes udviklingsfasen som afsluttet<\/p>\n<p>Industrielle komponenter er traditionelt skr\u00e6ddersyet med n\u00f8jagtig hukommelseskapacitet og processorkraft, der passer n\u00f8jagtigt til form\u00e5let. Det slanke design kan spores tilbage til en tid, hvor udvikling af dedikeret elektronik, hver bit og byte repr\u00e6senterede en betydelig udgift. Fuldt tilpassede l\u00f8sninger er ofte i mindre produktionsserier for dyre, sammenlignet med masseproducerede standard COTS-platforme (Commercial-off-the-shelf), der tilbyder alsidighed og fuld v\u00e6rkt\u00f8jsk\u00e6de til hurtig udvikling og implementering.<\/p>\n<p><img loading=\"lazy\" decoding=\"async\" class=\"wp-image-33762 alignnone size-full\" src=\"https:\/\/beacontower.io\/wp-content\/uploads\/2021\/05\/product-life.jpg\" alt=\"\" width=\"600\" height=\"347\" srcset=\"https:\/\/beacontower.io\/wp-content\/uploads\/2021\/05\/product-life.jpg 600w, https:\/\/beacontower.io\/wp-content\/uploads\/2021\/05\/product-life-480x278.jpg 480w\" sizes=\"(min-width: 0px) and (max-width: 480px) 480px, (min-width: 481px) 600px, 100vw\" \/><\/p>\n<p>Tilf\u00f8jelse af mere processorkraft og hukommelse end n\u00f8dvendigt \u00e5bner s\u00e5ledes for fortsat produktudvikling og forbedringer, efter forsendelse som vist i ovenst\u00e5ende figur. Det er tydeligt, at en pc har ekstra plads til nye softwarefunktioner og opdateringer til operativsystemet, fejlrettelser og l\u00f8sninger p\u00e5 identificerede sikkerhedsfejl.<\/p>\n<p>Mindre IoT-systemer gennemg\u00e5r normalt ikke en eksplosion af ekstra salg af ekstra funktionalitet, svarende til pc&#8217;er eller smartphones, som n\u00e5r runtime og markedsdata indsamles. Som de mange eksempler hidtil har vist, kan det v\u00e6re relevant at opgradere installationsbasen med nye abonnementsfunktioner og parametre, i stedet for at forvente et nysalg af helt nye produkter. Derfor kan evnen til at opgradere og forbedre det allerede markedsf\u00f8rte produkt tilf\u00f8je forretningsv\u00e6rdi, gennem hele produktets livscyklus. N\u00e5r et produkt f\u00f8rst g\u00e5r i produktion med stor volumen, b\u00f8r omkostningsoptimering imidlertid indf\u00f8res, s\u00e5 l\u00e6nge \u00e6ndringer ikke indf\u00f8rer bin\u00e6re pauser &#8211; det vil sige at g\u00f8re applikationer og tjenester inkompatible efter opdateringen.<\/p>\n<h4><em>Siemens Wind Power<\/em><\/h4>\n<div>\n<p class=\"InfoBoxHeader\">Det globale R&amp;D-team er fusioneret med traditionelle ingeni\u00f8rteams, der f\u00f8rer tilsyn med udstyr p\u00e5 markedet: En ny titel, der for nylig blev introduceret som &#8220;Head of Research and Development and Product Life Cycle Management&#8221; udvider det hidtil eneste fokus som var p\u00e5 udvikling af nye produkter, R&amp;D. Rollespecifikationen omfatter nu ogs\u00e5 udvindingen af livslang v\u00e6rdi ved drift af vindm\u00f8ller og overv\u00e5gningen af tusindvis af individuelle m\u00e5lte v\u00e6rdier p\u00e5 hver af de +7.800 k\u00f8rende vindm\u00f8ller skal nu give kontinuerlig input til R&amp;D.<\/p>\n<p class=\"InfoBoxHeader\">\n<\/div>\n<h2><a name=\"_Toc73445795\"><\/a>M\u00f8nstergenkendelse tendens: Viden fra flere enheder \u2013 machine learning<\/h2>\n<p>Indledende dataindsamling kr\u00e6ver ikke n\u00f8dvendigvis dyb indsigt i computing og cloudfunktionalitet. Akkumulerende data vil i sidste ende blive et aktiv, og dets betydning vil str\u00e6kke sig ud over den faktiske forretningsmulighed ved at blive. Da eksperimentelle og standardiserede dataindsamlingsenheder er kommercielt tilg\u00e6ngelige, kan ops\u00e6tning af eksperimentel dataforbindelse til netv\u00e6rket arrangeres med en industriel skyudbyder. Efterf\u00f8lgende bliver analytiske v\u00e6rkt\u00f8jer endnu mere brugervenlige til visualisering af resultaterne fra data gemt i skyen.<\/p>\n<p>Et potentielt v\u00e6rdifuldt forslag er at s\u00f8ge efter m\u00f8nstre i brugen af en stor population af adf\u00e6rdsdata, og derefter dele fordelen ved indsigt til alle, der bruger tjenesten. Producenter, der systematisk indsamler k\u00f8rselsdata p\u00e5 tv\u00e6rs af flere installationer, kan forudse tilsyneladende ikke-korrelerede begivenheder, der forudsiger, at der igen vises fejl. Funktionerne i avancerede statistiske algoritmer, anvendt p\u00e5 tv\u00e6rs af massive datas\u00e6t afsl\u00f8rer afh\u00e6ngigheder, der ikke identificeres ved s\u00e6dvanlig overv\u00e5gning og rapportering.<\/p>\n<h4><em>Google Nest<\/em><\/h4>\n<div>\n<p class=\"InfoBoxtext\">Den Google-ejede NEST-termostat l\u00e6rer af at overv\u00e5ge daglige vaner og im\u00f8dekomme personer, eller n\u00e6rmere, huset for at justere opvarmning p\u00e5 forh\u00e5nd. Google f\u00e5r v\u00e6rdifuld indsigt i, hvordan kunder opf\u00f8rer sig derhjemme, mens de tilf\u00f8jer sikkerhed for r\u00f8g- og CO-detekterende sensorer. Elektronikken i NEST er overspecificeret til den ret enkle opgave at styre varmesystemet, som defineret i de f\u00f8rste produktudgivelser &#8211; for nylig er systemet blevet integreret med den stemmestyrede Google Assistant.<\/p>\n<\/div>\n<div>\n<p class=\"InfoBoxtext\">Desuden styrer NEST en lang r\u00e6kke opvarmningssystemer, der allerede er p\u00e5 markedet, hvilket udg\u00f8r en trussel mod eksisterende konkurrenters specifikke brugerintimitet &#8211; eller en mulighed for at opbygge et st\u00e6rkt b2b-aktiv, hvor Google fremf\u00f8rer data om machine learning og produktspecifik viden tilbage til individuelle leverand\u00f8rer til optimering af hidtil uafh\u00e6ngige varmesystemer.<\/p>\n<p class=\"InfoBoxtext\">\n<p class=\"InfoBoxtext\">\n<\/div>\n<p>\u00a0Forts\u00e6t l\u00e6sningen: g\u00e5 til <a href=\"https:\/\/beacontower.io\/da\/indsigter\/forretnings-innovation\/\">Forretningsinnovation tema<\/a><\/p>\n<p>[\/et_pb_text][\/et_pb_column][\/et_pb_row][\/et_pb_section]<\/p>\n","protected":false},"excerpt":{"rendered":"<p>IoT\u00a0teknologitrends Muligheden for IoT-drevet forretning er i vid udstr\u00e6kning baseret p\u00e5 tre tendenser: Omkostninger, kapaciteter og bekvemmelighed. Selvom prisen p\u00e5 sensorer, b\u00e5ndbredde og computing konstant er blevet mindre, og mere avanceret funktionalitet er muliggjort, er teknologiens historie fyldt med utallige eksempler p\u00e5 produktintroduktioner, der ikke levede op til forventningerne fra den annoncerede ydeevne (IBMs OS [&hellip;]<\/p>\n","protected":false},"author":5,"featured_media":0,"parent":32861,"menu_order":0,"comment_status":"closed","ping_status":"closed","template":"","meta":{"_et_pb_use_builder":"on","_et_pb_old_content":"","_et_gb_content_width":"","footnotes":""},"class_list":["post-34238","page","type-page","status-publish","hentry"],"yoast_head":"<!-- This site is optimized with the Yoast SEO plugin v27.4 - https:\/\/yoast.com\/product\/yoast-seo-wordpress\/ -->\n<title>IoT teknologitrends - Beacon Tower<\/title>\n<meta name=\"robots\" content=\"index, follow, max-snippet:-1, max-image-preview:large, max-video-preview:-1\" \/>\n<link rel=\"canonical\" href=\"https:\/\/beacontower.io\/da\/indsigter\/iot-teknologi-trends\/\" \/>\n<meta property=\"og:locale\" content=\"da_DK\" \/>\n<meta property=\"og:type\" content=\"article\" \/>\n<meta property=\"og:title\" content=\"IoT teknologitrends - Beacon Tower\" \/>\n<meta property=\"og:description\" content=\"IoT\u00a0teknologitrends Muligheden for IoT-drevet forretning er i vid udstr\u00e6kning baseret p\u00e5 tre tendenser: Omkostninger, kapaciteter og bekvemmelighed. Selvom prisen p\u00e5 sensorer, b\u00e5ndbredde og computing konstant er blevet mindre, og mere avanceret funktionalitet er muliggjort, er teknologiens historie fyldt med utallige eksempler p\u00e5 produktintroduktioner, der ikke levede op til forventningerne fra den annoncerede ydeevne (IBMs OS [&hellip;]\" \/>\n<meta property=\"og:url\" content=\"https:\/\/beacontower.io\/da\/indsigter\/iot-teknologi-trends\/\" \/>\n<meta property=\"og:site_name\" content=\"Beacon Tower\" \/>\n<meta property=\"article:modified_time\" content=\"2021-07-01T11:56:41+00:00\" \/>\n<meta property=\"og:image\" content=\"https:\/\/beacontower.io\/wp-content\/uploads\/2021\/05\/radio-shack.jpg\" \/>\n<meta name=\"twitter:card\" content=\"summary_large_image\" \/>\n<meta name=\"twitter:label1\" content=\"Estimeret l\u00e6setid\" \/>\n\t<meta name=\"twitter:data1\" content=\"8 minutter\" \/>\n<script type=\"application\/ld+json\" class=\"yoast-schema-graph\">{\"@context\":\"https:\\\/\\\/schema.org\",\"@graph\":[{\"@type\":\"WebPage\",\"@id\":\"https:\\\/\\\/beacontower.io\\\/da\\\/indsigter\\\/iot-teknologi-trends\\\/\",\"url\":\"https:\\\/\\\/beacontower.io\\\/da\\\/indsigter\\\/iot-teknologi-trends\\\/\",\"name\":\"IoT teknologitrends - Beacon Tower\",\"isPartOf\":{\"@id\":\"https:\\\/\\\/beacontower.io\\\/da\\\/#website\"},\"primaryImageOfPage\":{\"@id\":\"https:\\\/\\\/beacontower.io\\\/da\\\/indsigter\\\/iot-teknologi-trends\\\/#primaryimage\"},\"image\":{\"@id\":\"https:\\\/\\\/beacontower.io\\\/da\\\/indsigter\\\/iot-teknologi-trends\\\/#primaryimage\"},\"thumbnailUrl\":\"https:\\\/\\\/beacontower.io\\\/wp-content\\\/uploads\\\/2021\\\/05\\\/radio-shack.jpg\",\"datePublished\":\"2021-06-07T17:52:53+00:00\",\"dateModified\":\"2021-07-01T11:56:41+00:00\",\"breadcrumb\":{\"@id\":\"https:\\\/\\\/beacontower.io\\\/da\\\/indsigter\\\/iot-teknologi-trends\\\/#breadcrumb\"},\"inLanguage\":\"da-DK\",\"potentialAction\":[{\"@type\":\"ReadAction\",\"target\":[\"https:\\\/\\\/beacontower.io\\\/da\\\/indsigter\\\/iot-teknologi-trends\\\/\"]}]},{\"@type\":\"ImageObject\",\"inLanguage\":\"da-DK\",\"@id\":\"https:\\\/\\\/beacontower.io\\\/da\\\/indsigter\\\/iot-teknologi-trends\\\/#primaryimage\",\"url\":\"https:\\\/\\\/beacontower.io\\\/wp-content\\\/uploads\\\/2021\\\/05\\\/radio-shack.jpg\",\"contentUrl\":\"https:\\\/\\\/beacontower.io\\\/wp-content\\\/uploads\\\/2021\\\/05\\\/radio-shack.jpg\"},{\"@type\":\"BreadcrumbList\",\"@id\":\"https:\\\/\\\/beacontower.io\\\/da\\\/indsigter\\\/iot-teknologi-trends\\\/#breadcrumb\",\"itemListElement\":[{\"@type\":\"ListItem\",\"position\":1,\"name\":\"Home\",\"item\":\"https:\\\/\\\/beacontower.io\\\/da\\\/azure-iot-cloud-and-edge-platform\\\/\"},{\"@type\":\"ListItem\",\"position\":2,\"name\":\"Indsigter\",\"item\":\"https:\\\/\\\/beacontower.io\\\/da\\\/indsigter\\\/\"},{\"@type\":\"ListItem\",\"position\":3,\"name\":\"IoT teknologitrends\"}]},{\"@type\":\"WebSite\",\"@id\":\"https:\\\/\\\/beacontower.io\\\/da\\\/#website\",\"url\":\"https:\\\/\\\/beacontower.io\\\/da\\\/\",\"name\":\"Beacon Tower\",\"description\":\"Azure IoT Cloud and Edge Platform\",\"publisher\":{\"@id\":\"https:\\\/\\\/beacontower.io\\\/da\\\/#organization\"},\"potentialAction\":[{\"@type\":\"SearchAction\",\"target\":{\"@type\":\"EntryPoint\",\"urlTemplate\":\"https:\\\/\\\/beacontower.io\\\/da\\\/?s={search_term_string}\"},\"query-input\":{\"@type\":\"PropertyValueSpecification\",\"valueRequired\":true,\"valueName\":\"search_term_string\"}}],\"inLanguage\":\"da-DK\"},{\"@type\":\"Organization\",\"@id\":\"https:\\\/\\\/beacontower.io\\\/da\\\/#organization\",\"name\":\"Beacon Tower\",\"url\":\"https:\\\/\\\/beacontower.io\\\/da\\\/\",\"logo\":{\"@type\":\"ImageObject\",\"inLanguage\":\"da-DK\",\"@id\":\"https:\\\/\\\/beacontower.io\\\/da\\\/#\\\/schema\\\/logo\\\/image\\\/\",\"url\":\"https:\\\/\\\/beacontower.io\\\/wp-content\\\/uploads\\\/2021\\\/04\\\/BT-logo-web.png\",\"contentUrl\":\"https:\\\/\\\/beacontower.io\\\/wp-content\\\/uploads\\\/2021\\\/04\\\/BT-logo-web.png\",\"width\":400,\"height\":175,\"caption\":\"Beacon Tower\"},\"image\":{\"@id\":\"https:\\\/\\\/beacontower.io\\\/da\\\/#\\\/schema\\\/logo\\\/image\\\/\"},\"sameAs\":[\"https:\\\/\\\/www.linkedin.com\\\/company\\\/glaze-about\"]}]}<\/script>\n<!-- \/ Yoast SEO plugin. -->","yoast_head_json":{"title":"IoT teknologitrends - Beacon Tower","robots":{"index":"index","follow":"follow","max-snippet":"max-snippet:-1","max-image-preview":"max-image-preview:large","max-video-preview":"max-video-preview:-1"},"canonical":"https:\/\/beacontower.io\/da\/indsigter\/iot-teknologi-trends\/","og_locale":"da_DK","og_type":"article","og_title":"IoT teknologitrends - Beacon Tower","og_description":"IoT\u00a0teknologitrends Muligheden for IoT-drevet forretning er i vid udstr\u00e6kning baseret p\u00e5 tre tendenser: Omkostninger, kapaciteter og bekvemmelighed. Selvom prisen p\u00e5 sensorer, b\u00e5ndbredde og computing konstant er blevet mindre, og mere avanceret funktionalitet er muliggjort, er teknologiens historie fyldt med utallige eksempler p\u00e5 produktintroduktioner, der ikke levede op til forventningerne fra den annoncerede ydeevne (IBMs OS [&hellip;]","og_url":"https:\/\/beacontower.io\/da\/indsigter\/iot-teknologi-trends\/","og_site_name":"Beacon Tower","article_modified_time":"2021-07-01T11:56:41+00:00","og_image":[{"url":"https:\/\/beacontower.io\/wp-content\/uploads\/2021\/05\/radio-shack.jpg","type":"","width":"","height":""}],"twitter_card":"summary_large_image","twitter_misc":{"Estimeret l\u00e6setid":"8 minutter"},"schema":{"@context":"https:\/\/schema.org","@graph":[{"@type":"WebPage","@id":"https:\/\/beacontower.io\/da\/indsigter\/iot-teknologi-trends\/","url":"https:\/\/beacontower.io\/da\/indsigter\/iot-teknologi-trends\/","name":"IoT teknologitrends - Beacon Tower","isPartOf":{"@id":"https:\/\/beacontower.io\/da\/#website"},"primaryImageOfPage":{"@id":"https:\/\/beacontower.io\/da\/indsigter\/iot-teknologi-trends\/#primaryimage"},"image":{"@id":"https:\/\/beacontower.io\/da\/indsigter\/iot-teknologi-trends\/#primaryimage"},"thumbnailUrl":"https:\/\/beacontower.io\/wp-content\/uploads\/2021\/05\/radio-shack.jpg","datePublished":"2021-06-07T17:52:53+00:00","dateModified":"2021-07-01T11:56:41+00:00","breadcrumb":{"@id":"https:\/\/beacontower.io\/da\/indsigter\/iot-teknologi-trends\/#breadcrumb"},"inLanguage":"da-DK","potentialAction":[{"@type":"ReadAction","target":["https:\/\/beacontower.io\/da\/indsigter\/iot-teknologi-trends\/"]}]},{"@type":"ImageObject","inLanguage":"da-DK","@id":"https:\/\/beacontower.io\/da\/indsigter\/iot-teknologi-trends\/#primaryimage","url":"https:\/\/beacontower.io\/wp-content\/uploads\/2021\/05\/radio-shack.jpg","contentUrl":"https:\/\/beacontower.io\/wp-content\/uploads\/2021\/05\/radio-shack.jpg"},{"@type":"BreadcrumbList","@id":"https:\/\/beacontower.io\/da\/indsigter\/iot-teknologi-trends\/#breadcrumb","itemListElement":[{"@type":"ListItem","position":1,"name":"Home","item":"https:\/\/beacontower.io\/da\/azure-iot-cloud-and-edge-platform\/"},{"@type":"ListItem","position":2,"name":"Indsigter","item":"https:\/\/beacontower.io\/da\/indsigter\/"},{"@type":"ListItem","position":3,"name":"IoT teknologitrends"}]},{"@type":"WebSite","@id":"https:\/\/beacontower.io\/da\/#website","url":"https:\/\/beacontower.io\/da\/","name":"Beacon Tower","description":"Azure IoT Cloud and Edge Platform","publisher":{"@id":"https:\/\/beacontower.io\/da\/#organization"},"potentialAction":[{"@type":"SearchAction","target":{"@type":"EntryPoint","urlTemplate":"https:\/\/beacontower.io\/da\/?s={search_term_string}"},"query-input":{"@type":"PropertyValueSpecification","valueRequired":true,"valueName":"search_term_string"}}],"inLanguage":"da-DK"},{"@type":"Organization","@id":"https:\/\/beacontower.io\/da\/#organization","name":"Beacon Tower","url":"https:\/\/beacontower.io\/da\/","logo":{"@type":"ImageObject","inLanguage":"da-DK","@id":"https:\/\/beacontower.io\/da\/#\/schema\/logo\/image\/","url":"https:\/\/beacontower.io\/wp-content\/uploads\/2021\/04\/BT-logo-web.png","contentUrl":"https:\/\/beacontower.io\/wp-content\/uploads\/2021\/04\/BT-logo-web.png","width":400,"height":175,"caption":"Beacon Tower"},"image":{"@id":"https:\/\/beacontower.io\/da\/#\/schema\/logo\/image\/"},"sameAs":["https:\/\/www.linkedin.com\/company\/glaze-about"]}]}},"_links":{"self":[{"href":"https:\/\/beacontower.io\/da\/wp-json\/wp\/v2\/pages\/34238","targetHints":{"allow":["GET"]}}],"collection":[{"href":"https:\/\/beacontower.io\/da\/wp-json\/wp\/v2\/pages"}],"about":[{"href":"https:\/\/beacontower.io\/da\/wp-json\/wp\/v2\/types\/page"}],"author":[{"embeddable":true,"href":"https:\/\/beacontower.io\/da\/wp-json\/wp\/v2\/users\/5"}],"replies":[{"embeddable":true,"href":"https:\/\/beacontower.io\/da\/wp-json\/wp\/v2\/comments?post=34238"}],"version-history":[{"count":10,"href":"https:\/\/beacontower.io\/da\/wp-json\/wp\/v2\/pages\/34238\/revisions"}],"predecessor-version":[{"id":34405,"href":"https:\/\/beacontower.io\/da\/wp-json\/wp\/v2\/pages\/34238\/revisions\/34405"}],"up":[{"embeddable":true,"href":"https:\/\/beacontower.io\/da\/wp-json\/wp\/v2\/pages\/32861"}],"wp:attachment":[{"href":"https:\/\/beacontower.io\/da\/wp-json\/wp\/v2\/media?parent=34238"}],"curies":[{"name":"wp","href":"https:\/\/api.w.org\/{rel}","templated":true}]}}