{"id":34232,"date":"2021-06-07T17:51:26","date_gmt":"2021-06-07T17:51:26","guid":{"rendered":"https:\/\/beacontower.io\/indsigter\/iot-technology-fundamentals\/"},"modified":"2021-07-02T08:19:18","modified_gmt":"2021-07-02T08:19:18","slug":"grundlaeggende-iot-teknologi","status":"publish","type":"page","link":"https:\/\/beacontower.io\/da\/indsigter\/grundlaeggende-iot-teknologi\/","title":{"rendered":"Grundl\u00e6ggende IoT teknologi"},"content":{"rendered":"<p>[et_pb_section fb_built=&#8221;1&#8243; _builder_version=&#8221;4.7.4&#8243; _module_preset=&#8221;default&#8221;][et_pb_row _builder_version=&#8221;4.9.4&#8243; _module_preset=&#8221;default&#8221; custom_margin=&#8221;100px||||false|false&#8221; custom_padding=&#8221;||||false|false&#8221;][et_pb_column type=&#8221;4_4&#8243; _builder_version=&#8221;4.9.4&#8243; _module_preset=&#8221;default&#8221;][et_pb_text _builder_version=&#8221;4.9.4&#8243; _module_preset=&#8221;default&#8221;]<\/p>\n<h1><strong>Grundl\u00e6ggende <\/strong><strong>IoT-<\/strong><strong>teknologi<\/strong><\/h1>\n<p>Dette afsnit er ment som en introduktion til nogle af de tekniske termer og strukturelle elementer, der henvises til, n\u00e5r de beskriver komponenter, der udg\u00f8r en <em>integreret <\/em>industri. Valg af de optimale komponenter og forbindelser, baseres p\u00e5 grundig evaluering af Glazes seniorr\u00e5dgivere.<\/p>\n<ol>\n<li><strong>Connectivity: <\/strong>Der findes adskillige m\u00e5der at forbinde sensorer og datainfrastrukturenheder, der passer til industrielle og kommercielle behov. Denne sektion viser fordelene ved en r\u00e6kke metoder og principper.<\/li>\n<li><strong>Systemkomponenter:<\/strong> Den arkitektoniske stak vist som et blokdiagram, der repr\u00e6senterer datastr\u00f8mmen: Fra en sensor, der m\u00e5ler den virkelige verden via et connectivity netv\u00e6rk til skyen, der lagrer og visualiserer de berigede forretningsdata.<\/li>\n<li><strong>\u00d8ko-systemer:<\/strong> Overvej fordelene ved at samarbejde i specialiserede omr\u00e5der eller tillade nicher, hvor samarbejde er gensidigt fordelagtigt. Delt data kan skabe et mere robust marked.<\/li>\n<li><strong>Sikkerhed:<\/strong> Risikoen for at eksponere egne eller kritiske kundedata og dermed risikere \u00f8del\u00e6ggende konsekvenser for egen virksomhed. Omr\u00e5det kr\u00e6ver professionel hj\u00e6lp til at im\u00f8deg\u00e5 fjendtlige angreb.<\/li>\n<\/ol>\n<p>Forts\u00e6t l\u00e6sningen: g\u00e5 til <a href=\"https:\/\/beacontower.io\/da\/indsigter\/sammenligning-af-iot-connectivity-teknologier\/\">Sammenligning af connectivity teknologier<\/a>.<\/p>\n<p>&nbsp;<\/p>\n<p>[\/et_pb_text][\/et_pb_column][\/et_pb_row][\/et_pb_section]<\/p>\n","protected":false},"excerpt":{"rendered":"<p>Grundl\u00e6ggende IoT-teknologi Dette afsnit er ment som en introduktion til nogle af de tekniske termer og strukturelle elementer, der henvises til, n\u00e5r de beskriver komponenter, der udg\u00f8r en integreret industri. Valg af de optimale komponenter og forbindelser, baseres p\u00e5 grundig evaluering af Glazes seniorr\u00e5dgivere. Connectivity: Der findes adskillige m\u00e5der at forbinde sensorer og datainfrastrukturenheder, der [&hellip;]<\/p>\n","protected":false},"author":5,"featured_media":0,"parent":32861,"menu_order":0,"comment_status":"closed","ping_status":"closed","template":"","meta":{"_et_pb_use_builder":"on","_et_pb_old_content":"","_et_gb_content_width":"","footnotes":""},"class_list":["post-34232","page","type-page","status-publish","hentry"],"yoast_head":"<!-- This site is optimized with the Yoast SEO plugin v27.4 - https:\/\/yoast.com\/product\/yoast-seo-wordpress\/ -->\n<title>Grundl\u00e6ggende IoT teknologi - Beacon Tower<\/title>\n<meta name=\"robots\" content=\"index, follow, max-snippet:-1, max-image-preview:large, max-video-preview:-1\" \/>\n<link rel=\"canonical\" href=\"https:\/\/beacontower.io\/da\/indsigter\/grundlaeggende-iot-teknologi\/\" \/>\n<meta property=\"og:locale\" content=\"da_DK\" \/>\n<meta property=\"og:type\" content=\"article\" \/>\n<meta property=\"og:title\" content=\"Grundl\u00e6ggende IoT teknologi - Beacon Tower\" \/>\n<meta property=\"og:description\" content=\"Grundl\u00e6ggende IoT-teknologi Dette afsnit er ment som en introduktion til nogle af de tekniske termer og strukturelle elementer, der henvises til, n\u00e5r de beskriver komponenter, der udg\u00f8r en integreret industri. Valg af de optimale komponenter og forbindelser, baseres p\u00e5 grundig evaluering af Glazes seniorr\u00e5dgivere. Connectivity: Der findes adskillige m\u00e5der at forbinde sensorer og datainfrastrukturenheder, der [&hellip;]\" \/>\n<meta property=\"og:url\" content=\"https:\/\/beacontower.io\/da\/indsigter\/grundlaeggende-iot-teknologi\/\" \/>\n<meta property=\"og:site_name\" content=\"Beacon Tower\" \/>\n<meta property=\"article:modified_time\" content=\"2021-07-02T08:19:18+00:00\" \/>\n<meta property=\"og:image\" content=\"https:\/\/beacontower.io\/wp-content\/uploads\/2021\/04\/BT-logo-web.png\" \/>\n\t<meta property=\"og:image:width\" content=\"400\" \/>\n\t<meta property=\"og:image:height\" content=\"175\" \/>\n\t<meta property=\"og:image:type\" content=\"image\/png\" \/>\n<meta name=\"twitter:card\" content=\"summary_large_image\" \/>\n<meta name=\"twitter:label1\" content=\"Estimeret l\u00e6setid\" \/>\n\t<meta name=\"twitter:data1\" content=\"1 minut\" \/>\n<script type=\"application\/ld+json\" class=\"yoast-schema-graph\">{\"@context\":\"https:\\\/\\\/schema.org\",\"@graph\":[{\"@type\":\"WebPage\",\"@id\":\"https:\\\/\\\/beacontower.io\\\/da\\\/indsigter\\\/grundlaeggende-iot-teknologi\\\/\",\"url\":\"https:\\\/\\\/beacontower.io\\\/da\\\/indsigter\\\/grundlaeggende-iot-teknologi\\\/\",\"name\":\"Grundl\u00e6ggende IoT teknologi - Beacon Tower\",\"isPartOf\":{\"@id\":\"https:\\\/\\\/beacontower.io\\\/da\\\/#website\"},\"datePublished\":\"2021-06-07T17:51:26+00:00\",\"dateModified\":\"2021-07-02T08:19:18+00:00\",\"breadcrumb\":{\"@id\":\"https:\\\/\\\/beacontower.io\\\/da\\\/indsigter\\\/grundlaeggende-iot-teknologi\\\/#breadcrumb\"},\"inLanguage\":\"da-DK\",\"potentialAction\":[{\"@type\":\"ReadAction\",\"target\":[\"https:\\\/\\\/beacontower.io\\\/da\\\/indsigter\\\/grundlaeggende-iot-teknologi\\\/\"]}]},{\"@type\":\"BreadcrumbList\",\"@id\":\"https:\\\/\\\/beacontower.io\\\/da\\\/indsigter\\\/grundlaeggende-iot-teknologi\\\/#breadcrumb\",\"itemListElement\":[{\"@type\":\"ListItem\",\"position\":1,\"name\":\"Home\",\"item\":\"https:\\\/\\\/beacontower.io\\\/da\\\/azure-iot-cloud-and-edge-platform\\\/\"},{\"@type\":\"ListItem\",\"position\":2,\"name\":\"Indsigter\",\"item\":\"https:\\\/\\\/beacontower.io\\\/da\\\/indsigter\\\/\"},{\"@type\":\"ListItem\",\"position\":3,\"name\":\"Grundl\u00e6ggende IoT teknologi\"}]},{\"@type\":\"WebSite\",\"@id\":\"https:\\\/\\\/beacontower.io\\\/da\\\/#website\",\"url\":\"https:\\\/\\\/beacontower.io\\\/da\\\/\",\"name\":\"Beacon Tower\",\"description\":\"Azure IoT Cloud and Edge Platform\",\"publisher\":{\"@id\":\"https:\\\/\\\/beacontower.io\\\/da\\\/#organization\"},\"potentialAction\":[{\"@type\":\"SearchAction\",\"target\":{\"@type\":\"EntryPoint\",\"urlTemplate\":\"https:\\\/\\\/beacontower.io\\\/da\\\/?s={search_term_string}\"},\"query-input\":{\"@type\":\"PropertyValueSpecification\",\"valueRequired\":true,\"valueName\":\"search_term_string\"}}],\"inLanguage\":\"da-DK\"},{\"@type\":\"Organization\",\"@id\":\"https:\\\/\\\/beacontower.io\\\/da\\\/#organization\",\"name\":\"Beacon Tower\",\"url\":\"https:\\\/\\\/beacontower.io\\\/da\\\/\",\"logo\":{\"@type\":\"ImageObject\",\"inLanguage\":\"da-DK\",\"@id\":\"https:\\\/\\\/beacontower.io\\\/da\\\/#\\\/schema\\\/logo\\\/image\\\/\",\"url\":\"https:\\\/\\\/beacontower.io\\\/wp-content\\\/uploads\\\/2021\\\/04\\\/BT-logo-web.png\",\"contentUrl\":\"https:\\\/\\\/beacontower.io\\\/wp-content\\\/uploads\\\/2021\\\/04\\\/BT-logo-web.png\",\"width\":400,\"height\":175,\"caption\":\"Beacon Tower\"},\"image\":{\"@id\":\"https:\\\/\\\/beacontower.io\\\/da\\\/#\\\/schema\\\/logo\\\/image\\\/\"},\"sameAs\":[\"https:\\\/\\\/www.linkedin.com\\\/company\\\/glaze-about\"]}]}<\/script>\n<!-- \/ Yoast SEO plugin. -->","yoast_head_json":{"title":"Grundl\u00e6ggende IoT teknologi - Beacon Tower","robots":{"index":"index","follow":"follow","max-snippet":"max-snippet:-1","max-image-preview":"max-image-preview:large","max-video-preview":"max-video-preview:-1"},"canonical":"https:\/\/beacontower.io\/da\/indsigter\/grundlaeggende-iot-teknologi\/","og_locale":"da_DK","og_type":"article","og_title":"Grundl\u00e6ggende IoT teknologi - Beacon Tower","og_description":"Grundl\u00e6ggende IoT-teknologi Dette afsnit er ment som en introduktion til nogle af de tekniske termer og strukturelle elementer, der henvises til, n\u00e5r de beskriver komponenter, der udg\u00f8r en integreret industri. Valg af de optimale komponenter og forbindelser, baseres p\u00e5 grundig evaluering af Glazes seniorr\u00e5dgivere. Connectivity: Der findes adskillige m\u00e5der at forbinde sensorer og datainfrastrukturenheder, der [&hellip;]","og_url":"https:\/\/beacontower.io\/da\/indsigter\/grundlaeggende-iot-teknologi\/","og_site_name":"Beacon Tower","article_modified_time":"2021-07-02T08:19:18+00:00","og_image":[{"width":400,"height":175,"url":"https:\/\/beacontower.io\/wp-content\/uploads\/2021\/04\/BT-logo-web.png","type":"image\/png"}],"twitter_card":"summary_large_image","twitter_misc":{"Estimeret l\u00e6setid":"1 minut"},"schema":{"@context":"https:\/\/schema.org","@graph":[{"@type":"WebPage","@id":"https:\/\/beacontower.io\/da\/indsigter\/grundlaeggende-iot-teknologi\/","url":"https:\/\/beacontower.io\/da\/indsigter\/grundlaeggende-iot-teknologi\/","name":"Grundl\u00e6ggende IoT teknologi - Beacon Tower","isPartOf":{"@id":"https:\/\/beacontower.io\/da\/#website"},"datePublished":"2021-06-07T17:51:26+00:00","dateModified":"2021-07-02T08:19:18+00:00","breadcrumb":{"@id":"https:\/\/beacontower.io\/da\/indsigter\/grundlaeggende-iot-teknologi\/#breadcrumb"},"inLanguage":"da-DK","potentialAction":[{"@type":"ReadAction","target":["https:\/\/beacontower.io\/da\/indsigter\/grundlaeggende-iot-teknologi\/"]}]},{"@type":"BreadcrumbList","@id":"https:\/\/beacontower.io\/da\/indsigter\/grundlaeggende-iot-teknologi\/#breadcrumb","itemListElement":[{"@type":"ListItem","position":1,"name":"Home","item":"https:\/\/beacontower.io\/da\/azure-iot-cloud-and-edge-platform\/"},{"@type":"ListItem","position":2,"name":"Indsigter","item":"https:\/\/beacontower.io\/da\/indsigter\/"},{"@type":"ListItem","position":3,"name":"Grundl\u00e6ggende IoT teknologi"}]},{"@type":"WebSite","@id":"https:\/\/beacontower.io\/da\/#website","url":"https:\/\/beacontower.io\/da\/","name":"Beacon Tower","description":"Azure IoT Cloud and Edge Platform","publisher":{"@id":"https:\/\/beacontower.io\/da\/#organization"},"potentialAction":[{"@type":"SearchAction","target":{"@type":"EntryPoint","urlTemplate":"https:\/\/beacontower.io\/da\/?s={search_term_string}"},"query-input":{"@type":"PropertyValueSpecification","valueRequired":true,"valueName":"search_term_string"}}],"inLanguage":"da-DK"},{"@type":"Organization","@id":"https:\/\/beacontower.io\/da\/#organization","name":"Beacon Tower","url":"https:\/\/beacontower.io\/da\/","logo":{"@type":"ImageObject","inLanguage":"da-DK","@id":"https:\/\/beacontower.io\/da\/#\/schema\/logo\/image\/","url":"https:\/\/beacontower.io\/wp-content\/uploads\/2021\/04\/BT-logo-web.png","contentUrl":"https:\/\/beacontower.io\/wp-content\/uploads\/2021\/04\/BT-logo-web.png","width":400,"height":175,"caption":"Beacon Tower"},"image":{"@id":"https:\/\/beacontower.io\/da\/#\/schema\/logo\/image\/"},"sameAs":["https:\/\/www.linkedin.com\/company\/glaze-about"]}]}},"_links":{"self":[{"href":"https:\/\/beacontower.io\/da\/wp-json\/wp\/v2\/pages\/34232","targetHints":{"allow":["GET"]}}],"collection":[{"href":"https:\/\/beacontower.io\/da\/wp-json\/wp\/v2\/pages"}],"about":[{"href":"https:\/\/beacontower.io\/da\/wp-json\/wp\/v2\/types\/page"}],"author":[{"embeddable":true,"href":"https:\/\/beacontower.io\/da\/wp-json\/wp\/v2\/users\/5"}],"replies":[{"embeddable":true,"href":"https:\/\/beacontower.io\/da\/wp-json\/wp\/v2\/comments?post=34232"}],"version-history":[{"count":10,"href":"https:\/\/beacontower.io\/da\/wp-json\/wp\/v2\/pages\/34232\/revisions"}],"predecessor-version":[{"id":34466,"href":"https:\/\/beacontower.io\/da\/wp-json\/wp\/v2\/pages\/34232\/revisions\/34466"}],"up":[{"embeddable":true,"href":"https:\/\/beacontower.io\/da\/wp-json\/wp\/v2\/pages\/32861"}],"wp:attachment":[{"href":"https:\/\/beacontower.io\/da\/wp-json\/wp\/v2\/media?parent=34232"}],"curies":[{"name":"wp","href":"https:\/\/api.w.org\/{rel}","templated":true}]}}