{"id":34220,"date":"2021-06-07T17:46:38","date_gmt":"2021-06-07T17:46:38","guid":{"rendered":"https:\/\/beacontower.io\/indsigter\/ideation-principles\/"},"modified":"2021-07-01T14:26:09","modified_gmt":"2021-07-01T14:26:09","slug":"ideation-principper","status":"publish","type":"page","link":"https:\/\/beacontower.io\/da\/indsigter\/ideation-principper\/","title":{"rendered":"Ideation principper"},"content":{"rendered":"<p>[et_pb_section fb_built=&#8221;1&#8243; _builder_version=&#8221;4.7.4&#8243; _module_preset=&#8221;default&#8221;][et_pb_row _builder_version=&#8221;4.9.4&#8243; _module_preset=&#8221;default&#8221; custom_margin=&#8221;100px||||false|false&#8221; custom_padding=&#8221;||||false|false&#8221;][et_pb_column type=&#8221;4_4&#8243; _builder_version=&#8221;4.9.4&#8243; _module_preset=&#8221;default&#8221;][et_pb_text _builder_version=&#8221;4.9.4&#8243; _module_preset=&#8221;default&#8221;]<\/p>\n<h1><strong>\u00a0Ideation principper<\/strong><\/h1>\n<p>Det er vigtigt, at id\u00e9generering n\u00e6res med input fra flere kilder. Nogle gange identificeres de bedste muligheder, n\u00e5r man s\u00f8ger efter noget andet, eller n\u00e5r man opfordrer uortodokse interessenter til at deltage i inspirationsworkshops. Glaze anbefaler, at eksterne eksperter fra branchen faciliterer ideation workshops, og at disse ogs\u00e5 forest\u00e5r en struktureret proces til forfinelse af de bedste id\u00e9er helt til komplette business cases best\u00e5ende af budget, verifikation, l\u00f8sningsbeskrivelse og projektplaner.<\/p>\n<p><img loading=\"lazy\" decoding=\"async\" class=\"wp-image-33816 alignnone size-full\" src=\"https:\/\/beacontower.io\/wp-content\/uploads\/2021\/05\/ideation.jpg\" alt=\"\" width=\"600\" height=\"180\" srcset=\"https:\/\/beacontower.io\/wp-content\/uploads\/2021\/05\/ideation.jpg 600w, https:\/\/beacontower.io\/wp-content\/uploads\/2021\/05\/ideation-480x144.jpg 480w\" sizes=\"(min-width: 0px) and (max-width: 480px) 480px, (min-width: 481px) 600px, 100vw\" \/><\/p>\n<h2><a name=\"_Toc73445806\"><\/a>Bidrag til muligheder<\/h2>\n<p>Forretningsmodeludvikling begynder normalt med at forst\u00e5 kundernes behov, og derfra udlede en overbevisende value proposition. For alle forretningsmuligheder er det at finde en passende forretningsmodel, det der ogs\u00e5 giver det forventede v\u00e6rdibidrag fra et nyt produkt, dets tjenester og mulige abonnementsmodeller.<\/p>\n<h3>Kundens input<\/h3>\n<p>Virksomheder med mange\u00e5rig kundeintimitet vil i det mindste vide, at nogle forbedringsmuligheder luftes gentagne gange af loyale kunder. Har man ikke meget viden om kundernes anvendelse af ens produkter vil det v\u00e6re vanskeligt at lave systematiske analyser af kunde til- og afgang. Statistik viser at n\u00e6sten 2\/3 af alle funktioner sj\u00e6ldent eller aldrig bruges &#8211; men hvordan kan man kvantificere behovet for at forbedre disse funktioner, der tilf\u00f8jer v\u00e6rdi?<\/p>\n<h3>IoT Tendenser<\/h3>\n<p>Den kontinuerlige bidrag fra Moores lov &#8211; stadig billigere elektronik, tilslutningsmuligheder og avanceret dataanalyse &#8211; giver mulighed for at samle og unders\u00f8ge indsigter fra selve produktet, der rapporterer om brugsindstillinger via integrerede sensorteknologier.<\/p>\n<h3>Aktuelle produkter og near field<\/h3>\n<p>Virksomheder kan have oplevet nicher, hvor nye markedsdeltagere eller spillere fra tilst\u00f8dende virksomheder begynder at sk\u00e6re deres eksisterende forretningsv\u00e6rdi ud &#8211; og dermed konkludere, at det er tid til at k\u00e6mpe tilbage og give mere v\u00e6rdi til loyale kunder ved at servicere ikke-adresserede behov.<\/p>\n<h3>Mashup<\/h3>\n<p>En opportunistisk id\u00e9 kan muligvis dukke op for luften ved at tilf\u00f8je fuldst\u00e6ndigt uafh\u00e6ngige enheder. Et firma, der servicerer solpaneler i bygninger, kan forbinde installationerne og m\u00e5le realtidseffekt og overfladetemperatur. Dette datanet udg\u00f8r en n\u00f8jagtig indikation af det lokale vejr, som kan vise sig v\u00e6rdifuldt som \u00f8jeblikkelig feedback til meteorologiske tjenester eller andre vejrafh\u00e6ngige brancher.<\/p>\n<h2><a name=\"_Toc73445807\"><\/a>Id\u00e9proces<\/h2>\n<p>Glaze tilbyder en struktureret id\u00e9proces, der guider virksomheder gennem en r\u00e6kke workshops for at identificere og konsolidere de mest rentable forretningsmuligheder. Arbejdspakker er trin gennem faserne i den generiske forretningsmodelleringsproces, der er afbildet nedenfor:\u00a0<\/p>\n<p><img loading=\"lazy\" decoding=\"async\" class=\"wp-image-33823 alignnone size-full\" src=\"https:\/\/beacontower.io\/wp-content\/uploads\/2021\/05\/ideation-process.jpg\" alt=\"\" width=\"600\" height=\"293\" srcset=\"https:\/\/beacontower.io\/wp-content\/uploads\/2021\/05\/ideation-process.jpg 600w, https:\/\/beacontower.io\/wp-content\/uploads\/2021\/05\/ideation-process-480x234.jpg 480w\" sizes=\"(min-width: 0px) and (max-width: 480px) 480px, (min-width: 481px) 600px, 100vw\" \/><\/p>\n<p>Konkret hj\u00e6lper vi med at overveje den enkelte value proposition for alle vigtige interessenter (f.eks. brugere, kunder og partnere) og foresl\u00e5r metoder til, hvordan man tester og evaluerer forslagene. Vores workshops fokuserer p\u00e5 at engagere interne kompetencer, der vil skabe en vision om forandring &#8211; som er n\u00f8dvendig for at vinde.<\/p>\n<p>P\u00e5 ovenst\u00e5ende figur vil IoT-Inspiration Workshop give inspiration til hvad der er muligt med IoT-systemer og danne en base for klassificering af identificerede muligheder. Efter denne workshop afholdes interviews med repr\u00e6sentanter for specifikke IoT-muligheder for at udf\u00f8re en IoT-Assessment Report.<\/p>\n<p>IoT-Assessment Report fungerer som beslutningsgate til at beslutte, om yderligere udforskning af IoT-muligheder skal gennemf\u00f8res eller ej.<\/p>\n<p>&#8220;Opportunity Identification Workshop&#8221; udf\u00f8res kun, hvis IoT-Assessment Report anbefaler yderligere udforskning af IoT-dom\u00e6net. I denne workshop rangeres og klassificeres IoT-muligheder, s\u00e5 de mest egnede muligheder kan identificeres til yderligere udforskning.<\/p>\n<p>F\u00f8rste l\u00f8sningsbeskrivelser laves for udvalgte muligheder p\u00e5 &#8220;Opportunity Identification Workshop&#8221;.<\/p>\n<p>Baseret p\u00e5 den oprindelige l\u00f8sning er mulighederne yderligere raffineret og rangeret.<\/p>\n<p>Derfor er det n\u00e6ste trin, efter de indledende business cases, at gennemg\u00e5 eksploreringsaktiviteter, som kort sagt betyder at udvikle tidlige pilotprojekter som input til endelige business cases.<\/p>\n<h2>Evaluering af resultatet<\/h2>\n<p>Glaze hj\u00e6lper med screening for relevante forretningsmodeller og ops\u00e6tning af eksperimenter, der f\u00f8rer din virksomhed fra id\u00e9fasen til forberedelse af levedygtige produkt- eller serviceforslag. Inspiration kan udfolde sig fra at unders\u00f8ge tilst\u00f8dende, eller helt forskellige markeder, og det er helt acceptabelt at kopiere med stolthed &#8211; andre vil g\u00f8re det alligevel i dit frav\u00e6r. De ovenn\u00e6vnte forretningsmodelsm\u00f8nstre fungerer som inspiration.<\/p>\n<p>I en IoT-sammenh\u00e6ng skal man skelne mellem det lokale ROI, der genereres direkte gennem IoT-l\u00f8sningen (f.eks. via hardwaresalg, serviceabonnementer) og den samlede indvirkning af det nye IoT-produkt \/ -tjeneste p\u00e5 virksomhedens business case (ved at tilbyde differentiering, forbedring af driftseffektivitet osv.). Selv med et negativt lokalt ROI, kan den kr\u00e6vede yderligere finansiering muligvis v\u00e6re omkostningernev\u00e6rd for at kunne konkurrere ud fra et samlet virksomhedsperspektiv.<\/p>\n<p>Indsatsen for at skabe nye forretnings- og serviceprodukter vil kr\u00e6ve en koalition af forandring for at styre hele redesignet af livscyklussen. Forandringsledelsen assisteret kan definere og kommunikere visionen for de nye satsninger og sikre, at hurtige gevinster bliver annonceret for at udnytte og forankre forandringen til at styrke virksomhedskulturen.<\/p>\n<p>Forts\u00e6t l\u00e6sningen: g\u00e5 til <a href=\"https:\/\/beacontower.io\/da\/indsigter\/grundlaeggende-iot-teknologi\/\">Grundl\u00e6ggende IoT teknologi.<\/a><\/p>\n<p>&nbsp;<\/p>\n<p>[\/et_pb_text][\/et_pb_column][\/et_pb_row][\/et_pb_section]<\/p>\n","protected":false},"excerpt":{"rendered":"<p>\u00a0Ideation principper Det er vigtigt, at id\u00e9generering n\u00e6res med input fra flere kilder. Nogle gange identificeres de bedste muligheder, n\u00e5r man s\u00f8ger efter noget andet, eller n\u00e5r man opfordrer uortodokse interessenter til at deltage i inspirationsworkshops. Glaze anbefaler, at eksterne eksperter fra branchen faciliterer ideation workshops, og at disse ogs\u00e5 forest\u00e5r en struktureret proces til [&hellip;]<\/p>\n","protected":false},"author":5,"featured_media":0,"parent":32861,"menu_order":0,"comment_status":"closed","ping_status":"closed","template":"","meta":{"_et_pb_use_builder":"on","_et_pb_old_content":"","_et_gb_content_width":"","footnotes":""},"class_list":["post-34220","page","type-page","status-publish","hentry"],"yoast_head":"<!-- This site is optimized with the Yoast SEO plugin v27.4 - https:\/\/yoast.com\/product\/yoast-seo-wordpress\/ -->\n<title>Ideation principper - Beacon Tower<\/title>\n<meta name=\"robots\" content=\"index, follow, max-snippet:-1, max-image-preview:large, max-video-preview:-1\" \/>\n<link rel=\"canonical\" href=\"https:\/\/beacontower.io\/da\/indsigter\/ideation-principper\/\" \/>\n<meta property=\"og:locale\" content=\"da_DK\" \/>\n<meta property=\"og:type\" content=\"article\" \/>\n<meta property=\"og:title\" content=\"Ideation principper - Beacon Tower\" \/>\n<meta property=\"og:description\" content=\"\u00a0Ideation principper Det er vigtigt, at id\u00e9generering n\u00e6res med input fra flere kilder. Nogle gange identificeres de bedste muligheder, n\u00e5r man s\u00f8ger efter noget andet, eller n\u00e5r man opfordrer uortodokse interessenter til at deltage i inspirationsworkshops. Glaze anbefaler, at eksterne eksperter fra branchen faciliterer ideation workshops, og at disse ogs\u00e5 forest\u00e5r en struktureret proces til [&hellip;]\" \/>\n<meta property=\"og:url\" content=\"https:\/\/beacontower.io\/da\/indsigter\/ideation-principper\/\" \/>\n<meta property=\"og:site_name\" content=\"Beacon Tower\" \/>\n<meta property=\"article:modified_time\" content=\"2021-07-01T14:26:09+00:00\" \/>\n<meta property=\"og:image\" content=\"https:\/\/beacontower.io\/wp-content\/uploads\/2021\/05\/ideation.jpg\" \/>\n<meta name=\"twitter:card\" content=\"summary_large_image\" \/>\n<meta name=\"twitter:label1\" content=\"Estimeret l\u00e6setid\" \/>\n\t<meta name=\"twitter:data1\" content=\"4 minutter\" \/>\n<script type=\"application\/ld+json\" class=\"yoast-schema-graph\">{\"@context\":\"https:\\\/\\\/schema.org\",\"@graph\":[{\"@type\":\"WebPage\",\"@id\":\"https:\\\/\\\/beacontower.io\\\/da\\\/indsigter\\\/ideation-principper\\\/\",\"url\":\"https:\\\/\\\/beacontower.io\\\/da\\\/indsigter\\\/ideation-principper\\\/\",\"name\":\"Ideation principper - Beacon Tower\",\"isPartOf\":{\"@id\":\"https:\\\/\\\/beacontower.io\\\/da\\\/#website\"},\"primaryImageOfPage\":{\"@id\":\"https:\\\/\\\/beacontower.io\\\/da\\\/indsigter\\\/ideation-principper\\\/#primaryimage\"},\"image\":{\"@id\":\"https:\\\/\\\/beacontower.io\\\/da\\\/indsigter\\\/ideation-principper\\\/#primaryimage\"},\"thumbnailUrl\":\"https:\\\/\\\/beacontower.io\\\/wp-content\\\/uploads\\\/2021\\\/05\\\/ideation.jpg\",\"datePublished\":\"2021-06-07T17:46:38+00:00\",\"dateModified\":\"2021-07-01T14:26:09+00:00\",\"breadcrumb\":{\"@id\":\"https:\\\/\\\/beacontower.io\\\/da\\\/indsigter\\\/ideation-principper\\\/#breadcrumb\"},\"inLanguage\":\"da-DK\",\"potentialAction\":[{\"@type\":\"ReadAction\",\"target\":[\"https:\\\/\\\/beacontower.io\\\/da\\\/indsigter\\\/ideation-principper\\\/\"]}]},{\"@type\":\"ImageObject\",\"inLanguage\":\"da-DK\",\"@id\":\"https:\\\/\\\/beacontower.io\\\/da\\\/indsigter\\\/ideation-principper\\\/#primaryimage\",\"url\":\"https:\\\/\\\/beacontower.io\\\/wp-content\\\/uploads\\\/2021\\\/05\\\/ideation.jpg\",\"contentUrl\":\"https:\\\/\\\/beacontower.io\\\/wp-content\\\/uploads\\\/2021\\\/05\\\/ideation.jpg\"},{\"@type\":\"BreadcrumbList\",\"@id\":\"https:\\\/\\\/beacontower.io\\\/da\\\/indsigter\\\/ideation-principper\\\/#breadcrumb\",\"itemListElement\":[{\"@type\":\"ListItem\",\"position\":1,\"name\":\"Home\",\"item\":\"https:\\\/\\\/beacontower.io\\\/da\\\/azure-iot-cloud-and-edge-platform\\\/\"},{\"@type\":\"ListItem\",\"position\":2,\"name\":\"Indsigter\",\"item\":\"https:\\\/\\\/beacontower.io\\\/da\\\/indsigter\\\/\"},{\"@type\":\"ListItem\",\"position\":3,\"name\":\"Ideation principper\"}]},{\"@type\":\"WebSite\",\"@id\":\"https:\\\/\\\/beacontower.io\\\/da\\\/#website\",\"url\":\"https:\\\/\\\/beacontower.io\\\/da\\\/\",\"name\":\"Beacon Tower\",\"description\":\"Azure IoT Cloud and Edge Platform\",\"publisher\":{\"@id\":\"https:\\\/\\\/beacontower.io\\\/da\\\/#organization\"},\"potentialAction\":[{\"@type\":\"SearchAction\",\"target\":{\"@type\":\"EntryPoint\",\"urlTemplate\":\"https:\\\/\\\/beacontower.io\\\/da\\\/?s={search_term_string}\"},\"query-input\":{\"@type\":\"PropertyValueSpecification\",\"valueRequired\":true,\"valueName\":\"search_term_string\"}}],\"inLanguage\":\"da-DK\"},{\"@type\":\"Organization\",\"@id\":\"https:\\\/\\\/beacontower.io\\\/da\\\/#organization\",\"name\":\"Beacon Tower\",\"url\":\"https:\\\/\\\/beacontower.io\\\/da\\\/\",\"logo\":{\"@type\":\"ImageObject\",\"inLanguage\":\"da-DK\",\"@id\":\"https:\\\/\\\/beacontower.io\\\/da\\\/#\\\/schema\\\/logo\\\/image\\\/\",\"url\":\"https:\\\/\\\/beacontower.io\\\/wp-content\\\/uploads\\\/2021\\\/04\\\/BT-logo-web.png\",\"contentUrl\":\"https:\\\/\\\/beacontower.io\\\/wp-content\\\/uploads\\\/2021\\\/04\\\/BT-logo-web.png\",\"width\":400,\"height\":175,\"caption\":\"Beacon Tower\"},\"image\":{\"@id\":\"https:\\\/\\\/beacontower.io\\\/da\\\/#\\\/schema\\\/logo\\\/image\\\/\"},\"sameAs\":[\"https:\\\/\\\/www.linkedin.com\\\/company\\\/glaze-about\"]}]}<\/script>\n<!-- \/ Yoast SEO plugin. -->","yoast_head_json":{"title":"Ideation principper - Beacon Tower","robots":{"index":"index","follow":"follow","max-snippet":"max-snippet:-1","max-image-preview":"max-image-preview:large","max-video-preview":"max-video-preview:-1"},"canonical":"https:\/\/beacontower.io\/da\/indsigter\/ideation-principper\/","og_locale":"da_DK","og_type":"article","og_title":"Ideation principper - Beacon Tower","og_description":"\u00a0Ideation principper Det er vigtigt, at id\u00e9generering n\u00e6res med input fra flere kilder. Nogle gange identificeres de bedste muligheder, n\u00e5r man s\u00f8ger efter noget andet, eller n\u00e5r man opfordrer uortodokse interessenter til at deltage i inspirationsworkshops. Glaze anbefaler, at eksterne eksperter fra branchen faciliterer ideation workshops, og at disse ogs\u00e5 forest\u00e5r en struktureret proces til [&hellip;]","og_url":"https:\/\/beacontower.io\/da\/indsigter\/ideation-principper\/","og_site_name":"Beacon Tower","article_modified_time":"2021-07-01T14:26:09+00:00","og_image":[{"url":"https:\/\/beacontower.io\/wp-content\/uploads\/2021\/05\/ideation.jpg","type":"","width":"","height":""}],"twitter_card":"summary_large_image","twitter_misc":{"Estimeret l\u00e6setid":"4 minutter"},"schema":{"@context":"https:\/\/schema.org","@graph":[{"@type":"WebPage","@id":"https:\/\/beacontower.io\/da\/indsigter\/ideation-principper\/","url":"https:\/\/beacontower.io\/da\/indsigter\/ideation-principper\/","name":"Ideation principper - Beacon Tower","isPartOf":{"@id":"https:\/\/beacontower.io\/da\/#website"},"primaryImageOfPage":{"@id":"https:\/\/beacontower.io\/da\/indsigter\/ideation-principper\/#primaryimage"},"image":{"@id":"https:\/\/beacontower.io\/da\/indsigter\/ideation-principper\/#primaryimage"},"thumbnailUrl":"https:\/\/beacontower.io\/wp-content\/uploads\/2021\/05\/ideation.jpg","datePublished":"2021-06-07T17:46:38+00:00","dateModified":"2021-07-01T14:26:09+00:00","breadcrumb":{"@id":"https:\/\/beacontower.io\/da\/indsigter\/ideation-principper\/#breadcrumb"},"inLanguage":"da-DK","potentialAction":[{"@type":"ReadAction","target":["https:\/\/beacontower.io\/da\/indsigter\/ideation-principper\/"]}]},{"@type":"ImageObject","inLanguage":"da-DK","@id":"https:\/\/beacontower.io\/da\/indsigter\/ideation-principper\/#primaryimage","url":"https:\/\/beacontower.io\/wp-content\/uploads\/2021\/05\/ideation.jpg","contentUrl":"https:\/\/beacontower.io\/wp-content\/uploads\/2021\/05\/ideation.jpg"},{"@type":"BreadcrumbList","@id":"https:\/\/beacontower.io\/da\/indsigter\/ideation-principper\/#breadcrumb","itemListElement":[{"@type":"ListItem","position":1,"name":"Home","item":"https:\/\/beacontower.io\/da\/azure-iot-cloud-and-edge-platform\/"},{"@type":"ListItem","position":2,"name":"Indsigter","item":"https:\/\/beacontower.io\/da\/indsigter\/"},{"@type":"ListItem","position":3,"name":"Ideation principper"}]},{"@type":"WebSite","@id":"https:\/\/beacontower.io\/da\/#website","url":"https:\/\/beacontower.io\/da\/","name":"Beacon Tower","description":"Azure IoT Cloud and Edge Platform","publisher":{"@id":"https:\/\/beacontower.io\/da\/#organization"},"potentialAction":[{"@type":"SearchAction","target":{"@type":"EntryPoint","urlTemplate":"https:\/\/beacontower.io\/da\/?s={search_term_string}"},"query-input":{"@type":"PropertyValueSpecification","valueRequired":true,"valueName":"search_term_string"}}],"inLanguage":"da-DK"},{"@type":"Organization","@id":"https:\/\/beacontower.io\/da\/#organization","name":"Beacon Tower","url":"https:\/\/beacontower.io\/da\/","logo":{"@type":"ImageObject","inLanguage":"da-DK","@id":"https:\/\/beacontower.io\/da\/#\/schema\/logo\/image\/","url":"https:\/\/beacontower.io\/wp-content\/uploads\/2021\/04\/BT-logo-web.png","contentUrl":"https:\/\/beacontower.io\/wp-content\/uploads\/2021\/04\/BT-logo-web.png","width":400,"height":175,"caption":"Beacon Tower"},"image":{"@id":"https:\/\/beacontower.io\/da\/#\/schema\/logo\/image\/"},"sameAs":["https:\/\/www.linkedin.com\/company\/glaze-about"]}]}},"_links":{"self":[{"href":"https:\/\/beacontower.io\/da\/wp-json\/wp\/v2\/pages\/34220","targetHints":{"allow":["GET"]}}],"collection":[{"href":"https:\/\/beacontower.io\/da\/wp-json\/wp\/v2\/pages"}],"about":[{"href":"https:\/\/beacontower.io\/da\/wp-json\/wp\/v2\/types\/page"}],"author":[{"embeddable":true,"href":"https:\/\/beacontower.io\/da\/wp-json\/wp\/v2\/users\/5"}],"replies":[{"embeddable":true,"href":"https:\/\/beacontower.io\/da\/wp-json\/wp\/v2\/comments?post=34220"}],"version-history":[{"count":8,"href":"https:\/\/beacontower.io\/da\/wp-json\/wp\/v2\/pages\/34220\/revisions"}],"predecessor-version":[{"id":34428,"href":"https:\/\/beacontower.io\/da\/wp-json\/wp\/v2\/pages\/34220\/revisions\/34428"}],"up":[{"embeddable":true,"href":"https:\/\/beacontower.io\/da\/wp-json\/wp\/v2\/pages\/32861"}],"wp:attachment":[{"href":"https:\/\/beacontower.io\/da\/wp-json\/wp\/v2\/media?parent=34220"}],"curies":[{"name":"wp","href":"https:\/\/api.w.org\/{rel}","templated":true}]}}