{"id":34214,"date":"2021-06-07T17:45:20","date_gmt":"2021-06-07T17:45:20","guid":{"rendered":"https:\/\/beacontower.io\/indsigter\/business-innovation-iterative-approach\/"},"modified":"2021-07-01T12:52:53","modified_gmt":"2021-07-01T12:52:53","slug":"forretnings-innovation-iterativ-tilgang","status":"publish","type":"page","link":"https:\/\/beacontower.io\/da\/indsigter\/forretnings-innovation-iterativ-tilgang\/","title":{"rendered":"Forretningsinnovation &#8211; Iterativ tilgang"},"content":{"rendered":"<p>[et_pb_section fb_built=&#8221;1&#8243; _builder_version=&#8221;4.7.4&#8243; _module_preset=&#8221;default&#8221;][et_pb_row _builder_version=&#8221;4.9.4&#8243; _module_preset=&#8221;default&#8221; custom_margin=&#8221;100px||||false|false&#8221; custom_padding=&#8221;||||false|false&#8221;][et_pb_column type=&#8221;4_4&#8243; _builder_version=&#8221;4.9.4&#8243; _module_preset=&#8221;default&#8221;][et_pb_text _builder_version=&#8221;4.9.4&#8243; _module_preset=&#8221;default&#8221;]<\/p>\n<h1><a name=\"_Toc73445797\"><\/a><strong>Iterativ tilgang<\/strong><\/h1>\n<p>Glaze anbefaler at man l\u00f8bende raffinerer og opdaterer forretningsantagelserne og de p\u00e5g\u00e6ldende data der skal bekr\u00e6fte forretningshypotesen. Desuden anbefaler vi, at der dannes en st\u00e6rk ramme for at konkludere, om projektet skal forts\u00e6ttes eller stoppes. Hold investeringen lav i de indledende eksperimenteringsfaser, og n\u00e5r bevis for en v\u00e6rdifuld business case er fundet, skal I finjustere de f\u00f8rste ustabile mock-ups for at de giver fremtidig anvendelighed. Vigtigst er det at l\u00e6re hurtigt og at fejle hurtigt.<\/p>\n<h2><a name=\"_Toc73445798\"><\/a>Indledende trin<\/h2>\n<p>Et innovativt forretningsudviklingsteam vil hurtigt producere id\u00e9er fra instinkter og generel indsigt om hvor digital viden kan muligg\u00f8re nye produkter og tjenester. Alternativt, kan eksisterende data unders\u00f8ges, ved hj\u00e6lp af dygtige dataforskere for at f\u00e5 \u00f8je p\u00e5 mistede muligheder, der allerede er internt. Enhver id\u00e9, der er v\u00e6rd at teste, skal derefter afvises hurtigt, hvis det ikke er b\u00e6redygtigt; derfor anbefalingen om at fejle hurtigt gennem de indledende fors\u00f8g for at holde trit med andre konkurrenter, der udnytter lignende projekter i det eksponentielle l\u00f8b om at vinde.<\/p>\n<p>Med andre ord: tillad ikke, at R&amp;D bruger \u00e5revis p\u00e5 at udvikle en dedikeret og ny l\u00f8sning; find i stedet inspiration for bedste praksis, der allerede findes, og kr\u00e6v at lappe generiske byggesten sammen. Test funktionelle krav hurtigt ved hj\u00e6lp af hyldevare hardwaremoduler, ved hj\u00e6lp af standardgr\u00e6nseflader og simiuleret internettilslutning underst\u00f8ttet af softwarev\u00e6rkt\u00f8jer. Modularitet muligg\u00f8r udskiftning af enhver komponent, der skaber flaskehalse til det \u00f8nskede forretningseksperiment.<\/p>\n<p>En ligefrem pr\u00e6sentation af de indledende eksperimenter vil indikere den potentielle v\u00e6rdi for kunderne. Data indsamlet under eksperimenter analyseres, for at validere den forventede forretningsv\u00e6rdi &#8211; og kan endda f\u00f8re til en hidtil uset id\u00e9.<\/p>\n<p><img loading=\"lazy\" decoding=\"async\" class=\"wp-image-33792 alignnone size-full\" src=\"https:\/\/beacontower.io\/wp-content\/uploads\/2021\/05\/works-looks-feels-like.jpg\" alt=\"\" width=\"600\" height=\"172\" srcset=\"https:\/\/beacontower.io\/wp-content\/uploads\/2021\/05\/works-looks-feels-like.jpg 600w, https:\/\/beacontower.io\/wp-content\/uploads\/2021\/05\/works-looks-feels-like-480x138.jpg 480w\" sizes=\"(min-width: 0px) and (max-width: 480px) 480px, (min-width: 481px) 600px, 100vw\" \/><\/p>\n<p>Glaze anbefaler en hurtig initial eksperimentel model som i ovenst\u00e5ende figur &#8211; med hyldevare komponenter og gaffatape, hvor det er n\u00f8dvendigt &#8211; for at teste den grundl\u00e6ggende id\u00e9. Iterativ validering af et produktkoncept kan f\u00f8rst og fremmest ses som en \u201dWorks-like model\u201d, baseret p\u00e5 evaluation hardware boards og standardbyggesten. Hvis fors\u00f8g indikerer, at der er tr\u00e6kkraft til at g\u00e5 videre i processen, kan en &#8220;Look-like model&#8221;, hvor fysiske dimensioner er p\u00e5 plads, testes. Endelig implementeres en \u201cFeels-like model\u201d, med alle need-to-have funktioner og en behagelig brugeroplevelse.<\/p>\n<p>En del af modningen af produkttilbuddet er at optimere til den fremtidige produktion, og sikre overholdelse af platformskrav for at standardisere elementer p\u00e5 tv\u00e6rs af virksomhedens produktportef\u00f8lje. Gr\u00e6nseflade mellem forskellige komponenter og lag er ikke kun p\u00e5kr\u00e6vet for at styre R&amp;Ds interne afh\u00e6ngigheder. Der tages en vigtig beslutning om udnyttelse eller hemmeligholdelse af API&#8217;er (Application Programming Interface), for at muligg\u00f8re deling med eksterne forretnings\u00f8kosystemer og muligg\u00f8re synergier: vil l\u00f8beskoen kun kommunikere til egne udviklede smartphone-applikationer, vil den v\u00e6re i overensstemmelse med andet tredjepartsudstyr knyttet til f.eks. Garmin, eller sender den data direkte til Endomondo eller andre sociale medier? Hvilken forretningsmodel giver mest overskud, fra samarbejde eller licensering med forretningspartnere?<\/p>\n<h2><a name=\"_Toc73445799\"><\/a>T\u00f8ven &#8211; mens andre beg\u00e5r de f\u00f8rste fejl<\/h2>\n<p>Forvent ikke en &#8220;vent og se &#8211; holdning&#8221; vil betale sig. N\u00e5r det bliver synligt, hvilken retning konkurrencen begynder at pege i, kan det v\u00e6re for sent. Siden \u00e5r 2000 er forretningsimperier smuldret hurtigere end nogensinde, p\u00e5 grund af t\u00f8ven og manglende tillid til at s\u00e6tte skub i udviklingsprojekter. S\u00e5 l\u00e6nge der fremstilles nye produkter i et traditionelt produktionsanl\u00e6g, i henhold til \u201cIndustry 3.0\u201d -paradigmet, kan enhver st\u00f8rre konkurrent hurtigt \u00f8ge produktionstempoet, og indhente og til sidst knuse den nye markedsdeltager. Mens succesrige virksomheder p\u00e5 Forbes 500 fandtes i gennemsnit 67 \u00e5r i 1920&#8217;erne, forbliver de typisk kun 15 \u00e5r i dag p\u00e5 denne liste.<\/p>\n<p>Den ultimative implikation for en virksomhed, der t\u00f8ver med at reagere, n\u00e5r nye tendenser opst\u00e5r, er at blive for\u00e6ldet p\u00e5 markedet. En alternativ sk\u00e6bne er at blive underleverand\u00f8r af mekaniske varer, hvor andre h\u00f8ster st\u00f8rstedelen af v\u00e6rdien fra hele forretnings\u00f8kosystemet.<\/p>\n<p>\u00a0Forts\u00e6t l\u00e6sningen: g\u00e5 til <a href=\"https:\/\/beacontower.io\/da\/indsigter\/iot-aktiverede-forretningsmodeller\/\">IoT-aktiverede forretningsmodeller<\/a>.<\/p>\n<p>&nbsp;<\/p>\n<p>&nbsp;<\/p>\n<p>[\/et_pb_text][\/et_pb_column][\/et_pb_row][\/et_pb_section]<\/p>\n","protected":false},"excerpt":{"rendered":"<p>Iterativ tilgang Glaze anbefaler at man l\u00f8bende raffinerer og opdaterer forretningsantagelserne og de p\u00e5g\u00e6ldende data der skal bekr\u00e6fte forretningshypotesen. Desuden anbefaler vi, at der dannes en st\u00e6rk ramme for at konkludere, om projektet skal forts\u00e6ttes eller stoppes. Hold investeringen lav i de indledende eksperimenteringsfaser, og n\u00e5r bevis for en v\u00e6rdifuld business case er fundet, skal [&hellip;]<\/p>\n","protected":false},"author":5,"featured_media":0,"parent":32861,"menu_order":0,"comment_status":"closed","ping_status":"closed","template":"","meta":{"_et_pb_use_builder":"on","_et_pb_old_content":"","_et_gb_content_width":"","footnotes":""},"class_list":["post-34214","page","type-page","status-publish","hentry"],"yoast_head":"<!-- This site is optimized with the Yoast SEO plugin v27.4 - https:\/\/yoast.com\/product\/yoast-seo-wordpress\/ -->\n<title>Forretningsinnovation - Iterativ tilgang - Beacon Tower<\/title>\n<meta name=\"robots\" content=\"index, follow, max-snippet:-1, max-image-preview:large, max-video-preview:-1\" \/>\n<link rel=\"canonical\" href=\"https:\/\/beacontower.io\/da\/indsigter\/forretnings-innovation-iterativ-tilgang\/\" \/>\n<meta property=\"og:locale\" content=\"da_DK\" \/>\n<meta property=\"og:type\" content=\"article\" \/>\n<meta property=\"og:title\" content=\"Forretningsinnovation - Iterativ tilgang - Beacon Tower\" \/>\n<meta property=\"og:description\" content=\"Iterativ tilgang Glaze anbefaler at man l\u00f8bende raffinerer og opdaterer forretningsantagelserne og de p\u00e5g\u00e6ldende data der skal bekr\u00e6fte forretningshypotesen. Desuden anbefaler vi, at der dannes en st\u00e6rk ramme for at konkludere, om projektet skal forts\u00e6ttes eller stoppes. Hold investeringen lav i de indledende eksperimenteringsfaser, og n\u00e5r bevis for en v\u00e6rdifuld business case er fundet, skal [&hellip;]\" \/>\n<meta property=\"og:url\" content=\"https:\/\/beacontower.io\/da\/indsigter\/forretnings-innovation-iterativ-tilgang\/\" \/>\n<meta property=\"og:site_name\" content=\"Beacon Tower\" \/>\n<meta property=\"article:modified_time\" content=\"2021-07-01T12:52:53+00:00\" \/>\n<meta property=\"og:image\" content=\"https:\/\/beacontower.io\/wp-content\/uploads\/2021\/05\/works-looks-feels-like.jpg\" \/>\n<meta name=\"twitter:card\" content=\"summary_large_image\" \/>\n<meta name=\"twitter:label1\" content=\"Estimeret l\u00e6setid\" \/>\n\t<meta name=\"twitter:data1\" content=\"4 minutter\" \/>\n<script type=\"application\/ld+json\" class=\"yoast-schema-graph\">{\"@context\":\"https:\\\/\\\/schema.org\",\"@graph\":[{\"@type\":\"WebPage\",\"@id\":\"https:\\\/\\\/beacontower.io\\\/da\\\/indsigter\\\/forretnings-innovation-iterativ-tilgang\\\/\",\"url\":\"https:\\\/\\\/beacontower.io\\\/da\\\/indsigter\\\/forretnings-innovation-iterativ-tilgang\\\/\",\"name\":\"Forretningsinnovation - Iterativ tilgang - Beacon Tower\",\"isPartOf\":{\"@id\":\"https:\\\/\\\/beacontower.io\\\/da\\\/#website\"},\"primaryImageOfPage\":{\"@id\":\"https:\\\/\\\/beacontower.io\\\/da\\\/indsigter\\\/forretnings-innovation-iterativ-tilgang\\\/#primaryimage\"},\"image\":{\"@id\":\"https:\\\/\\\/beacontower.io\\\/da\\\/indsigter\\\/forretnings-innovation-iterativ-tilgang\\\/#primaryimage\"},\"thumbnailUrl\":\"https:\\\/\\\/beacontower.io\\\/wp-content\\\/uploads\\\/2021\\\/05\\\/works-looks-feels-like.jpg\",\"datePublished\":\"2021-06-07T17:45:20+00:00\",\"dateModified\":\"2021-07-01T12:52:53+00:00\",\"breadcrumb\":{\"@id\":\"https:\\\/\\\/beacontower.io\\\/da\\\/indsigter\\\/forretnings-innovation-iterativ-tilgang\\\/#breadcrumb\"},\"inLanguage\":\"da-DK\",\"potentialAction\":[{\"@type\":\"ReadAction\",\"target\":[\"https:\\\/\\\/beacontower.io\\\/da\\\/indsigter\\\/forretnings-innovation-iterativ-tilgang\\\/\"]}]},{\"@type\":\"ImageObject\",\"inLanguage\":\"da-DK\",\"@id\":\"https:\\\/\\\/beacontower.io\\\/da\\\/indsigter\\\/forretnings-innovation-iterativ-tilgang\\\/#primaryimage\",\"url\":\"https:\\\/\\\/beacontower.io\\\/wp-content\\\/uploads\\\/2021\\\/05\\\/works-looks-feels-like.jpg\",\"contentUrl\":\"https:\\\/\\\/beacontower.io\\\/wp-content\\\/uploads\\\/2021\\\/05\\\/works-looks-feels-like.jpg\"},{\"@type\":\"BreadcrumbList\",\"@id\":\"https:\\\/\\\/beacontower.io\\\/da\\\/indsigter\\\/forretnings-innovation-iterativ-tilgang\\\/#breadcrumb\",\"itemListElement\":[{\"@type\":\"ListItem\",\"position\":1,\"name\":\"Home\",\"item\":\"https:\\\/\\\/beacontower.io\\\/da\\\/azure-iot-cloud-and-edge-platform\\\/\"},{\"@type\":\"ListItem\",\"position\":2,\"name\":\"Indsigter\",\"item\":\"https:\\\/\\\/beacontower.io\\\/da\\\/indsigter\\\/\"},{\"@type\":\"ListItem\",\"position\":3,\"name\":\"Forretningsinnovation &#8211; Iterativ tilgang\"}]},{\"@type\":\"WebSite\",\"@id\":\"https:\\\/\\\/beacontower.io\\\/da\\\/#website\",\"url\":\"https:\\\/\\\/beacontower.io\\\/da\\\/\",\"name\":\"Beacon Tower\",\"description\":\"Azure IoT Cloud and Edge Platform\",\"publisher\":{\"@id\":\"https:\\\/\\\/beacontower.io\\\/da\\\/#organization\"},\"potentialAction\":[{\"@type\":\"SearchAction\",\"target\":{\"@type\":\"EntryPoint\",\"urlTemplate\":\"https:\\\/\\\/beacontower.io\\\/da\\\/?s={search_term_string}\"},\"query-input\":{\"@type\":\"PropertyValueSpecification\",\"valueRequired\":true,\"valueName\":\"search_term_string\"}}],\"inLanguage\":\"da-DK\"},{\"@type\":\"Organization\",\"@id\":\"https:\\\/\\\/beacontower.io\\\/da\\\/#organization\",\"name\":\"Beacon Tower\",\"url\":\"https:\\\/\\\/beacontower.io\\\/da\\\/\",\"logo\":{\"@type\":\"ImageObject\",\"inLanguage\":\"da-DK\",\"@id\":\"https:\\\/\\\/beacontower.io\\\/da\\\/#\\\/schema\\\/logo\\\/image\\\/\",\"url\":\"https:\\\/\\\/beacontower.io\\\/wp-content\\\/uploads\\\/2021\\\/04\\\/BT-logo-web.png\",\"contentUrl\":\"https:\\\/\\\/beacontower.io\\\/wp-content\\\/uploads\\\/2021\\\/04\\\/BT-logo-web.png\",\"width\":400,\"height\":175,\"caption\":\"Beacon Tower\"},\"image\":{\"@id\":\"https:\\\/\\\/beacontower.io\\\/da\\\/#\\\/schema\\\/logo\\\/image\\\/\"},\"sameAs\":[\"https:\\\/\\\/www.linkedin.com\\\/company\\\/glaze-about\"]}]}<\/script>\n<!-- \/ Yoast SEO plugin. -->","yoast_head_json":{"title":"Forretningsinnovation - Iterativ tilgang - Beacon Tower","robots":{"index":"index","follow":"follow","max-snippet":"max-snippet:-1","max-image-preview":"max-image-preview:large","max-video-preview":"max-video-preview:-1"},"canonical":"https:\/\/beacontower.io\/da\/indsigter\/forretnings-innovation-iterativ-tilgang\/","og_locale":"da_DK","og_type":"article","og_title":"Forretningsinnovation - Iterativ tilgang - Beacon Tower","og_description":"Iterativ tilgang Glaze anbefaler at man l\u00f8bende raffinerer og opdaterer forretningsantagelserne og de p\u00e5g\u00e6ldende data der skal bekr\u00e6fte forretningshypotesen. Desuden anbefaler vi, at der dannes en st\u00e6rk ramme for at konkludere, om projektet skal forts\u00e6ttes eller stoppes. Hold investeringen lav i de indledende eksperimenteringsfaser, og n\u00e5r bevis for en v\u00e6rdifuld business case er fundet, skal [&hellip;]","og_url":"https:\/\/beacontower.io\/da\/indsigter\/forretnings-innovation-iterativ-tilgang\/","og_site_name":"Beacon Tower","article_modified_time":"2021-07-01T12:52:53+00:00","og_image":[{"url":"https:\/\/beacontower.io\/wp-content\/uploads\/2021\/05\/works-looks-feels-like.jpg","type":"","width":"","height":""}],"twitter_card":"summary_large_image","twitter_misc":{"Estimeret l\u00e6setid":"4 minutter"},"schema":{"@context":"https:\/\/schema.org","@graph":[{"@type":"WebPage","@id":"https:\/\/beacontower.io\/da\/indsigter\/forretnings-innovation-iterativ-tilgang\/","url":"https:\/\/beacontower.io\/da\/indsigter\/forretnings-innovation-iterativ-tilgang\/","name":"Forretningsinnovation - Iterativ tilgang - Beacon Tower","isPartOf":{"@id":"https:\/\/beacontower.io\/da\/#website"},"primaryImageOfPage":{"@id":"https:\/\/beacontower.io\/da\/indsigter\/forretnings-innovation-iterativ-tilgang\/#primaryimage"},"image":{"@id":"https:\/\/beacontower.io\/da\/indsigter\/forretnings-innovation-iterativ-tilgang\/#primaryimage"},"thumbnailUrl":"https:\/\/beacontower.io\/wp-content\/uploads\/2021\/05\/works-looks-feels-like.jpg","datePublished":"2021-06-07T17:45:20+00:00","dateModified":"2021-07-01T12:52:53+00:00","breadcrumb":{"@id":"https:\/\/beacontower.io\/da\/indsigter\/forretnings-innovation-iterativ-tilgang\/#breadcrumb"},"inLanguage":"da-DK","potentialAction":[{"@type":"ReadAction","target":["https:\/\/beacontower.io\/da\/indsigter\/forretnings-innovation-iterativ-tilgang\/"]}]},{"@type":"ImageObject","inLanguage":"da-DK","@id":"https:\/\/beacontower.io\/da\/indsigter\/forretnings-innovation-iterativ-tilgang\/#primaryimage","url":"https:\/\/beacontower.io\/wp-content\/uploads\/2021\/05\/works-looks-feels-like.jpg","contentUrl":"https:\/\/beacontower.io\/wp-content\/uploads\/2021\/05\/works-looks-feels-like.jpg"},{"@type":"BreadcrumbList","@id":"https:\/\/beacontower.io\/da\/indsigter\/forretnings-innovation-iterativ-tilgang\/#breadcrumb","itemListElement":[{"@type":"ListItem","position":1,"name":"Home","item":"https:\/\/beacontower.io\/da\/azure-iot-cloud-and-edge-platform\/"},{"@type":"ListItem","position":2,"name":"Indsigter","item":"https:\/\/beacontower.io\/da\/indsigter\/"},{"@type":"ListItem","position":3,"name":"Forretningsinnovation &#8211; Iterativ tilgang"}]},{"@type":"WebSite","@id":"https:\/\/beacontower.io\/da\/#website","url":"https:\/\/beacontower.io\/da\/","name":"Beacon Tower","description":"Azure IoT Cloud and Edge Platform","publisher":{"@id":"https:\/\/beacontower.io\/da\/#organization"},"potentialAction":[{"@type":"SearchAction","target":{"@type":"EntryPoint","urlTemplate":"https:\/\/beacontower.io\/da\/?s={search_term_string}"},"query-input":{"@type":"PropertyValueSpecification","valueRequired":true,"valueName":"search_term_string"}}],"inLanguage":"da-DK"},{"@type":"Organization","@id":"https:\/\/beacontower.io\/da\/#organization","name":"Beacon Tower","url":"https:\/\/beacontower.io\/da\/","logo":{"@type":"ImageObject","inLanguage":"da-DK","@id":"https:\/\/beacontower.io\/da\/#\/schema\/logo\/image\/","url":"https:\/\/beacontower.io\/wp-content\/uploads\/2021\/04\/BT-logo-web.png","contentUrl":"https:\/\/beacontower.io\/wp-content\/uploads\/2021\/04\/BT-logo-web.png","width":400,"height":175,"caption":"Beacon Tower"},"image":{"@id":"https:\/\/beacontower.io\/da\/#\/schema\/logo\/image\/"},"sameAs":["https:\/\/www.linkedin.com\/company\/glaze-about"]}]}},"_links":{"self":[{"href":"https:\/\/beacontower.io\/da\/wp-json\/wp\/v2\/pages\/34214","targetHints":{"allow":["GET"]}}],"collection":[{"href":"https:\/\/beacontower.io\/da\/wp-json\/wp\/v2\/pages"}],"about":[{"href":"https:\/\/beacontower.io\/da\/wp-json\/wp\/v2\/types\/page"}],"author":[{"embeddable":true,"href":"https:\/\/beacontower.io\/da\/wp-json\/wp\/v2\/users\/5"}],"replies":[{"embeddable":true,"href":"https:\/\/beacontower.io\/da\/wp-json\/wp\/v2\/comments?post=34214"}],"version-history":[{"count":14,"href":"https:\/\/beacontower.io\/da\/wp-json\/wp\/v2\/pages\/34214\/revisions"}],"predecessor-version":[{"id":34418,"href":"https:\/\/beacontower.io\/da\/wp-json\/wp\/v2\/pages\/34214\/revisions\/34418"}],"up":[{"embeddable":true,"href":"https:\/\/beacontower.io\/da\/wp-json\/wp\/v2\/pages\/32861"}],"wp:attachment":[{"href":"https:\/\/beacontower.io\/da\/wp-json\/wp\/v2\/media?parent=34214"}],"curies":[{"name":"wp","href":"https:\/\/api.w.org\/{rel}","templated":true}]}}