{"id":34208,"date":"2021-06-07T17:12:21","date_gmt":"2021-06-07T17:12:21","guid":{"rendered":"https:\/\/beacontower.io\/indsigter\/eco-systems-make-buy-and-partner\/"},"modified":"2021-07-02T09:25:29","modified_gmt":"2021-07-02T09:25:29","slug":"oekosystemer-at-lave-koebe-og-partnerskab","status":"publish","type":"page","link":"https:\/\/beacontower.io\/da\/indsigter\/oekosystemer-at-lave-koebe-og-partnerskab\/","title":{"rendered":"\u00d8kosystemer: At lave, k\u00f8be og partnerskab"},"content":{"rendered":"<p>[et_pb_section fb_built=&#8221;1&#8243; _builder_version=&#8221;4.7.4&#8243; _module_preset=&#8221;default&#8221;][et_pb_row _builder_version=&#8221;4.9.4&#8243; _module_preset=&#8221;default&#8221; custom_margin=&#8221;100px||||false|false&#8221; custom_padding=&#8221;||||false|false&#8221;][et_pb_column type=&#8221;4_4&#8243; _builder_version=&#8221;4.9.4&#8243; _module_preset=&#8221;default&#8221;][et_pb_text _builder_version=&#8221;4.9.4&#8243; _module_preset=&#8221;default&#8221;]<\/p>\n<h1><a name=\"_Toc73445820\"><\/a><strong>\u00d8kosystemer: At lave, k\u00f8be og partnerskab<\/strong><\/h1>\n<p>Etablering af en \u00f8konomisk sund win-win-l\u00f8sning kan s\u00e6tte skub i en hel sektor eller forretningsvertikal. At samarbejde med leverand\u00f8rer kan v\u00e6re som en \u00e5ben invitation (t\u00e6nk Android) for at bidrage til den samlede v\u00e6kst i en niche eller ved at definere en &#8220;walled garden&#8221; til specielle inviterede (t\u00e6nk iOS).<\/p>\n<h2><a name=\"_Toc73445821\"><\/a>Lav eller k\u00f8b<\/h2>\n<p>En traditionel R&amp;D-drevet virksomhed vil ofte have tendens til at udvikle og fremstille helt nyt udstyr til et nyt forretningsinitiativ. V\u00e6rdien, der returneres ved at skabe egne digitale l\u00f8sninger, kan imidlertid ikke f\u00f8lge med tempoet i omverdenen, der raffinerer allerede modne forekomster af n\u00e6sten samme muligheder. Mens der skrives kodelinje efter kodelinje for en systemkomponentdriver, skaber en anden eksponentiel v\u00e6rdi fra COTS-udstyr og integrerer moduler i SDK&#8217;er til forretningsrelevant eksperimentering.<\/p>\n<p>At tilskynde til organisk v\u00e6kst for at indhente et nyt dom\u00e6ne &#8211; s\u00e5som en postkasseproducent, der udvikler elektronik og internetstyrede l\u00e5se &#8211; vil blive overhalet af eksisterende ekstern viden. Strategiske leverand\u00f8rpartnerskaber eller M&amp;A aktiviteter vil \u00f8ge eksekveringen inden for det dom\u00e6ne, der kr\u00e6ves for en hurtigere markedsindsats.<\/p>\n<h2><a name=\"_Toc73445822\"><\/a>Aktiv\u00e9r partnerskab<\/h2>\n<p>Mellem interne R&amp;D-teams angives et s\u00e6t API&#8217;er (Application Program Interface), hvordan software- og hardwarekomponenter skal interagere. Derefter kan forskellige teams arbejde med funktionelle moduler med klart specificeret overf\u00f8rsel af parametre og funktionel logik. Yderligere kan en strategisk tilgang til deling og licensering af adgang til bestemte forretningsforbedrende API&#8217;er styre, hvordan eksterne udviklere bidrager til, udvider eller bruger ellers intern og propriet\u00e6r funktionalitet.<\/p>\n<h2><a name=\"_Toc73445823\"><\/a>Byg \u00f8kosystemer<\/h2>\n<p>En webservice som Yelp overvejede ikke at udvikle kort og opdatere tjenester internt. Yelp viser deres lokale forretningsanmeldelser oven p\u00e5 en generisk korttjeneste, der oprindeligt leveres af Google Maps. Evnen til at tilf\u00f8je funktionalitet oven p\u00e5 eksisterende digitale kort er muliggjort p\u00e5 grund af veldefinerede API&#8217;er til at integrere de to s\u00e6t funktionalitet. Senere skiftede Yelp deres API-overholdelse til Apple Maps, en sen markedsdeltager, for en co-branded partnerstrategi, der styrker deres tilstedev\u00e6relse. Flere virksomheder kan drage fordel af \u00f8kosystemer &#8211; som hele pc-fremstillingssektoren &#8211; ved at udvikle tjenester baseret p\u00e5 f\u00e6lles s\u00e6t API&#8217;er.<\/p>\n<p>G\u00e5 tilbage til <a href=\"https:\/\/beacontower.io\/da\/indsigter\/\">IoT indsigter<\/a>.<\/p>\n<p>&nbsp;<\/p>\n<p>[\/et_pb_text][\/et_pb_column][\/et_pb_row][\/et_pb_section]<\/p>\n","protected":false},"excerpt":{"rendered":"<p>\u00d8kosystemer: At lave, k\u00f8be og partnerskab Etablering af en \u00f8konomisk sund win-win-l\u00f8sning kan s\u00e6tte skub i en hel sektor eller forretningsvertikal. At samarbejde med leverand\u00f8rer kan v\u00e6re som en \u00e5ben invitation (t\u00e6nk Android) for at bidrage til den samlede v\u00e6kst i en niche eller ved at definere en &#8220;walled garden&#8221; til specielle inviterede (t\u00e6nk iOS). [&hellip;]<\/p>\n","protected":false},"author":5,"featured_media":0,"parent":32861,"menu_order":0,"comment_status":"closed","ping_status":"closed","template":"","meta":{"_et_pb_use_builder":"on","_et_pb_old_content":"","_et_gb_content_width":"","footnotes":""},"class_list":["post-34208","page","type-page","status-publish","hentry"],"yoast_head":"<!-- This site is optimized with the Yoast SEO plugin v27.3 - https:\/\/yoast.com\/product\/yoast-seo-wordpress\/ -->\n<title>\u00d8kosystemer: At lave, k\u00f8be og partnerskab - Beacon Tower<\/title>\n<meta name=\"robots\" content=\"index, follow, max-snippet:-1, max-image-preview:large, max-video-preview:-1\" \/>\n<link rel=\"canonical\" href=\"https:\/\/beacontower.io\/da\/indsigter\/oekosystemer-at-lave-koebe-og-partnerskab\/\" \/>\n<meta property=\"og:locale\" content=\"da_DK\" \/>\n<meta property=\"og:type\" content=\"article\" \/>\n<meta property=\"og:title\" content=\"\u00d8kosystemer: At lave, k\u00f8be og partnerskab - Beacon Tower\" \/>\n<meta property=\"og:description\" content=\"\u00d8kosystemer: At lave, k\u00f8be og partnerskab Etablering af en \u00f8konomisk sund win-win-l\u00f8sning kan s\u00e6tte skub i en hel sektor eller forretningsvertikal. At samarbejde med leverand\u00f8rer kan v\u00e6re som en \u00e5ben invitation (t\u00e6nk Android) for at bidrage til den samlede v\u00e6kst i en niche eller ved at definere en &quot;walled garden&quot; til specielle inviterede (t\u00e6nk iOS). [&hellip;]\" \/>\n<meta property=\"og:url\" content=\"https:\/\/beacontower.io\/da\/indsigter\/oekosystemer-at-lave-koebe-og-partnerskab\/\" \/>\n<meta property=\"og:site_name\" content=\"Beacon Tower\" \/>\n<meta property=\"article:modified_time\" content=\"2021-07-02T09:25:29+00:00\" \/>\n<meta property=\"og:image\" content=\"https:\/\/beacontower.io\/wp-content\/uploads\/2021\/04\/BT-logo-web.png\" \/>\n\t<meta property=\"og:image:width\" content=\"400\" \/>\n\t<meta property=\"og:image:height\" content=\"175\" \/>\n\t<meta property=\"og:image:type\" content=\"image\/png\" \/>\n<meta name=\"twitter:card\" content=\"summary_large_image\" \/>\n<meta name=\"twitter:label1\" content=\"Estimeret l\u00e6setid\" \/>\n\t<meta name=\"twitter:data1\" content=\"2 minutter\" \/>\n<script type=\"application\/ld+json\" class=\"yoast-schema-graph\">{\"@context\":\"https:\\\/\\\/schema.org\",\"@graph\":[{\"@type\":\"WebPage\",\"@id\":\"https:\\\/\\\/beacontower.io\\\/da\\\/indsigter\\\/oekosystemer-at-lave-koebe-og-partnerskab\\\/\",\"url\":\"https:\\\/\\\/beacontower.io\\\/da\\\/indsigter\\\/oekosystemer-at-lave-koebe-og-partnerskab\\\/\",\"name\":\"\u00d8kosystemer: At lave, k\u00f8be og partnerskab - Beacon Tower\",\"isPartOf\":{\"@id\":\"https:\\\/\\\/beacontower.io\\\/da\\\/#website\"},\"datePublished\":\"2021-06-07T17:12:21+00:00\",\"dateModified\":\"2021-07-02T09:25:29+00:00\",\"breadcrumb\":{\"@id\":\"https:\\\/\\\/beacontower.io\\\/da\\\/indsigter\\\/oekosystemer-at-lave-koebe-og-partnerskab\\\/#breadcrumb\"},\"inLanguage\":\"da-DK\",\"potentialAction\":[{\"@type\":\"ReadAction\",\"target\":[\"https:\\\/\\\/beacontower.io\\\/da\\\/indsigter\\\/oekosystemer-at-lave-koebe-og-partnerskab\\\/\"]}]},{\"@type\":\"BreadcrumbList\",\"@id\":\"https:\\\/\\\/beacontower.io\\\/da\\\/indsigter\\\/oekosystemer-at-lave-koebe-og-partnerskab\\\/#breadcrumb\",\"itemListElement\":[{\"@type\":\"ListItem\",\"position\":1,\"name\":\"Home\",\"item\":\"https:\\\/\\\/beacontower.io\\\/da\\\/azure-iot-cloud-and-edge-platform\\\/\"},{\"@type\":\"ListItem\",\"position\":2,\"name\":\"Indsigter\",\"item\":\"https:\\\/\\\/beacontower.io\\\/da\\\/indsigter\\\/\"},{\"@type\":\"ListItem\",\"position\":3,\"name\":\"\u00d8kosystemer: At lave, k\u00f8be og partnerskab\"}]},{\"@type\":\"WebSite\",\"@id\":\"https:\\\/\\\/beacontower.io\\\/da\\\/#website\",\"url\":\"https:\\\/\\\/beacontower.io\\\/da\\\/\",\"name\":\"Beacon Tower\",\"description\":\"Azure IoT Cloud and Edge Platform\",\"publisher\":{\"@id\":\"https:\\\/\\\/beacontower.io\\\/da\\\/#organization\"},\"potentialAction\":[{\"@type\":\"SearchAction\",\"target\":{\"@type\":\"EntryPoint\",\"urlTemplate\":\"https:\\\/\\\/beacontower.io\\\/da\\\/?s={search_term_string}\"},\"query-input\":{\"@type\":\"PropertyValueSpecification\",\"valueRequired\":true,\"valueName\":\"search_term_string\"}}],\"inLanguage\":\"da-DK\"},{\"@type\":\"Organization\",\"@id\":\"https:\\\/\\\/beacontower.io\\\/da\\\/#organization\",\"name\":\"Beacon Tower\",\"url\":\"https:\\\/\\\/beacontower.io\\\/da\\\/\",\"logo\":{\"@type\":\"ImageObject\",\"inLanguage\":\"da-DK\",\"@id\":\"https:\\\/\\\/beacontower.io\\\/da\\\/#\\\/schema\\\/logo\\\/image\\\/\",\"url\":\"https:\\\/\\\/beacontower.io\\\/wp-content\\\/uploads\\\/2021\\\/04\\\/BT-logo-web.png\",\"contentUrl\":\"https:\\\/\\\/beacontower.io\\\/wp-content\\\/uploads\\\/2021\\\/04\\\/BT-logo-web.png\",\"width\":400,\"height\":175,\"caption\":\"Beacon Tower\"},\"image\":{\"@id\":\"https:\\\/\\\/beacontower.io\\\/da\\\/#\\\/schema\\\/logo\\\/image\\\/\"},\"sameAs\":[\"https:\\\/\\\/www.linkedin.com\\\/company\\\/glaze-about\"]}]}<\/script>\n<!-- \/ Yoast SEO plugin. -->","yoast_head_json":{"title":"\u00d8kosystemer: At lave, k\u00f8be og partnerskab - Beacon Tower","robots":{"index":"index","follow":"follow","max-snippet":"max-snippet:-1","max-image-preview":"max-image-preview:large","max-video-preview":"max-video-preview:-1"},"canonical":"https:\/\/beacontower.io\/da\/indsigter\/oekosystemer-at-lave-koebe-og-partnerskab\/","og_locale":"da_DK","og_type":"article","og_title":"\u00d8kosystemer: At lave, k\u00f8be og partnerskab - Beacon Tower","og_description":"\u00d8kosystemer: At lave, k\u00f8be og partnerskab Etablering af en \u00f8konomisk sund win-win-l\u00f8sning kan s\u00e6tte skub i en hel sektor eller forretningsvertikal. At samarbejde med leverand\u00f8rer kan v\u00e6re som en \u00e5ben invitation (t\u00e6nk Android) for at bidrage til den samlede v\u00e6kst i en niche eller ved at definere en \"walled garden\" til specielle inviterede (t\u00e6nk iOS). [&hellip;]","og_url":"https:\/\/beacontower.io\/da\/indsigter\/oekosystemer-at-lave-koebe-og-partnerskab\/","og_site_name":"Beacon Tower","article_modified_time":"2021-07-02T09:25:29+00:00","og_image":[{"width":400,"height":175,"url":"https:\/\/beacontower.io\/wp-content\/uploads\/2021\/04\/BT-logo-web.png","type":"image\/png"}],"twitter_card":"summary_large_image","twitter_misc":{"Estimeret l\u00e6setid":"2 minutter"},"schema":{"@context":"https:\/\/schema.org","@graph":[{"@type":"WebPage","@id":"https:\/\/beacontower.io\/da\/indsigter\/oekosystemer-at-lave-koebe-og-partnerskab\/","url":"https:\/\/beacontower.io\/da\/indsigter\/oekosystemer-at-lave-koebe-og-partnerskab\/","name":"\u00d8kosystemer: At lave, k\u00f8be og partnerskab - Beacon Tower","isPartOf":{"@id":"https:\/\/beacontower.io\/da\/#website"},"datePublished":"2021-06-07T17:12:21+00:00","dateModified":"2021-07-02T09:25:29+00:00","breadcrumb":{"@id":"https:\/\/beacontower.io\/da\/indsigter\/oekosystemer-at-lave-koebe-og-partnerskab\/#breadcrumb"},"inLanguage":"da-DK","potentialAction":[{"@type":"ReadAction","target":["https:\/\/beacontower.io\/da\/indsigter\/oekosystemer-at-lave-koebe-og-partnerskab\/"]}]},{"@type":"BreadcrumbList","@id":"https:\/\/beacontower.io\/da\/indsigter\/oekosystemer-at-lave-koebe-og-partnerskab\/#breadcrumb","itemListElement":[{"@type":"ListItem","position":1,"name":"Home","item":"https:\/\/beacontower.io\/da\/azure-iot-cloud-and-edge-platform\/"},{"@type":"ListItem","position":2,"name":"Indsigter","item":"https:\/\/beacontower.io\/da\/indsigter\/"},{"@type":"ListItem","position":3,"name":"\u00d8kosystemer: At lave, k\u00f8be og partnerskab"}]},{"@type":"WebSite","@id":"https:\/\/beacontower.io\/da\/#website","url":"https:\/\/beacontower.io\/da\/","name":"Beacon Tower","description":"Azure IoT Cloud and Edge Platform","publisher":{"@id":"https:\/\/beacontower.io\/da\/#organization"},"potentialAction":[{"@type":"SearchAction","target":{"@type":"EntryPoint","urlTemplate":"https:\/\/beacontower.io\/da\/?s={search_term_string}"},"query-input":{"@type":"PropertyValueSpecification","valueRequired":true,"valueName":"search_term_string"}}],"inLanguage":"da-DK"},{"@type":"Organization","@id":"https:\/\/beacontower.io\/da\/#organization","name":"Beacon Tower","url":"https:\/\/beacontower.io\/da\/","logo":{"@type":"ImageObject","inLanguage":"da-DK","@id":"https:\/\/beacontower.io\/da\/#\/schema\/logo\/image\/","url":"https:\/\/beacontower.io\/wp-content\/uploads\/2021\/04\/BT-logo-web.png","contentUrl":"https:\/\/beacontower.io\/wp-content\/uploads\/2021\/04\/BT-logo-web.png","width":400,"height":175,"caption":"Beacon Tower"},"image":{"@id":"https:\/\/beacontower.io\/da\/#\/schema\/logo\/image\/"},"sameAs":["https:\/\/www.linkedin.com\/company\/glaze-about"]}]}},"_links":{"self":[{"href":"https:\/\/beacontower.io\/da\/wp-json\/wp\/v2\/pages\/34208","targetHints":{"allow":["GET"]}}],"collection":[{"href":"https:\/\/beacontower.io\/da\/wp-json\/wp\/v2\/pages"}],"about":[{"href":"https:\/\/beacontower.io\/da\/wp-json\/wp\/v2\/types\/page"}],"author":[{"embeddable":true,"href":"https:\/\/beacontower.io\/da\/wp-json\/wp\/v2\/users\/5"}],"replies":[{"embeddable":true,"href":"https:\/\/beacontower.io\/da\/wp-json\/wp\/v2\/comments?post=34208"}],"version-history":[{"count":13,"href":"https:\/\/beacontower.io\/da\/wp-json\/wp\/v2\/pages\/34208\/revisions"}],"predecessor-version":[{"id":34480,"href":"https:\/\/beacontower.io\/da\/wp-json\/wp\/v2\/pages\/34208\/revisions\/34480"}],"up":[{"embeddable":true,"href":"https:\/\/beacontower.io\/da\/wp-json\/wp\/v2\/pages\/32861"}],"wp:attachment":[{"href":"https:\/\/beacontower.io\/da\/wp-json\/wp\/v2\/media?parent=34208"}],"curies":[{"name":"wp","href":"https:\/\/api.w.org\/{rel}","templated":true}]}}