{"id":34202,"date":"2021-06-07T17:11:45","date_gmt":"2021-06-07T17:11:45","guid":{"rendered":"https:\/\/beacontower.io\/indsigter\/connected-industries-the-digital-dilemma\/"},"modified":"2021-07-01T10:59:53","modified_gmt":"2021-07-01T10:59:53","slug":"integrerede-industrier-det-digitale-dilemma","status":"publish","type":"page","link":"https:\/\/beacontower.io\/da\/indsigter\/integrerede-industrier-det-digitale-dilemma\/","title":{"rendered":"Det Digitale Dilemma"},"content":{"rendered":"<p>[et_pb_section fb_built=&#8221;1&#8243; _builder_version=&#8221;4.7.4&#8243; _module_preset=&#8221;default&#8221;][et_pb_row _builder_version=&#8221;4.9.4&#8243; _module_preset=&#8221;default&#8221; custom_margin=&#8221;150px||||false|false&#8221;][et_pb_column type=&#8221;4_4&#8243; _builder_version=&#8221;4.9.4&#8243; _module_preset=&#8221;default&#8221;][et_pb_text _builder_version=&#8221;4.9.4&#8243; _module_preset=&#8221;default&#8221;]<\/p>\n<h1><strong>Det digitale dilemma<\/strong><\/h1>\n<p>Enhver traditionel virksomhed kan blive p\u00e5virket af digitalisering. Uanset om en virksomhed er direkte eller indirekte p\u00e5virket af den \u00f8gede digitalisering og innovation, vil sektionerne\u00a0 <a href=\"https:\/\/beacontower.io\/da\/indsigter\/hvad-er-det-industrielle-internet-of-things-iiot\/\">Hvad er det industrielle Internet-of-Things?<\/a> og <a href=\"https:\/\/beacontower.io\/da\/indsigter\/iot-teknologi-trends\/\">IoT teknologitrends<\/a> give en introduktion til Industrial Internet of Things inklusiv talrige eksempler p\u00e5, hvordan andre virksomheder har skabt v\u00e6rdi i dette rum.<\/p>\n<p>Overvej en skandinavisk markedsledende producent af postkasser, der har oplevet et dramatisk fald i deres vigtigste eftersp\u00f8rgsel p\u00e5 markedet og som er sat ud p\u00e5 sidelinien i det eneste segment med v\u00e6kst:<\/p>\n<table width=\"523\">\n<tbody>\n<tr>\n<td width=\"86\">\n<p>-70%<\/p>\n<\/td>\n<td width=\"437\">\n<p><em>det omtrentlige fald for traditionel post- og brevdistribution de seneste 15 \u00e5r i Danmark<\/em><\/p>\n<\/td>\n<\/tr>\n<tr>\n<td width=\"86\">\n<p>-50%<\/p>\n<\/td>\n<td width=\"437\">\n<p><em>af befolkningen har fravalgt trykte reklamer &#8211; selv virksomheden selv er klar over, at papirannoncemedierne er ved at d\u00f8<\/em><\/p>\n<\/td>\n<\/tr>\n<tr>\n<td width=\"86\">\n<p>+10%<\/p>\n<\/td>\n<td width=\"437\">\n<p><em>internetpakning p\u00e5 verdensmarkedets kumulative \u00e5rlige v\u00e6kstrate (CAGR)<br \/><\/em><\/p>\n<p>&nbsp;<\/p>\n<\/td>\n<\/tr>\n<\/tbody>\n<\/table>\n<p>Dilemmaet er, at distributionen af kurerpakker er steget p\u00e5 grund af et boom af internetk\u00f8b med den ekstra service af returnering af u\u00f8nskede varer. Men PostNord lider dog, idet virksomheder som GLS og UPS har fanget den stigende eftersp\u00f8rgsel efter leverancer. Hvordan kan postkasseproducenten s\u00e5 udnytte det digitale potentiale uden at kanabilisere p\u00e5 sin egen hovedforretning?<\/p>\n<p>Deutsche Post har sl\u00e5et sig sammen med DHL, for at undslippe en lignende d\u00f8dsspiral, og har s\u00e5ledes skabt v\u00e6kst fra pakkeleverancer.<\/p>\n<p>Postkasseproducenten er opm\u00e6rksom p\u00e5 markeds- og teknologitendenser; de \u00f8nsker at forblive relevante i v\u00e6rdik\u00e6den for indenlandsk post- og pakkeh\u00e5ndtering. Flere luftfartsselskaber, der konkurrerer om at tilbyde d\u00f8r-til-d\u00f8r-levering, \u00e5bner en mulighed for postkassevirksomheden til at integrere med hver deres systemer: adgang til postkassen; kontrollere hvis der allerede er optaget; underrette og kommunikere med postkasseejeren osv.<\/p>\n<p>Hvad er postkassens fremtidige rolle? Hvad kunne de digitale muligheder v\u00e6re for dette firma?<\/p>\n<ul>\n<li>Kan de mindske variationen i h\u00e5ndtering af logistik p\u00e5 tv\u00e6rs af alle leveringsleverand\u00f8rer?<\/li>\n<li>Vil de overleve i fremtiden, hvor Amazon har f\u00e5et patent p\u00e5 &#8220;Airborne Fulfillment Centers&#8221;, der sender droner direkte til hovedd\u00f8ren?<\/li>\n<li>Kan de underst\u00f8tte distribution af mejeriprodukter og mad, hvis de integrerer k\u00f8lefunktioner?<\/li>\n<li>Kan de udnytte den data og viden, de indsamler ved at v\u00e6re omdrejningspunktet for alle pakker til og fra en betydelig del af befolkningen, deres indk\u00f8bsvaner osv. p\u00e5 tv\u00e6rs af posttjeneste- og pakkeleverand\u00f8rer?<\/li>\n<\/ul>\n<p>Sektionerne <a href=\"https:\/\/beacontower.io\/da\/indsigter\/hvad-er-det-industrielle-internet-of-things-iiot\/\">Hvad er det industrielle Internet-of-Things?<\/a> og <a href=\"https:\/\/beacontower.io\/da\/indsigter\/iot-teknologi-trends\/\">IoT teknologitrends<\/a> skitserer tendenser, processer, forretningsmodeller og teknologier, der giver en kvalificeret antydning af, hvor mange virksomheder der kan tackle deres<em> digitale dilemma.\u00a0<\/em><\/p>\n<p>N\u00e6ste sektion: <a href=\"https:\/\/beacontower.io\/da\/indsigter\/hvad-er-det-industrielle-internet-of-things-iiot\/\">Hvad er det industrielle Internet-of-Things?<\/a><\/p>\n<p><em><\/em><\/p>\n<p>[\/et_pb_text][\/et_pb_column][\/et_pb_row][\/et_pb_section]<\/p>\n","protected":false},"excerpt":{"rendered":"<p>Det digitale dilemma Enhver traditionel virksomhed kan blive p\u00e5virket af digitalisering. Uanset om en virksomhed er direkte eller indirekte p\u00e5virket af den \u00f8gede digitalisering og innovation, vil sektionerne\u00a0 Hvad er det industrielle Internet-of-Things? og IoT teknologitrends give en introduktion til Industrial Internet of Things inklusiv talrige eksempler p\u00e5, hvordan andre virksomheder har skabt v\u00e6rdi i [&hellip;]<\/p>\n","protected":false},"author":5,"featured_media":0,"parent":32861,"menu_order":0,"comment_status":"closed","ping_status":"closed","template":"","meta":{"_et_pb_use_builder":"on","_et_pb_old_content":"","_et_gb_content_width":"","footnotes":""},"class_list":["post-34202","page","type-page","status-publish","hentry"],"yoast_head":"<!-- This site is optimized with the Yoast SEO plugin v27.4 - https:\/\/yoast.com\/product\/yoast-seo-wordpress\/ -->\n<title>Det Digitale Dilemma - Beacon Tower<\/title>\n<meta name=\"robots\" content=\"index, follow, max-snippet:-1, max-image-preview:large, max-video-preview:-1\" \/>\n<link rel=\"canonical\" href=\"https:\/\/beacontower.io\/da\/indsigter\/integrerede-industrier-det-digitale-dilemma\/\" \/>\n<meta property=\"og:locale\" content=\"da_DK\" \/>\n<meta property=\"og:type\" content=\"article\" \/>\n<meta property=\"og:title\" content=\"Det Digitale Dilemma - Beacon Tower\" \/>\n<meta property=\"og:description\" content=\"Det digitale dilemma Enhver traditionel virksomhed kan blive p\u00e5virket af digitalisering. Uanset om en virksomhed er direkte eller indirekte p\u00e5virket af den \u00f8gede digitalisering og innovation, vil sektionerne\u00a0 Hvad er det industrielle Internet-of-Things? og IoT teknologitrends give en introduktion til Industrial Internet of Things inklusiv talrige eksempler p\u00e5, hvordan andre virksomheder har skabt v\u00e6rdi i [&hellip;]\" \/>\n<meta property=\"og:url\" content=\"https:\/\/beacontower.io\/da\/indsigter\/integrerede-industrier-det-digitale-dilemma\/\" \/>\n<meta property=\"og:site_name\" content=\"Beacon Tower\" \/>\n<meta property=\"article:modified_time\" content=\"2021-07-01T10:59:53+00:00\" \/>\n<meta property=\"og:image\" content=\"https:\/\/beacontower.io\/wp-content\/uploads\/2021\/04\/BT-logo-web.png\" \/>\n\t<meta property=\"og:image:width\" content=\"400\" \/>\n\t<meta property=\"og:image:height\" content=\"175\" \/>\n\t<meta property=\"og:image:type\" content=\"image\/png\" \/>\n<meta name=\"twitter:card\" content=\"summary_large_image\" \/>\n<meta name=\"twitter:label1\" content=\"Estimeret l\u00e6setid\" \/>\n\t<meta name=\"twitter:data1\" content=\"2 minutter\" \/>\n<script type=\"application\/ld+json\" class=\"yoast-schema-graph\">{\"@context\":\"https:\\\/\\\/schema.org\",\"@graph\":[{\"@type\":\"WebPage\",\"@id\":\"https:\\\/\\\/beacontower.io\\\/da\\\/indsigter\\\/integrerede-industrier-det-digitale-dilemma\\\/\",\"url\":\"https:\\\/\\\/beacontower.io\\\/da\\\/indsigter\\\/integrerede-industrier-det-digitale-dilemma\\\/\",\"name\":\"Det Digitale Dilemma - Beacon Tower\",\"isPartOf\":{\"@id\":\"https:\\\/\\\/beacontower.io\\\/da\\\/#website\"},\"datePublished\":\"2021-06-07T17:11:45+00:00\",\"dateModified\":\"2021-07-01T10:59:53+00:00\",\"breadcrumb\":{\"@id\":\"https:\\\/\\\/beacontower.io\\\/da\\\/indsigter\\\/integrerede-industrier-det-digitale-dilemma\\\/#breadcrumb\"},\"inLanguage\":\"da-DK\",\"potentialAction\":[{\"@type\":\"ReadAction\",\"target\":[\"https:\\\/\\\/beacontower.io\\\/da\\\/indsigter\\\/integrerede-industrier-det-digitale-dilemma\\\/\"]}]},{\"@type\":\"BreadcrumbList\",\"@id\":\"https:\\\/\\\/beacontower.io\\\/da\\\/indsigter\\\/integrerede-industrier-det-digitale-dilemma\\\/#breadcrumb\",\"itemListElement\":[{\"@type\":\"ListItem\",\"position\":1,\"name\":\"Home\",\"item\":\"https:\\\/\\\/beacontower.io\\\/da\\\/azure-iot-cloud-and-edge-platform\\\/\"},{\"@type\":\"ListItem\",\"position\":2,\"name\":\"Indsigter\",\"item\":\"https:\\\/\\\/beacontower.io\\\/da\\\/indsigter\\\/\"},{\"@type\":\"ListItem\",\"position\":3,\"name\":\"Det Digitale Dilemma\"}]},{\"@type\":\"WebSite\",\"@id\":\"https:\\\/\\\/beacontower.io\\\/da\\\/#website\",\"url\":\"https:\\\/\\\/beacontower.io\\\/da\\\/\",\"name\":\"Beacon Tower\",\"description\":\"Azure IoT Cloud and Edge Platform\",\"publisher\":{\"@id\":\"https:\\\/\\\/beacontower.io\\\/da\\\/#organization\"},\"potentialAction\":[{\"@type\":\"SearchAction\",\"target\":{\"@type\":\"EntryPoint\",\"urlTemplate\":\"https:\\\/\\\/beacontower.io\\\/da\\\/?s={search_term_string}\"},\"query-input\":{\"@type\":\"PropertyValueSpecification\",\"valueRequired\":true,\"valueName\":\"search_term_string\"}}],\"inLanguage\":\"da-DK\"},{\"@type\":\"Organization\",\"@id\":\"https:\\\/\\\/beacontower.io\\\/da\\\/#organization\",\"name\":\"Beacon Tower\",\"url\":\"https:\\\/\\\/beacontower.io\\\/da\\\/\",\"logo\":{\"@type\":\"ImageObject\",\"inLanguage\":\"da-DK\",\"@id\":\"https:\\\/\\\/beacontower.io\\\/da\\\/#\\\/schema\\\/logo\\\/image\\\/\",\"url\":\"https:\\\/\\\/beacontower.io\\\/wp-content\\\/uploads\\\/2021\\\/04\\\/BT-logo-web.png\",\"contentUrl\":\"https:\\\/\\\/beacontower.io\\\/wp-content\\\/uploads\\\/2021\\\/04\\\/BT-logo-web.png\",\"width\":400,\"height\":175,\"caption\":\"Beacon Tower\"},\"image\":{\"@id\":\"https:\\\/\\\/beacontower.io\\\/da\\\/#\\\/schema\\\/logo\\\/image\\\/\"},\"sameAs\":[\"https:\\\/\\\/www.linkedin.com\\\/company\\\/glaze-about\"]}]}<\/script>\n<!-- \/ Yoast SEO plugin. -->","yoast_head_json":{"title":"Det Digitale Dilemma - Beacon Tower","robots":{"index":"index","follow":"follow","max-snippet":"max-snippet:-1","max-image-preview":"max-image-preview:large","max-video-preview":"max-video-preview:-1"},"canonical":"https:\/\/beacontower.io\/da\/indsigter\/integrerede-industrier-det-digitale-dilemma\/","og_locale":"da_DK","og_type":"article","og_title":"Det Digitale Dilemma - Beacon Tower","og_description":"Det digitale dilemma Enhver traditionel virksomhed kan blive p\u00e5virket af digitalisering. Uanset om en virksomhed er direkte eller indirekte p\u00e5virket af den \u00f8gede digitalisering og innovation, vil sektionerne\u00a0 Hvad er det industrielle Internet-of-Things? og IoT teknologitrends give en introduktion til Industrial Internet of Things inklusiv talrige eksempler p\u00e5, hvordan andre virksomheder har skabt v\u00e6rdi i [&hellip;]","og_url":"https:\/\/beacontower.io\/da\/indsigter\/integrerede-industrier-det-digitale-dilemma\/","og_site_name":"Beacon Tower","article_modified_time":"2021-07-01T10:59:53+00:00","og_image":[{"width":400,"height":175,"url":"https:\/\/beacontower.io\/wp-content\/uploads\/2021\/04\/BT-logo-web.png","type":"image\/png"}],"twitter_card":"summary_large_image","twitter_misc":{"Estimeret l\u00e6setid":"2 minutter"},"schema":{"@context":"https:\/\/schema.org","@graph":[{"@type":"WebPage","@id":"https:\/\/beacontower.io\/da\/indsigter\/integrerede-industrier-det-digitale-dilemma\/","url":"https:\/\/beacontower.io\/da\/indsigter\/integrerede-industrier-det-digitale-dilemma\/","name":"Det Digitale Dilemma - Beacon Tower","isPartOf":{"@id":"https:\/\/beacontower.io\/da\/#website"},"datePublished":"2021-06-07T17:11:45+00:00","dateModified":"2021-07-01T10:59:53+00:00","breadcrumb":{"@id":"https:\/\/beacontower.io\/da\/indsigter\/integrerede-industrier-det-digitale-dilemma\/#breadcrumb"},"inLanguage":"da-DK","potentialAction":[{"@type":"ReadAction","target":["https:\/\/beacontower.io\/da\/indsigter\/integrerede-industrier-det-digitale-dilemma\/"]}]},{"@type":"BreadcrumbList","@id":"https:\/\/beacontower.io\/da\/indsigter\/integrerede-industrier-det-digitale-dilemma\/#breadcrumb","itemListElement":[{"@type":"ListItem","position":1,"name":"Home","item":"https:\/\/beacontower.io\/da\/azure-iot-cloud-and-edge-platform\/"},{"@type":"ListItem","position":2,"name":"Indsigter","item":"https:\/\/beacontower.io\/da\/indsigter\/"},{"@type":"ListItem","position":3,"name":"Det Digitale Dilemma"}]},{"@type":"WebSite","@id":"https:\/\/beacontower.io\/da\/#website","url":"https:\/\/beacontower.io\/da\/","name":"Beacon Tower","description":"Azure IoT Cloud and Edge Platform","publisher":{"@id":"https:\/\/beacontower.io\/da\/#organization"},"potentialAction":[{"@type":"SearchAction","target":{"@type":"EntryPoint","urlTemplate":"https:\/\/beacontower.io\/da\/?s={search_term_string}"},"query-input":{"@type":"PropertyValueSpecification","valueRequired":true,"valueName":"search_term_string"}}],"inLanguage":"da-DK"},{"@type":"Organization","@id":"https:\/\/beacontower.io\/da\/#organization","name":"Beacon Tower","url":"https:\/\/beacontower.io\/da\/","logo":{"@type":"ImageObject","inLanguage":"da-DK","@id":"https:\/\/beacontower.io\/da\/#\/schema\/logo\/image\/","url":"https:\/\/beacontower.io\/wp-content\/uploads\/2021\/04\/BT-logo-web.png","contentUrl":"https:\/\/beacontower.io\/wp-content\/uploads\/2021\/04\/BT-logo-web.png","width":400,"height":175,"caption":"Beacon Tower"},"image":{"@id":"https:\/\/beacontower.io\/da\/#\/schema\/logo\/image\/"},"sameAs":["https:\/\/www.linkedin.com\/company\/glaze-about"]}]}},"_links":{"self":[{"href":"https:\/\/beacontower.io\/da\/wp-json\/wp\/v2\/pages\/34202","targetHints":{"allow":["GET"]}}],"collection":[{"href":"https:\/\/beacontower.io\/da\/wp-json\/wp\/v2\/pages"}],"about":[{"href":"https:\/\/beacontower.io\/da\/wp-json\/wp\/v2\/types\/page"}],"author":[{"embeddable":true,"href":"https:\/\/beacontower.io\/da\/wp-json\/wp\/v2\/users\/5"}],"replies":[{"embeddable":true,"href":"https:\/\/beacontower.io\/da\/wp-json\/wp\/v2\/comments?post=34202"}],"version-history":[{"count":10,"href":"https:\/\/beacontower.io\/da\/wp-json\/wp\/v2\/pages\/34202\/revisions"}],"predecessor-version":[{"id":34400,"href":"https:\/\/beacontower.io\/da\/wp-json\/wp\/v2\/pages\/34202\/revisions\/34400"}],"up":[{"embeddable":true,"href":"https:\/\/beacontower.io\/da\/wp-json\/wp\/v2\/pages\/32861"}],"wp:attachment":[{"href":"https:\/\/beacontower.io\/da\/wp-json\/wp\/v2\/media?parent=34202"}],"curies":[{"name":"wp","href":"https:\/\/api.w.org\/{rel}","templated":true}]}}