{"id":34196,"date":"2021-06-07T17:10:36","date_gmt":"2021-06-07T17:10:36","guid":{"rendered":"https:\/\/beacontower.io\/indsigter\/comparison-of-iot-connectivity-technologies\/"},"modified":"2021-07-02T08:41:18","modified_gmt":"2021-07-02T08:41:18","slug":"sammenligning-af-iot-connectivity-teknologier","status":"publish","type":"page","link":"https:\/\/beacontower.io\/da\/indsigter\/sammenligning-af-iot-connectivity-teknologier\/","title":{"rendered":"Sammenligning af IoT-connectivity teknologier"},"content":{"rendered":"<p>[et_pb_section fb_built=&#8221;1&#8243; _builder_version=&#8221;4.7.4&#8243; _module_preset=&#8221;default&#8221;][et_pb_row _builder_version=&#8221;4.9.4&#8243; _module_preset=&#8221;default&#8221; custom_margin=&#8221;100px||||false|false&#8221; custom_padding=&#8221;||||false|false&#8221;][et_pb_column type=&#8221;4_4&#8243; _builder_version=&#8221;4.9.4&#8243; _module_preset=&#8221;default&#8221;][et_pb_text _builder_version=&#8221;4.9.4&#8243; _module_preset=&#8221;default&#8221;]<\/p>\n<h1><a name=\"_Toc73445810\"><\/a><strong>Sammenligning af IoT-connectivity teknologier<\/strong><\/h1>\n<p>Hver eneste ting &#8211; eller enhed &#8211; p\u00e5 Internet of Things, vil blive forbundet. For at spare str\u00f8m eller transmissionsomkostninger, kan de tilsluttede enheder dog kun periodisk udveksle datapakker, eller elementer kan streame data kontinuerligt med en passende hastighed &#8211; enten over en fast linje eller tr\u00e5dl\u00f8st.<\/p>\n<p>I et peer-to-peer-system kan enhver enhed starte kommunikationen til en anden tilsluttet enhed. Hver enhed kender adresserne p\u00e5 alt andet relevant udstyr. I klient\/serversystemer venter klienten p\u00e5 en foresp\u00f8rgsel fra serveren som klienten s\u00e5 kan svare p\u00e5.<\/p>\n<h2><a name=\"_Toc73445811\"><\/a>Netv\u00e6rksstruktur (Topologi)<\/h2>\n<p>Kabel forbundne systemer er ofte organiseret i en <strong>Star topology<\/strong>, der forbinder en gruppe til en central hub, ligesom internetenheder, der er forbundet til en router. En stjerne af stjerner udg\u00f8r en struktur i st\u00f8rre netv\u00e6rk.<\/p>\n<h1><strong><img loading=\"lazy\" decoding=\"async\" class=\"wp-image-33837 alignnone size-full\" src=\"https:\/\/beacontower.io\/wp-content\/uploads\/2021\/05\/topology.jpg\" alt=\"\" width=\"600\" height=\"142\" srcset=\"https:\/\/beacontower.io\/wp-content\/uploads\/2021\/05\/topology.jpg 600w, https:\/\/beacontower.io\/wp-content\/uploads\/2021\/05\/topology-480x114.jpg 480w\" sizes=\"(min-width: 0px) and (max-width: 480px) 480px, (min-width: 481px) 600px, 100vw\" \/><\/strong><\/h1>\n<p>Antallet af kr\u00e6vede forbindelser kan reduceres ved at forbinde langs en <strong>Daisy Chain Topology,<\/strong> hvor hver enhed lytter efter relevante meddelelser p\u00e5 en f\u00e6lles bus dirigeret fra en enhed til den n\u00e6ste i en k\u00e6de.<\/p>\n<p>Tr\u00e5dl\u00f8se systemer kan anvende <strong>Star-topologien<\/strong>, hvor en enkelt enhed danner det f\u00e6lles adgangspunkt &#8211; s\u00e5som en basestation til mobiltelefoner inden for r\u00e6kkevidde eller et WiFi-netv\u00e6rk med tilsluttede enheder.<\/p>\n<p>En yderligere fordel ved tr\u00e5dl\u00f8se systemer er evnen til at oprette forbindelse til ethvert emne i n\u00e6rheden i en s\u00e5kaldt <strong>Mesh topology<\/strong>. Routingen til transmission mellem to enheder kan variere afh\u00e6ngigt af den aktuelle signalstyrke, tilg\u00e6ngelighed eller effektprioriteter. Robustheden er meget h\u00f8jere end i et strengt hierarkisk netv\u00e6rk, hvis forbindelsen dynamisk kan optimeres ved at omdirigere gennem nettet.<\/p>\n<h2><a name=\"_Toc73445812\"><\/a>Kabelforbindelse (industrielle busser, USB, Ethernet o.a.)<\/h2>\n<p>I visse milj\u00f8er betragtes en kabelforbindelse som mere stabil, mindre st\u00f8jf\u00f8lsom og elektronikken kan v\u00e6re billigere &#8211; udover omkostningerne ved at rulle ud og vedligeholde ledningerne (som I mange industrielle tilf\u00e6lde er meget h\u00f8j). Flere kabelforbindelsesl\u00f8sninger er optimeret til kommercielle eller industrielle form\u00e5l. USB og en industriel Profibus (Siemens propriet\u00e6r standard) er typiske eksempler p\u00e5 kabelforbindelser. Analoge (\u00e6ldre) sensorer, kan simpelthen v\u00e6re en m\u00e5ling af en variabel modstand eller induktans gennem en ledning.<\/p>\n<h3>B\u00e5ndbredde med kabelforbindelse<\/h3>\n<p>Internetudstyr uden behov for b\u00e6rbarhed er kablet via 8-leder Ethernet og et RJ45-stik, et kabel fra routeren til hver af enhederne. Routeren eller hubben kan registrere den underst\u00f8ttede b\u00e5ndbredde p\u00e5 hver enhed.<\/p>\n<p>Kabelforbindelse er tilg\u00e6ngelig gennem et udvalg af flere teknologier. H\u00f8jhastighedsforbindelser opn\u00e5s via fiberoptisk kabel med en laserdiode og en lyssensor i hver ende af fiberen. Hastigheden er h\u00f8jere end gennem koaksialkabler, som igen tilbyder h\u00f8jere b\u00e5ndbredde end snoede og parrede ledninger, hvoraf der er fire s\u00e6t i et Ethernet-kabel. En metallisk sk\u00e6rm, der er viklet rundt om kablet, kan beskytte systemet mod elektrisk st\u00f8j og muligg\u00f8re h\u00f8jere b\u00e5ndbredde.<\/p>\n<p>Parallelle forbindelser, der etablerer en fysisk ledning pr. bit i en f.eks. 16 eller 32 bit adressesystem, ses mellem systemkomponenter i computersystemer.<\/p>\n<h2><a name=\"_Toc73445813\"><\/a>Tr\u00e5dl\u00f8s forbindelse<\/h2>\n<p>Flere gode grunde berettiger til at opgive kablede forbindelser, og i stedet forbinde enheder tr\u00e5dl\u00f8st. Begrundelsen kan v\u00e6re kombinationer af fjernadgang eller mangel p\u00e5 fysisk infrastruktur, behov for mobilitet, bekvemmelighed ved installation uden de besv\u00e6rlige og dyre ledninger eller simpelthen for at undg\u00e5 at beskadige kablerne. Tr\u00e5dl\u00f8s forbindelse er baseret p\u00e5 transmission af radiob\u00f8lger, hvor en h\u00f8jfrekvent b\u00e6rerb\u00f8lge moduleres som om en lyskilde skifter farve i et genkendeligt m\u00f8nster. Visse systemer tildeler et tidsinterval for hver enhed, der f\u00e5r adgang, andre bruger variationer i frekvens (kanaler) eller kodningsform.<\/p>\n<p>Jo h\u00f8jere frekvens jo h\u00f8jere datahastighed er det mulig at overf\u00f8re data med. Imidlertid tr\u00e6nger lavere frekvenser normalt lettere ind i bygningselementer som betonv\u00e6gge. Datahastigheden og den n\u00f8dvendige signalstyrke for at forblive forbundet konstant eller periodisk, har en st\u00e6rk indvirkning p\u00e5 str\u00f8mforbruget.<\/p>\n<p>En omfattende liste over alle tilg\u00e6ngelige tr\u00e5dl\u00f8se teknologier er tilg\u00e6ngelig p\u00e5 <a href=\"https:\/\/www.link-labs.com\/blog\/complete-list-iot-network-protocols\">https:\/\/www.link-labs.com\/blog\/complete-list-iot-network-protocols<\/a>.<\/p>\n<h3>Cellular med lang r\u00e6kkevidde (3G, 4G, 5G, NB-IoT)<\/h3>\n<p>3G-, 4G- (eller Long Term Evolution LTE) -netv\u00e6rket er opdelt i celler inden for hvert et stort antal mobile produkter, der deler adgang til den samme basestation. N\u00e5r den mobile enhed bev\u00e6ger sig, eller signalet forringes, fors\u00f8ger enheden at oprette forbindelse til den n\u00e6rmeste basestation inden for r\u00e6kkevidde. IoT- eller M2M (machine-to-machine) -optimerede cellul\u00e6re radioenheder kan beordres til dyb s\u00f8vn for minimalt str\u00f8mforbrug, og derefter v\u00e5gne op til transmission af en serie data, n\u00e5r det er n\u00f8dvendigt. Nye standarder for smalb\u00e5nd NB-IoT og LTE-M er specialiserede underspecifikationer, der tilbyder str\u00f8mbesparelse og lavere b\u00e5ndbredde p\u00e5 det eksisterende mobilnetv\u00e6rk til applikationer, der kr\u00e6ver billigere udstyr end en standard mobilforbindelse. Et M2M-netv\u00e6rk via Cellular leveres med abonnements- og datahastighedsomkostninger.<\/p>\n<h3>Wide Area Network med lavt str\u00f8mforbrug (Sigfox, LoRaWAN)<\/h3>\n<p>LP-WAN-systemer optimerer r\u00e6kkevidden, men minimerer b\u00e5ndbredde og str\u00f8mafbrydelse ved transmission. For eksempel vil et Sigfox-signal forbinde op til hundreder af kilometer i direkte sigtelinje fra basestationen. Transmissionen bruger et ultra-smalt b\u00e5nd-princip, der kun sender 12 bytes pr. besked og op til 140 beskeder om dagen, for at minimere belastningen fra mange tilsluttede enheder.<\/p>\n<p>LoRa er et andet propriet\u00e6rt netv\u00e6rk, der i \u00f8jeblikket rulles ud over hele verden med lav str\u00f8mforbrug. Protokollen kan implementeres p\u00e5 det radiospektrum, der er allokeret regionalt til \u00e5bne applikationer.<\/p>\n<h3>Tr\u00e5dl\u00f8st kort-r\u00e6kkevidde netv\u00e6rk (WLAN)<\/h3>\n<p>WiFi &#8211; et tr\u00e5dl\u00f8st adgangspunkt deler en forbindelse mellem enheder, der har logget ind ved hj\u00e6lp af ID og adgangskode. WiFi-routeren er typisk forbundet via Ethernet til netv\u00e6rksbackend. Routeren i stjernetopologien bestemmer netv\u00e6rksaktiviteten for hver enhed i netv\u00e6rket.<\/p>\n<p>Alternativt kan to enheder engagere sig i en direkte netv\u00e6rksstruktur, hvor hver enhed kan initiere kommunikationen til en anden. De kan derefter \u00e6ndre frekvens for at undg\u00e5 interferens fra andre, der kommunikerer p\u00e5 den samme kanal.<\/p>\n<h3>Kort r\u00e6kkevidde &#8211; tr\u00e5dl\u00f8s forbindelse til sm\u00e5 enheder (Bluetooth, Zigbee, Z-Wave, Thread o.a.)<\/h3>\n<p>Bluetooth blev oprindeligt defineret til at underst\u00f8tte forskellige form\u00e5l, hver styret af en bestemt profil, for eksempel lydtransmission til h\u00f8jttalere eller headset. Senere nyere profiler specificerer IoT-specifik dataoverf\u00f8rsel af f.eks. biometriske parametre som blodtryk eller glukoseindhold.<\/p>\n<p>Fra Bluetooth-frigivelse BLE-4 har Bluetooth f\u00e5et s\u00e6rlig opm\u00e6rksomhed p\u00e5 optimering til lavenergibehov (LE) i sm\u00e5 batteridrevne enheder. Bluetooth-enheder bruges ofte via en masterenhed til en anden netv\u00e6rkstype, s\u00e5som WiFi eller Ethernet, for at overvinde kortdistancebarrieren, n\u00e5r de forbinder individuelle rum eller st\u00f8rre omr\u00e5der.<\/p>\n<p>Profibus, og andre \u00e6ldre kablede standarder, erstatter de fysiske lag og bev\u00e6ger sig ind i tr\u00e5dl\u00f8s for at genbruge eksisterende kommunikationsprotokoller og logik, uden behov for en ledning.<\/p>\n<p>Andre rent tr\u00e5dl\u00f8se standarder, der er udviklet til forbrugere eller industrielle applikationer, inkluderer Zigbee, Z-Wave, EnOcean, Thread, 6LowPAN osv., Alt sammen kort r\u00e6kkevidde med h\u00f8j b\u00e5ndbredde til tilslutning af enheder.<\/p>\n<h3>Kontaktl\u00f8se\/Near Field teknologier<\/h3>\n<p>Near Field Communications (NFC) var designet til at sende sm\u00e5 databursts, for eksempel legitimationsoplysninger for finansielle transaktioner eller udveksling af identifikation inden oprettelse af en forbindelse over f.eks. BT eller WiFi.<\/p>\n<p>Forts\u00e6t l\u00e6sningen: <a href=\"https:\/\/beacontower.io\/da\/indsigter\/iot-systemarkitektur\/\">IoT-systemarkitektur<\/a>.<\/p>\n<p>[\/et_pb_text][\/et_pb_column][\/et_pb_row][\/et_pb_section]<\/p>\n","protected":false},"excerpt":{"rendered":"<p>Sammenligning af IoT-connectivity teknologier Hver eneste ting &#8211; eller enhed &#8211; p\u00e5 Internet of Things, vil blive forbundet. For at spare str\u00f8m eller transmissionsomkostninger, kan de tilsluttede enheder dog kun periodisk udveksle datapakker, eller elementer kan streame data kontinuerligt med en passende hastighed &#8211; enten over en fast linje eller tr\u00e5dl\u00f8st. I et peer-to-peer-system kan [&hellip;]<\/p>\n","protected":false},"author":5,"featured_media":0,"parent":32861,"menu_order":0,"comment_status":"closed","ping_status":"closed","template":"","meta":{"_et_pb_use_builder":"on","_et_pb_old_content":"","_et_gb_content_width":"","footnotes":""},"class_list":["post-34196","page","type-page","status-publish","hentry"],"yoast_head":"<!-- This site is optimized with the Yoast SEO plugin v27.4 - https:\/\/yoast.com\/product\/yoast-seo-wordpress\/ -->\n<title>Sammenligning af IoT-connectivity teknologier - Beacon Tower<\/title>\n<meta name=\"robots\" content=\"index, follow, max-snippet:-1, max-image-preview:large, max-video-preview:-1\" \/>\n<link rel=\"canonical\" href=\"https:\/\/beacontower.io\/da\/indsigter\/sammenligning-af-iot-connectivity-teknologier\/\" \/>\n<meta property=\"og:locale\" content=\"da_DK\" \/>\n<meta property=\"og:type\" content=\"article\" \/>\n<meta property=\"og:title\" content=\"Sammenligning af IoT-connectivity teknologier - Beacon Tower\" \/>\n<meta property=\"og:description\" content=\"Sammenligning af IoT-connectivity teknologier Hver eneste ting - eller enhed - p\u00e5 Internet of Things, vil blive forbundet. For at spare str\u00f8m eller transmissionsomkostninger, kan de tilsluttede enheder dog kun periodisk udveksle datapakker, eller elementer kan streame data kontinuerligt med en passende hastighed - enten over en fast linje eller tr\u00e5dl\u00f8st. I et peer-to-peer-system kan [&hellip;]\" \/>\n<meta property=\"og:url\" content=\"https:\/\/beacontower.io\/da\/indsigter\/sammenligning-af-iot-connectivity-teknologier\/\" \/>\n<meta property=\"og:site_name\" content=\"Beacon Tower\" \/>\n<meta property=\"article:modified_time\" content=\"2021-07-02T08:41:18+00:00\" \/>\n<meta property=\"og:image\" content=\"https:\/\/beacontower.io\/wp-content\/uploads\/2021\/05\/topology.jpg\" \/>\n<meta name=\"twitter:card\" content=\"summary_large_image\" \/>\n<meta name=\"twitter:label1\" content=\"Estimeret l\u00e6setid\" \/>\n\t<meta name=\"twitter:data1\" content=\"6 minutter\" \/>\n<script type=\"application\/ld+json\" class=\"yoast-schema-graph\">{\"@context\":\"https:\\\/\\\/schema.org\",\"@graph\":[{\"@type\":\"WebPage\",\"@id\":\"https:\\\/\\\/beacontower.io\\\/da\\\/indsigter\\\/sammenligning-af-iot-connectivity-teknologier\\\/\",\"url\":\"https:\\\/\\\/beacontower.io\\\/da\\\/indsigter\\\/sammenligning-af-iot-connectivity-teknologier\\\/\",\"name\":\"Sammenligning af IoT-connectivity teknologier - Beacon Tower\",\"isPartOf\":{\"@id\":\"https:\\\/\\\/beacontower.io\\\/da\\\/#website\"},\"primaryImageOfPage\":{\"@id\":\"https:\\\/\\\/beacontower.io\\\/da\\\/indsigter\\\/sammenligning-af-iot-connectivity-teknologier\\\/#primaryimage\"},\"image\":{\"@id\":\"https:\\\/\\\/beacontower.io\\\/da\\\/indsigter\\\/sammenligning-af-iot-connectivity-teknologier\\\/#primaryimage\"},\"thumbnailUrl\":\"https:\\\/\\\/beacontower.io\\\/wp-content\\\/uploads\\\/2021\\\/05\\\/topology.jpg\",\"datePublished\":\"2021-06-07T17:10:36+00:00\",\"dateModified\":\"2021-07-02T08:41:18+00:00\",\"breadcrumb\":{\"@id\":\"https:\\\/\\\/beacontower.io\\\/da\\\/indsigter\\\/sammenligning-af-iot-connectivity-teknologier\\\/#breadcrumb\"},\"inLanguage\":\"da-DK\",\"potentialAction\":[{\"@type\":\"ReadAction\",\"target\":[\"https:\\\/\\\/beacontower.io\\\/da\\\/indsigter\\\/sammenligning-af-iot-connectivity-teknologier\\\/\"]}]},{\"@type\":\"ImageObject\",\"inLanguage\":\"da-DK\",\"@id\":\"https:\\\/\\\/beacontower.io\\\/da\\\/indsigter\\\/sammenligning-af-iot-connectivity-teknologier\\\/#primaryimage\",\"url\":\"https:\\\/\\\/beacontower.io\\\/wp-content\\\/uploads\\\/2021\\\/05\\\/topology.jpg\",\"contentUrl\":\"https:\\\/\\\/beacontower.io\\\/wp-content\\\/uploads\\\/2021\\\/05\\\/topology.jpg\"},{\"@type\":\"BreadcrumbList\",\"@id\":\"https:\\\/\\\/beacontower.io\\\/da\\\/indsigter\\\/sammenligning-af-iot-connectivity-teknologier\\\/#breadcrumb\",\"itemListElement\":[{\"@type\":\"ListItem\",\"position\":1,\"name\":\"Home\",\"item\":\"https:\\\/\\\/beacontower.io\\\/da\\\/azure-iot-cloud-and-edge-platform\\\/\"},{\"@type\":\"ListItem\",\"position\":2,\"name\":\"Indsigter\",\"item\":\"https:\\\/\\\/beacontower.io\\\/da\\\/indsigter\\\/\"},{\"@type\":\"ListItem\",\"position\":3,\"name\":\"Sammenligning af IoT-connectivity teknologier\"}]},{\"@type\":\"WebSite\",\"@id\":\"https:\\\/\\\/beacontower.io\\\/da\\\/#website\",\"url\":\"https:\\\/\\\/beacontower.io\\\/da\\\/\",\"name\":\"Beacon Tower\",\"description\":\"Azure IoT Cloud and Edge Platform\",\"publisher\":{\"@id\":\"https:\\\/\\\/beacontower.io\\\/da\\\/#organization\"},\"potentialAction\":[{\"@type\":\"SearchAction\",\"target\":{\"@type\":\"EntryPoint\",\"urlTemplate\":\"https:\\\/\\\/beacontower.io\\\/da\\\/?s={search_term_string}\"},\"query-input\":{\"@type\":\"PropertyValueSpecification\",\"valueRequired\":true,\"valueName\":\"search_term_string\"}}],\"inLanguage\":\"da-DK\"},{\"@type\":\"Organization\",\"@id\":\"https:\\\/\\\/beacontower.io\\\/da\\\/#organization\",\"name\":\"Beacon Tower\",\"url\":\"https:\\\/\\\/beacontower.io\\\/da\\\/\",\"logo\":{\"@type\":\"ImageObject\",\"inLanguage\":\"da-DK\",\"@id\":\"https:\\\/\\\/beacontower.io\\\/da\\\/#\\\/schema\\\/logo\\\/image\\\/\",\"url\":\"https:\\\/\\\/beacontower.io\\\/wp-content\\\/uploads\\\/2021\\\/04\\\/BT-logo-web.png\",\"contentUrl\":\"https:\\\/\\\/beacontower.io\\\/wp-content\\\/uploads\\\/2021\\\/04\\\/BT-logo-web.png\",\"width\":400,\"height\":175,\"caption\":\"Beacon Tower\"},\"image\":{\"@id\":\"https:\\\/\\\/beacontower.io\\\/da\\\/#\\\/schema\\\/logo\\\/image\\\/\"},\"sameAs\":[\"https:\\\/\\\/www.linkedin.com\\\/company\\\/glaze-about\"]}]}<\/script>\n<!-- \/ Yoast SEO plugin. -->","yoast_head_json":{"title":"Sammenligning af IoT-connectivity teknologier - Beacon Tower","robots":{"index":"index","follow":"follow","max-snippet":"max-snippet:-1","max-image-preview":"max-image-preview:large","max-video-preview":"max-video-preview:-1"},"canonical":"https:\/\/beacontower.io\/da\/indsigter\/sammenligning-af-iot-connectivity-teknologier\/","og_locale":"da_DK","og_type":"article","og_title":"Sammenligning af IoT-connectivity teknologier - Beacon Tower","og_description":"Sammenligning af IoT-connectivity teknologier Hver eneste ting - eller enhed - p\u00e5 Internet of Things, vil blive forbundet. For at spare str\u00f8m eller transmissionsomkostninger, kan de tilsluttede enheder dog kun periodisk udveksle datapakker, eller elementer kan streame data kontinuerligt med en passende hastighed - enten over en fast linje eller tr\u00e5dl\u00f8st. I et peer-to-peer-system kan [&hellip;]","og_url":"https:\/\/beacontower.io\/da\/indsigter\/sammenligning-af-iot-connectivity-teknologier\/","og_site_name":"Beacon Tower","article_modified_time":"2021-07-02T08:41:18+00:00","og_image":[{"url":"https:\/\/beacontower.io\/wp-content\/uploads\/2021\/05\/topology.jpg","type":"","width":"","height":""}],"twitter_card":"summary_large_image","twitter_misc":{"Estimeret l\u00e6setid":"6 minutter"},"schema":{"@context":"https:\/\/schema.org","@graph":[{"@type":"WebPage","@id":"https:\/\/beacontower.io\/da\/indsigter\/sammenligning-af-iot-connectivity-teknologier\/","url":"https:\/\/beacontower.io\/da\/indsigter\/sammenligning-af-iot-connectivity-teknologier\/","name":"Sammenligning af IoT-connectivity teknologier - Beacon Tower","isPartOf":{"@id":"https:\/\/beacontower.io\/da\/#website"},"primaryImageOfPage":{"@id":"https:\/\/beacontower.io\/da\/indsigter\/sammenligning-af-iot-connectivity-teknologier\/#primaryimage"},"image":{"@id":"https:\/\/beacontower.io\/da\/indsigter\/sammenligning-af-iot-connectivity-teknologier\/#primaryimage"},"thumbnailUrl":"https:\/\/beacontower.io\/wp-content\/uploads\/2021\/05\/topology.jpg","datePublished":"2021-06-07T17:10:36+00:00","dateModified":"2021-07-02T08:41:18+00:00","breadcrumb":{"@id":"https:\/\/beacontower.io\/da\/indsigter\/sammenligning-af-iot-connectivity-teknologier\/#breadcrumb"},"inLanguage":"da-DK","potentialAction":[{"@type":"ReadAction","target":["https:\/\/beacontower.io\/da\/indsigter\/sammenligning-af-iot-connectivity-teknologier\/"]}]},{"@type":"ImageObject","inLanguage":"da-DK","@id":"https:\/\/beacontower.io\/da\/indsigter\/sammenligning-af-iot-connectivity-teknologier\/#primaryimage","url":"https:\/\/beacontower.io\/wp-content\/uploads\/2021\/05\/topology.jpg","contentUrl":"https:\/\/beacontower.io\/wp-content\/uploads\/2021\/05\/topology.jpg"},{"@type":"BreadcrumbList","@id":"https:\/\/beacontower.io\/da\/indsigter\/sammenligning-af-iot-connectivity-teknologier\/#breadcrumb","itemListElement":[{"@type":"ListItem","position":1,"name":"Home","item":"https:\/\/beacontower.io\/da\/azure-iot-cloud-and-edge-platform\/"},{"@type":"ListItem","position":2,"name":"Indsigter","item":"https:\/\/beacontower.io\/da\/indsigter\/"},{"@type":"ListItem","position":3,"name":"Sammenligning af IoT-connectivity teknologier"}]},{"@type":"WebSite","@id":"https:\/\/beacontower.io\/da\/#website","url":"https:\/\/beacontower.io\/da\/","name":"Beacon Tower","description":"Azure IoT Cloud and Edge Platform","publisher":{"@id":"https:\/\/beacontower.io\/da\/#organization"},"potentialAction":[{"@type":"SearchAction","target":{"@type":"EntryPoint","urlTemplate":"https:\/\/beacontower.io\/da\/?s={search_term_string}"},"query-input":{"@type":"PropertyValueSpecification","valueRequired":true,"valueName":"search_term_string"}}],"inLanguage":"da-DK"},{"@type":"Organization","@id":"https:\/\/beacontower.io\/da\/#organization","name":"Beacon Tower","url":"https:\/\/beacontower.io\/da\/","logo":{"@type":"ImageObject","inLanguage":"da-DK","@id":"https:\/\/beacontower.io\/da\/#\/schema\/logo\/image\/","url":"https:\/\/beacontower.io\/wp-content\/uploads\/2021\/04\/BT-logo-web.png","contentUrl":"https:\/\/beacontower.io\/wp-content\/uploads\/2021\/04\/BT-logo-web.png","width":400,"height":175,"caption":"Beacon Tower"},"image":{"@id":"https:\/\/beacontower.io\/da\/#\/schema\/logo\/image\/"},"sameAs":["https:\/\/www.linkedin.com\/company\/glaze-about"]}]}},"_links":{"self":[{"href":"https:\/\/beacontower.io\/da\/wp-json\/wp\/v2\/pages\/34196","targetHints":{"allow":["GET"]}}],"collection":[{"href":"https:\/\/beacontower.io\/da\/wp-json\/wp\/v2\/pages"}],"about":[{"href":"https:\/\/beacontower.io\/da\/wp-json\/wp\/v2\/types\/page"}],"author":[{"embeddable":true,"href":"https:\/\/beacontower.io\/da\/wp-json\/wp\/v2\/users\/5"}],"replies":[{"embeddable":true,"href":"https:\/\/beacontower.io\/da\/wp-json\/wp\/v2\/comments?post=34196"}],"version-history":[{"count":12,"href":"https:\/\/beacontower.io\/da\/wp-json\/wp\/v2\/pages\/34196\/revisions"}],"predecessor-version":[{"id":34470,"href":"https:\/\/beacontower.io\/da\/wp-json\/wp\/v2\/pages\/34196\/revisions\/34470"}],"up":[{"embeddable":true,"href":"https:\/\/beacontower.io\/da\/wp-json\/wp\/v2\/pages\/32861"}],"wp:attachment":[{"href":"https:\/\/beacontower.io\/da\/wp-json\/wp\/v2\/media?parent=34196"}],"curies":[{"name":"wp","href":"https:\/\/api.w.org\/{rel}","templated":true}]}}