{"id":34193,"date":"2021-06-07T17:08:57","date_gmt":"2021-06-07T17:08:57","guid":{"rendered":"https:\/\/beacontower.io\/indsigter\/business-innovation\/"},"modified":"2021-07-01T12:33:46","modified_gmt":"2021-07-01T12:33:46","slug":"forretnings-innovation","status":"publish","type":"page","link":"https:\/\/beacontower.io\/da\/indsigter\/forretnings-innovation\/","title":{"rendered":"Forretningsinnovation"},"content":{"rendered":"<p>[et_pb_section fb_built=&#8221;1&#8243; _builder_version=&#8221;4.7.4&#8243; _module_preset=&#8221;default&#8221;][et_pb_row _builder_version=&#8221;4.9.4&#8243; _module_preset=&#8221;default&#8221; custom_margin=&#8221;100px||||false|false&#8221; custom_padding=&#8221;||||false|false&#8221;][et_pb_column type=&#8221;4_4&#8243; _builder_version=&#8221;4.9.4&#8243; _module_preset=&#8221;default&#8221;][et_pb_text _builder_version=&#8221;4.9.4&#8243; _module_preset=&#8221;default&#8221;]<\/p>\n<h1><strong>Forretningsinnovation<\/strong><\/h1>\n<p><a href=\"https:\/\/glazeholding.com\/da\/\">Glaze<\/a>&#8216;s Business Innovation and Development Framework omfatter aktiviteter, strategi, roller og leverancer fra id\u00e9 til implementering. Denne sektion introducerer nogle af disse v\u00e6rkt\u00f8jer til identifikation af muligheder og hvordan man vurderer forretningspotentiale, mens vi eksemplificerer med virkelige eksempler p\u00e5 IoT-applikationer:<\/p>\n<p>1. Iterativ tilgang: Konkurrencen eksperimenterer allerede. Kom godt i gang med hurtige iterationer, og undg\u00e5 faldgrupper lige fra en alt for ivrig R&amp;D-afdeling til en skadelig \u201dvent og se\u201d -tilgang.<br \/>2. Forretningsmodeller: Forbedre traditionelt produktsalg med nye services baseret p\u00e5 data. Forf\u00f8lg nye forretningsmodeller og hav svar p\u00e5 det uundg\u00e5elige &#8220;vis mig pengene&#8221; -sp\u00f8rgsm\u00e5l, n\u00e5r du skal introducere digitale tjenester i virksomheden.<br \/>3. Id\u00e9principper: Analys\u00e9r den aktuelle situation, identifice nyt forretningspotentiale med input fra vigtige interessenter. Evalu\u00e9r ROI og risici i forbindelse med implementering og \u00e6ndring.<\/p>\n<p>Forts\u00e6t l\u00e6sningen: g\u00e5 til <a href=\"https:\/\/beacontower.io\/da\/indsigter\/forretnings-innovation-iterativ-tilgang\/\">Iterativ tilgang.<\/a><\/p>\n<p>[\/et_pb_text][\/et_pb_column][\/et_pb_row][\/et_pb_section]<\/p>\n","protected":false},"excerpt":{"rendered":"<p>Forretningsinnovation Glaze&#8217;s Business Innovation and Development Framework omfatter aktiviteter, strategi, roller og leverancer fra id\u00e9 til implementering. Denne sektion introducerer nogle af disse v\u00e6rkt\u00f8jer til identifikation af muligheder og hvordan man vurderer forretningspotentiale, mens vi eksemplificerer med virkelige eksempler p\u00e5 IoT-applikationer: 1. Iterativ tilgang: Konkurrencen eksperimenterer allerede. Kom godt i gang med hurtige iterationer, og [&hellip;]<\/p>\n","protected":false},"author":5,"featured_media":0,"parent":32861,"menu_order":0,"comment_status":"closed","ping_status":"closed","template":"","meta":{"_et_pb_use_builder":"on","_et_pb_old_content":"","_et_gb_content_width":"","footnotes":""},"class_list":["post-34193","page","type-page","status-publish","hentry"],"yoast_head":"<!-- This site is optimized with the Yoast SEO plugin v27.4 - https:\/\/yoast.com\/product\/yoast-seo-wordpress\/ -->\n<title>Forretningsinnovation - Beacon Tower<\/title>\n<meta name=\"robots\" content=\"index, follow, max-snippet:-1, max-image-preview:large, max-video-preview:-1\" \/>\n<link rel=\"canonical\" href=\"https:\/\/beacontower.io\/da\/indsigter\/forretnings-innovation\/\" \/>\n<meta property=\"og:locale\" content=\"da_DK\" \/>\n<meta property=\"og:type\" content=\"article\" \/>\n<meta property=\"og:title\" content=\"Forretningsinnovation - Beacon Tower\" \/>\n<meta property=\"og:description\" content=\"Forretningsinnovation Glaze&#039;s Business Innovation and Development Framework omfatter aktiviteter, strategi, roller og leverancer fra id\u00e9 til implementering. Denne sektion introducerer nogle af disse v\u00e6rkt\u00f8jer til identifikation af muligheder og hvordan man vurderer forretningspotentiale, mens vi eksemplificerer med virkelige eksempler p\u00e5 IoT-applikationer: 1. Iterativ tilgang: Konkurrencen eksperimenterer allerede. Kom godt i gang med hurtige iterationer, og [&hellip;]\" \/>\n<meta property=\"og:url\" content=\"https:\/\/beacontower.io\/da\/indsigter\/forretnings-innovation\/\" \/>\n<meta property=\"og:site_name\" content=\"Beacon Tower\" \/>\n<meta property=\"article:modified_time\" content=\"2021-07-01T12:33:46+00:00\" \/>\n<meta property=\"og:image\" content=\"https:\/\/beacontower.io\/wp-content\/uploads\/2021\/04\/BT-logo-web.png\" \/>\n\t<meta property=\"og:image:width\" content=\"400\" \/>\n\t<meta property=\"og:image:height\" content=\"175\" \/>\n\t<meta property=\"og:image:type\" content=\"image\/png\" \/>\n<meta name=\"twitter:card\" content=\"summary_large_image\" \/>\n<meta name=\"twitter:label1\" content=\"Estimeret l\u00e6setid\" \/>\n\t<meta name=\"twitter:data1\" content=\"1 minut\" \/>\n<script type=\"application\/ld+json\" class=\"yoast-schema-graph\">{\"@context\":\"https:\\\/\\\/schema.org\",\"@graph\":[{\"@type\":\"WebPage\",\"@id\":\"https:\\\/\\\/beacontower.io\\\/da\\\/indsigter\\\/forretnings-innovation\\\/\",\"url\":\"https:\\\/\\\/beacontower.io\\\/da\\\/indsigter\\\/forretnings-innovation\\\/\",\"name\":\"Forretningsinnovation - Beacon Tower\",\"isPartOf\":{\"@id\":\"https:\\\/\\\/beacontower.io\\\/da\\\/#website\"},\"datePublished\":\"2021-06-07T17:08:57+00:00\",\"dateModified\":\"2021-07-01T12:33:46+00:00\",\"breadcrumb\":{\"@id\":\"https:\\\/\\\/beacontower.io\\\/da\\\/indsigter\\\/forretnings-innovation\\\/#breadcrumb\"},\"inLanguage\":\"da-DK\",\"potentialAction\":[{\"@type\":\"ReadAction\",\"target\":[\"https:\\\/\\\/beacontower.io\\\/da\\\/indsigter\\\/forretnings-innovation\\\/\"]}]},{\"@type\":\"BreadcrumbList\",\"@id\":\"https:\\\/\\\/beacontower.io\\\/da\\\/indsigter\\\/forretnings-innovation\\\/#breadcrumb\",\"itemListElement\":[{\"@type\":\"ListItem\",\"position\":1,\"name\":\"Home\",\"item\":\"https:\\\/\\\/beacontower.io\\\/da\\\/azure-iot-cloud-and-edge-platform\\\/\"},{\"@type\":\"ListItem\",\"position\":2,\"name\":\"Indsigter\",\"item\":\"https:\\\/\\\/beacontower.io\\\/da\\\/indsigter\\\/\"},{\"@type\":\"ListItem\",\"position\":3,\"name\":\"Forretningsinnovation\"}]},{\"@type\":\"WebSite\",\"@id\":\"https:\\\/\\\/beacontower.io\\\/da\\\/#website\",\"url\":\"https:\\\/\\\/beacontower.io\\\/da\\\/\",\"name\":\"Beacon Tower\",\"description\":\"Azure IoT Cloud and Edge Platform\",\"publisher\":{\"@id\":\"https:\\\/\\\/beacontower.io\\\/da\\\/#organization\"},\"potentialAction\":[{\"@type\":\"SearchAction\",\"target\":{\"@type\":\"EntryPoint\",\"urlTemplate\":\"https:\\\/\\\/beacontower.io\\\/da\\\/?s={search_term_string}\"},\"query-input\":{\"@type\":\"PropertyValueSpecification\",\"valueRequired\":true,\"valueName\":\"search_term_string\"}}],\"inLanguage\":\"da-DK\"},{\"@type\":\"Organization\",\"@id\":\"https:\\\/\\\/beacontower.io\\\/da\\\/#organization\",\"name\":\"Beacon Tower\",\"url\":\"https:\\\/\\\/beacontower.io\\\/da\\\/\",\"logo\":{\"@type\":\"ImageObject\",\"inLanguage\":\"da-DK\",\"@id\":\"https:\\\/\\\/beacontower.io\\\/da\\\/#\\\/schema\\\/logo\\\/image\\\/\",\"url\":\"https:\\\/\\\/beacontower.io\\\/wp-content\\\/uploads\\\/2021\\\/04\\\/BT-logo-web.png\",\"contentUrl\":\"https:\\\/\\\/beacontower.io\\\/wp-content\\\/uploads\\\/2021\\\/04\\\/BT-logo-web.png\",\"width\":400,\"height\":175,\"caption\":\"Beacon Tower\"},\"image\":{\"@id\":\"https:\\\/\\\/beacontower.io\\\/da\\\/#\\\/schema\\\/logo\\\/image\\\/\"},\"sameAs\":[\"https:\\\/\\\/www.linkedin.com\\\/company\\\/glaze-about\"]}]}<\/script>\n<!-- \/ Yoast SEO plugin. -->","yoast_head_json":{"title":"Forretningsinnovation - Beacon Tower","robots":{"index":"index","follow":"follow","max-snippet":"max-snippet:-1","max-image-preview":"max-image-preview:large","max-video-preview":"max-video-preview:-1"},"canonical":"https:\/\/beacontower.io\/da\/indsigter\/forretnings-innovation\/","og_locale":"da_DK","og_type":"article","og_title":"Forretningsinnovation - Beacon Tower","og_description":"Forretningsinnovation Glaze's Business Innovation and Development Framework omfatter aktiviteter, strategi, roller og leverancer fra id\u00e9 til implementering. Denne sektion introducerer nogle af disse v\u00e6rkt\u00f8jer til identifikation af muligheder og hvordan man vurderer forretningspotentiale, mens vi eksemplificerer med virkelige eksempler p\u00e5 IoT-applikationer: 1. Iterativ tilgang: Konkurrencen eksperimenterer allerede. Kom godt i gang med hurtige iterationer, og [&hellip;]","og_url":"https:\/\/beacontower.io\/da\/indsigter\/forretnings-innovation\/","og_site_name":"Beacon Tower","article_modified_time":"2021-07-01T12:33:46+00:00","og_image":[{"width":400,"height":175,"url":"https:\/\/beacontower.io\/wp-content\/uploads\/2021\/04\/BT-logo-web.png","type":"image\/png"}],"twitter_card":"summary_large_image","twitter_misc":{"Estimeret l\u00e6setid":"1 minut"},"schema":{"@context":"https:\/\/schema.org","@graph":[{"@type":"WebPage","@id":"https:\/\/beacontower.io\/da\/indsigter\/forretnings-innovation\/","url":"https:\/\/beacontower.io\/da\/indsigter\/forretnings-innovation\/","name":"Forretningsinnovation - Beacon Tower","isPartOf":{"@id":"https:\/\/beacontower.io\/da\/#website"},"datePublished":"2021-06-07T17:08:57+00:00","dateModified":"2021-07-01T12:33:46+00:00","breadcrumb":{"@id":"https:\/\/beacontower.io\/da\/indsigter\/forretnings-innovation\/#breadcrumb"},"inLanguage":"da-DK","potentialAction":[{"@type":"ReadAction","target":["https:\/\/beacontower.io\/da\/indsigter\/forretnings-innovation\/"]}]},{"@type":"BreadcrumbList","@id":"https:\/\/beacontower.io\/da\/indsigter\/forretnings-innovation\/#breadcrumb","itemListElement":[{"@type":"ListItem","position":1,"name":"Home","item":"https:\/\/beacontower.io\/da\/azure-iot-cloud-and-edge-platform\/"},{"@type":"ListItem","position":2,"name":"Indsigter","item":"https:\/\/beacontower.io\/da\/indsigter\/"},{"@type":"ListItem","position":3,"name":"Forretningsinnovation"}]},{"@type":"WebSite","@id":"https:\/\/beacontower.io\/da\/#website","url":"https:\/\/beacontower.io\/da\/","name":"Beacon Tower","description":"Azure IoT Cloud and Edge Platform","publisher":{"@id":"https:\/\/beacontower.io\/da\/#organization"},"potentialAction":[{"@type":"SearchAction","target":{"@type":"EntryPoint","urlTemplate":"https:\/\/beacontower.io\/da\/?s={search_term_string}"},"query-input":{"@type":"PropertyValueSpecification","valueRequired":true,"valueName":"search_term_string"}}],"inLanguage":"da-DK"},{"@type":"Organization","@id":"https:\/\/beacontower.io\/da\/#organization","name":"Beacon Tower","url":"https:\/\/beacontower.io\/da\/","logo":{"@type":"ImageObject","inLanguage":"da-DK","@id":"https:\/\/beacontower.io\/da\/#\/schema\/logo\/image\/","url":"https:\/\/beacontower.io\/wp-content\/uploads\/2021\/04\/BT-logo-web.png","contentUrl":"https:\/\/beacontower.io\/wp-content\/uploads\/2021\/04\/BT-logo-web.png","width":400,"height":175,"caption":"Beacon Tower"},"image":{"@id":"https:\/\/beacontower.io\/da\/#\/schema\/logo\/image\/"},"sameAs":["https:\/\/www.linkedin.com\/company\/glaze-about"]}]}},"_links":{"self":[{"href":"https:\/\/beacontower.io\/da\/wp-json\/wp\/v2\/pages\/34193","targetHints":{"allow":["GET"]}}],"collection":[{"href":"https:\/\/beacontower.io\/da\/wp-json\/wp\/v2\/pages"}],"about":[{"href":"https:\/\/beacontower.io\/da\/wp-json\/wp\/v2\/types\/page"}],"author":[{"embeddable":true,"href":"https:\/\/beacontower.io\/da\/wp-json\/wp\/v2\/users\/5"}],"replies":[{"embeddable":true,"href":"https:\/\/beacontower.io\/da\/wp-json\/wp\/v2\/comments?post=34193"}],"version-history":[{"count":13,"href":"https:\/\/beacontower.io\/da\/wp-json\/wp\/v2\/pages\/34193\/revisions"}],"predecessor-version":[{"id":34409,"href":"https:\/\/beacontower.io\/da\/wp-json\/wp\/v2\/pages\/34193\/revisions\/34409"}],"up":[{"embeddable":true,"href":"https:\/\/beacontower.io\/da\/wp-json\/wp\/v2\/pages\/32861"}],"wp:attachment":[{"href":"https:\/\/beacontower.io\/da\/wp-json\/wp\/v2\/media?parent=34193"}],"curies":[{"name":"wp","href":"https:\/\/api.w.org\/{rel}","templated":true}]}}