{"id":34190,"date":"2021-06-07T16:57:51","date_gmt":"2021-06-07T16:57:51","guid":{"rendered":"https:\/\/beacontower.io\/indsigter\/cloud-and-iot-which-to-choose\/"},"modified":"2022-01-25T11:11:38","modified_gmt":"2022-01-25T11:11:38","slug":"cloud-og-iot-hvad-skal-man-vaelge-azure-aws-google-cloud","status":"publish","type":"page","link":"https:\/\/beacontower.io\/da\/indsigter\/cloud-og-iot-hvad-skal-man-vaelge-azure-aws-google-cloud\/","title":{"rendered":"Cloud og IoT \u2013 hvad skal man v\u00e6lge?"},"content":{"rendered":"<p>[et_pb_section fb_built=&#8221;1&#8243; _builder_version=&#8221;4.7.4&#8243; _module_preset=&#8221;default&#8221; global_colors_info=&#8221;{}&#8221;][et_pb_row _builder_version=&#8221;4.9.4&#8243; _module_preset=&#8221;default&#8221; custom_margin=&#8221;100px||||false|false&#8221; custom_padding=&#8221;0px||||false|false&#8221; global_colors_info=&#8221;{}&#8221;][et_pb_column type=&#8221;4_4&#8243; _builder_version=&#8221;4.9.4&#8243; _module_preset=&#8221;default&#8221; global_colors_info=&#8221;{}&#8221;][et_pb_text _builder_version=&#8221;4.9.4&#8243; _module_preset=&#8221;default&#8221; global_colors_info=&#8221;{}&#8221;]<\/p>\n<h1><strong>\u00a0Cloud og IoT \u2013 hvad skal man v\u00e6lge? Azure, AWS, Google eller en 4.?<br \/><\/strong><\/h1>\n<p>Markedet for cloududbydere udvikler sig og modnes hurtigt. Samarbejde og til sidst konsolidering sker l\u00f8bende med hyppige meddelelser om alliancer og\/eller erhvervelser af mindre udbydere.<\/p>\n<p>Nedenst\u00e5ende figur viser Forrester Researchs opfattelse af aktuelle \u201devaluerede leverand\u00f8rer ud fra 24 kriterier, som vi grupperede i tre h\u00f8jtst\u00e5ende kategorier:<\/p>\n<p><strong>Nuv\u00e6rende tilbud:<\/strong> Hver leverand\u00f8rs position p\u00e5 Forrester Wave-grafikkens lodrette akse angiver styrken af \u200b\u200bdets nuv\u00e6rende tilbud. N\u00f8glekriterierne for disse l\u00f8sninger inkluderer tilslutningsmuligheder, implementering og sikkerhed, administrationskonsol, funktioner til applikationsaktivering samt analyse og data.<\/p>\n<p><strong>Strategi:<\/strong> Placering p\u00e5 den vandrette akse angiver styrken af \u200b\u200bleverand\u00f8rernes strategier. Vi vurderede partnerstrategi, kommerciel model, innovationsk\u00f8replan, platformdifferentiering og leveringsmodel.<\/p>\n<p><strong>Markeds tilstedev\u00e6relse: <\/strong>Repr\u00e6senteret af st\u00f8rrelsen p\u00e5 mark\u00f8rerne p\u00e5 grafikken afspejler tilstedev\u00e6relsen p\u00e5 markedet for hver leverand\u00f8rs direkte kunder, tilsluttede enheder og geografisk kundefordeling&#8221;.<\/p>\n<h1><strong><img loading=\"lazy\" decoding=\"async\" class=\"wp-image-33867 alignnone size-full\" src=\"https:\/\/beacontower.io\/wp-content\/uploads\/2021\/05\/iot-cloud-providers.jpg\" alt=\"\" width=\"399\" height=\"550\" \/><\/strong><\/h1>\n<h2>Samarbejde og konsolidering<\/h2>\n<p>Lige nu trender cloud-udbydere, der samarbejder om at dominere forretnings vertikaler baseret p\u00e5 de originale egenskaber for hver leverand\u00f8r.<\/p>\n<p>F.eks. samarbejder General Electric med Microsoft Azure for at kombinere GEs digitale transformationskonsulentbistand om industrielt udstyr, med Microsoft Azure-database og BI-platform, og muligheden for at distribuere infrastruktur eksternt. Microsoft har mange IoT-specifikke services som man med logik kan binde sammen til unikke l\u00f8sninger i deres Azure sky. Problemet er, at dette kan g\u00f8res p\u00e5 mange m\u00e5der og det kr\u00e6ver ekspertise at vide hvordan man g\u00f8r det optimalt og hvordan man sikrer en fremtidssikret arkitektur. Derfor har vi udviklet Beacon Tower.<\/p>\n<p>Cisco leverer traditionelt netv\u00e6rksinfrastruktur og forbindelseskomponenter og kombineret med IBMs backend og Watson avancerede analyser, supplerer de hver deres specialiteter.<\/p>\n<p>For flere hospitaler g\u00e5r Cisco og GE sammen om at forbedre patient- og enhedsoptimering, for at reducere spild af artikler eller ikke-optimeret brug af udstyr &#8211; samarbejde mellem de store leverand\u00f8rer er blandet og matchet p\u00e5 tv\u00e6rs af brancher og vertikaler.<\/p>\n<p>PTC erhvervede ThingWorx sammen med Axeda, hvor begge tilf\u00f8jede solid erfaring fra industriel IoT og bragte en komponentplatform til henholdsvis let mashup og visualisering med statistiske komponenter. Senere er ColdLight Machine Learning og forudsigende analyse blevet tilf\u00f8jet til portef\u00f8ljen.<\/p>\n<p>Generelt er udfordringerne ved at opk\u00f8be og integrere eksisterende teknologi, er at man risikerer et kludet\u00e6ppe af &#8220;black box&#8221; teknologi der g\u00f8r det sv\u00e6rt at tilpasse til specielle krav, kompliceret at holde opdateret og som kunde b\u00f8r man ogs\u00e5 n\u00f8je overveje hvor mange leverand\u00f8rer der lokalt har ekspertise med teknologierne.<\/p>\n<p>Til sammenligning, tilbyder Amazon Web Services (AWS) og Google Cloud, hvis tjenester kun leveres af deres offentlige skyer, mindre oplevelser med fysiske enheder p\u00e5 &#8220;the edge&#8221;. Nyligt samarbejde mellem AWS og Salesforce er blevet annonceret.<\/p>\n<h2>Eksempler p\u00e5 udv\u00e6lgelseskriterier<\/h2>\n<p>Valg af en kommerciel skytjeneste kr\u00e6ver en grundig analyse af kravene og prioriteterne for den virksomhed, der skal underst\u00f8ttes. F\u00f8lgende er en liste over eksempler p\u00e5 kriterier, der skal overvejes:<\/p>\n<p><strong>Geografi, lokale forekomster globalt:<\/strong> Lokal lovgivning kan kun kr\u00e6ve, at personoplysninger opbevares i indenlandsk datalagring. For andre datatyper styrkes hurtigere svarfrekvenser og dataredundans med skyopbevaring lokaliseret p\u00e5 det samme kontinent.<\/p>\n<p><strong>Fleksibilitet mellem Cloud og Edge:<\/strong> Protokolunderst\u00f8ttelse til b\u00e5de kortdistance og tr\u00e5dl\u00f8se tilslutningsmuligheder. Evnen til at implementere en &#8216;hybrid&#8217; eller &#8216;lokal&#8217; sky, dvs. udf\u00f8re tidskritiske beregninger p\u00e5 beregningsenheder t\u00e6ttere p\u00e5 enhederne for at garantere latens og stabilitet (f.eks. Off-shore vindm\u00f8ller eller fragtskibe). Desuden minimerer risikoen for datatab for knap tilsluttede industrielle IoT-anl\u00e6g, hvis dataoverf\u00f8rslen forstyrres. Reducer overf\u00f8rselsbelastningen, hvis omkostningerne ved data er h\u00f8je.<\/p>\n<p><strong>Underst\u00f8ttelse af udviklings- og eksperimentv\u00e6rkt\u00f8jer:<\/strong> Software Development Kit (SDK) til modellering af hurtig dataanalyse og tr\u00e6k-og-slip-visualisering med brugerinteraktionsmoduler. Ellers vil kodning p\u00e5 lavt niveau v\u00e6re n\u00f8dvendig?<\/p>\n<p><strong>Avanceret analyse og AI:<\/strong> Disse termer d\u00e6kker over et stort sp\u00e6nd; fra standard statistisk analyse til automatisk (overv\u00e5get eller ikke-overv\u00e5get) m\u00f8nstergenkendelse og indl\u00e6ringsalgoritmer, der udbygger viden om stadig st\u00f8rre datas\u00e6t p\u00e5 tilsyneladende ukorrelerede data.<\/p>\n<p><strong>Skal\u00e9rbarhed:<\/strong> Hvordan behandler leverand\u00f8ren virksomheder med enkle eksperimentelle datas\u00e6t med sandkasser; hvordan man \u00f8ger belastningen og support ved udrulning af bredere implementering og hvordan d\u00e6kker man omkostninger og branding af store operationer globalt?<\/p>\n<p><strong>One-stop shopping og support:<\/strong> Evnen til at tilbyde support og afb\u00f8de problemer p\u00e5 tv\u00e6rs af eksterne territorier. Vil leverand\u00f8ren proaktivt hj\u00e6lpe med at finde fejl uden for deres eget specifikke forretningsdom\u00e6ne?<\/p>\n<p><strong>Integration med produktionsstamdata:<\/strong> Evnen til at linke til (f.eks. SAP) stamdata fra produktionslogistikken til integration med livscyklusstyring af hvert produceret produkt repr\u00e6senteret ved digital tvillingfunktionalitet.<\/p>\n<p><strong>API-styring:<\/strong> Gr\u00e6nseflade til eksterne kilder (ind \/ ud) af f.eks. vejrdata, kortdata tilpasset fl\u00e5destyring, mashup af specifikke datas\u00e6t fra tredjeparter eller underst\u00f8ttelse af en platform til tredjeparts datam\u00e6gling.<\/p>\n<p><strong>Forretningsmodeller og omkostningsstruktur:<\/strong> Dybest set kan alle ovenn\u00e6vnte egenskaber og funktionaliteter p\u00e5virke cloud-leverand\u00f8rens prismodel: indsamlede data (samplingshastighed, antal dataelementer, gennemsnit \/ peak b\u00e5ndbredde osv.), samlet lagerplads, baggrund (kolde data) analyse, realtids (hot data) analyse, kompleksitet i analyse- og pr\u00e6sentationsbehov, implementering og versioninering p\u00e5 tv\u00e6rs af geografi, support til udvikling versus v\u00e6rkt\u00f8jsst\u00f8tte osv.<\/p>\n<h2>Hvordan passer Beacon Tower?<\/h2>\n<p>Som du sandsynligvis allerede har l\u00e6st andre steder p\u00e5 dette website, er Beacon Tower en meget fleksibel IoT-platform, der bruger de mange administrerede tjenester leveret af Microsoft Azure-skyen sammensat i et komplet framework med hensyn til implementering, overv\u00e5gning og vedligeholdelse. S\u00e5 i sammenligning med ovenst\u00e5ende udv\u00e6lgelseskriterier og oven p\u00e5 de fordele, som Forrester p\u00e5peger for Microsoft Azure, er Beacon Tower en endnu mere fleksibel, omkostningseffektiv og kraftfuld IoT-l\u00f8sning end hvad man f\u00e5r &#8220;out of the box&#8221; med standard Microsoft Azure-komponenter. L\u00e6s mere om <a href=\"https:\/\/beacontower.io\/da\/azure-iot-cloud-edge-platform\/\">platformen her<\/a>.<\/p>\n<p>Forts\u00e6t l\u00e6sningen: <a href=\"https:\/\/beacontower.io\/da\/indsigter\/oekosystemer-at-lave-koebe-og-partnerskab\/\">\u00d8kosystemer: At lave, k\u00f8be og partnerskab.<\/a><\/p>\n<p>[\/et_pb_text][\/et_pb_column][\/et_pb_row][\/et_pb_section]<\/p>\n","protected":false},"excerpt":{"rendered":"<p>\u00a0Cloud og IoT \u2013 hvad skal man v\u00e6lge? Azure, AWS, Google eller en 4.? Markedet for cloududbydere udvikler sig og modnes hurtigt. Samarbejde og til sidst konsolidering sker l\u00f8bende med hyppige meddelelser om alliancer og\/eller erhvervelser af mindre udbydere. Nedenst\u00e5ende figur viser Forrester Researchs opfattelse af aktuelle \u201devaluerede leverand\u00f8rer ud fra 24 kriterier, som vi [&hellip;]<\/p>\n","protected":false},"author":5,"featured_media":0,"parent":32861,"menu_order":0,"comment_status":"closed","ping_status":"closed","template":"","meta":{"_et_pb_use_builder":"on","_et_pb_old_content":"","_et_gb_content_width":"","footnotes":""},"class_list":["post-34190","page","type-page","status-publish","hentry"],"yoast_head":"<!-- This site is optimized with the Yoast SEO plugin v27.3 - https:\/\/yoast.com\/product\/yoast-seo-wordpress\/ -->\n<title>Cloud og IoT \u2013 hvad skal man v\u00e6lge? - Beacon Tower<\/title>\n<meta name=\"description\" content=\"Hvilken cloud til IoT? Azure, AWS, Google Cloud eller en helt 4.?\" \/>\n<meta name=\"robots\" content=\"index, follow, max-snippet:-1, max-image-preview:large, max-video-preview:-1\" \/>\n<link rel=\"canonical\" href=\"https:\/\/beacontower.io\/da\/indsigter\/cloud-og-iot-hvad-skal-man-vaelge-azure-aws-google-cloud\/\" \/>\n<meta property=\"og:locale\" content=\"da_DK\" \/>\n<meta property=\"og:type\" content=\"article\" \/>\n<meta property=\"og:title\" content=\"Cloud og IoT \u2013 hvad skal man v\u00e6lge? - Beacon Tower\" \/>\n<meta property=\"og:description\" content=\"Hvilken cloud til IoT? Azure, AWS, Google Cloud eller en helt 4.?\" \/>\n<meta property=\"og:url\" content=\"https:\/\/beacontower.io\/da\/indsigter\/cloud-og-iot-hvad-skal-man-vaelge-azure-aws-google-cloud\/\" \/>\n<meta property=\"og:site_name\" content=\"Beacon Tower\" \/>\n<meta property=\"article:modified_time\" content=\"2022-01-25T11:11:38+00:00\" \/>\n<meta property=\"og:image\" content=\"https:\/\/beacontower.io\/wp-content\/uploads\/2021\/05\/iot-cloud-providers.jpg\" \/>\n<meta name=\"twitter:card\" content=\"summary_large_image\" \/>\n<meta name=\"twitter:label1\" content=\"Estimeret l\u00e6setid\" \/>\n\t<meta name=\"twitter:data1\" content=\"5 minutter\" \/>\n<script type=\"application\/ld+json\" class=\"yoast-schema-graph\">{\"@context\":\"https:\\\/\\\/schema.org\",\"@graph\":[{\"@type\":\"WebPage\",\"@id\":\"https:\\\/\\\/beacontower.io\\\/da\\\/indsigter\\\/cloud-og-iot-hvad-skal-man-vaelge-azure-aws-google-cloud\\\/\",\"url\":\"https:\\\/\\\/beacontower.io\\\/da\\\/indsigter\\\/cloud-og-iot-hvad-skal-man-vaelge-azure-aws-google-cloud\\\/\",\"name\":\"Cloud og IoT \u2013 hvad skal man v\u00e6lge? - Beacon Tower\",\"isPartOf\":{\"@id\":\"https:\\\/\\\/beacontower.io\\\/da\\\/#website\"},\"primaryImageOfPage\":{\"@id\":\"https:\\\/\\\/beacontower.io\\\/da\\\/indsigter\\\/cloud-og-iot-hvad-skal-man-vaelge-azure-aws-google-cloud\\\/#primaryimage\"},\"image\":{\"@id\":\"https:\\\/\\\/beacontower.io\\\/da\\\/indsigter\\\/cloud-og-iot-hvad-skal-man-vaelge-azure-aws-google-cloud\\\/#primaryimage\"},\"thumbnailUrl\":\"https:\\\/\\\/beacontower.io\\\/wp-content\\\/uploads\\\/2021\\\/05\\\/iot-cloud-providers.jpg\",\"datePublished\":\"2021-06-07T16:57:51+00:00\",\"dateModified\":\"2022-01-25T11:11:38+00:00\",\"description\":\"Hvilken cloud til IoT? Azure, AWS, Google Cloud eller en helt 4.?\",\"breadcrumb\":{\"@id\":\"https:\\\/\\\/beacontower.io\\\/da\\\/indsigter\\\/cloud-og-iot-hvad-skal-man-vaelge-azure-aws-google-cloud\\\/#breadcrumb\"},\"inLanguage\":\"da-DK\",\"potentialAction\":[{\"@type\":\"ReadAction\",\"target\":[\"https:\\\/\\\/beacontower.io\\\/da\\\/indsigter\\\/cloud-og-iot-hvad-skal-man-vaelge-azure-aws-google-cloud\\\/\"]}]},{\"@type\":\"ImageObject\",\"inLanguage\":\"da-DK\",\"@id\":\"https:\\\/\\\/beacontower.io\\\/da\\\/indsigter\\\/cloud-og-iot-hvad-skal-man-vaelge-azure-aws-google-cloud\\\/#primaryimage\",\"url\":\"https:\\\/\\\/beacontower.io\\\/wp-content\\\/uploads\\\/2021\\\/05\\\/iot-cloud-providers.jpg\",\"contentUrl\":\"https:\\\/\\\/beacontower.io\\\/wp-content\\\/uploads\\\/2021\\\/05\\\/iot-cloud-providers.jpg\"},{\"@type\":\"BreadcrumbList\",\"@id\":\"https:\\\/\\\/beacontower.io\\\/da\\\/indsigter\\\/cloud-og-iot-hvad-skal-man-vaelge-azure-aws-google-cloud\\\/#breadcrumb\",\"itemListElement\":[{\"@type\":\"ListItem\",\"position\":1,\"name\":\"Home\",\"item\":\"https:\\\/\\\/beacontower.io\\\/da\\\/azure-iot-cloud-and-edge-platform\\\/\"},{\"@type\":\"ListItem\",\"position\":2,\"name\":\"Indsigter\",\"item\":\"https:\\\/\\\/beacontower.io\\\/da\\\/indsigter\\\/\"},{\"@type\":\"ListItem\",\"position\":3,\"name\":\"Cloud og IoT \u2013 hvad skal man v\u00e6lge?\"}]},{\"@type\":\"WebSite\",\"@id\":\"https:\\\/\\\/beacontower.io\\\/da\\\/#website\",\"url\":\"https:\\\/\\\/beacontower.io\\\/da\\\/\",\"name\":\"Beacon Tower\",\"description\":\"Azure IoT Cloud and Edge Platform\",\"publisher\":{\"@id\":\"https:\\\/\\\/beacontower.io\\\/da\\\/#organization\"},\"potentialAction\":[{\"@type\":\"SearchAction\",\"target\":{\"@type\":\"EntryPoint\",\"urlTemplate\":\"https:\\\/\\\/beacontower.io\\\/da\\\/?s={search_term_string}\"},\"query-input\":{\"@type\":\"PropertyValueSpecification\",\"valueRequired\":true,\"valueName\":\"search_term_string\"}}],\"inLanguage\":\"da-DK\"},{\"@type\":\"Organization\",\"@id\":\"https:\\\/\\\/beacontower.io\\\/da\\\/#organization\",\"name\":\"Beacon Tower\",\"url\":\"https:\\\/\\\/beacontower.io\\\/da\\\/\",\"logo\":{\"@type\":\"ImageObject\",\"inLanguage\":\"da-DK\",\"@id\":\"https:\\\/\\\/beacontower.io\\\/da\\\/#\\\/schema\\\/logo\\\/image\\\/\",\"url\":\"https:\\\/\\\/beacontower.io\\\/wp-content\\\/uploads\\\/2021\\\/04\\\/BT-logo-web.png\",\"contentUrl\":\"https:\\\/\\\/beacontower.io\\\/wp-content\\\/uploads\\\/2021\\\/04\\\/BT-logo-web.png\",\"width\":400,\"height\":175,\"caption\":\"Beacon Tower\"},\"image\":{\"@id\":\"https:\\\/\\\/beacontower.io\\\/da\\\/#\\\/schema\\\/logo\\\/image\\\/\"},\"sameAs\":[\"https:\\\/\\\/www.linkedin.com\\\/company\\\/glaze-about\"]}]}<\/script>\n<!-- \/ Yoast SEO plugin. -->","yoast_head_json":{"title":"Cloud og IoT \u2013 hvad skal man v\u00e6lge? - Beacon Tower","description":"Hvilken cloud til IoT? Azure, AWS, Google Cloud eller en helt 4.?","robots":{"index":"index","follow":"follow","max-snippet":"max-snippet:-1","max-image-preview":"max-image-preview:large","max-video-preview":"max-video-preview:-1"},"canonical":"https:\/\/beacontower.io\/da\/indsigter\/cloud-og-iot-hvad-skal-man-vaelge-azure-aws-google-cloud\/","og_locale":"da_DK","og_type":"article","og_title":"Cloud og IoT \u2013 hvad skal man v\u00e6lge? - Beacon Tower","og_description":"Hvilken cloud til IoT? Azure, AWS, Google Cloud eller en helt 4.?","og_url":"https:\/\/beacontower.io\/da\/indsigter\/cloud-og-iot-hvad-skal-man-vaelge-azure-aws-google-cloud\/","og_site_name":"Beacon Tower","article_modified_time":"2022-01-25T11:11:38+00:00","og_image":[{"url":"https:\/\/beacontower.io\/wp-content\/uploads\/2021\/05\/iot-cloud-providers.jpg","type":"","width":"","height":""}],"twitter_card":"summary_large_image","twitter_misc":{"Estimeret l\u00e6setid":"5 minutter"},"schema":{"@context":"https:\/\/schema.org","@graph":[{"@type":"WebPage","@id":"https:\/\/beacontower.io\/da\/indsigter\/cloud-og-iot-hvad-skal-man-vaelge-azure-aws-google-cloud\/","url":"https:\/\/beacontower.io\/da\/indsigter\/cloud-og-iot-hvad-skal-man-vaelge-azure-aws-google-cloud\/","name":"Cloud og IoT \u2013 hvad skal man v\u00e6lge? - Beacon Tower","isPartOf":{"@id":"https:\/\/beacontower.io\/da\/#website"},"primaryImageOfPage":{"@id":"https:\/\/beacontower.io\/da\/indsigter\/cloud-og-iot-hvad-skal-man-vaelge-azure-aws-google-cloud\/#primaryimage"},"image":{"@id":"https:\/\/beacontower.io\/da\/indsigter\/cloud-og-iot-hvad-skal-man-vaelge-azure-aws-google-cloud\/#primaryimage"},"thumbnailUrl":"https:\/\/beacontower.io\/wp-content\/uploads\/2021\/05\/iot-cloud-providers.jpg","datePublished":"2021-06-07T16:57:51+00:00","dateModified":"2022-01-25T11:11:38+00:00","description":"Hvilken cloud til IoT? Azure, AWS, Google Cloud eller en helt 4.?","breadcrumb":{"@id":"https:\/\/beacontower.io\/da\/indsigter\/cloud-og-iot-hvad-skal-man-vaelge-azure-aws-google-cloud\/#breadcrumb"},"inLanguage":"da-DK","potentialAction":[{"@type":"ReadAction","target":["https:\/\/beacontower.io\/da\/indsigter\/cloud-og-iot-hvad-skal-man-vaelge-azure-aws-google-cloud\/"]}]},{"@type":"ImageObject","inLanguage":"da-DK","@id":"https:\/\/beacontower.io\/da\/indsigter\/cloud-og-iot-hvad-skal-man-vaelge-azure-aws-google-cloud\/#primaryimage","url":"https:\/\/beacontower.io\/wp-content\/uploads\/2021\/05\/iot-cloud-providers.jpg","contentUrl":"https:\/\/beacontower.io\/wp-content\/uploads\/2021\/05\/iot-cloud-providers.jpg"},{"@type":"BreadcrumbList","@id":"https:\/\/beacontower.io\/da\/indsigter\/cloud-og-iot-hvad-skal-man-vaelge-azure-aws-google-cloud\/#breadcrumb","itemListElement":[{"@type":"ListItem","position":1,"name":"Home","item":"https:\/\/beacontower.io\/da\/azure-iot-cloud-and-edge-platform\/"},{"@type":"ListItem","position":2,"name":"Indsigter","item":"https:\/\/beacontower.io\/da\/indsigter\/"},{"@type":"ListItem","position":3,"name":"Cloud og IoT \u2013 hvad skal man v\u00e6lge?"}]},{"@type":"WebSite","@id":"https:\/\/beacontower.io\/da\/#website","url":"https:\/\/beacontower.io\/da\/","name":"Beacon Tower","description":"Azure IoT Cloud and Edge Platform","publisher":{"@id":"https:\/\/beacontower.io\/da\/#organization"},"potentialAction":[{"@type":"SearchAction","target":{"@type":"EntryPoint","urlTemplate":"https:\/\/beacontower.io\/da\/?s={search_term_string}"},"query-input":{"@type":"PropertyValueSpecification","valueRequired":true,"valueName":"search_term_string"}}],"inLanguage":"da-DK"},{"@type":"Organization","@id":"https:\/\/beacontower.io\/da\/#organization","name":"Beacon Tower","url":"https:\/\/beacontower.io\/da\/","logo":{"@type":"ImageObject","inLanguage":"da-DK","@id":"https:\/\/beacontower.io\/da\/#\/schema\/logo\/image\/","url":"https:\/\/beacontower.io\/wp-content\/uploads\/2021\/04\/BT-logo-web.png","contentUrl":"https:\/\/beacontower.io\/wp-content\/uploads\/2021\/04\/BT-logo-web.png","width":400,"height":175,"caption":"Beacon Tower"},"image":{"@id":"https:\/\/beacontower.io\/da\/#\/schema\/logo\/image\/"},"sameAs":["https:\/\/www.linkedin.com\/company\/glaze-about"]}]}},"_links":{"self":[{"href":"https:\/\/beacontower.io\/da\/wp-json\/wp\/v2\/pages\/34190","targetHints":{"allow":["GET"]}}],"collection":[{"href":"https:\/\/beacontower.io\/da\/wp-json\/wp\/v2\/pages"}],"about":[{"href":"https:\/\/beacontower.io\/da\/wp-json\/wp\/v2\/types\/page"}],"author":[{"embeddable":true,"href":"https:\/\/beacontower.io\/da\/wp-json\/wp\/v2\/users\/5"}],"replies":[{"embeddable":true,"href":"https:\/\/beacontower.io\/da\/wp-json\/wp\/v2\/comments?post=34190"}],"version-history":[{"count":16,"href":"https:\/\/beacontower.io\/da\/wp-json\/wp\/v2\/pages\/34190\/revisions"}],"predecessor-version":[{"id":34968,"href":"https:\/\/beacontower.io\/da\/wp-json\/wp\/v2\/pages\/34190\/revisions\/34968"}],"up":[{"embeddable":true,"href":"https:\/\/beacontower.io\/da\/wp-json\/wp\/v2\/pages\/32861"}],"wp:attachment":[{"href":"https:\/\/beacontower.io\/da\/wp-json\/wp\/v2\/media?parent=34190"}],"curies":[{"name":"wp","href":"https:\/\/api.w.org\/{rel}","templated":true}]}}