{"id":32861,"date":"2021-03-19T13:12:30","date_gmt":"2021-03-19T13:12:30","guid":{"rendered":"https:\/\/beacontower.io\/indsigter\/"},"modified":"2024-06-27T13:13:55","modified_gmt":"2024-06-27T13:13:55","slug":"indsigter","status":"publish","type":"page","link":"https:\/\/beacontower.io\/da\/indsigter\/","title":{"rendered":"Indsigter"},"content":{"rendered":"<p>[et_pb_section fb_built=&#8221;1&#8243; module_id=&#8221;video_section&#8221; _builder_version=&#8221;4.16&#8243; _module_preset=&#8221;default&#8221; global_colors_info=&#8221;{}&#8221;][et_pb_row _builder_version=&#8221;4.16&#8243; _module_preset=&#8221;default&#8221; custom_margin=&#8221;60px||||false|false&#8221; global_colors_info=&#8221;{}&#8221;][et_pb_column type=&#8221;4_4&#8243; _builder_version=&#8221;4.16&#8243; _module_preset=&#8221;default&#8221; global_colors_info=&#8221;{}&#8221;][et_pb_text _builder_version=&#8221;4.16&#8243; _module_preset=&#8221;default&#8221; global_colors_info=&#8221;{}&#8221;]<\/p>\n<h1><strong>Videoer om Beacon Tower<\/strong><\/h1>\n<p>[\/et_pb_text][\/et_pb_column][\/et_pb_row][et_pb_row column_structure=&#8221;1_3,1_3,1_3&#8243; _builder_version=&#8221;4.19.4&#8243; _module_preset=&#8221;default&#8221; hover_enabled=&#8221;0&#8243; global_colors_info=&#8221;{}&#8221; sticky_enabled=&#8221;0&#8243;][et_pb_column _builder_version=&#8221;4.19.4&#8243; _module_preset=&#8221;default&#8221; type=&#8221;1_3&#8243; hover_enabled=&#8221;0&#8243; sticky_enabled=&#8221;0&#8243;][\/et_pb_column][et_pb_column type=&#8221;1_3&#8243; _builder_version=&#8221;4.16&#8243; _module_preset=&#8221;default&#8221; global_colors_info=&#8221;{}&#8221;][et_pb_text _builder_version=&#8221;4.16&#8243; _module_preset=&#8221;default&#8221; global_colors_info=&#8221;{}&#8221;]<\/p>\n<p>Beacon Tower p\u00e5 to minutter:<\/p>\n<p>[\/et_pb_text][et_pb_code _builder_version=&#8221;4.16&#8243; _module_preset=&#8221;default&#8221; global_colors_info=&#8221;{}&#8221;]<iframe loading=\"lazy\" width=\"560\" height=\"315\" src=\"https:\/\/www.youtube.com\/embed\/u2K60qQVUcE\" title=\"YouTube video player\" frameborder=\"0\" allow=\"accelerometer; autoplay; clipboard-write; encrypted-media; gyroscope; picture-in-picture\" allowfullscreen><\/iframe>[\/et_pb_code][\/et_pb_column][et_pb_column _builder_version=&#8221;4.19.4&#8243; _module_preset=&#8221;default&#8221; type=&#8221;1_3&#8243; hover_enabled=&#8221;0&#8243; sticky_enabled=&#8221;0&#8243;][\/et_pb_column][\/et_pb_row][et_pb_row column_structure=&#8221;1_3,1_3,1_3&#8243; _builder_version=&#8221;4.16&#8243; _module_preset=&#8221;default&#8221; global_colors_info=&#8221;{}&#8221;][et_pb_column type=&#8221;1_3&#8243; _builder_version=&#8221;4.16&#8243; _module_preset=&#8221;default&#8221; global_colors_info=&#8221;{}&#8221;][et_pb_text _builder_version=&#8221;4.19.4&#8243; _module_preset=&#8221;default&#8221; hover_enabled=&#8221;0&#8243; global_colors_info=&#8221;{}&#8221; sticky_enabled=&#8221;0&#8243;]<\/p>\n<p>Absolent bruger Beacon Tower som B2B-portal:<\/p>\n<p>[\/et_pb_text][et_pb_code _builder_version=&#8221;4.19.4&#8243; _module_preset=&#8221;default&#8221; hover_enabled=&#8221;0&#8243; global_colors_info=&#8221;{}&#8221; sticky_enabled=&#8221;0&#8243;]<iframe loading=\"lazy\" width=\"560\" height=\"315\" src=\"https:\/\/www.youtube.com\/embed\/4oxLIeig5IM \" title=\"YouTube video player\" frameborder=\"0\" allow=\"accelerometer; autoplay; clipboard-write; encrypted-media; gyroscope; picture-in-picture\" allowfullscreen><\/iframe>[\/et_pb_code][\/et_pb_column][et_pb_column type=&#8221;1_3&#8243; _builder_version=&#8221;4.16&#8243; _module_preset=&#8221;default&#8221; global_colors_info=&#8221;{}&#8221;][et_pb_text _builder_version=&#8221;4.19.4&#8243; _module_preset=&#8221;default&#8221; global_colors_info=&#8221;{}&#8221;]<\/p>\n<p>Forklaring af asset modeller:<\/p>\n<p>[\/et_pb_text][et_pb_code _builder_version=&#8221;4.19.4&#8243; _module_preset=&#8221;default&#8221; locked=&#8221;off&#8221; global_colors_info=&#8221;{}&#8221;]<iframe loading=\"lazy\" width=\"560\" height=\"315\" src=\"https:\/\/www.youtube.com\/embed\/CDA7_l0E0fY\" title=\"YouTube video player\" frameborder=\"0\" allow=\"accelerometer; autoplay; clipboard-write; encrypted-media; gyroscope; picture-in-picture\" allowfullscreen><\/iframe>[\/et_pb_code][\/et_pb_column][et_pb_column type=&#8221;1_3&#8243; _builder_version=&#8221;4.16&#8243; _module_preset=&#8221;default&#8221; global_colors_info=&#8221;{}&#8221;][et_pb_text _builder_version=&#8221;4.19.4&#8243; _module_preset=&#8221;default&#8221; global_colors_info=&#8221;{}&#8221;]<\/p>\n<p>Demo af integration af ekstern data:<\/p>\n<p>[\/et_pb_text][et_pb_code _builder_version=&#8221;4.19.4&#8243; _module_preset=&#8221;default&#8221; global_colors_info=&#8221;{}&#8221;]<iframe loading=\"lazy\" width=\"560\" height=\"315\" src=\"https:\/\/www.youtube.com\/embed\/lFD2HdMk1Hw\" title=\"YouTube video player\" frameborder=\"0\" allow=\"accelerometer; autoplay; clipboard-write; encrypted-media; gyroscope; picture-in-picture\" allowfullscreen><\/iframe>[\/et_pb_code][\/et_pb_column][\/et_pb_row][et_pb_row column_structure=&#8221;1_3,1_3,1_3&#8243; _builder_version=&#8221;4.19.4&#8243; _module_preset=&#8221;default&#8221; global_colors_info=&#8221;{}&#8221;][et_pb_column type=&#8221;1_3&#8243; _builder_version=&#8221;4.19.4&#8243; _module_preset=&#8221;default&#8221; global_colors_info=&#8221;{}&#8221;][et_pb_text _builder_version=&#8221;4.19.4&#8243; _module_preset=&#8221;default&#8221; global_colors_info=&#8221;{}&#8221;]<\/p>\n<p>En PoC tour de force:<\/p>\n<p>[\/et_pb_text][et_pb_code _builder_version=&#8221;4.19.4&#8243; _module_preset=&#8221;default&#8221; locked=&#8221;off&#8221; global_colors_info=&#8221;{}&#8221;]<iframe loading=\"lazy\" width=\"560\" height=\"315\" src=\"https:\/\/www.youtube.com\/embed\/N6ShyRec5D0\" title=\"YouTube video player\" frameborder=\"0\" allow=\"accelerometer; autoplay; clipboard-write; encrypted-media; gyroscope; picture-in-picture\" allowfullscreen><\/iframe>[\/et_pb_code][\/et_pb_column][et_pb_column type=&#8221;1_3&#8243; _builder_version=&#8221;4.19.4&#8243; _module_preset=&#8221;default&#8221; global_colors_info=&#8221;{}&#8221;][et_pb_text _builder_version=&#8221;4.19.4&#8243; _module_preset=&#8221;default&#8221; global_colors_info=&#8221;{}&#8221;]<\/p>\n<p>Integration-Platform-as-a-Service forklaret:<\/p>\n<p>[\/et_pb_text][et_pb_image src=&#8221;https:\/\/beacontower.io\/wp-content\/uploads\/2022\/04\/IDA-Connect-iPaaS-SaaS-PaaS-IaaS.jpg&#8221; alt=&#8221;iPaaS-SaaS-PaaS-IaaS&#8221; url=&#8221;https:\/\/videos.ida.dk\/media\/Cloud-l%C3%B8sninger+-+hvordan+g%C3%B8r+manF\/1_snv3qlpb&#8221; url_new_window=&#8221;on&#8221; _builder_version=&#8221;4.16&#8243; _module_preset=&#8221;default&#8221; locked=&#8221;off&#8221; global_colors_info=&#8221;{}&#8221;][\/et_pb_image][\/et_pb_column][et_pb_column type=&#8221;1_3&#8243; _builder_version=&#8221;4.19.4&#8243; _module_preset=&#8221;default&#8221; global_colors_info=&#8221;{}&#8221;][et_pb_text _builder_version=&#8221;4.19.4&#8243; _module_preset=&#8221;default&#8221; global_colors_info=&#8221;{}&#8221;]<\/p>\n<p>Se hvordan man lykkes med Edge Computing:<\/p>\n<p>[\/et_pb_text][et_pb_code _builder_version=&#8221;4.16&#8243; _module_preset=&#8221;default&#8221; locked=&#8221;off&#8221; global_colors_info=&#8221;{}&#8221;]<iframe loading=\"lazy\" width=\"560\" height=\"315\" src=\"https:\/\/www.youtube.com\/embed\/ar7qhrSKqoE\" title=\"YouTube video player\" frameborder=\"0\" allow=\"accelerometer; autoplay; clipboard-write; encrypted-media; gyroscope; picture-in-picture\" allowfullscreen><\/iframe>[\/et_pb_code][\/et_pb_column][\/et_pb_row][\/et_pb_section][et_pb_section fb_built=&#8221;1&#8243; module_id=&#8221;insight_section&#8221; _builder_version=&#8221;4.16&#8243; _module_preset=&#8221;default&#8221; global_colors_info=&#8221;{}&#8221;][et_pb_row _builder_version=&#8221;4.16&#8243; _module_preset=&#8221;default&#8221; custom_margin=&#8221;||||false|false&#8221; global_colors_info=&#8221;{}&#8221;][et_pb_column type=&#8221;4_4&#8243; _builder_version=&#8221;4.16&#8243; _module_preset=&#8221;default&#8221; global_colors_info=&#8221;{}&#8221;][et_pb_text _builder_version=&#8221;4.16&#8243; _module_preset=&#8221;default&#8221; global_colors_info=&#8221;{}&#8221;]<\/p>\n<h1><strong>Indsigter om IIoT<\/strong><\/h1>\n<p><span style=\"font-family: inherit;\">Denne sektion pr\u00e6senterer generelle aspekter af, hvordan integrerede industrier\u00a0 anvender IoT efterfulgt af uddybning af, hvordan man opretter nye forretningsmodeller og IoT-produkter \/ l\u00f8sninger. Derefter f\u00f8lger diverse blogindl\u00e6g om alt mellem himmel og jord inden for IoT. God l\u00e6selyst! <\/span><\/p>\n<p>[\/et_pb_text][\/et_pb_column][\/et_pb_row][et_pb_row column_structure=&#8221;1_3,1_3,1_3&#8243; _builder_version=&#8221;4.16&#8243; _module_preset=&#8221;default&#8221; global_colors_info=&#8221;{}&#8221;][et_pb_column type=&#8221;1_3&#8243; _builder_version=&#8221;4.16&#8243; _module_preset=&#8221;default&#8221; global_colors_info=&#8221;{}&#8221;][et_pb_text _builder_version=&#8221;4.16&#8243; _module_preset=&#8221;default&#8221; global_colors_info=&#8221;{}&#8221;]<\/p>\n<h2>Integrerede industrier<\/h2>\n<p>Sammensmeltningen af teknologier skaber muligheder, der p\u00e5virker stort set alle virksomheder og industrier. Markeder forsvinder, og andre dukker op i et hidtil uset tempo. Innovative nye startups eller eksisterende spillere fra isolerede vertikaler kan blive morgendagens strategiske konkurrent eller partner. Dette afsnit dykker ind i hvorfor og hvordan dette sker. Spring ind i det her:<\/p>\n<p><a href=\"https:\/\/beacontower.io\/da\/indsigter\/integrerede-industrier-det-digitale-dilemma\/\">Det digitale dilemma<\/a><\/p>\n<p><a href=\"https:\/\/beacontower.io\/da\/indsigter\/hvad-er-det-industrielle-internet-of-things-iiot\/\">Hvad er IIoT &#8211; det industrielle IoT?<\/a><\/p>\n<p><a href=\"https:\/\/beacontower.io\/da\/indsigter\/iot-teknologi-trends\/\">IoT teknologitrends<\/a><\/p>\n<p>[\/et_pb_text][\/et_pb_column][et_pb_column type=&#8221;1_3&#8243; _builder_version=&#8221;4.16&#8243; _module_preset=&#8221;default&#8221; global_colors_info=&#8221;{}&#8221;][et_pb_text _builder_version=&#8221;4.16&#8243; _module_preset=&#8221;default&#8221; global_colors_info=&#8221;{}&#8221;]<\/p>\n<h2>Forretningsinnovation<\/h2>\n<p>Identific\u00e9r business cases og evalu\u00e9r potentialet med den samlede erfaring fra forretningsmodeller anvendt p\u00e5 tv\u00e6rs af hundreder af virksomheder. Glazes strukturerede forretningsinnovationsproces er specielt velegnede til virksomheder, der vil frig\u00f8re deres IoT-potentiale.<\/p>\n<p><a href=\"https:\/\/beacontower.io\/da\/indsigter\/forretnings-innovation\/\">Forretningsinnovation<\/a><\/p>\n<p><a href=\"https:\/\/beacontower.io\/da\/indsigter\/forretnings-innovation-iterativ-tilgang\/\">Iterativ tilgang<\/a><\/p>\n<p><a href=\"https:\/\/beacontower.io\/da\/indsigter\/iot-aktiverede-forretningsmodeller\/\">IoT-aktiverede forretningsmodeller<\/a><\/p>\n<p><a href=\"https:\/\/beacontower.io\/da\/indsigter\/ideation-principper\/\">Ideation principper<\/a><\/p>\n<p>[\/et_pb_text][\/et_pb_column][et_pb_column type=&#8221;1_3&#8243; _builder_version=&#8221;4.16&#8243; _module_preset=&#8221;default&#8221; global_colors_info=&#8221;{}&#8221;][et_pb_text _builder_version=&#8221;4.16&#8243; _module_preset=&#8221;default&#8221; global_colors_info=&#8221;{}&#8221;]<\/p>\n<h2>Teknologi fundamentet<\/h2>\n<p>Dette afsnit er en introduktion til nogle af de tekniske termer og strukturelle elementer, der udg\u00f8r en infrastruktur for en integreret industri. Valg af de optimale teknologier, produkter og connectivity skal baseres p\u00e5 baggrund af grundig evaluering.<\/p>\n<p><a href=\"https:\/\/beacontower.io\/da\/indsigter\/grundlaeggende-iot-teknologi\/\">Fundamentet for IoT teknologi<\/a><\/p>\n<p><a href=\"https:\/\/beacontower.io\/da\/indsigter\/sammenligning-af-iot-connectivity-teknologier\/\">Sammenligning af IoT-connectivity teknologier<\/a><\/p>\n<p><a href=\"https:\/\/beacontower.io\/da\/indsigter\/iot-systemarkitektur\/\">IoT-systemarkitektur<\/a><\/p>\n<p><a href=\"https:\/\/beacontower.io\/da\/indsigter\/cloud-og-iot-hvad-skal-man-vaelge\/\">Cloud og IoT &#8211; hvad skal man v\u00e6lge?<\/a><\/p>\n<p><a href=\"https:\/\/beacontower.io\/da\/indsigter\/oekosystemer-at-lave-koebe-og-partnerskab\/\">\u00d8kosystemer: At lave, k\u00f8be og partnerskaber<\/a><\/p>\n<p>[\/et_pb_text][\/et_pb_column][\/et_pb_row][\/et_pb_section][et_pb_section fb_built=&#8221;1&#8243; module_id=&#8221;blogs_section&#8221; _builder_version=&#8221;4.16&#8243; _module_preset=&#8221;default&#8221; global_colors_info=&#8221;{}&#8221;][et_pb_row _builder_version=&#8221;4.16&#8243; _module_preset=&#8221;default&#8221; global_colors_info=&#8221;{}&#8221;][et_pb_column type=&#8221;4_4&#8243; _builder_version=&#8221;4.16&#8243; _module_preset=&#8221;default&#8221; global_colors_info=&#8221;{}&#8221;][et_pb_text _builder_version=&#8221;4.16&#8243; _module_preset=&#8221;default&#8221; global_colors_info=&#8221;{}&#8221;]<\/p>\n<h1><strong>Blogs om IIoT<\/strong><\/h1>\n<p>[\/et_pb_text][\/et_pb_column][\/et_pb_row][et_pb_row use_custom_gutter=&#8221;on&#8221; make_equal=&#8221;on&#8221; module_class=&#8221;ds-blog-three-column&#8221; _builder_version=&#8221;4.16&#8243; _module_preset=&#8221;default&#8221; global_colors_info=&#8221;{}&#8221;][et_pb_column type=&#8221;4_4&#8243; _builder_version=&#8221;4.16&#8243; _module_preset=&#8221;default&#8221; global_colors_info=&#8221;{}&#8221;][et_pb_blog posts_number=&#8221;9999&#8243; include_categories=&#8221;all&#8221; use_manual_excerpt=&#8221;off&#8221; excerpt_length=&#8221;80&#8243; show_author=&#8221;off&#8221; show_date=&#8221;off&#8221; show_categories=&#8221;off&#8221; module_class=&#8221;dl-blog-module1&#8243; _builder_version=&#8221;4.16&#8243; _module_preset=&#8221;default&#8221; header_font=&#8221;|600|||||||&#8221; header_font_size=&#8221;26px&#8221; body_font=&#8221;||||||||&#8221; custom_padding=&#8221;||||false|false&#8221; header_font_size_tablet=&#8221;&#8221; header_font_size_phone=&#8221;24px&#8221; header_font_size_last_edited=&#8221;on|phone&#8221; border_width_all=&#8221;0px&#8221; border_width_bottom=&#8221;1px&#8221; border_width_bottom_fullwidth=&#8221;1px&#8221; border_color_bottom_fullwidth=&#8221;#cccccc&#8221; global_colors_info=&#8221;{}&#8221;][\/et_pb_blog][\/et_pb_column][\/et_pb_row][\/et_pb_section]<\/p>\n","protected":false},"excerpt":{"rendered":"<p>Videoer om Beacon TowerBeacon Tower p\u00e5 to minutter:Absolent bruger Beacon Tower som B2B-portal:Forklaring af asset modeller:Demo af integration af ekstern data:En PoC tour de force:Integration-Platform-as-a-Service forklaret:Se hvordan man lykkes med Edge Computing:Indsigter om IIoT Denne sektion pr\u00e6senterer generelle aspekter af, hvordan integrerede industrier\u00a0 anvender IoT efterfulgt af uddybning af, hvordan man opretter nye forretningsmodeller og [&hellip;]<\/p>\n","protected":false},"author":5,"featured_media":0,"parent":0,"menu_order":0,"comment_status":"closed","ping_status":"closed","template":"","meta":{"_et_pb_use_builder":"on","_et_pb_old_content":"","_et_gb_content_width":"","footnotes":""},"class_list":["post-32861","page","type-page","status-publish","hentry"],"yoast_head":"<!-- This site is optimized with the Yoast SEO plugin v27.4 - https:\/\/yoast.com\/product\/yoast-seo-wordpress\/ -->\n<title>Indsigter - Beacon Tower<\/title>\n<meta name=\"robots\" content=\"index, follow, max-snippet:-1, max-image-preview:large, max-video-preview:-1\" \/>\n<link rel=\"canonical\" href=\"https:\/\/beacontower.io\/da\/indsigter\/\" \/>\n<meta property=\"og:locale\" content=\"da_DK\" \/>\n<meta property=\"og:type\" content=\"article\" \/>\n<meta property=\"og:title\" content=\"Indsigter - Beacon Tower\" \/>\n<meta property=\"og:description\" content=\"Videoer om Beacon TowerBeacon Tower p\u00e5 to minutter:Absolent bruger Beacon Tower som B2B-portal:Forklaring af asset modeller:Demo af integration af ekstern data:En PoC tour de force:Integration-Platform-as-a-Service forklaret:Se hvordan man lykkes med Edge Computing:Indsigter om IIoT Denne sektion pr\u00e6senterer generelle aspekter af, hvordan integrerede industrier\u00a0 anvender IoT efterfulgt af uddybning af, hvordan man opretter nye forretningsmodeller og [&hellip;]\" \/>\n<meta property=\"og:url\" content=\"https:\/\/beacontower.io\/da\/indsigter\/\" \/>\n<meta property=\"og:site_name\" content=\"Beacon Tower\" \/>\n<meta property=\"article:modified_time\" content=\"2024-06-27T13:13:55+00:00\" \/>\n<meta property=\"og:image\" content=\"https:\/\/beacontower.io\/wp-content\/uploads\/2021\/04\/BT-logo-web.png\" \/>\n\t<meta property=\"og:image:width\" content=\"400\" \/>\n\t<meta property=\"og:image:height\" content=\"175\" \/>\n\t<meta property=\"og:image:type\" content=\"image\/png\" \/>\n<meta name=\"twitter:card\" content=\"summary_large_image\" \/>\n<meta name=\"twitter:label1\" content=\"Estimeret l\u00e6setid\" \/>\n\t<meta name=\"twitter:data1\" content=\"6 minutter\" \/>\n<script type=\"application\/ld+json\" class=\"yoast-schema-graph\">{\"@context\":\"https:\\\/\\\/schema.org\",\"@graph\":[{\"@type\":\"WebPage\",\"@id\":\"https:\\\/\\\/beacontower.io\\\/da\\\/indsigter\\\/\",\"url\":\"https:\\\/\\\/beacontower.io\\\/da\\\/indsigter\\\/\",\"name\":\"Indsigter - Beacon Tower\",\"isPartOf\":{\"@id\":\"https:\\\/\\\/beacontower.io\\\/da\\\/#website\"},\"datePublished\":\"2021-03-19T13:12:30+00:00\",\"dateModified\":\"2024-06-27T13:13:55+00:00\",\"breadcrumb\":{\"@id\":\"https:\\\/\\\/beacontower.io\\\/da\\\/indsigter\\\/#breadcrumb\"},\"inLanguage\":\"da-DK\",\"potentialAction\":[{\"@type\":\"ReadAction\",\"target\":[\"https:\\\/\\\/beacontower.io\\\/da\\\/indsigter\\\/\"]}]},{\"@type\":\"BreadcrumbList\",\"@id\":\"https:\\\/\\\/beacontower.io\\\/da\\\/indsigter\\\/#breadcrumb\",\"itemListElement\":[{\"@type\":\"ListItem\",\"position\":1,\"name\":\"Home\",\"item\":\"https:\\\/\\\/beacontower.io\\\/da\\\/azure-iot-cloud-and-edge-platform\\\/\"},{\"@type\":\"ListItem\",\"position\":2,\"name\":\"Indsigter\"}]},{\"@type\":\"WebSite\",\"@id\":\"https:\\\/\\\/beacontower.io\\\/da\\\/#website\",\"url\":\"https:\\\/\\\/beacontower.io\\\/da\\\/\",\"name\":\"Beacon Tower\",\"description\":\"Azure IoT Cloud and Edge Platform\",\"publisher\":{\"@id\":\"https:\\\/\\\/beacontower.io\\\/da\\\/#organization\"},\"potentialAction\":[{\"@type\":\"SearchAction\",\"target\":{\"@type\":\"EntryPoint\",\"urlTemplate\":\"https:\\\/\\\/beacontower.io\\\/da\\\/?s={search_term_string}\"},\"query-input\":{\"@type\":\"PropertyValueSpecification\",\"valueRequired\":true,\"valueName\":\"search_term_string\"}}],\"inLanguage\":\"da-DK\"},{\"@type\":\"Organization\",\"@id\":\"https:\\\/\\\/beacontower.io\\\/da\\\/#organization\",\"name\":\"Beacon Tower\",\"url\":\"https:\\\/\\\/beacontower.io\\\/da\\\/\",\"logo\":{\"@type\":\"ImageObject\",\"inLanguage\":\"da-DK\",\"@id\":\"https:\\\/\\\/beacontower.io\\\/da\\\/#\\\/schema\\\/logo\\\/image\\\/\",\"url\":\"https:\\\/\\\/beacontower.io\\\/wp-content\\\/uploads\\\/2021\\\/04\\\/BT-logo-web.png\",\"contentUrl\":\"https:\\\/\\\/beacontower.io\\\/wp-content\\\/uploads\\\/2021\\\/04\\\/BT-logo-web.png\",\"width\":400,\"height\":175,\"caption\":\"Beacon Tower\"},\"image\":{\"@id\":\"https:\\\/\\\/beacontower.io\\\/da\\\/#\\\/schema\\\/logo\\\/image\\\/\"},\"sameAs\":[\"https:\\\/\\\/www.linkedin.com\\\/company\\\/glaze-about\"]}]}<\/script>\n<!-- \/ Yoast SEO plugin. -->","yoast_head_json":{"title":"Indsigter - Beacon Tower","robots":{"index":"index","follow":"follow","max-snippet":"max-snippet:-1","max-image-preview":"max-image-preview:large","max-video-preview":"max-video-preview:-1"},"canonical":"https:\/\/beacontower.io\/da\/indsigter\/","og_locale":"da_DK","og_type":"article","og_title":"Indsigter - Beacon Tower","og_description":"Videoer om Beacon TowerBeacon Tower p\u00e5 to minutter:Absolent bruger Beacon Tower som B2B-portal:Forklaring af asset modeller:Demo af integration af ekstern data:En PoC tour de force:Integration-Platform-as-a-Service forklaret:Se hvordan man lykkes med Edge Computing:Indsigter om IIoT Denne sektion pr\u00e6senterer generelle aspekter af, hvordan integrerede industrier\u00a0 anvender IoT efterfulgt af uddybning af, hvordan man opretter nye forretningsmodeller og [&hellip;]","og_url":"https:\/\/beacontower.io\/da\/indsigter\/","og_site_name":"Beacon Tower","article_modified_time":"2024-06-27T13:13:55+00:00","og_image":[{"width":400,"height":175,"url":"https:\/\/beacontower.io\/wp-content\/uploads\/2021\/04\/BT-logo-web.png","type":"image\/png"}],"twitter_card":"summary_large_image","twitter_misc":{"Estimeret l\u00e6setid":"6 minutter"},"schema":{"@context":"https:\/\/schema.org","@graph":[{"@type":"WebPage","@id":"https:\/\/beacontower.io\/da\/indsigter\/","url":"https:\/\/beacontower.io\/da\/indsigter\/","name":"Indsigter - Beacon Tower","isPartOf":{"@id":"https:\/\/beacontower.io\/da\/#website"},"datePublished":"2021-03-19T13:12:30+00:00","dateModified":"2024-06-27T13:13:55+00:00","breadcrumb":{"@id":"https:\/\/beacontower.io\/da\/indsigter\/#breadcrumb"},"inLanguage":"da-DK","potentialAction":[{"@type":"ReadAction","target":["https:\/\/beacontower.io\/da\/indsigter\/"]}]},{"@type":"BreadcrumbList","@id":"https:\/\/beacontower.io\/da\/indsigter\/#breadcrumb","itemListElement":[{"@type":"ListItem","position":1,"name":"Home","item":"https:\/\/beacontower.io\/da\/azure-iot-cloud-and-edge-platform\/"},{"@type":"ListItem","position":2,"name":"Indsigter"}]},{"@type":"WebSite","@id":"https:\/\/beacontower.io\/da\/#website","url":"https:\/\/beacontower.io\/da\/","name":"Beacon Tower","description":"Azure IoT Cloud and Edge Platform","publisher":{"@id":"https:\/\/beacontower.io\/da\/#organization"},"potentialAction":[{"@type":"SearchAction","target":{"@type":"EntryPoint","urlTemplate":"https:\/\/beacontower.io\/da\/?s={search_term_string}"},"query-input":{"@type":"PropertyValueSpecification","valueRequired":true,"valueName":"search_term_string"}}],"inLanguage":"da-DK"},{"@type":"Organization","@id":"https:\/\/beacontower.io\/da\/#organization","name":"Beacon Tower","url":"https:\/\/beacontower.io\/da\/","logo":{"@type":"ImageObject","inLanguage":"da-DK","@id":"https:\/\/beacontower.io\/da\/#\/schema\/logo\/image\/","url":"https:\/\/beacontower.io\/wp-content\/uploads\/2021\/04\/BT-logo-web.png","contentUrl":"https:\/\/beacontower.io\/wp-content\/uploads\/2021\/04\/BT-logo-web.png","width":400,"height":175,"caption":"Beacon Tower"},"image":{"@id":"https:\/\/beacontower.io\/da\/#\/schema\/logo\/image\/"},"sameAs":["https:\/\/www.linkedin.com\/company\/glaze-about"]}]}},"_links":{"self":[{"href":"https:\/\/beacontower.io\/da\/wp-json\/wp\/v2\/pages\/32861","targetHints":{"allow":["GET"]}}],"collection":[{"href":"https:\/\/beacontower.io\/da\/wp-json\/wp\/v2\/pages"}],"about":[{"href":"https:\/\/beacontower.io\/da\/wp-json\/wp\/v2\/types\/page"}],"author":[{"embeddable":true,"href":"https:\/\/beacontower.io\/da\/wp-json\/wp\/v2\/users\/5"}],"replies":[{"embeddable":true,"href":"https:\/\/beacontower.io\/da\/wp-json\/wp\/v2\/comments?post=32861"}],"version-history":[{"count":19,"href":"https:\/\/beacontower.io\/da\/wp-json\/wp\/v2\/pages\/32861\/revisions"}],"predecessor-version":[{"id":36422,"href":"https:\/\/beacontower.io\/da\/wp-json\/wp\/v2\/pages\/32861\/revisions\/36422"}],"wp:attachment":[{"href":"https:\/\/beacontower.io\/da\/wp-json\/wp\/v2\/media?parent=32861"}],"curies":[{"name":"wp","href":"https:\/\/api.w.org\/{rel}","templated":true}]}}