{"id":31000,"date":"2020-11-03T12:14:30","date_gmt":"2020-11-03T12:14:30","guid":{"rendered":"https:\/\/beacontower.io\/quote\/"},"modified":"2021-06-07T16:12:08","modified_gmt":"2021-06-07T16:12:08","slug":"faa-tilbud-paa-iot-platform","status":"publish","type":"page","link":"https:\/\/beacontower.io\/da\/faa-tilbud-paa-iot-platform\/","title":{"rendered":"Tilbud"},"content":{"rendered":"<p>[et_pb_section fb_built=&#8221;1&#8243; _builder_version=&#8221;4.9.4&#8243; _module_preset=&#8221;default&#8221; background_color=&#8221;#f4f4f4&#8243; custom_margin=&#8221;||-20px||false|false&#8221; locked=&#8221;off&#8221;][et_pb_row column_structure=&#8221;2_3,1_3&#8243; make_equal=&#8221;on&#8221; _builder_version=&#8221;4.9.4&#8243; _module_preset=&#8221;default&#8221; custom_margin=&#8221;100px||||false|false&#8221; locked=&#8221;off&#8221;][et_pb_column type=&#8221;2_3&#8243; _builder_version=&#8221;4.8.2&#8243; _module_preset=&#8221;default&#8221; custom_css_main_element=&#8221;align-self: center !important;&#8221;][et_pb_text _builder_version=&#8221;4.9.4&#8243; _module_preset=&#8221;default&#8221; header_font=&#8221;|700|||||||&#8221; custom_padding=&#8221;|||110px|false|false&#8221; hover_enabled=&#8221;0&#8243; sticky_enabled=&#8221;0&#8243;]<\/p>\n<h1>F\u00e5 et tilbud<\/h1>\n<p>Beacon Towers prismodel giver fleksible muligheder for organisationer i alle st\u00f8rrelser, og vi tilbyder risikofrie PoC&#8217;er til eksperimenter og prototyper.<\/p>\n<p>F\u00e5 et tilbud, og lad os komme i gang!<\/span><\/p>\n<p>[\/et_pb_text][\/et_pb_column][et_pb_column type=&#8221;1_3&#8243; _builder_version=&#8221;4.8.2&#8243; _module_preset=&#8221;default&#8221;][et_pb_image src=&#8221;https:\/\/beacontower.io\/wp-content\/uploads\/2021\/05\/about-bt.png&#8221; title_text=&#8221;GLAZE_Connected-Industries_MLA-980&#215;971&#8243; _builder_version=&#8221;4.9.4&#8243; _module_preset=&#8221;default&#8221; width=&#8221;60%&#8221; module_alignment=&#8221;center&#8221; animation_style=&#8221;slide&#8221; animation_direction=&#8221;right&#8221; animation_intensity_slide=&#8221;4%&#8221;][\/et_pb_image][\/et_pb_column][\/et_pb_row][\/et_pb_section][et_pb_section fb_built=&#8221;1&#8243; _builder_version=&#8221;4.9.4&#8243; hover_enabled=&#8221;0&#8243; background_enable_color=&#8221;off&#8221; sticky_enabled=&#8221;0&#8243;][et_pb_row column_structure=&#8221;1_2,1_2&#8243; _builder_version=&#8221;4.4.8&#8243; width=&#8221;56%&#8221;][et_pb_column type=&#8221;1_2&#8243; _builder_version=&#8221;4.4.8&#8243;][et_pb_text _builder_version=&#8221;4.9.4&#8243; text_font=&#8221;|700|||||||&#8221; text_font_size=&#8221;54px&#8221; header_2_font=&#8221;|600|||||||&#8221; header_2_font_size=&#8221;50px&#8221; custom_margin=&#8221;||15px||false|false&#8221; hover_enabled=&#8221;0&#8243; header_2_font_size_tablet=&#8221;35px&#8221; header_2_font_size_phone=&#8221;30px&#8221; header_2_font_size_last_edited=&#8221;on|desktop&#8221; sticky_enabled=&#8221;0&#8243;]<\/p>\n<h2><a href=\"https:\/\/beacontower.io\/da\/azure-iot-cloud-edge-saas\/\">SaaS<\/a><\/h2>\n<p>[\/et_pb_text][et_pb_blurb title=&#8221;Skal\u00e9rer fra PoC til Enterprise&#8221; use_icon=&#8221;on&#8221; font_icon=&#8221;%%202%%&#8221; icon_placement=&#8221;left&#8221; content_max_width=&#8221;100%&#8221; use_icon_font_size=&#8221;on&#8221; icon_font_size=&#8221;30px&#8221; admin_label=&#8221;Small&#8221; module_class=&#8221;custom_blurb_j&#8221; _builder_version=&#8221;4.9.4&#8243; custom_margin=&#8221;||15px||false|false&#8221; custom_padding=&#8221;0px||0px||false|false&#8221; hover_enabled=&#8221;0&#8243; header_text_color=&#8221;#333333&#8243; sticky_enabled=&#8221;0&#8243;][\/et_pb_blurb][et_pb_blurb title=&#8221;Modell\u00e9rer jeres virksomhed&#8221; use_icon=&#8221;on&#8221; font_icon=&#8221;%%202%%&#8221; icon_placement=&#8221;left&#8221; content_max_width=&#8221;100%&#8221; use_icon_font_size=&#8221;on&#8221; icon_font_size=&#8221;30px&#8221; admin_label=&#8221;Small&#8221; module_class=&#8221;custom_blurb_j&#8221; _builder_version=&#8221;4.4.8&#8243; header_text_color=&#8221;#333333&#8243; custom_margin=&#8221;||15px||false|false&#8221; custom_padding=&#8221;0px||0px||false|false&#8221; global_colors_info=&#8221;{}&#8221;][\/et_pb_blurb][et_pb_blurb title=&#8221;\u00c5ben datamodel&#8221; use_icon=&#8221;on&#8221; font_icon=&#8221;%%202%%&#8221; icon_placement=&#8221;left&#8221; content_max_width=&#8221;100%&#8221; use_icon_font_size=&#8221;on&#8221; icon_font_size=&#8221;30px&#8221; admin_label=&#8221;Small&#8221; module_class=&#8221;custom_blurb_j&#8221; _builder_version=&#8221;4.4.8&#8243; header_text_color=&#8221;#333333&#8243; custom_margin=&#8221;||15px||false|false&#8221; custom_padding=&#8221;0px||0px||false|false&#8221; global_colors_info=&#8221;{}&#8221;][\/et_pb_blurb][et_pb_blurb title=&#8221;Ingen hardware- eller leverand\u00f8r lock-in&#8221; use_icon=&#8221;on&#8221; font_icon=&#8221;%%202%%&#8221; icon_placement=&#8221;left&#8221; content_max_width=&#8221;100%&#8221; use_icon_font_size=&#8221;on&#8221; icon_font_size=&#8221;30px&#8221; admin_label=&#8221;Small&#8221; module_class=&#8221;custom_blurb_j&#8221; _builder_version=&#8221;4.6.6&#8243; header_text_align=&#8221;left&#8221; header_text_color=&#8221;#333333&#8243; custom_margin=&#8221;||15px||false|false&#8221; custom_padding=&#8221;0px||0px||false|false&#8221; global_colors_info=&#8221;{}&#8221;][\/et_pb_blurb][et_pb_blurb title=&#8221;Lave driftsomkostninger&#8221; use_icon=&#8221;on&#8221; font_icon=&#8221;%%202%%&#8221; icon_placement=&#8221;left&#8221; content_max_width=&#8221;100%&#8221; use_icon_font_size=&#8221;on&#8221; icon_font_size=&#8221;30px&#8221; admin_label=&#8221;Small&#8221; module_class=&#8221;custom_blurb_j&#8221; _builder_version=&#8221;4.4.8&#8243; header_text_color=&#8221;#333333&#8243; custom_margin=&#8221;||15px||false|false&#8221; custom_padding=&#8221;0px||0px||false|false&#8221; global_colors_info=&#8221;{}&#8221;][\/et_pb_blurb][et_pb_blurb title=&#8221;Opdateret og vedligeholdt&#8221; use_icon=&#8221;on&#8221; font_icon=&#8221;%%202%%&#8221; icon_placement=&#8221;left&#8221; content_max_width=&#8221;100%&#8221; use_icon_font_size=&#8221;on&#8221; icon_font_size=&#8221;30px&#8221; admin_label=&#8221;Small&#8221; module_class=&#8221;custom_blurb_j&#8221; _builder_version=&#8221;4.4.8&#8243; header_text_color=&#8221;#333333&#8243; custom_margin=&#8221;||15px||false|false&#8221; custom_padding=&#8221;0px||0px||false|false&#8221; global_colors_info=&#8221;{}&#8221;][\/et_pb_blurb][\/et_pb_column][et_pb_column type=&#8221;1_2&#8243; _builder_version=&#8221;4.4.8&#8243;][et_pb_text _builder_version=&#8221;4.9.4&#8243; text_font=&#8221;|700|||||||&#8221; text_font_size=&#8221;54px&#8221; header_text_color=&#8221;#e02b20&#8243; header_2_font=&#8221;|600|||||||&#8221; header_2_font_size=&#8221;50px&#8221; custom_margin=&#8221;||15px||false|false&#8221; hover_enabled=&#8221;0&#8243; header_2_font_size_tablet=&#8221;35px&#8221; header_2_font_size_phone=&#8221;30px&#8221; header_2_font_size_last_edited=&#8221;on|desktop&#8221; sticky_enabled=&#8221;0&#8243;]<\/p>\n<h2><a href=\"https:\/\/beacontower.io\/da\/azure-iot-cloud-edge-accelerator\/\">Accelerator<\/a><\/h2>\n<p>[\/et_pb_text][et_pb_blurb title=&#8221;Samme som SaaS&#8221; use_icon=&#8221;on&#8221; font_icon=&#8221;%%202%%&#8221; icon_placement=&#8221;left&#8221; content_max_width=&#8221;100%&#8221; use_icon_font_size=&#8221;on&#8221; icon_font_size=&#8221;30px&#8221; admin_label=&#8221;Small&#8221; module_class=&#8221;custom_blurb_j&#8221; _builder_version=&#8221;4.4.8&#8243; header_text_color=&#8221;#333333&#8243; custom_margin=&#8221;||15px||false|false&#8221; custom_padding=&#8221;0px||0px||false|false&#8221; global_colors_info=&#8221;{}&#8221;][\/et_pb_blurb][et_pb_blurb title=&#8221;100% tilpasselig&#8221; use_icon=&#8221;on&#8221; font_icon=&#8221;%%200%%&#8221; icon_placement=&#8221;left&#8221; content_max_width=&#8221;100%&#8221; use_icon_font_size=&#8221;on&#8221; icon_font_size=&#8221;30px&#8221; admin_label=&#8221;Small&#8221; module_class=&#8221;custom_blurb_j&#8221; _builder_version=&#8221;4.4.8&#8243; header_text_color=&#8221;#333333&#8243; custom_margin=&#8221;||15px||false|false&#8221; custom_padding=&#8221;0px||0px||false|false&#8221; global_colors_info=&#8221;{}&#8221;][\/et_pb_blurb][et_pb_blurb title=&#8221;I ejer jeres l\u00f8sning&#8221; use_icon=&#8221;on&#8221; font_icon=&#8221;%%200%%&#8221; icon_placement=&#8221;left&#8221; content_max_width=&#8221;100%&#8221; use_icon_font_size=&#8221;on&#8221; icon_font_size=&#8221;30px&#8221; admin_label=&#8221;Small&#8221; module_class=&#8221;custom_blurb_j&#8221; _builder_version=&#8221;4.4.8&#8243; header_text_color=&#8221;#333333&#8243; custom_margin=&#8221;||15px||false|false&#8221; custom_padding=&#8221;0px||0px||false|false&#8221; global_colors_info=&#8221;{}&#8221;][\/et_pb_blurb][et_pb_blurb title=&#8221;K\u00f8rer i jeres cloudmilj\u00f8&#8221; use_icon=&#8221;on&#8221; font_icon=&#8221;%%200%%&#8221; icon_placement=&#8221;left&#8221; content_max_width=&#8221;100%&#8221; use_icon_font_size=&#8221;on&#8221; icon_font_size=&#8221;30px&#8221; admin_label=&#8221;Small&#8221; module_class=&#8221;custom_blurb_j&#8221; _builder_version=&#8221;4.4.8&#8243; header_text_color=&#8221;#333333&#8243; custom_margin=&#8221;||15px||false|false&#8221; custom_padding=&#8221;0px||0px||false|false&#8221; global_colors_info=&#8221;{}&#8221;][\/et_pb_blurb][et_pb_blurb title=&#8221;Skr\u00e6ddersy jeres udviklingsset-up&#8221; use_icon=&#8221;on&#8221; font_icon=&#8221;%%200%%&#8221; icon_placement=&#8221;left&#8221; content_max_width=&#8221;100%&#8221; use_icon_font_size=&#8221;on&#8221; icon_font_size=&#8221;30px&#8221; admin_label=&#8221;Small&#8221; module_class=&#8221;custom_blurb_j&#8221; _builder_version=&#8221;4.4.8&#8243; header_text_color=&#8221;#333333&#8243; custom_margin=&#8221;||15px||false|false&#8221; custom_padding=&#8221;0px||0px||false|false&#8221; global_colors_info=&#8221;{}&#8221;][\/et_pb_blurb][et_pb_blurb title=&#8221;Passer til ethvert industrielt IoT-\u00f8kosystem&#8221; use_icon=&#8221;on&#8221; font_icon=&#8221;%%200%%&#8221; icon_placement=&#8221;left&#8221; content_max_width=&#8221;100%&#8221; use_icon_font_size=&#8221;on&#8221; icon_font_size=&#8221;30px&#8221; admin_label=&#8221;Small&#8221; module_class=&#8221;custom_blurb_j&#8221; _builder_version=&#8221;4.4.8&#8243; header_text_color=&#8221;#333333&#8243; custom_margin=&#8221;||15px||false|false&#8221; custom_padding=&#8221;0px||0px||false|false&#8221; global_colors_info=&#8221;{}&#8221;][\/et_pb_blurb][\/et_pb_column][\/et_pb_row][et_pb_row _builder_version=&#8221;4.4.8&#8243;][et_pb_column type=&#8221;4_4&#8243; _builder_version=&#8221;4.4.8&#8243;][et_pb_button button_text=&#8221;F\u00e5 et tilbud&#8221; button_alignment=&#8221;center&#8221; module_class=&#8221;button_for_request_quote popmake-31235 popmake-request-a-quote&#8221; _builder_version=&#8221;4.9.4&#8243; custom_button=&#8221;on&#8221; button_use_icon=&#8221;off&#8221; transform_scale=&#8221;176%|176%&#8221; hover_enabled=&#8221;0&#8243; button_bg_color__hover_enabled=&#8221;on|hover&#8221; button_bg_color__hover=&#8221;#D91F27&#8243; button_bg_enable_color__hover=&#8221;on&#8221; button_text_color__hover_enabled=&#8221;on|hover&#8221; button_text_color__hover=&#8221;#FFFFFF&#8221; sticky_enabled=&#8221;0&#8243;][\/et_pb_button][\/et_pb_column][\/et_pb_row][\/et_pb_section]<\/p>\n","protected":false},"excerpt":{"rendered":"<p>F\u00e5 et tilbud Beacon Towers prismodel giver fleksible muligheder for organisationer i alle st\u00f8rrelser, og vi tilbyder risikofrie PoC&#8217;er til eksperimenter og prototyper. F\u00e5 et tilbud, og lad os komme i gang!SaaSAccelerator<\/p>\n","protected":false},"author":2,"featured_media":31003,"parent":0,"menu_order":0,"comment_status":"closed","ping_status":"closed","template":"","meta":{"_et_pb_use_builder":"on","_et_pb_old_content":"","_et_gb_content_width":"","footnotes":""},"class_list":["post-31000","page","type-page","status-publish","has-post-thumbnail","hentry"],"yoast_head":"<!-- This site is optimized with the Yoast SEO plugin v27.4 - https:\/\/yoast.com\/product\/yoast-seo-wordpress\/ -->\n<title>F\u00e5 tilbud p\u00e5 en Azure IoT Cloud og Edge Platform | Beacon Tower<\/title>\n<meta name=\"description\" content=\"Beacon Towers prismodel giver fleksible muligheder for organisationer i alle st\u00f8rrelser, og vi tilbyder risikofrie PoC&#039;er til eksperimenter og prototyper.\" \/>\n<meta name=\"robots\" content=\"index, follow, max-snippet:-1, max-image-preview:large, max-video-preview:-1\" \/>\n<link rel=\"canonical\" href=\"https:\/\/beacontower.io\/da\/faa-tilbud-paa-iot-platform\/\" \/>\n<meta property=\"og:locale\" content=\"da_DK\" \/>\n<meta property=\"og:type\" content=\"article\" \/>\n<meta property=\"og:title\" content=\"F\u00e5 tilbud p\u00e5 en Azure IoT Cloud og Edge Platform | Beacon Tower\" \/>\n<meta property=\"og:description\" content=\"Beacon Towers prismodel giver fleksible muligheder for organisationer i alle st\u00f8rrelser, og vi tilbyder risikofrie PoC&#039;er til eksperimenter og prototyper.\" \/>\n<meta property=\"og:url\" content=\"https:\/\/beacontower.io\/da\/faa-tilbud-paa-iot-platform\/\" \/>\n<meta property=\"og:site_name\" content=\"Beacon Tower\" \/>\n<meta property=\"article:modified_time\" content=\"2021-06-07T16:12:08+00:00\" \/>\n<meta property=\"og:image\" content=\"https:\/\/beacontower.io\/wp-content\/uploads\/2020\/10\/Fingers-touch.jpg\" \/>\n\t<meta property=\"og:image:width\" content=\"1200\" \/>\n\t<meta property=\"og:image:height\" content=\"600\" \/>\n\t<meta property=\"og:image:type\" content=\"image\/jpeg\" \/>\n<meta name=\"twitter:card\" content=\"summary_large_image\" \/>\n<meta name=\"twitter:label1\" content=\"Estimeret l\u00e6setid\" \/>\n\t<meta name=\"twitter:data1\" content=\"6 minutter\" \/>\n<script type=\"application\/ld+json\" class=\"yoast-schema-graph\">{\"@context\":\"https:\\\/\\\/schema.org\",\"@graph\":[{\"@type\":\"WebPage\",\"@id\":\"https:\\\/\\\/beacontower.io\\\/da\\\/faa-tilbud-paa-iot-platform\\\/\",\"url\":\"https:\\\/\\\/beacontower.io\\\/da\\\/faa-tilbud-paa-iot-platform\\\/\",\"name\":\"F\u00e5 tilbud p\u00e5 en Azure IoT Cloud og Edge Platform | Beacon Tower\",\"isPartOf\":{\"@id\":\"https:\\\/\\\/beacontower.io\\\/da\\\/#website\"},\"primaryImageOfPage\":{\"@id\":\"https:\\\/\\\/beacontower.io\\\/da\\\/faa-tilbud-paa-iot-platform\\\/#primaryimage\"},\"image\":{\"@id\":\"https:\\\/\\\/beacontower.io\\\/da\\\/faa-tilbud-paa-iot-platform\\\/#primaryimage\"},\"thumbnailUrl\":\"https:\\\/\\\/beacontower.io\\\/wp-content\\\/uploads\\\/2020\\\/10\\\/Fingers-touch.jpg\",\"datePublished\":\"2020-11-03T12:14:30+00:00\",\"dateModified\":\"2021-06-07T16:12:08+00:00\",\"description\":\"Beacon Towers prismodel giver fleksible muligheder for organisationer i alle st\u00f8rrelser, og vi tilbyder risikofrie PoC'er til eksperimenter og prototyper.\",\"breadcrumb\":{\"@id\":\"https:\\\/\\\/beacontower.io\\\/da\\\/faa-tilbud-paa-iot-platform\\\/#breadcrumb\"},\"inLanguage\":\"da-DK\",\"potentialAction\":[{\"@type\":\"ReadAction\",\"target\":[\"https:\\\/\\\/beacontower.io\\\/da\\\/faa-tilbud-paa-iot-platform\\\/\"]}]},{\"@type\":\"ImageObject\",\"inLanguage\":\"da-DK\",\"@id\":\"https:\\\/\\\/beacontower.io\\\/da\\\/faa-tilbud-paa-iot-platform\\\/#primaryimage\",\"url\":\"https:\\\/\\\/beacontower.io\\\/wp-content\\\/uploads\\\/2020\\\/10\\\/Fingers-touch.jpg\",\"contentUrl\":\"https:\\\/\\\/beacontower.io\\\/wp-content\\\/uploads\\\/2020\\\/10\\\/Fingers-touch.jpg\",\"width\":1200,\"height\":600,\"caption\":\"F\u00e5 tilbud p\u00e5 en IoT platform\"},{\"@type\":\"BreadcrumbList\",\"@id\":\"https:\\\/\\\/beacontower.io\\\/da\\\/faa-tilbud-paa-iot-platform\\\/#breadcrumb\",\"itemListElement\":[{\"@type\":\"ListItem\",\"position\":1,\"name\":\"Home\",\"item\":\"https:\\\/\\\/beacontower.io\\\/da\\\/azure-iot-cloud-and-edge-platform\\\/\"},{\"@type\":\"ListItem\",\"position\":2,\"name\":\"Tilbud\"}]},{\"@type\":\"WebSite\",\"@id\":\"https:\\\/\\\/beacontower.io\\\/da\\\/#website\",\"url\":\"https:\\\/\\\/beacontower.io\\\/da\\\/\",\"name\":\"Beacon Tower\",\"description\":\"Azure IoT Cloud and Edge Platform\",\"publisher\":{\"@id\":\"https:\\\/\\\/beacontower.io\\\/da\\\/#organization\"},\"potentialAction\":[{\"@type\":\"SearchAction\",\"target\":{\"@type\":\"EntryPoint\",\"urlTemplate\":\"https:\\\/\\\/beacontower.io\\\/da\\\/?s={search_term_string}\"},\"query-input\":{\"@type\":\"PropertyValueSpecification\",\"valueRequired\":true,\"valueName\":\"search_term_string\"}}],\"inLanguage\":\"da-DK\"},{\"@type\":\"Organization\",\"@id\":\"https:\\\/\\\/beacontower.io\\\/da\\\/#organization\",\"name\":\"Beacon Tower\",\"url\":\"https:\\\/\\\/beacontower.io\\\/da\\\/\",\"logo\":{\"@type\":\"ImageObject\",\"inLanguage\":\"da-DK\",\"@id\":\"https:\\\/\\\/beacontower.io\\\/da\\\/#\\\/schema\\\/logo\\\/image\\\/\",\"url\":\"https:\\\/\\\/beacontower.io\\\/wp-content\\\/uploads\\\/2021\\\/04\\\/BT-logo-web.png\",\"contentUrl\":\"https:\\\/\\\/beacontower.io\\\/wp-content\\\/uploads\\\/2021\\\/04\\\/BT-logo-web.png\",\"width\":400,\"height\":175,\"caption\":\"Beacon Tower\"},\"image\":{\"@id\":\"https:\\\/\\\/beacontower.io\\\/da\\\/#\\\/schema\\\/logo\\\/image\\\/\"},\"sameAs\":[\"https:\\\/\\\/www.linkedin.com\\\/company\\\/glaze-about\"]}]}<\/script>\n<!-- \/ Yoast SEO plugin. -->","yoast_head_json":{"title":"F\u00e5 tilbud p\u00e5 en Azure IoT Cloud og Edge Platform | Beacon Tower","description":"Beacon Towers prismodel giver fleksible muligheder for organisationer i alle st\u00f8rrelser, og vi tilbyder risikofrie PoC'er til eksperimenter og prototyper.","robots":{"index":"index","follow":"follow","max-snippet":"max-snippet:-1","max-image-preview":"max-image-preview:large","max-video-preview":"max-video-preview:-1"},"canonical":"https:\/\/beacontower.io\/da\/faa-tilbud-paa-iot-platform\/","og_locale":"da_DK","og_type":"article","og_title":"F\u00e5 tilbud p\u00e5 en Azure IoT Cloud og Edge Platform | Beacon Tower","og_description":"Beacon Towers prismodel giver fleksible muligheder for organisationer i alle st\u00f8rrelser, og vi tilbyder risikofrie PoC'er til eksperimenter og prototyper.","og_url":"https:\/\/beacontower.io\/da\/faa-tilbud-paa-iot-platform\/","og_site_name":"Beacon Tower","article_modified_time":"2021-06-07T16:12:08+00:00","og_image":[{"width":1200,"height":600,"url":"https:\/\/beacontower.io\/wp-content\/uploads\/2020\/10\/Fingers-touch.jpg","type":"image\/jpeg"}],"twitter_card":"summary_large_image","twitter_misc":{"Estimeret l\u00e6setid":"6 minutter"},"schema":{"@context":"https:\/\/schema.org","@graph":[{"@type":"WebPage","@id":"https:\/\/beacontower.io\/da\/faa-tilbud-paa-iot-platform\/","url":"https:\/\/beacontower.io\/da\/faa-tilbud-paa-iot-platform\/","name":"F\u00e5 tilbud p\u00e5 en Azure IoT Cloud og Edge Platform | Beacon Tower","isPartOf":{"@id":"https:\/\/beacontower.io\/da\/#website"},"primaryImageOfPage":{"@id":"https:\/\/beacontower.io\/da\/faa-tilbud-paa-iot-platform\/#primaryimage"},"image":{"@id":"https:\/\/beacontower.io\/da\/faa-tilbud-paa-iot-platform\/#primaryimage"},"thumbnailUrl":"https:\/\/beacontower.io\/wp-content\/uploads\/2020\/10\/Fingers-touch.jpg","datePublished":"2020-11-03T12:14:30+00:00","dateModified":"2021-06-07T16:12:08+00:00","description":"Beacon Towers prismodel giver fleksible muligheder for organisationer i alle st\u00f8rrelser, og vi tilbyder risikofrie PoC'er til eksperimenter og prototyper.","breadcrumb":{"@id":"https:\/\/beacontower.io\/da\/faa-tilbud-paa-iot-platform\/#breadcrumb"},"inLanguage":"da-DK","potentialAction":[{"@type":"ReadAction","target":["https:\/\/beacontower.io\/da\/faa-tilbud-paa-iot-platform\/"]}]},{"@type":"ImageObject","inLanguage":"da-DK","@id":"https:\/\/beacontower.io\/da\/faa-tilbud-paa-iot-platform\/#primaryimage","url":"https:\/\/beacontower.io\/wp-content\/uploads\/2020\/10\/Fingers-touch.jpg","contentUrl":"https:\/\/beacontower.io\/wp-content\/uploads\/2020\/10\/Fingers-touch.jpg","width":1200,"height":600,"caption":"F\u00e5 tilbud p\u00e5 en IoT platform"},{"@type":"BreadcrumbList","@id":"https:\/\/beacontower.io\/da\/faa-tilbud-paa-iot-platform\/#breadcrumb","itemListElement":[{"@type":"ListItem","position":1,"name":"Home","item":"https:\/\/beacontower.io\/da\/azure-iot-cloud-and-edge-platform\/"},{"@type":"ListItem","position":2,"name":"Tilbud"}]},{"@type":"WebSite","@id":"https:\/\/beacontower.io\/da\/#website","url":"https:\/\/beacontower.io\/da\/","name":"Beacon Tower","description":"Azure IoT Cloud and Edge Platform","publisher":{"@id":"https:\/\/beacontower.io\/da\/#organization"},"potentialAction":[{"@type":"SearchAction","target":{"@type":"EntryPoint","urlTemplate":"https:\/\/beacontower.io\/da\/?s={search_term_string}"},"query-input":{"@type":"PropertyValueSpecification","valueRequired":true,"valueName":"search_term_string"}}],"inLanguage":"da-DK"},{"@type":"Organization","@id":"https:\/\/beacontower.io\/da\/#organization","name":"Beacon Tower","url":"https:\/\/beacontower.io\/da\/","logo":{"@type":"ImageObject","inLanguage":"da-DK","@id":"https:\/\/beacontower.io\/da\/#\/schema\/logo\/image\/","url":"https:\/\/beacontower.io\/wp-content\/uploads\/2021\/04\/BT-logo-web.png","contentUrl":"https:\/\/beacontower.io\/wp-content\/uploads\/2021\/04\/BT-logo-web.png","width":400,"height":175,"caption":"Beacon Tower"},"image":{"@id":"https:\/\/beacontower.io\/da\/#\/schema\/logo\/image\/"},"sameAs":["https:\/\/www.linkedin.com\/company\/glaze-about"]}]}},"_links":{"self":[{"href":"https:\/\/beacontower.io\/da\/wp-json\/wp\/v2\/pages\/31000","targetHints":{"allow":["GET"]}}],"collection":[{"href":"https:\/\/beacontower.io\/da\/wp-json\/wp\/v2\/pages"}],"about":[{"href":"https:\/\/beacontower.io\/da\/wp-json\/wp\/v2\/types\/page"}],"author":[{"embeddable":true,"href":"https:\/\/beacontower.io\/da\/wp-json\/wp\/v2\/users\/2"}],"replies":[{"embeddable":true,"href":"https:\/\/beacontower.io\/da\/wp-json\/wp\/v2\/comments?post=31000"}],"version-history":[{"count":4,"href":"https:\/\/beacontower.io\/da\/wp-json\/wp\/v2\/pages\/31000\/revisions"}],"predecessor-version":[{"id":34711,"href":"https:\/\/beacontower.io\/da\/wp-json\/wp\/v2\/pages\/31000\/revisions\/34711"}],"wp:featuredmedia":[{"embeddable":true,"href":"https:\/\/beacontower.io\/da\/wp-json\/wp\/v2\/media\/31003"}],"wp:attachment":[{"href":"https:\/\/beacontower.io\/da\/wp-json\/wp\/v2\/media?parent=31000"}],"curies":[{"name":"wp","href":"https:\/\/api.w.org\/{rel}","templated":true}]}}