{"id":30976,"date":"2020-11-03T12:07:15","date_gmt":"2020-11-03T12:07:15","guid":{"rendered":"https:\/\/beacontower.io\/get-started\/"},"modified":"2023-02-03T14:03:45","modified_gmt":"2023-02-03T14:03:45","slug":"kom-i-gang","status":"publish","type":"page","link":"https:\/\/beacontower.io\/da\/kom-i-gang\/","title":{"rendered":"Kom i gang"},"content":{"rendered":"<p>[et_pb_section fb_built=&#8221;1&#8243; _builder_version=&#8221;4.16&#8243; background_color=&#8221;#F4F4F4&#8243; custom_margin=&#8221;||-30px||false|false&#8221; locked=&#8221;off&#8221; global_colors_info=&#8221;{}&#8221;][et_pb_row column_structure=&#8221;1_2,1_2&#8243; _builder_version=&#8221;4.16&#8243; width=&#8221;56%&#8221; custom_margin=&#8221;60px||30px||false|false&#8221; custom_margin_tablet=&#8221;&#8221; custom_margin_phone=&#8221;0px||||false|false&#8221; custom_margin_last_edited=&#8221;on|phone&#8221; global_colors_info=&#8221;{}&#8221;][et_pb_column type=&#8221;1_2&#8243; _builder_version=&#8221;4.16&#8243; global_colors_info=&#8221;{}&#8221;][et_pb_text _builder_version=&#8221;4.16&#8243; text_font=&#8221;|700|||||||&#8221; text_font_size=&#8221;54px&#8221; header_2_font=&#8221;|600|||||||&#8221; header_2_font_size=&#8221;50px&#8221; custom_margin=&#8221;||15px||false|false&#8221; header_2_font_size_tablet=&#8221;35px&#8221; header_2_font_size_phone=&#8221;30px&#8221; header_2_font_size_last_edited=&#8221;on|desktop&#8221; global_colors_info=&#8221;{}&#8221;]<\/p>\n<h2><a href=\"https:\/\/beacontower.io\/da\/azure-iot-cloud-edge-saas\/\">SaaS<\/a><\/h2>\n<p>[\/et_pb_text][et_pb_blurb title=&#8221;Skal\u00e9rer fra PoC til fuld udrulning&#8221; use_icon=&#8221;on&#8221; font_icon=&#8221;&#xe052;||divi||400&#8243; icon_placement=&#8221;left&#8221; image_icon_width=&#8221;30px&#8221; content_max_width=&#8221;100%&#8221; admin_label=&#8221;Small&#8221; module_class=&#8221;custom_blurb_j&#8221; _builder_version=&#8221;4.16&#8243; header_text_color=&#8221;#333333&#8243; custom_margin=&#8221;||15px||false|false&#8221; custom_padding=&#8221;0px||0px||false|false&#8221; icon_font_size=&#8221;30px&#8221; global_colors_info=&#8221;{}&#8221;][\/et_pb_blurb][et_pb_blurb title=&#8221;Modellerer jeres virksomhed&#8221; use_icon=&#8221;on&#8221; font_icon=&#8221;&#xe052;||divi||400&#8243; icon_placement=&#8221;left&#8221; image_icon_width=&#8221;30px&#8221; content_max_width=&#8221;100%&#8221; admin_label=&#8221;Small&#8221; module_class=&#8221;custom_blurb_j&#8221; _builder_version=&#8221;4.16&#8243; header_text_color=&#8221;#333333&#8243; custom_margin=&#8221;||15px||false|false&#8221; custom_padding=&#8221;0px||0px||false|false&#8221; icon_font_size=&#8221;30px&#8221; global_colors_info=&#8221;{}&#8221;][\/et_pb_blurb][et_pb_blurb title=&#8221;\u00c5ben datamodel&#8221; use_icon=&#8221;on&#8221; font_icon=&#8221;&#xe052;||divi||400&#8243; icon_placement=&#8221;left&#8221; image_icon_width=&#8221;30px&#8221; content_max_width=&#8221;100%&#8221; admin_label=&#8221;Small&#8221; module_class=&#8221;custom_blurb_j&#8221; _builder_version=&#8221;4.16&#8243; header_text_color=&#8221;#333333&#8243; custom_margin=&#8221;||15px||false|false&#8221; custom_padding=&#8221;0px||0px||false|false&#8221; icon_font_size=&#8221;30px&#8221; global_colors_info=&#8221;{}&#8221;][\/et_pb_blurb][et_pb_blurb title=&#8221;Ingen hardware- eller leverand\u00f8rl\u00e5s&#8221; use_icon=&#8221;on&#8221; font_icon=&#8221;&#xe052;||divi||400&#8243; icon_placement=&#8221;left&#8221; image_icon_width=&#8221;30px&#8221; content_max_width=&#8221;100%&#8221; admin_label=&#8221;Small&#8221; module_class=&#8221;custom_blurb_j&#8221; _builder_version=&#8221;4.16&#8243; header_text_color=&#8221;#333333&#8243; custom_margin=&#8221;||15px||false|false&#8221; custom_padding=&#8221;0px||0px||false|false&#8221; icon_font_size=&#8221;30px&#8221; global_colors_info=&#8221;{}&#8221;][\/et_pb_blurb][et_pb_blurb title=&#8221;Lave driftsomkostninger&#8221; use_icon=&#8221;on&#8221; font_icon=&#8221;&#xe052;||divi||400&#8243; icon_placement=&#8221;left&#8221; image_icon_width=&#8221;30px&#8221; content_max_width=&#8221;100%&#8221; admin_label=&#8221;Small&#8221; module_class=&#8221;custom_blurb_j&#8221; _builder_version=&#8221;4.16&#8243; header_text_color=&#8221;#333333&#8243; custom_margin=&#8221;||15px||false|false&#8221; custom_padding=&#8221;0px||0px||false|false&#8221; icon_font_size=&#8221;30px&#8221; global_colors_info=&#8221;{}&#8221;][\/et_pb_blurb][et_pb_blurb title=&#8221;Opdateret og vedligeholdt&#8221; use_icon=&#8221;on&#8221; font_icon=&#8221;&#xe052;||divi||400&#8243; icon_placement=&#8221;left&#8221; image_icon_width=&#8221;30px&#8221; content_max_width=&#8221;100%&#8221; admin_label=&#8221;Small&#8221; module_class=&#8221;custom_blurb_j&#8221; _builder_version=&#8221;4.16&#8243; header_text_color=&#8221;#333333&#8243; custom_margin=&#8221;||15px||false|false&#8221; custom_padding=&#8221;0px||0px||false|false&#8221; icon_font_size=&#8221;30px&#8221; global_colors_info=&#8221;{}&#8221;][\/et_pb_blurb][\/et_pb_column][et_pb_column type=&#8221;1_2&#8243; _builder_version=&#8221;4.16&#8243; global_colors_info=&#8221;{}&#8221;][et_pb_text _builder_version=&#8221;4.16&#8243; text_font=&#8221;|700|||||||&#8221; text_font_size=&#8221;54px&#8221; header_text_color=&#8221;#e02b20&#8243; header_2_font=&#8221;|600|||||||&#8221; header_2_font_size=&#8221;50px&#8221; custom_margin=&#8221;||15px||false|false&#8221; header_2_font_size_tablet=&#8221;35px&#8221; header_2_font_size_phone=&#8221;30px&#8221; header_2_font_size_last_edited=&#8221;on|desktop&#8221; global_colors_info=&#8221;{}&#8221;]<\/p>\n<h2><a href=\"https:\/\/beacontower.io\/da\/azure-iot-cloud-edge-ipaas\/\">iPaaS<\/a><\/h2>\n<p>[\/et_pb_text][et_pb_blurb title=&#8221;Samme som SaaS&#8221; use_icon=&#8221;on&#8221; font_icon=&#8221;&#xe052;||divi||400&#8243; icon_placement=&#8221;left&#8221; image_icon_width=&#8221;30px&#8221; content_max_width=&#8221;100%&#8221; admin_label=&#8221;Small&#8221; module_class=&#8221;custom_blurb_j&#8221; _builder_version=&#8221;4.16&#8243; header_text_color=&#8221;#333333&#8243; custom_margin=&#8221;||15px||false|false&#8221; custom_padding=&#8221;0px||0px||false|false&#8221; icon_font_size=&#8221;30px&#8221; global_colors_info=&#8221;{}&#8221;][\/et_pb_blurb][et_pb_blurb title=&#8221;100% kontrol over platform og data&#8221; use_icon=&#8221;on&#8221; font_icon=&#8221;&#xe050;||divi||400&#8243; icon_placement=&#8221;left&#8221; image_icon_width=&#8221;30px&#8221; content_max_width=&#8221;100%&#8221; admin_label=&#8221;Small&#8221; module_class=&#8221;custom_blurb_j&#8221; _builder_version=&#8221;4.16&#8243; header_text_color=&#8221;#333333&#8243; custom_margin=&#8221;||15px||false|false&#8221; custom_padding=&#8221;0px||0px||false|false&#8221; icon_font_size=&#8221;30px&#8221; global_colors_info=&#8221;{}&#8221;][\/et_pb_blurb][et_pb_blurb title=&#8221;100% tilpasningsdygtighed&#8221; use_icon=&#8221;on&#8221; font_icon=&#8221;&#xe050;||divi||400&#8243; icon_placement=&#8221;left&#8221; image_icon_width=&#8221;30px&#8221; content_max_width=&#8221;100%&#8221; admin_label=&#8221;Small&#8221; module_class=&#8221;custom_blurb_j&#8221; _builder_version=&#8221;4.16&#8243; header_text_color=&#8221;#333333&#8243; custom_margin=&#8221;||15px||false|false&#8221; custom_padding=&#8221;0px||0px||false|false&#8221; icon_font_size=&#8221;30px&#8221; global_colors_info=&#8221;{}&#8221;][\/et_pb_blurb][et_pb_blurb title=&#8221;K\u00f8rer i jeres skymilj\u00f8&#8221; use_icon=&#8221;on&#8221; font_icon=&#8221;&#xe050;||divi||400&#8243; icon_placement=&#8221;left&#8221; image_icon_width=&#8221;30px&#8221; content_max_width=&#8221;100%&#8221; admin_label=&#8221;Small&#8221; module_class=&#8221;custom_blurb_j&#8221; _builder_version=&#8221;4.16&#8243; header_text_color=&#8221;#333333&#8243; custom_margin=&#8221;||15px||false|false&#8221; custom_padding=&#8221;0px||0px||false|false&#8221; icon_font_size=&#8221;30px&#8221; global_colors_info=&#8221;{}&#8221;][\/et_pb_blurb][et_pb_blurb title=&#8221;Skr\u00e6ddersy til jeres udviklingsops\u00e6tning&#8221; use_icon=&#8221;on&#8221; font_icon=&#8221;&#xe050;||divi||400&#8243; icon_placement=&#8221;left&#8221; image_icon_width=&#8221;30px&#8221; content_max_width=&#8221;100%&#8221; admin_label=&#8221;Small&#8221; module_class=&#8221;custom_blurb_j&#8221; _builder_version=&#8221;4.16&#8243; header_text_color=&#8221;#333333&#8243; custom_margin=&#8221;||15px||false|false&#8221; custom_padding=&#8221;0px||0px||false|false&#8221; icon_font_size=&#8221;30px&#8221; global_colors_info=&#8221;{}&#8221;][\/et_pb_blurb][et_pb_blurb title=&#8221;Tilpas til jeres IIoT-\u00f8kosystem&#8221; use_icon=&#8221;on&#8221; font_icon=&#8221;&#xe050;||divi||400&#8243; icon_placement=&#8221;left&#8221; image_icon_width=&#8221;30px&#8221; content_max_width=&#8221;100%&#8221; admin_label=&#8221;Small&#8221; module_class=&#8221;custom_blurb_j&#8221; _builder_version=&#8221;4.16&#8243; header_text_color=&#8221;#333333&#8243; custom_margin=&#8221;||15px||false|false&#8221; custom_padding=&#8221;0px||0px||false|false&#8221; icon_font_size=&#8221;30px&#8221; global_colors_info=&#8221;{}&#8221;][\/et_pb_blurb][\/et_pb_column][\/et_pb_row][\/et_pb_section][et_pb_section fb_built=&#8221;1&#8243; _builder_version=&#8221;4.16&#8243; background_enable_color=&#8221;off&#8221; global_colors_info=&#8221;{}&#8221;][et_pb_row column_structure=&#8221;1_3,1_3,1_3&#8243; _builder_version=&#8221;4.16&#8243; global_colors_info=&#8221;{}&#8221;][et_pb_column type=&#8221;1_3&#8243; _builder_version=&#8221;4.16&#8243; global_colors_info=&#8221;{}&#8221;][et_pb_text admin_label=&#8221;Numbering&#8221; _builder_version=&#8221;4.16&#8243; text_font=&#8221;|800|||||||&#8221; text_text_color=&#8221;#0465b3&#8243; text_font_size=&#8221;75px&#8221; text_line_height=&#8221;1.3em&#8221; custom_margin=&#8221;||10px||false|false&#8221; text_font_size_tablet=&#8221;50px&#8221; text_font_size_phone=&#8221;&#8221; text_font_size_last_edited=&#8221;on|phone&#8221; global_colors_info=&#8221;{}&#8221;]<\/p>\n<p style=\"text-align: left;\"><span style=\"color: #333;\">1. Tilmeld<\/span><\/p>\n<p>[\/et_pb_text][et_pb_text _builder_version=&#8221;4.16&#8243; global_colors_info=&#8221;{}&#8221;]<\/p>\n<p style=\"text-align: center;\">F\u00e5 en demo, og kom i gang<\/p>\n<p>[\/et_pb_text][\/et_pb_column][et_pb_column type=&#8221;1_3&#8243; _builder_version=&#8221;4.16&#8243; global_colors_info=&#8221;{}&#8221;][et_pb_text admin_label=&#8221;Numbering&#8221; _builder_version=&#8221;4.16&#8243; text_font=&#8221;|800|||||||&#8221; text_text_color=&#8221;#0465b3&#8243; text_font_size=&#8221;75px&#8221; text_line_height=&#8221;1.3em&#8221; custom_margin=&#8221;||10px||false|false&#8221; text_font_size_tablet=&#8221;50px&#8221; text_font_size_phone=&#8221;&#8221; text_font_size_last_edited=&#8221;on|phone&#8221; global_colors_info=&#8221;{}&#8221;]<\/p>\n<p style=\"text-align: center;\"><span style=\"color: #333;\">2. Byg<\/span><\/p>\n<p>[\/et_pb_text][et_pb_text _builder_version=&#8221;4.16&#8243; global_colors_info=&#8221;{}&#8221;]<\/p>\n<p style=\"text-align: center;\">Sammen bygger vi en PoC og etablerer <a href=\"https:\/\/beacontower.io\/da\/azure-iot-cloud-edge-platform\/\">fundamentet<\/a><\/p>\n<p>[\/et_pb_text][\/et_pb_column][et_pb_column type=&#8221;1_3&#8243; _builder_version=&#8221;4.16&#8243; global_colors_info=&#8221;{}&#8221;][et_pb_text admin_label=&#8221;Numbering&#8221; _builder_version=&#8221;4.16&#8243; text_font=&#8221;|800|||||||&#8221; text_text_color=&#8221;#0465b3&#8243; text_font_size=&#8221;75px&#8221; text_line_height=&#8221;1.3em&#8221; custom_margin=&#8221;||10px||false|false&#8221; text_font_size_tablet=&#8221;50px&#8221; text_font_size_phone=&#8221;&#8221; text_font_size_last_edited=&#8221;on|phone&#8221; global_colors_info=&#8221;{}&#8221;]<\/p>\n<p style=\"text-align: center;\"><span style=\"color: #333;\">3. Skal\u00e9r<\/span><\/p>\n<p>[\/et_pb_text][et_pb_text _builder_version=&#8221;4.16&#8243; global_colors_info=&#8221;{}&#8221;]<\/p>\n<p style=\"text-align: center;\">Skal\u00e9r og kommercialis\u00e9r<\/p>\n<p>[\/et_pb_text][\/et_pb_column][\/et_pb_row][et_pb_row _builder_version=&#8221;4.16&#8243; module_alignment=&#8221;center&#8221; global_colors_info=&#8221;{}&#8221;][et_pb_column type=&#8221;4_4&#8243; _builder_version=&#8221;4.16&#8243; global_colors_info=&#8221;{}&#8221;][et_pb_button button_text=&#8221;Planl\u00e6g en demo&#8221; button_alignment=&#8221;center&#8221; module_class=&#8221;popmake-31244&#8243; _builder_version=&#8221;4.16&#8243; transform_scale=&#8221;176%|176%&#8221; global_colors_info=&#8221;{}&#8221;][\/et_pb_button][\/et_pb_column][\/et_pb_row][\/et_pb_section]<\/p>\n","protected":false},"excerpt":{"rendered":"<p>SaaSiPaaS1. TilmeldF\u00e5 en demo, og kom i gang 2. BygSammen bygger vi en PoC og etablerer fundamentet3. Skal\u00e9rSkal\u00e9r og kommercialis\u00e9r<\/p>\n","protected":false},"author":2,"featured_media":30979,"parent":0,"menu_order":0,"comment_status":"closed","ping_status":"closed","template":"","meta":{"_et_pb_use_builder":"on","_et_pb_old_content":"","_et_gb_content_width":"","footnotes":""},"class_list":["post-30976","page","type-page","status-publish","has-post-thumbnail","hentry"],"yoast_head":"<!-- This site is optimized with the Yoast SEO plugin v27.4 - https:\/\/yoast.com\/product\/yoast-seo-wordpress\/ -->\n<title>Kom i gang med IoT | Beacon Tower<\/title>\n<meta name=\"description\" content=\"Kom godt i gang lige nu. Brug Beacon Tower til at f\u00e5 en sikker, skal\u00e9rbar og fremtidssikker platform til jeres industrielle IoT-rejse.\" \/>\n<meta name=\"robots\" content=\"index, follow, max-snippet:-1, max-image-preview:large, max-video-preview:-1\" \/>\n<link rel=\"canonical\" href=\"https:\/\/beacontower.io\/da\/kom-i-gang\/\" \/>\n<meta property=\"og:locale\" content=\"da_DK\" \/>\n<meta property=\"og:type\" content=\"article\" \/>\n<meta property=\"og:title\" content=\"Kom i gang med IoT | Beacon Tower\" \/>\n<meta property=\"og:description\" content=\"Kom godt i gang lige nu. Brug Beacon Tower til at f\u00e5 en sikker, skal\u00e9rbar og fremtidssikker platform til jeres industrielle IoT-rejse.\" \/>\n<meta property=\"og:url\" content=\"https:\/\/beacontower.io\/da\/kom-i-gang\/\" \/>\n<meta property=\"og:site_name\" content=\"Beacon Tower\" \/>\n<meta property=\"article:modified_time\" content=\"2023-02-03T14:03:45+00:00\" \/>\n<meta property=\"og:image\" content=\"https:\/\/beacontower.io\/wp-content\/uploads\/2020\/10\/train-dark-s.jpg\" \/>\n\t<meta property=\"og:image:width\" content=\"1200\" \/>\n\t<meta property=\"og:image:height\" content=\"600\" \/>\n\t<meta property=\"og:image:type\" content=\"image\/jpeg\" \/>\n<meta name=\"twitter:card\" content=\"summary_large_image\" \/>\n<meta name=\"twitter:label1\" content=\"Estimeret l\u00e6setid\" \/>\n\t<meta name=\"twitter:data1\" content=\"6 minutter\" \/>\n<script type=\"application\/ld+json\" class=\"yoast-schema-graph\">{\"@context\":\"https:\\\/\\\/schema.org\",\"@graph\":[{\"@type\":\"WebPage\",\"@id\":\"https:\\\/\\\/beacontower.io\\\/da\\\/kom-i-gang\\\/\",\"url\":\"https:\\\/\\\/beacontower.io\\\/da\\\/kom-i-gang\\\/\",\"name\":\"Kom i gang med IoT | Beacon Tower\",\"isPartOf\":{\"@id\":\"https:\\\/\\\/beacontower.io\\\/da\\\/#website\"},\"primaryImageOfPage\":{\"@id\":\"https:\\\/\\\/beacontower.io\\\/da\\\/kom-i-gang\\\/#primaryimage\"},\"image\":{\"@id\":\"https:\\\/\\\/beacontower.io\\\/da\\\/kom-i-gang\\\/#primaryimage\"},\"thumbnailUrl\":\"https:\\\/\\\/beacontower.io\\\/wp-content\\\/uploads\\\/2020\\\/10\\\/train-dark-s.jpg\",\"datePublished\":\"2020-11-03T12:07:15+00:00\",\"dateModified\":\"2023-02-03T14:03:45+00:00\",\"description\":\"Kom godt i gang lige nu. Brug Beacon Tower til at f\u00e5 en sikker, skal\u00e9rbar og fremtidssikker platform til jeres industrielle IoT-rejse.\",\"breadcrumb\":{\"@id\":\"https:\\\/\\\/beacontower.io\\\/da\\\/kom-i-gang\\\/#breadcrumb\"},\"inLanguage\":\"da-DK\",\"potentialAction\":[{\"@type\":\"ReadAction\",\"target\":[\"https:\\\/\\\/beacontower.io\\\/da\\\/kom-i-gang\\\/\"]}]},{\"@type\":\"ImageObject\",\"inLanguage\":\"da-DK\",\"@id\":\"https:\\\/\\\/beacontower.io\\\/da\\\/kom-i-gang\\\/#primaryimage\",\"url\":\"https:\\\/\\\/beacontower.io\\\/wp-content\\\/uploads\\\/2020\\\/10\\\/train-dark-s.jpg\",\"contentUrl\":\"https:\\\/\\\/beacontower.io\\\/wp-content\\\/uploads\\\/2020\\\/10\\\/train-dark-s.jpg\",\"width\":1200,\"height\":600,\"caption\":\"Kom i gang\"},{\"@type\":\"BreadcrumbList\",\"@id\":\"https:\\\/\\\/beacontower.io\\\/da\\\/kom-i-gang\\\/#breadcrumb\",\"itemListElement\":[{\"@type\":\"ListItem\",\"position\":1,\"name\":\"Home\",\"item\":\"https:\\\/\\\/beacontower.io\\\/da\\\/azure-iot-cloud-and-edge-platform\\\/\"},{\"@type\":\"ListItem\",\"position\":2,\"name\":\"Kom i gang\"}]},{\"@type\":\"WebSite\",\"@id\":\"https:\\\/\\\/beacontower.io\\\/da\\\/#website\",\"url\":\"https:\\\/\\\/beacontower.io\\\/da\\\/\",\"name\":\"Beacon Tower\",\"description\":\"Azure IoT Cloud and Edge Platform\",\"publisher\":{\"@id\":\"https:\\\/\\\/beacontower.io\\\/da\\\/#organization\"},\"potentialAction\":[{\"@type\":\"SearchAction\",\"target\":{\"@type\":\"EntryPoint\",\"urlTemplate\":\"https:\\\/\\\/beacontower.io\\\/da\\\/?s={search_term_string}\"},\"query-input\":{\"@type\":\"PropertyValueSpecification\",\"valueRequired\":true,\"valueName\":\"search_term_string\"}}],\"inLanguage\":\"da-DK\"},{\"@type\":\"Organization\",\"@id\":\"https:\\\/\\\/beacontower.io\\\/da\\\/#organization\",\"name\":\"Beacon Tower\",\"url\":\"https:\\\/\\\/beacontower.io\\\/da\\\/\",\"logo\":{\"@type\":\"ImageObject\",\"inLanguage\":\"da-DK\",\"@id\":\"https:\\\/\\\/beacontower.io\\\/da\\\/#\\\/schema\\\/logo\\\/image\\\/\",\"url\":\"https:\\\/\\\/beacontower.io\\\/wp-content\\\/uploads\\\/2021\\\/04\\\/BT-logo-web.png\",\"contentUrl\":\"https:\\\/\\\/beacontower.io\\\/wp-content\\\/uploads\\\/2021\\\/04\\\/BT-logo-web.png\",\"width\":400,\"height\":175,\"caption\":\"Beacon Tower\"},\"image\":{\"@id\":\"https:\\\/\\\/beacontower.io\\\/da\\\/#\\\/schema\\\/logo\\\/image\\\/\"},\"sameAs\":[\"https:\\\/\\\/www.linkedin.com\\\/company\\\/glaze-about\"]}]}<\/script>\n<!-- \/ Yoast SEO plugin. -->","yoast_head_json":{"title":"Kom i gang med IoT | Beacon Tower","description":"Kom godt i gang lige nu. Brug Beacon Tower til at f\u00e5 en sikker, skal\u00e9rbar og fremtidssikker platform til jeres industrielle IoT-rejse.","robots":{"index":"index","follow":"follow","max-snippet":"max-snippet:-1","max-image-preview":"max-image-preview:large","max-video-preview":"max-video-preview:-1"},"canonical":"https:\/\/beacontower.io\/da\/kom-i-gang\/","og_locale":"da_DK","og_type":"article","og_title":"Kom i gang med IoT | Beacon Tower","og_description":"Kom godt i gang lige nu. Brug Beacon Tower til at f\u00e5 en sikker, skal\u00e9rbar og fremtidssikker platform til jeres industrielle IoT-rejse.","og_url":"https:\/\/beacontower.io\/da\/kom-i-gang\/","og_site_name":"Beacon Tower","article_modified_time":"2023-02-03T14:03:45+00:00","og_image":[{"width":1200,"height":600,"url":"https:\/\/beacontower.io\/wp-content\/uploads\/2020\/10\/train-dark-s.jpg","type":"image\/jpeg"}],"twitter_card":"summary_large_image","twitter_misc":{"Estimeret l\u00e6setid":"6 minutter"},"schema":{"@context":"https:\/\/schema.org","@graph":[{"@type":"WebPage","@id":"https:\/\/beacontower.io\/da\/kom-i-gang\/","url":"https:\/\/beacontower.io\/da\/kom-i-gang\/","name":"Kom i gang med IoT | Beacon Tower","isPartOf":{"@id":"https:\/\/beacontower.io\/da\/#website"},"primaryImageOfPage":{"@id":"https:\/\/beacontower.io\/da\/kom-i-gang\/#primaryimage"},"image":{"@id":"https:\/\/beacontower.io\/da\/kom-i-gang\/#primaryimage"},"thumbnailUrl":"https:\/\/beacontower.io\/wp-content\/uploads\/2020\/10\/train-dark-s.jpg","datePublished":"2020-11-03T12:07:15+00:00","dateModified":"2023-02-03T14:03:45+00:00","description":"Kom godt i gang lige nu. Brug Beacon Tower til at f\u00e5 en sikker, skal\u00e9rbar og fremtidssikker platform til jeres industrielle IoT-rejse.","breadcrumb":{"@id":"https:\/\/beacontower.io\/da\/kom-i-gang\/#breadcrumb"},"inLanguage":"da-DK","potentialAction":[{"@type":"ReadAction","target":["https:\/\/beacontower.io\/da\/kom-i-gang\/"]}]},{"@type":"ImageObject","inLanguage":"da-DK","@id":"https:\/\/beacontower.io\/da\/kom-i-gang\/#primaryimage","url":"https:\/\/beacontower.io\/wp-content\/uploads\/2020\/10\/train-dark-s.jpg","contentUrl":"https:\/\/beacontower.io\/wp-content\/uploads\/2020\/10\/train-dark-s.jpg","width":1200,"height":600,"caption":"Kom i gang"},{"@type":"BreadcrumbList","@id":"https:\/\/beacontower.io\/da\/kom-i-gang\/#breadcrumb","itemListElement":[{"@type":"ListItem","position":1,"name":"Home","item":"https:\/\/beacontower.io\/da\/azure-iot-cloud-and-edge-platform\/"},{"@type":"ListItem","position":2,"name":"Kom i gang"}]},{"@type":"WebSite","@id":"https:\/\/beacontower.io\/da\/#website","url":"https:\/\/beacontower.io\/da\/","name":"Beacon Tower","description":"Azure IoT Cloud and Edge Platform","publisher":{"@id":"https:\/\/beacontower.io\/da\/#organization"},"potentialAction":[{"@type":"SearchAction","target":{"@type":"EntryPoint","urlTemplate":"https:\/\/beacontower.io\/da\/?s={search_term_string}"},"query-input":{"@type":"PropertyValueSpecification","valueRequired":true,"valueName":"search_term_string"}}],"inLanguage":"da-DK"},{"@type":"Organization","@id":"https:\/\/beacontower.io\/da\/#organization","name":"Beacon Tower","url":"https:\/\/beacontower.io\/da\/","logo":{"@type":"ImageObject","inLanguage":"da-DK","@id":"https:\/\/beacontower.io\/da\/#\/schema\/logo\/image\/","url":"https:\/\/beacontower.io\/wp-content\/uploads\/2021\/04\/BT-logo-web.png","contentUrl":"https:\/\/beacontower.io\/wp-content\/uploads\/2021\/04\/BT-logo-web.png","width":400,"height":175,"caption":"Beacon Tower"},"image":{"@id":"https:\/\/beacontower.io\/da\/#\/schema\/logo\/image\/"},"sameAs":["https:\/\/www.linkedin.com\/company\/glaze-about"]}]}},"_links":{"self":[{"href":"https:\/\/beacontower.io\/da\/wp-json\/wp\/v2\/pages\/30976","targetHints":{"allow":["GET"]}}],"collection":[{"href":"https:\/\/beacontower.io\/da\/wp-json\/wp\/v2\/pages"}],"about":[{"href":"https:\/\/beacontower.io\/da\/wp-json\/wp\/v2\/types\/page"}],"author":[{"embeddable":true,"href":"https:\/\/beacontower.io\/da\/wp-json\/wp\/v2\/users\/2"}],"replies":[{"embeddable":true,"href":"https:\/\/beacontower.io\/da\/wp-json\/wp\/v2\/comments?post=30976"}],"version-history":[{"count":8,"href":"https:\/\/beacontower.io\/da\/wp-json\/wp\/v2\/pages\/30976\/revisions"}],"predecessor-version":[{"id":35651,"href":"https:\/\/beacontower.io\/da\/wp-json\/wp\/v2\/pages\/30976\/revisions\/35651"}],"wp:featuredmedia":[{"embeddable":true,"href":"https:\/\/beacontower.io\/da\/wp-json\/wp\/v2\/media\/30979"}],"wp:attachment":[{"href":"https:\/\/beacontower.io\/da\/wp-json\/wp\/v2\/media?parent=30976"}],"curies":[{"name":"wp","href":"https:\/\/api.w.org\/{rel}","templated":true}]}}