{"id":30971,"date":"2020-11-03T12:06:49","date_gmt":"2020-11-03T12:06:49","guid":{"rendered":"https:\/\/beacontower.io\/azure-iot-data-collection-industries-solutions\/"},"modified":"2021-12-06T13:02:21","modified_gmt":"2021-12-06T13:02:21","slug":"industrier-loesninger","status":"publish","type":"page","link":"https:\/\/beacontower.io\/da\/industrier-loesninger\/","title":{"rendered":"Azure IoT data collection &#8211; Industrier &#038; l\u00f8sninger"},"content":{"rendered":"<p>[et_pb_section fb_built=&#8221;1&#8243; _builder_version=&#8221;4.9.4&#8243; _module_preset=&#8221;default&#8221; background_color=&#8221;#f4f4f4&#8243; custom_margin=&#8221;||||false|false&#8221; global_colors_info=&#8221;{}&#8221;][et_pb_row column_structure=&#8221;2_3,1_3&#8243; make_equal=&#8221;on&#8221; _builder_version=&#8221;4.9.4&#8243; _module_preset=&#8221;default&#8221; custom_margin=&#8221;100px||||false|false&#8221; custom_margin_tablet=&#8221;40px||||false|false&#8221; custom_margin_phone=&#8221;0px||||false|false&#8221; custom_margin_last_edited=&#8221;on|phone&#8221; locked=&#8221;off&#8221; global_colors_info=&#8221;{}&#8221;][et_pb_column type=&#8221;2_3&#8243; _builder_version=&#8221;4.8.2&#8243; _module_preset=&#8221;default&#8221; custom_css_main_element=&#8221;align-self: center !important;&#8221; global_colors_info=&#8221;{}&#8221;][et_pb_text _builder_version=&#8221;4.9.4&#8243; _module_preset=&#8221;default&#8221; header_font=&#8221;|700|||||||&#8221; global_colors_info=&#8221;{}&#8221;]<\/p>\n<h1> Industrier &#038; l\u00f8sninger <\/h1>\n<p>F\u00e5 inspiration til hvordan udvalgte sektorer bruger IoT og hvordan Beacon Tower hj\u00e6lper med at forenkle implementering, administration, drift og opn\u00e5else af indsigt fra IoT-enheder.[\/et_pb_text][\/et_pb_column][et_pb_column type=&#8221;1_3&#8243; _builder_version=&#8221;4.8.2&#8243; _module_preset=&#8221;default&#8221; global_colors_info=&#8221;{}&#8221;][et_pb_image src=&#8221;https:\/\/beacontower.io\/wp-content\/uploads\/2021\/05\/GLAZE_Connected-Industries_optimised.png&#8221; title_text=&#8221;GLAZE_Connected-Industries_MLA-980&#215;971&#8243; _builder_version=&#8221;4.9.4&#8243; _module_preset=&#8221;default&#8221; width=&#8221;85%&#8221; animation_style=&#8221;slide&#8221; animation_direction=&#8221;right&#8221; animation_intensity_slide=&#8221;4%&#8221; global_colors_info=&#8221;{}&#8221;][\/et_pb_image][\/et_pb_column][\/et_pb_row][\/et_pb_section][et_pb_section fb_built=&#8221;1&#8243; _builder_version=&#8221;4.8.2&#8243; background_enable_color=&#8221;off&#8221; global_colors_info=&#8221;{}&#8221;][et_pb_row _builder_version=&#8221;4.4.8&#8243; global_colors_info=&#8221;{}&#8221;][et_pb_column type=&#8221;4_4&#8243; _builder_version=&#8221;4.4.8&#8243; global_colors_info=&#8221;{}&#8221;][et_pb_divider divider_weight=&#8221;3px&#8221; _builder_version=&#8221;4.8.2&#8243; _module_preset=&#8221;default&#8221; max_width=&#8221;100px&#8221; module_alignment=&#8221;center&#8221; custom_margin=&#8221;0px||20px||false|false&#8221; animation_style=&#8221;slide&#8221; animation_direction=&#8221;bottom&#8221; global_colors_info=&#8221;{}&#8221;][\/et_pb_divider][et_pb_text _builder_version=&#8221;4.9.4&#8243; text_orientation=&#8221;center&#8221; global_colors_info=&#8221;{}&#8221;]<span style=\"font-size: xx-large;\"><strong><span style=\"color: #333;\">Inspiration til hvordan I kommer i gang:<\/span><\/strong><\/span>[\/et_pb_text][\/et_pb_column][\/et_pb_row][et_pb_row column_structure=&#8221;1_4,1_4,1_4,1_4&#8243; module_class=&#8221;img_btn_row&#8221; _builder_version=&#8221;4.9.4&#8243; global_colors_info=&#8221;{}&#8221;][et_pb_column type=&#8221;1_4&#8243; module_class=&#8221;cmn_img_btn_columng&#8221; _builder_version=&#8221;4.9.4&#8243; background_enable_color=&#8221;off&#8221; link_option_url=&#8221;\/da\/iot-platform-til-iot-produkter\/&#8221; global_colors_info=&#8221;{}&#8221;][et_pb_image src=&#8221;https:\/\/beacontower.io\/wp-content\/uploads\/2021\/04\/connected-products-new-dark.png&#8221; alt=&#8221;Industries and Solutions | Azure IoT Cloud Platform | Beacon Tower&#8221; title_text=&#8221;connected-products-new-dark&#8221; url=&#8221;\/da\/iot-platform-til-iot-produkter\/&#8221; _builder_version=&#8221;4.9.4&#8243; width=&#8221;59%&#8221; module_alignment=&#8221;center&#8221; global_colors_info=&#8221;{}&#8221;][\/et_pb_image][et_pb_text _builder_version=&#8221;4.9.4&#8243; text_text_color=&#8221;#d91f27 &#8221; text_orientation=&#8221;center&#8221; link_option_url=&#8221;\/da\/iot-platform-til-iot-produkter\/&#8221; global_colors_info=&#8221;{}&#8221;]<\/p>\n<p><span style=\"font-size: xx-large; color: #333;\"><strong>IoT-produkter<\/strong><\/span><\/p>\n<p>[\/et_pb_text][\/et_pb_column][et_pb_column type=&#8221;1_4&#8243; module_class=&#8221;cmn_img_btn_columng&#8221; _builder_version=&#8221;4.9.4&#8243; link_option_url=&#8221;\/da\/iot-platform-til-energi-forsyningssektor\/&#8221; global_colors_info=&#8221;{}&#8221;][et_pb_image src=&#8221;https:\/\/beacontower.io\/wp-content\/uploads\/2021\/04\/smart-city-transparent-white-1-dark.png&#8221; alt=&#8221;Industries and Solutions | Azure IoT Cloud Platform | Beacon Tower&#8221; title_text=&#8221;smart-city-transparent-white-1-dark&#8221; url=&#8221;\/da\/iot-platform-til-energi-forsyningssektor\/&#8221; align=&#8221;center&#8221; _builder_version=&#8221;4.9.4&#8243; width=&#8221;84%&#8221; global_colors_info=&#8221;{}&#8221;][\/et_pb_image][et_pb_text _builder_version=&#8221;4.9.4&#8243; text_text_color=&#8221;#333333&#8243; text_orientation=&#8221;center&#8221; link_option_url=&#8221;\/da\/iot-platform-til-energi-forsyningssektor\/&#8221; global_colors_info=&#8221;{}&#8221;]<\/p>\n<p><span style=\"font-size: xx-large;\"><strong><span>Energi- &#038; forsyningssektoren<\/span><\/strong><\/span><\/p>\n<p>[\/et_pb_text][\/et_pb_column][et_pb_column type=&#8221;1_4&#8243; module_class=&#8221;cmn_img_btn_columng&#8221; _builder_version=&#8221;4.9.4&#8243; link_option_url=&#8221;\/da\/iot-platform-til-industri-4-0-smart-production\/&#8221; global_colors_info=&#8221;{}&#8221;][et_pb_image src=&#8221;https:\/\/beacontower.io\/wp-content\/uploads\/2021\/04\/smart-production-new-dark.png&#8221; alt=&#8221;Industries and Solutions | Azure IoT Cloud Platform | Beacon Tower&#8221; title_text=&#8221;smart-production-new-dark&#8221; url=&#8221;\/da\/iot-platform-til-industri-4-0-smart-production\/&#8221; align=&#8221;center&#8221; _builder_version=&#8221;4.9.4&#8243; width=&#8221;42%&#8221; global_colors_info=&#8221;{}&#8221;][\/et_pb_image][et_pb_text _builder_version=&#8221;4.9.4&#8243; text_text_color=&#8221;#333333&#8243; text_orientation=&#8221;center&#8221; link_option_url=&#8221;\/da\/iot-platform-til-industri-4-0-smart-production\/&#8221; global_colors_info=&#8221;{}&#8221;]<\/p>\n<p><span style=\"font-size: xx-large;\"><strong><span>Industri 4.0<\/span><\/strong><\/span><\/p>\n<p>[\/et_pb_text][\/et_pb_column][et_pb_column type=&#8221;1_4&#8243; module_class=&#8221;cmn_img_btn_columng&#8221; _builder_version=&#8221;4.9.4&#8243; _module_preset=&#8221;default&#8221; link_option_url=&#8221;https:\/\/beacontower.io\/da\/iot-platform-til-opkoblet-medicinsk-udstyr\/&#8221; global_colors_info=&#8221;{}&#8221;][et_pb_image src=&#8221;https:\/\/beacontower.io\/wp-content\/uploads\/2021\/04\/graphheartmedicalmedicineicon-dark.png&#8221; align=&#8221;center&#8221; _builder_version=&#8221;4.9.4&#8243; _module_preset=&#8221;default&#8221; width=&#8221;42%&#8221; module_alignment=&#8221;center&#8221; global_colors_info=&#8221;{}&#8221;][\/et_pb_image][et_pb_text _builder_version=&#8221;4.9.4&#8243; _module_preset=&#8221;default&#8221; global_colors_info=&#8221;{}&#8221;]<\/p>\n<p><span style=\"font-size: xx-large; color: #000000;\"><strong>Opkoblet medicinsk udstyr<\/strong><\/span><\/p>\n<p>[\/et_pb_text][\/et_pb_column][\/et_pb_row][\/et_pb_section][et_pb_section fb_built=&#8221;1&#8243; custom_padding_last_edited=&#8221;on|tablet&#8221; _builder_version=&#8221;4.8.2&#8243; background_color=&#8221;#f4f4f4&#8243; custom_padding=&#8221;70px||70px||false|false&#8221; custom_padding_tablet=&#8221;50px||50px||false|false&#8221; custom_padding_phone=&#8221;&#8221; global_colors_info=&#8221;{}&#8221;][et_pb_row column_structure=&#8221;1_2,1_2&#8243; _builder_version=&#8221;4.4.8&#8243; global_colors_info=&#8221;{}&#8221;][et_pb_column type=&#8221;1_2&#8243; _builder_version=&#8221;4.4.8&#8243; global_colors_info=&#8221;{}&#8221;][et_pb_divider divider_weight=&#8221;3px&#8221; _builder_version=&#8221;4.8.2&#8243; _module_preset=&#8221;default&#8221; max_width=&#8221;100px&#8221; module_alignment=&#8221;left&#8221; custom_margin=&#8221;0px||20px||false|false&#8221; animation_style=&#8221;slide&#8221; animation_direction=&#8221;bottom&#8221; global_colors_info=&#8221;{}&#8221;][\/et_pb_divider][et_pb_text admin_label=&#8221;Numbering&#8221; _builder_version=&#8221;4.9.4&#8243; text_font=&#8221;|800|||||||&#8221; text_text_color=&#8221;#0465b3&#8243; text_font_size=&#8221;75px&#8221; text_line_height=&#8221;1.3em&#8221; custom_margin=&#8221;||10px||false|false&#8221; text_font_size_tablet=&#8221;50px&#8221; text_font_size_phone=&#8221;&#8221; text_font_size_last_edited=&#8221;on|phone&#8221; global_colors_info=&#8221;{}&#8221;]<\/p>\n<h2><span><strong>Indsigt i intelligente industrielle netv\u00e6rk<\/strong><br \/><\/span><\/h2>\n<p>[\/et_pb_text][et_pb_text admin_label=&#8221;Our Skills product is the bread&#8230;.&#8221; _builder_version=&#8221;4.9.4&#8243; global_colors_info=&#8221;{}&#8221;]<\/p>\n<p><span>Er I interesserede i at f\u00e5 indsigt i, hvordan forskellige brancher bruger IoT, og hvordan virksomheder kan skabe nye forretningsmuligheder? Udfyld nedenst\u00e5ende formular og modtag vores whitepaper om disse emner.<\/span><\/p>\n<p>[\/et_pb_text][et_pb_text module_class=&#8221;popup_contact_jn  update_fomr_solution&#8221; _builder_version=&#8221;4.14.2&#8243; text_text_color=&#8221;#ffffff&#8221; hover_enabled=&#8221;0&#8243; global_colors_info=&#8221;{}&#8221; sticky_enabled=&#8221;0&#8243;]<div class=\"cf7sg-container\"><div id=\"cf7sg-form-order-to-receive-a-pdf-2\" class=\"cf7-smart-grid has-grid key_order-to-receive-a-pdf-2\">\n<div class=\"wpcf7 no-js\" id=\"wpcf7-f34857-o1\" lang=\"da-DK\" dir=\"ltr\" data-wpcf7-id=\"34857\">\n<div class=\"screen-reader-response\"><p role=\"status\" aria-live=\"polite\" aria-atomic=\"true\"><\/p> <ul><\/ul><\/div>\n<form action=\"\/da\/wp-json\/wp\/v2\/pages\/30971#wpcf7-f34857-o1\" method=\"post\" class=\"wpcf7-form init\" aria-label=\"Kontaktformular\" novalidate=\"novalidate\" data-status=\"init\">\n<fieldset class=\"hidden-fields-container\"><input type=\"hidden\" name=\"_wpcf7\" value=\"34857\" \/><input type=\"hidden\" name=\"_wpcf7_version\" value=\"6.1.5\" \/><input type=\"hidden\" name=\"_wpcf7_locale\" value=\"da_DK\" \/><input type=\"hidden\" name=\"_wpcf7_unit_tag\" value=\"wpcf7-f34857-o1\" \/><input type=\"hidden\" name=\"_wpcf7_container_post\" value=\"0\" \/><input type=\"hidden\" name=\"_wpcf7_posted_data_hash\" value=\"\" \/><input type=\"hidden\" name=\"_wpcf7_key\" value=\"order-to-receive-a-pdf-2\" \/><input type=\"hidden\" name=\"_cf7sg_toggles\" value=\"\" \/><input type=\"hidden\" name=\"_cf7sg_version\" value=\"4.15.8\" \/><input type=\"hidden\" name=\"_wpnonce\" value=\"894c929f60\" \/>\n<\/fieldset>\n<div class=\"container\">\n  <div class=\"row\">\n    <div class=\"columns full\">\n      <div class=\"field\"><label>Navn<em>*<\/em><\/label><span class=\"wpcf7-form-control-wrap\" data-name=\"text-430\"><input size=\"40\" maxlength=\"400\" class=\"wpcf7-form-control wpcf7-text wpcf7-validates-as-required\" aria-required=\"true\" aria-invalid=\"false\" value=\"\" type=\"text\" name=\"text-430\" \/><\/span>\n        <p class=\"info-tip\"><\/p>\n      <\/div>\n    <\/div>\n  <\/div>\n<\/div>\n<div class=\"container\">\n  <div class=\"row\">\n    <div class=\"columns full\">\n      <div class=\"field\"><label>E-mail<em>*<\/em><\/label><span class=\"wpcf7-form-control-wrap\" data-name=\"email-364\"><input size=\"40\" maxlength=\"400\" class=\"wpcf7-form-control wpcf7-email wpcf7-validates-as-required wpcf7-text wpcf7-validates-as-email\" aria-required=\"true\" aria-invalid=\"false\" value=\"\" type=\"email\" name=\"email-364\" \/><\/span>\n        <p class=\"info-tip\"><\/p>\n      <\/div>\n    <\/div>\n  <\/div>\n<\/div>\n<div class=\"container\">\n  <div class=\"row\">\n    <div class=\"columns full\">\n      <div class=\"field\"><label>Firma<em>*<\/em><\/label><span class=\"wpcf7-form-control-wrap\" data-name=\"text-355\"><input size=\"40\" maxlength=\"400\" class=\"wpcf7-form-control wpcf7-text wpcf7-validates-as-required\" aria-required=\"true\" aria-invalid=\"false\" value=\"\" type=\"text\" name=\"text-355\" \/><\/span>\n        <p class=\"info-tip\"><\/p>\n      <\/div>\n    <\/div>\n  <\/div>\n<\/div>\n<div class=\"container\">\n  <div class=\"row\">\n    <div class=\"columns full\">\n      <div class=\"field\"><label><\/label><input class=\"wpcf7-form-control wpcf7-submit has-spinner\" type=\"submit\" value=\"SEND\" \/>\n        <p class=\"info-tip\"><\/p>\n      <\/div>\n    <\/div>\n  <\/div>\n<\/div><input type='hidden' class='wpcf7-pum' value='{\"closepopup\":false,\"closedelay\":0,\"openpopup\":false,\"openpopup_id\":0}' \/><div class=\"wpcf7-response-output\" aria-hidden=\"true\"><\/div>\n<\/form>\n<\/div>\n<\/div><\/div>[\/et_pb_text][\/et_pb_column][et_pb_column type=&#8221;1_2&#8243; _builder_version=&#8221;4.4.8&#8243; global_colors_info=&#8221;{}&#8221;][et_pb_image src=&#8221;https:\/\/beacontower.io\/wp-content\/uploads\/2020\/07\/solutions-and-industries-flyer-Recovered.jpg&#8221; alt=&#8221;Industries and Solutions | Azure IoT Cloud Platform | Beacon Tower&#8221; _builder_version=&#8221;4.4.8&#8243; width=&#8221;100%&#8221; custom_padding=&#8221;|0px||||&#8221; global_colors_info=&#8221;{}&#8221;][\/et_pb_image][\/et_pb_column][\/et_pb_row][\/et_pb_section]<\/p>\n","protected":false},"excerpt":{"rendered":"<p>Industrier &#038; l\u00f8sninger F\u00e5 inspiration til hvordan udvalgte sektorer bruger IoT og hvordan Beacon Tower hj\u00e6lper med at forenkle implementering, administration, drift og opn\u00e5else af indsigt fra IoT-enheder.Inspiration til hvordan I kommer i gang:IoT-produkterEnergi- &#038; forsyningssektorenIndustri 4.0Opkoblet medicinsk udstyrIndsigt i intelligente industrielle netv\u00e6rkEr I interesserede i at f\u00e5 indsigt i, hvordan forskellige brancher bruger IoT, [&hellip;]<\/p>\n","protected":false},"author":2,"featured_media":30973,"parent":0,"menu_order":0,"comment_status":"closed","ping_status":"closed","template":"","meta":{"_et_pb_use_builder":"on","_et_pb_old_content":"","_et_gb_content_width":"","footnotes":""},"class_list":["post-30971","page","type-page","status-publish","has-post-thumbnail","hentry"],"yoast_head":"<!-- This site is optimized with the Yoast SEO plugin v27.4 - https:\/\/yoast.com\/product\/yoast-seo-wordpress\/ -->\n<title>Industrier &amp; l\u00f8sninger | Azure IoT Cloud Platform | Beacon Tower<\/title>\n<meta name=\"description\" content=\"Er du interesseret i indsigt i, hvordan forskellige brancher bruger IoT, og hvordan virksomheder kan skabe nye forretningsmuligheder baseret p\u00e5 IoT data collection i Azure skyen? Kontakt os.\" \/>\n<meta name=\"robots\" content=\"index, follow, max-snippet:-1, max-image-preview:large, max-video-preview:-1\" \/>\n<link rel=\"canonical\" href=\"https:\/\/beacontower.io\/da\/industrier-loesninger\/\" \/>\n<meta property=\"og:locale\" content=\"da_DK\" \/>\n<meta property=\"og:type\" content=\"article\" \/>\n<meta property=\"og:title\" content=\"Industrier &amp; l\u00f8sninger | Azure IoT Cloud Platform | Beacon Tower\" \/>\n<meta property=\"og:description\" content=\"Er du interesseret i indsigt i, hvordan forskellige brancher bruger IoT, og hvordan virksomheder kan skabe nye forretningsmuligheder baseret p\u00e5 IoT data collection i Azure skyen? Kontakt os.\" \/>\n<meta property=\"og:url\" content=\"https:\/\/beacontower.io\/da\/industrier-loesninger\/\" \/>\n<meta property=\"og:site_name\" content=\"Beacon Tower\" \/>\n<meta property=\"article:modified_time\" content=\"2021-12-06T13:02:21+00:00\" \/>\n<meta property=\"og:image\" content=\"https:\/\/beacontower.io\/wp-content\/uploads\/2020\/07\/solutions-and-industries-flyer.jpg\" \/>\n\t<meta property=\"og:image:width\" content=\"500\" \/>\n\t<meta property=\"og:image:height\" content=\"281\" \/>\n\t<meta property=\"og:image:type\" content=\"image\/jpeg\" \/>\n<meta name=\"twitter:card\" content=\"summary_large_image\" \/>\n<meta name=\"twitter:label1\" content=\"Estimeret l\u00e6setid\" \/>\n\t<meta name=\"twitter:data1\" content=\"5 minutter\" \/>\n<script type=\"application\/ld+json\" class=\"yoast-schema-graph\">{\"@context\":\"https:\\\/\\\/schema.org\",\"@graph\":[{\"@type\":\"WebPage\",\"@id\":\"https:\\\/\\\/beacontower.io\\\/da\\\/industrier-loesninger\\\/\",\"url\":\"https:\\\/\\\/beacontower.io\\\/da\\\/industrier-loesninger\\\/\",\"name\":\"Industrier & l\u00f8sninger | Azure IoT Cloud Platform | Beacon Tower\",\"isPartOf\":{\"@id\":\"https:\\\/\\\/beacontower.io\\\/da\\\/#website\"},\"primaryImageOfPage\":{\"@id\":\"https:\\\/\\\/beacontower.io\\\/da\\\/industrier-loesninger\\\/#primaryimage\"},\"image\":{\"@id\":\"https:\\\/\\\/beacontower.io\\\/da\\\/industrier-loesninger\\\/#primaryimage\"},\"thumbnailUrl\":\"https:\\\/\\\/beacontower.io\\\/wp-content\\\/uploads\\\/2020\\\/07\\\/solutions-and-industries-flyer.jpg\",\"datePublished\":\"2020-11-03T12:06:49+00:00\",\"dateModified\":\"2021-12-06T13:02:21+00:00\",\"description\":\"Er du interesseret i indsigt i, hvordan forskellige brancher bruger IoT, og hvordan virksomheder kan skabe nye forretningsmuligheder baseret p\u00e5 IoT data collection i Azure skyen? Kontakt os.\",\"breadcrumb\":{\"@id\":\"https:\\\/\\\/beacontower.io\\\/da\\\/industrier-loesninger\\\/#breadcrumb\"},\"inLanguage\":\"da-DK\",\"potentialAction\":[{\"@type\":\"ReadAction\",\"target\":[\"https:\\\/\\\/beacontower.io\\\/da\\\/industrier-loesninger\\\/\"]}]},{\"@type\":\"ImageObject\",\"inLanguage\":\"da-DK\",\"@id\":\"https:\\\/\\\/beacontower.io\\\/da\\\/industrier-loesninger\\\/#primaryimage\",\"url\":\"https:\\\/\\\/beacontower.io\\\/wp-content\\\/uploads\\\/2020\\\/07\\\/solutions-and-industries-flyer.jpg\",\"contentUrl\":\"https:\\\/\\\/beacontower.io\\\/wp-content\\\/uploads\\\/2020\\\/07\\\/solutions-and-industries-flyer.jpg\",\"width\":500,\"height\":281,\"caption\":\"Industries og l\u00f8sninger\"},{\"@type\":\"BreadcrumbList\",\"@id\":\"https:\\\/\\\/beacontower.io\\\/da\\\/industrier-loesninger\\\/#breadcrumb\",\"itemListElement\":[{\"@type\":\"ListItem\",\"position\":1,\"name\":\"Home\",\"item\":\"https:\\\/\\\/beacontower.io\\\/da\\\/azure-iot-cloud-and-edge-platform\\\/\"},{\"@type\":\"ListItem\",\"position\":2,\"name\":\"Azure IoT data collection &#8211; Industrier &#038; l\u00f8sninger\"}]},{\"@type\":\"WebSite\",\"@id\":\"https:\\\/\\\/beacontower.io\\\/da\\\/#website\",\"url\":\"https:\\\/\\\/beacontower.io\\\/da\\\/\",\"name\":\"Beacon Tower\",\"description\":\"Azure IoT Cloud and Edge Platform\",\"publisher\":{\"@id\":\"https:\\\/\\\/beacontower.io\\\/da\\\/#organization\"},\"potentialAction\":[{\"@type\":\"SearchAction\",\"target\":{\"@type\":\"EntryPoint\",\"urlTemplate\":\"https:\\\/\\\/beacontower.io\\\/da\\\/?s={search_term_string}\"},\"query-input\":{\"@type\":\"PropertyValueSpecification\",\"valueRequired\":true,\"valueName\":\"search_term_string\"}}],\"inLanguage\":\"da-DK\"},{\"@type\":\"Organization\",\"@id\":\"https:\\\/\\\/beacontower.io\\\/da\\\/#organization\",\"name\":\"Beacon Tower\",\"url\":\"https:\\\/\\\/beacontower.io\\\/da\\\/\",\"logo\":{\"@type\":\"ImageObject\",\"inLanguage\":\"da-DK\",\"@id\":\"https:\\\/\\\/beacontower.io\\\/da\\\/#\\\/schema\\\/logo\\\/image\\\/\",\"url\":\"https:\\\/\\\/beacontower.io\\\/wp-content\\\/uploads\\\/2021\\\/04\\\/BT-logo-web.png\",\"contentUrl\":\"https:\\\/\\\/beacontower.io\\\/wp-content\\\/uploads\\\/2021\\\/04\\\/BT-logo-web.png\",\"width\":400,\"height\":175,\"caption\":\"Beacon Tower\"},\"image\":{\"@id\":\"https:\\\/\\\/beacontower.io\\\/da\\\/#\\\/schema\\\/logo\\\/image\\\/\"},\"sameAs\":[\"https:\\\/\\\/www.linkedin.com\\\/company\\\/glaze-about\"]}]}<\/script>\n<!-- \/ Yoast SEO plugin. -->","yoast_head_json":{"title":"Industrier & l\u00f8sninger | Azure IoT Cloud Platform | Beacon Tower","description":"Er du interesseret i indsigt i, hvordan forskellige brancher bruger IoT, og hvordan virksomheder kan skabe nye forretningsmuligheder baseret p\u00e5 IoT data collection i Azure skyen? Kontakt os.","robots":{"index":"index","follow":"follow","max-snippet":"max-snippet:-1","max-image-preview":"max-image-preview:large","max-video-preview":"max-video-preview:-1"},"canonical":"https:\/\/beacontower.io\/da\/industrier-loesninger\/","og_locale":"da_DK","og_type":"article","og_title":"Industrier & l\u00f8sninger | Azure IoT Cloud Platform | Beacon Tower","og_description":"Er du interesseret i indsigt i, hvordan forskellige brancher bruger IoT, og hvordan virksomheder kan skabe nye forretningsmuligheder baseret p\u00e5 IoT data collection i Azure skyen? Kontakt os.","og_url":"https:\/\/beacontower.io\/da\/industrier-loesninger\/","og_site_name":"Beacon Tower","article_modified_time":"2021-12-06T13:02:21+00:00","og_image":[{"width":500,"height":281,"url":"https:\/\/beacontower.io\/wp-content\/uploads\/2020\/07\/solutions-and-industries-flyer.jpg","type":"image\/jpeg"}],"twitter_card":"summary_large_image","twitter_misc":{"Estimeret l\u00e6setid":"5 minutter"},"schema":{"@context":"https:\/\/schema.org","@graph":[{"@type":"WebPage","@id":"https:\/\/beacontower.io\/da\/industrier-loesninger\/","url":"https:\/\/beacontower.io\/da\/industrier-loesninger\/","name":"Industrier & l\u00f8sninger | Azure IoT Cloud Platform | Beacon Tower","isPartOf":{"@id":"https:\/\/beacontower.io\/da\/#website"},"primaryImageOfPage":{"@id":"https:\/\/beacontower.io\/da\/industrier-loesninger\/#primaryimage"},"image":{"@id":"https:\/\/beacontower.io\/da\/industrier-loesninger\/#primaryimage"},"thumbnailUrl":"https:\/\/beacontower.io\/wp-content\/uploads\/2020\/07\/solutions-and-industries-flyer.jpg","datePublished":"2020-11-03T12:06:49+00:00","dateModified":"2021-12-06T13:02:21+00:00","description":"Er du interesseret i indsigt i, hvordan forskellige brancher bruger IoT, og hvordan virksomheder kan skabe nye forretningsmuligheder baseret p\u00e5 IoT data collection i Azure skyen? Kontakt os.","breadcrumb":{"@id":"https:\/\/beacontower.io\/da\/industrier-loesninger\/#breadcrumb"},"inLanguage":"da-DK","potentialAction":[{"@type":"ReadAction","target":["https:\/\/beacontower.io\/da\/industrier-loesninger\/"]}]},{"@type":"ImageObject","inLanguage":"da-DK","@id":"https:\/\/beacontower.io\/da\/industrier-loesninger\/#primaryimage","url":"https:\/\/beacontower.io\/wp-content\/uploads\/2020\/07\/solutions-and-industries-flyer.jpg","contentUrl":"https:\/\/beacontower.io\/wp-content\/uploads\/2020\/07\/solutions-and-industries-flyer.jpg","width":500,"height":281,"caption":"Industries og l\u00f8sninger"},{"@type":"BreadcrumbList","@id":"https:\/\/beacontower.io\/da\/industrier-loesninger\/#breadcrumb","itemListElement":[{"@type":"ListItem","position":1,"name":"Home","item":"https:\/\/beacontower.io\/da\/azure-iot-cloud-and-edge-platform\/"},{"@type":"ListItem","position":2,"name":"Azure IoT data collection &#8211; Industrier &#038; l\u00f8sninger"}]},{"@type":"WebSite","@id":"https:\/\/beacontower.io\/da\/#website","url":"https:\/\/beacontower.io\/da\/","name":"Beacon Tower","description":"Azure IoT Cloud and Edge Platform","publisher":{"@id":"https:\/\/beacontower.io\/da\/#organization"},"potentialAction":[{"@type":"SearchAction","target":{"@type":"EntryPoint","urlTemplate":"https:\/\/beacontower.io\/da\/?s={search_term_string}"},"query-input":{"@type":"PropertyValueSpecification","valueRequired":true,"valueName":"search_term_string"}}],"inLanguage":"da-DK"},{"@type":"Organization","@id":"https:\/\/beacontower.io\/da\/#organization","name":"Beacon Tower","url":"https:\/\/beacontower.io\/da\/","logo":{"@type":"ImageObject","inLanguage":"da-DK","@id":"https:\/\/beacontower.io\/da\/#\/schema\/logo\/image\/","url":"https:\/\/beacontower.io\/wp-content\/uploads\/2021\/04\/BT-logo-web.png","contentUrl":"https:\/\/beacontower.io\/wp-content\/uploads\/2021\/04\/BT-logo-web.png","width":400,"height":175,"caption":"Beacon Tower"},"image":{"@id":"https:\/\/beacontower.io\/da\/#\/schema\/logo\/image\/"},"sameAs":["https:\/\/www.linkedin.com\/company\/glaze-about"]}]}},"_links":{"self":[{"href":"https:\/\/beacontower.io\/da\/wp-json\/wp\/v2\/pages\/30971","targetHints":{"allow":["GET"]}}],"collection":[{"href":"https:\/\/beacontower.io\/da\/wp-json\/wp\/v2\/pages"}],"about":[{"href":"https:\/\/beacontower.io\/da\/wp-json\/wp\/v2\/types\/page"}],"author":[{"embeddable":true,"href":"https:\/\/beacontower.io\/da\/wp-json\/wp\/v2\/users\/2"}],"replies":[{"embeddable":true,"href":"https:\/\/beacontower.io\/da\/wp-json\/wp\/v2\/comments?post=30971"}],"version-history":[{"count":13,"href":"https:\/\/beacontower.io\/da\/wp-json\/wp\/v2\/pages\/30971\/revisions"}],"predecessor-version":[{"id":34927,"href":"https:\/\/beacontower.io\/da\/wp-json\/wp\/v2\/pages\/30971\/revisions\/34927"}],"wp:featuredmedia":[{"embeddable":true,"href":"https:\/\/beacontower.io\/da\/wp-json\/wp\/v2\/media\/30973"}],"wp:attachment":[{"href":"https:\/\/beacontower.io\/da\/wp-json\/wp\/v2\/media?parent=30971"}],"curies":[{"name":"wp","href":"https:\/\/api.w.org\/{rel}","templated":true}]}}