{"id":30892,"date":"2020-11-03T11:50:50","date_gmt":"2020-11-03T11:50:50","guid":{"rendered":"https:\/\/beacontower.io\/about\/"},"modified":"2024-08-23T07:56:47","modified_gmt":"2024-08-23T07:56:47","slug":"om-beacon-tower","status":"publish","type":"page","link":"https:\/\/beacontower.io\/da\/om-beacon-tower\/","title":{"rendered":"Om Beacon Tower"},"content":{"rendered":"<p>[et_pb_section fb_built=&#8221;1&#8243; _builder_version=&#8221;4.16&#8243; _module_preset=&#8221;default&#8221; background_color=&#8221;#f4f4f4&#8243; custom_margin=&#8221;||-20px||false|false&#8221; locked=&#8221;off&#8221; global_colors_info=&#8221;{}&#8221;][et_pb_row column_structure=&#8221;2_3,1_3&#8243; make_equal=&#8221;on&#8221; _builder_version=&#8221;4.16&#8243; _module_preset=&#8221;default&#8221; custom_margin=&#8221;100px||||false|false&#8221; custom_margin_tablet=&#8221;40px||||false|false&#8221; custom_margin_phone=&#8221;0px||||false|false&#8221; custom_margin_last_edited=&#8221;on|phone&#8221; locked=&#8221;off&#8221; global_colors_info=&#8221;{}&#8221;][et_pb_column type=&#8221;2_3&#8243; _builder_version=&#8221;4.16&#8243; _module_preset=&#8221;default&#8221; custom_css_main_element=&#8221;align-self: center !important;&#8221; global_colors_info=&#8221;{}&#8221;][et_pb_text _builder_version=&#8221;4.16&#8243; _module_preset=&#8221;default&#8221; header_font=&#8221;|700|||||||&#8221; custom_padding=&#8221;|||110px|false|false&#8221; custom_padding_tablet=&#8221;|||0px|false|false&#8221; custom_padding_phone=&#8221;&#8221; custom_padding_last_edited=&#8221;on|phone&#8221; global_colors_info=&#8221;{}&#8221;]<\/p>\n<h1>Om Beacon Tower<\/h1>\n<p>Beacon Tower er lavet til at underst\u00f8tte kravene til safety-, security- og missionskritisk anvendelse i forbindelse med industrielle aktiver og deres driftsmilj\u00f8er.<\/p>\n<p>Beacon Tower er en skal\u00e9rbar IoT-cloud platform, b\u00e5de hvad ang\u00e5r pris, funktionalitet og kapacitet; muligt at skalere fra meget sm\u00e5 l\u00f8sninger med f\u00e5 krav til meget h\u00f8je belastninger og komplekse krav.<\/p>\n<p>L\u00e6s om vores <a href=\"https:\/\/beacontower.io\/da\/cases\/\">udvalgte referencecases her<\/a>.<\/p>\n<p>[\/et_pb_text][\/et_pb_column][et_pb_column type=&#8221;1_3&#8243; _builder_version=&#8221;4.16&#8243; _module_preset=&#8221;default&#8221; global_colors_info=&#8221;{}&#8221;][et_pb_image src=&#8221;https:\/\/beacontower.io\/wp-content\/uploads\/2021\/05\/about-bt.png&#8221; title_text=&#8221;GLAZE_Connected-Industries_MLA-980&#215;971&#8243; _builder_version=&#8221;4.16&#8243; _module_preset=&#8221;default&#8221; width=&#8221;60%&#8221; module_alignment=&#8221;center&#8221; animation_style=&#8221;slide&#8221; animation_direction=&#8221;right&#8221; animation_intensity_slide=&#8221;4%&#8221; global_colors_info=&#8221;{}&#8221;][\/et_pb_image][\/et_pb_column][\/et_pb_row][\/et_pb_section][et_pb_section fb_built=&#8221;1&#8243; _builder_version=&#8221;4.16&#8243; background_enable_color=&#8221;off&#8221; global_colors_info=&#8221;{}&#8221;][et_pb_row _builder_version=&#8221;4.16&#8243; global_colors_info=&#8221;{}&#8221;][et_pb_column type=&#8221;4_4&#8243; _builder_version=&#8221;4.16&#8243; global_colors_info=&#8221;{}&#8221;][et_pb_divider divider_weight=&#8221;3px&#8221; _builder_version=&#8221;4.16&#8243; _module_preset=&#8221;default&#8221; max_width=&#8221;100px&#8221; module_alignment=&#8221;center&#8221; custom_margin=&#8221;0px||20px||false|false&#8221; animation_style=&#8221;slide&#8221; animation_direction=&#8221;bottom&#8221; global_colors_info=&#8221;{}&#8221;][\/et_pb_divider][et_pb_text _builder_version=&#8221;4.16&#8243; text_text_color=&#8221;#ffffff&#8221; text_orientation=&#8221;center&#8221; global_colors_info=&#8221;{}&#8221;]<\/p>\n<h2><strong><span>Baggrund<\/span><\/strong><\/h2>\n<p>[\/et_pb_text][\/et_pb_column][\/et_pb_row][et_pb_row _builder_version=&#8221;4.16&#8243; global_colors_info=&#8221;{}&#8221;][et_pb_column type=&#8221;4_4&#8243; _builder_version=&#8221;4.16&#8243; global_colors_info=&#8221;{}&#8221;][et_pb_text _builder_version=&#8221;4.16&#8243; global_colors_info=&#8221;{}&#8221;]<\/p>\n<p><span>Beacon Tower er resultatet af talrige store og sm\u00e5 tilpassede IIoT-projekter (Industrial Internet of Things), der er implementeret i de senere \u00e5r af <a href=\"https:\/\/www.glazeholding.com\">Glaze<\/a> p\u00e5 Microsoft Azure. Beacon Tower bruger en IIoT-specifik arkitektur af cloud native-tjenester og teknologif\u00f8rende open source-komponenter, grundigt testet og n\u00f8je udvalgt. P\u00e5 grund af dens struktur kan Beacon Tower skaleres til virksomheder med tusindvis af aktiver s\u00e5vel som til virksomheder med kun f\u00e5 tilsluttede IoT-enheder.<\/span><\/p>\n<p><span><a href=\"https:\/\/www.glazeholding.com\">Glaze<\/a> er et IoT-l\u00f8sningsfirma, der specialiserer sig i at hj\u00e6lpe virksomheder med at skabe nye forretningsv\u00e6rdier ved at udnytte potentialet i IoT. Glaze har hjulpet mange organisationer med: business cases, integration af IoT-clouds til produkter, tilslutning af fabrikker og udvikling af opkoblede sensorl\u00f8sninger. Virksomheden har en agil proces og hj\u00e6lper kunder med at oprette piloter, skalere op og implementere fremtidssikrede IoT-l\u00f8sninger. Glaze best\u00e5r af teknologieksperter der har en samlet erfaring med alle fem lag i IoT-teknologistakken (hardware, software, kommunikation, cloudplatforme og cloudapplikationer) og Glaze har lanceret flere IoT-l\u00f8sninger p\u00e5 markedet. Det er disse mange erfaringer fra en r\u00e6kke <a href=\"https:\/\/beacontower.io\/da\/industrier-loesninger\/\">forskellige brancher og use-cases <\/a> der har tydeliggjort behovet for en fleksibel og enterprise-klar IoT-cloud platform med <a href=\"https:\/\/beacontower.io\/da\/kom-i-gang\/\">sikker og hurtig udrulning<\/a>.<\/span><br \/><span><\/span><\/p>\n<p><span>Nogle af de kunder, der har hjulpet med at forme Beacon Tower, er angivet her:<\/span><\/p>\n<p>[\/et_pb_text][\/et_pb_column][\/et_pb_row][et_pb_row column_structure=&#8221;1_5,1_5,1_5,1_5,1_5&#8243; _builder_version=&#8221;4.16&#8243; global_colors_info=&#8221;{}&#8221;][et_pb_column type=&#8221;1_5&#8243; _builder_version=&#8221;4.16&#8243; global_colors_info=&#8221;{}&#8221;][et_pb_image src=&#8221;https:\/\/beacontower.io\/wp-content\/uploads\/2020\/08\/urbanwater.png&#8221; align=&#8221;center&#8221; _builder_version=&#8221;4.16&#8243; global_colors_info=&#8221;{}&#8221;][\/et_pb_image][\/et_pb_column][et_pb_column type=&#8221;1_5&#8243; _builder_version=&#8221;4.16&#8243; global_colors_info=&#8221;{}&#8221;][et_pb_image src=&#8221;https:\/\/beacontower.io\/wp-content\/uploads\/2020\/08\/fluisense.png&#8221; align=&#8221;center&#8221; _builder_version=&#8221;4.16&#8243; global_colors_info=&#8221;{}&#8221;][\/et_pb_image][\/et_pb_column][et_pb_column type=&#8221;1_5&#8243; _builder_version=&#8221;4.16&#8243; global_colors_info=&#8221;{}&#8221;][et_pb_image src=&#8221;https:\/\/beacontower.io\/wp-content\/uploads\/2020\/08\/swedishnet.png&#8221; align=&#8221;center&#8221; _builder_version=&#8221;4.16&#8243; global_colors_info=&#8221;{}&#8221;][\/et_pb_image][\/et_pb_column][et_pb_column type=&#8221;1_5&#8243; _builder_version=&#8221;4.16&#8243; global_colors_info=&#8221;{}&#8221;][et_pb_image src=&#8221;https:\/\/beacontower.io\/wp-content\/uploads\/2020\/08\/brimon.png&#8221; align=&#8221;center&#8221; _builder_version=&#8221;4.16&#8243; global_colors_info=&#8221;{}&#8221;][\/et_pb_image][\/et_pb_column][et_pb_column type=&#8221;1_5&#8243; _builder_version=&#8221;4.16&#8243; global_colors_info=&#8221;{}&#8221;][et_pb_image src=&#8221;https:\/\/beacontower.io\/wp-content\/uploads\/2020\/08\/ectogrid.png&#8221; title_text=&#8221;ectogrid&#8221; align=&#8221;center&#8221; _builder_version=&#8221;4.16&#8243; width=&#8221;38%&#8221; global_colors_info=&#8221;{}&#8221;][\/et_pb_image][\/et_pb_column][\/et_pb_row][et_pb_row column_structure=&#8221;1_5,1_5,1_5,1_5,1_5&#8243; _builder_version=&#8221;4.16&#8243; global_colors_info=&#8221;{}&#8221;][et_pb_column type=&#8221;1_5&#8243; _builder_version=&#8221;4.16&#8243; global_colors_info=&#8221;{}&#8221;][et_pb_image src=&#8221;https:\/\/beacontower.io\/wp-content\/uploads\/2020\/08\/eon.png&#8221; align=&#8221;center&#8221; _builder_version=&#8221;4.16&#8243; global_colors_info=&#8221;{}&#8221;][\/et_pb_image][\/et_pb_column][et_pb_column type=&#8221;1_5&#8243; _builder_version=&#8221;4.16&#8243; global_colors_info=&#8221;{}&#8221;][et_pb_image src=&#8221;https:\/\/beacontower.io\/wp-content\/uploads\/2020\/08\/tetrapak.png&#8221; alt=&#8221;Beacon Tower | Azure IoT Cloud and Edge Platform | IoT technology&#8221; align=&#8221;center&#8221; _builder_version=&#8221;4.16&#8243; global_colors_info=&#8221;{}&#8221;][\/et_pb_image][\/et_pb_column][et_pb_column type=&#8221;1_5&#8243; _builder_version=&#8221;4.16&#8243; global_colors_info=&#8221;{}&#8221;][et_pb_image src=&#8221;https:\/\/beacontower.io\/wp-content\/uploads\/2020\/08\/flsmidth.png&#8221; alt=&#8221;Beacon Tower | Azure IoT Cloud and Edge Platform | IoT technology&#8221; align=&#8221;center&#8221; _builder_version=&#8221;4.16&#8243; global_colors_info=&#8221;{}&#8221;][\/et_pb_image][\/et_pb_column][et_pb_column type=&#8221;1_5&#8243; _builder_version=&#8221;4.16&#8243; global_colors_info=&#8221;{}&#8221;][et_pb_image src=&#8221;https:\/\/beacontower.io\/wp-content\/uploads\/2020\/08\/lithium-balance.jpg&#8221; alt=&#8221;Beacon Tower | Azure IoT Cloud and Edge Platform | IoT technology&#8221; _builder_version=&#8221;4.16&#8243; global_colors_info=&#8221;{}&#8221;][\/et_pb_image][\/et_pb_column][et_pb_column type=&#8221;1_5&#8243; _builder_version=&#8221;4.16&#8243; global_colors_info=&#8221;{}&#8221;][et_pb_image src=&#8221;https:\/\/beacontower.io\/wp-content\/uploads\/2020\/08\/topdanmark.jpg&#8221; alt=&#8221;Beacon Tower | Azure IoT Cloud and Edge Platform | IoT technology&#8221; _builder_version=&#8221;4.16&#8243; global_colors_info=&#8221;{}&#8221;][\/et_pb_image][\/et_pb_column][\/et_pb_row][et_pb_row column_structure=&#8221;1_5,1_5,1_5,1_5,1_5&#8243; _builder_version=&#8221;4.16&#8243; global_colors_info=&#8221;{}&#8221;][et_pb_column type=&#8221;1_5&#8243; _builder_version=&#8221;4.16&#8243; global_colors_info=&#8221;{}&#8221;][et_pb_image src=&#8221;https:\/\/beacontower.io\/wp-content\/uploads\/2020\/08\/regin.png&#8221; alt=&#8221;Beacon Tower | Azure IoT Cloud and Edge Platform | IoT technology&#8221; _builder_version=&#8221;4.16&#8243; global_colors_info=&#8221;{}&#8221;][\/et_pb_image][\/et_pb_column][et_pb_column type=&#8221;1_5&#8243; _builder_version=&#8221;4.16&#8243; global_colors_info=&#8221;{}&#8221;][et_pb_image src=&#8221;https:\/\/beacontower.io\/wp-content\/uploads\/2020\/08\/natus.png&#8221; alt=&#8221;Beacon Tower | Azure IoT Cloud and Edge Platform | IoT technology&#8221; _builder_version=&#8221;4.16&#8243; global_colors_info=&#8221;{}&#8221;][\/et_pb_image][\/et_pb_column][et_pb_column type=&#8221;1_5&#8243; _builder_version=&#8221;4.16&#8243; global_colors_info=&#8221;{}&#8221;][et_pb_image src=&#8221;https:\/\/beacontower.io\/wp-content\/uploads\/2020\/08\/acconeer.png&#8221; alt=&#8221;Beacon Tower | Azure IoT Cloud and Edge Platform | IoT technology&#8221; _builder_version=&#8221;4.16&#8243; global_colors_info=&#8221;{}&#8221;][\/et_pb_image][\/et_pb_column][et_pb_column type=&#8221;1_5&#8243; _builder_version=&#8221;4.16&#8243; global_colors_info=&#8221;{}&#8221;][et_pb_image src=&#8221;https:\/\/beacontower.io\/wp-content\/uploads\/2020\/08\/acarix.png&#8221; alt=&#8221;Beacon Tower | Azure IoT Cloud and Edge Platform | IoT technology&#8221; _builder_version=&#8221;4.16&#8243; global_colors_info=&#8221;{}&#8221;][\/et_pb_image][\/et_pb_column][et_pb_column type=&#8221;1_5&#8243; _builder_version=&#8221;4.16&#8243; global_colors_info=&#8221;{}&#8221;][et_pb_image src=&#8221;https:\/\/beacontower.io\/wp-content\/uploads\/2020\/08\/sonossteam.png&#8221; alt=&#8221;Beacon Tower | Azure IoT Cloud and Edge Platform | IoT technology&#8221; _builder_version=&#8221;4.16&#8243; global_colors_info=&#8221;{}&#8221;][\/et_pb_image][\/et_pb_column][\/et_pb_row][\/et_pb_section]<\/p>\n","protected":false},"excerpt":{"rendered":"<p>Om Beacon Tower Beacon Tower er lavet til at underst\u00f8tte kravene til safety-, security- og missionskritisk anvendelse i forbindelse med industrielle aktiver og deres driftsmilj\u00f8er. Beacon Tower er en skal\u00e9rbar IoT-cloud platform, b\u00e5de hvad ang\u00e5r pris, funktionalitet og kapacitet; muligt at skalere fra meget sm\u00e5 l\u00f8sninger med f\u00e5 krav til meget h\u00f8je belastninger og komplekse [&hellip;]<\/p>\n","protected":false},"author":2,"featured_media":30895,"parent":0,"menu_order":0,"comment_status":"closed","ping_status":"closed","template":"","meta":{"_et_pb_use_builder":"on","_et_pb_old_content":"","_et_gb_content_width":"","footnotes":""},"class_list":["post-30892","page","type-page","status-publish","has-post-thumbnail","hentry"],"yoast_head":"<!-- This site is optimized with the Yoast SEO plugin v27.4 - https:\/\/yoast.com\/product\/yoast-seo-wordpress\/ -->\n<title>Om Beacon Tower | Azure IoT Cloud og Edge Platform<\/title>\n<meta name=\"description\" content=\"Beacon Tower er en skal\u00e9rbar IoT-cloud platform; muligt at skalere fra meget sm\u00e5 l\u00f8sninger med f\u00e5 krav til meget h\u00f8je belastninger og komplekse krav.\" \/>\n<meta name=\"robots\" content=\"index, follow, max-snippet:-1, max-image-preview:large, max-video-preview:-1\" \/>\n<link rel=\"canonical\" href=\"https:\/\/beacontower.io\/da\/om-beacon-tower\/\" \/>\n<meta property=\"og:locale\" content=\"da_DK\" \/>\n<meta property=\"og:type\" content=\"article\" \/>\n<meta property=\"og:title\" content=\"Om Beacon Tower | Azure IoT Cloud og Edge Platform\" \/>\n<meta property=\"og:description\" content=\"Beacon Tower er en skal\u00e9rbar IoT-cloud platform; muligt at skalere fra meget sm\u00e5 l\u00f8sninger med f\u00e5 krav til meget h\u00f8je belastninger og komplekse krav.\" \/>\n<meta property=\"og:url\" content=\"https:\/\/beacontower.io\/da\/om-beacon-tower\/\" \/>\n<meta property=\"og:site_name\" content=\"Beacon Tower\" \/>\n<meta property=\"article:modified_time\" content=\"2024-08-23T07:56:47+00:00\" \/>\n<meta property=\"og:image\" content=\"https:\/\/beacontower.io\/wp-content\/uploads\/2020\/08\/ectogrid.png\" \/>\n\t<meta property=\"og:image:width\" content=\"225\" \/>\n\t<meta property=\"og:image:height\" content=\"225\" \/>\n\t<meta property=\"og:image:type\" content=\"image\/png\" \/>\n<meta name=\"twitter:card\" content=\"summary_large_image\" \/>\n<meta name=\"twitter:label1\" content=\"Estimeret l\u00e6setid\" \/>\n\t<meta name=\"twitter:data1\" content=\"6 minutter\" \/>\n<script type=\"application\/ld+json\" class=\"yoast-schema-graph\">{\"@context\":\"https:\\\/\\\/schema.org\",\"@graph\":[{\"@type\":\"WebPage\",\"@id\":\"https:\\\/\\\/beacontower.io\\\/da\\\/om-beacon-tower\\\/\",\"url\":\"https:\\\/\\\/beacontower.io\\\/da\\\/om-beacon-tower\\\/\",\"name\":\"Om Beacon Tower | Azure IoT Cloud og Edge Platform\",\"isPartOf\":{\"@id\":\"https:\\\/\\\/beacontower.io\\\/da\\\/#website\"},\"primaryImageOfPage\":{\"@id\":\"https:\\\/\\\/beacontower.io\\\/da\\\/om-beacon-tower\\\/#primaryimage\"},\"image\":{\"@id\":\"https:\\\/\\\/beacontower.io\\\/da\\\/om-beacon-tower\\\/#primaryimage\"},\"thumbnailUrl\":\"https:\\\/\\\/beacontower.io\\\/wp-content\\\/uploads\\\/2020\\\/08\\\/ectogrid.png\",\"datePublished\":\"2020-11-03T11:50:50+00:00\",\"dateModified\":\"2024-08-23T07:56:47+00:00\",\"description\":\"Beacon Tower er en skal\u00e9rbar IoT-cloud platform; muligt at skalere fra meget sm\u00e5 l\u00f8sninger med f\u00e5 krav til meget h\u00f8je belastninger og komplekse krav.\",\"breadcrumb\":{\"@id\":\"https:\\\/\\\/beacontower.io\\\/da\\\/om-beacon-tower\\\/#breadcrumb\"},\"inLanguage\":\"da-DK\",\"potentialAction\":[{\"@type\":\"ReadAction\",\"target\":[\"https:\\\/\\\/beacontower.io\\\/da\\\/om-beacon-tower\\\/\"]}]},{\"@type\":\"ImageObject\",\"inLanguage\":\"da-DK\",\"@id\":\"https:\\\/\\\/beacontower.io\\\/da\\\/om-beacon-tower\\\/#primaryimage\",\"url\":\"https:\\\/\\\/beacontower.io\\\/wp-content\\\/uploads\\\/2020\\\/08\\\/ectogrid.png\",\"contentUrl\":\"https:\\\/\\\/beacontower.io\\\/wp-content\\\/uploads\\\/2020\\\/08\\\/ectogrid.png\",\"width\":225,\"height\":225,\"caption\":\"Beacon Tower\"},{\"@type\":\"BreadcrumbList\",\"@id\":\"https:\\\/\\\/beacontower.io\\\/da\\\/om-beacon-tower\\\/#breadcrumb\",\"itemListElement\":[{\"@type\":\"ListItem\",\"position\":1,\"name\":\"Home\",\"item\":\"https:\\\/\\\/beacontower.io\\\/da\\\/azure-iot-cloud-and-edge-platform\\\/\"},{\"@type\":\"ListItem\",\"position\":2,\"name\":\"Om Beacon Tower\"}]},{\"@type\":\"WebSite\",\"@id\":\"https:\\\/\\\/beacontower.io\\\/da\\\/#website\",\"url\":\"https:\\\/\\\/beacontower.io\\\/da\\\/\",\"name\":\"Beacon Tower\",\"description\":\"Azure IoT Cloud and Edge Platform\",\"publisher\":{\"@id\":\"https:\\\/\\\/beacontower.io\\\/da\\\/#organization\"},\"potentialAction\":[{\"@type\":\"SearchAction\",\"target\":{\"@type\":\"EntryPoint\",\"urlTemplate\":\"https:\\\/\\\/beacontower.io\\\/da\\\/?s={search_term_string}\"},\"query-input\":{\"@type\":\"PropertyValueSpecification\",\"valueRequired\":true,\"valueName\":\"search_term_string\"}}],\"inLanguage\":\"da-DK\"},{\"@type\":\"Organization\",\"@id\":\"https:\\\/\\\/beacontower.io\\\/da\\\/#organization\",\"name\":\"Beacon Tower\",\"url\":\"https:\\\/\\\/beacontower.io\\\/da\\\/\",\"logo\":{\"@type\":\"ImageObject\",\"inLanguage\":\"da-DK\",\"@id\":\"https:\\\/\\\/beacontower.io\\\/da\\\/#\\\/schema\\\/logo\\\/image\\\/\",\"url\":\"https:\\\/\\\/beacontower.io\\\/wp-content\\\/uploads\\\/2021\\\/04\\\/BT-logo-web.png\",\"contentUrl\":\"https:\\\/\\\/beacontower.io\\\/wp-content\\\/uploads\\\/2021\\\/04\\\/BT-logo-web.png\",\"width\":400,\"height\":175,\"caption\":\"Beacon Tower\"},\"image\":{\"@id\":\"https:\\\/\\\/beacontower.io\\\/da\\\/#\\\/schema\\\/logo\\\/image\\\/\"},\"sameAs\":[\"https:\\\/\\\/www.linkedin.com\\\/company\\\/glaze-about\"]}]}<\/script>\n<!-- \/ Yoast SEO plugin. -->","yoast_head_json":{"title":"Om Beacon Tower | Azure IoT Cloud og Edge Platform","description":"Beacon Tower er en skal\u00e9rbar IoT-cloud platform; muligt at skalere fra meget sm\u00e5 l\u00f8sninger med f\u00e5 krav til meget h\u00f8je belastninger og komplekse krav.","robots":{"index":"index","follow":"follow","max-snippet":"max-snippet:-1","max-image-preview":"max-image-preview:large","max-video-preview":"max-video-preview:-1"},"canonical":"https:\/\/beacontower.io\/da\/om-beacon-tower\/","og_locale":"da_DK","og_type":"article","og_title":"Om Beacon Tower | Azure IoT Cloud og Edge Platform","og_description":"Beacon Tower er en skal\u00e9rbar IoT-cloud platform; muligt at skalere fra meget sm\u00e5 l\u00f8sninger med f\u00e5 krav til meget h\u00f8je belastninger og komplekse krav.","og_url":"https:\/\/beacontower.io\/da\/om-beacon-tower\/","og_site_name":"Beacon Tower","article_modified_time":"2024-08-23T07:56:47+00:00","og_image":[{"width":225,"height":225,"url":"https:\/\/beacontower.io\/wp-content\/uploads\/2020\/08\/ectogrid.png","type":"image\/png"}],"twitter_card":"summary_large_image","twitter_misc":{"Estimeret l\u00e6setid":"6 minutter"},"schema":{"@context":"https:\/\/schema.org","@graph":[{"@type":"WebPage","@id":"https:\/\/beacontower.io\/da\/om-beacon-tower\/","url":"https:\/\/beacontower.io\/da\/om-beacon-tower\/","name":"Om Beacon Tower | Azure IoT Cloud og Edge Platform","isPartOf":{"@id":"https:\/\/beacontower.io\/da\/#website"},"primaryImageOfPage":{"@id":"https:\/\/beacontower.io\/da\/om-beacon-tower\/#primaryimage"},"image":{"@id":"https:\/\/beacontower.io\/da\/om-beacon-tower\/#primaryimage"},"thumbnailUrl":"https:\/\/beacontower.io\/wp-content\/uploads\/2020\/08\/ectogrid.png","datePublished":"2020-11-03T11:50:50+00:00","dateModified":"2024-08-23T07:56:47+00:00","description":"Beacon Tower er en skal\u00e9rbar IoT-cloud platform; muligt at skalere fra meget sm\u00e5 l\u00f8sninger med f\u00e5 krav til meget h\u00f8je belastninger og komplekse krav.","breadcrumb":{"@id":"https:\/\/beacontower.io\/da\/om-beacon-tower\/#breadcrumb"},"inLanguage":"da-DK","potentialAction":[{"@type":"ReadAction","target":["https:\/\/beacontower.io\/da\/om-beacon-tower\/"]}]},{"@type":"ImageObject","inLanguage":"da-DK","@id":"https:\/\/beacontower.io\/da\/om-beacon-tower\/#primaryimage","url":"https:\/\/beacontower.io\/wp-content\/uploads\/2020\/08\/ectogrid.png","contentUrl":"https:\/\/beacontower.io\/wp-content\/uploads\/2020\/08\/ectogrid.png","width":225,"height":225,"caption":"Beacon Tower"},{"@type":"BreadcrumbList","@id":"https:\/\/beacontower.io\/da\/om-beacon-tower\/#breadcrumb","itemListElement":[{"@type":"ListItem","position":1,"name":"Home","item":"https:\/\/beacontower.io\/da\/azure-iot-cloud-and-edge-platform\/"},{"@type":"ListItem","position":2,"name":"Om Beacon Tower"}]},{"@type":"WebSite","@id":"https:\/\/beacontower.io\/da\/#website","url":"https:\/\/beacontower.io\/da\/","name":"Beacon Tower","description":"Azure IoT Cloud and Edge Platform","publisher":{"@id":"https:\/\/beacontower.io\/da\/#organization"},"potentialAction":[{"@type":"SearchAction","target":{"@type":"EntryPoint","urlTemplate":"https:\/\/beacontower.io\/da\/?s={search_term_string}"},"query-input":{"@type":"PropertyValueSpecification","valueRequired":true,"valueName":"search_term_string"}}],"inLanguage":"da-DK"},{"@type":"Organization","@id":"https:\/\/beacontower.io\/da\/#organization","name":"Beacon Tower","url":"https:\/\/beacontower.io\/da\/","logo":{"@type":"ImageObject","inLanguage":"da-DK","@id":"https:\/\/beacontower.io\/da\/#\/schema\/logo\/image\/","url":"https:\/\/beacontower.io\/wp-content\/uploads\/2021\/04\/BT-logo-web.png","contentUrl":"https:\/\/beacontower.io\/wp-content\/uploads\/2021\/04\/BT-logo-web.png","width":400,"height":175,"caption":"Beacon Tower"},"image":{"@id":"https:\/\/beacontower.io\/da\/#\/schema\/logo\/image\/"},"sameAs":["https:\/\/www.linkedin.com\/company\/glaze-about"]}]}},"_links":{"self":[{"href":"https:\/\/beacontower.io\/da\/wp-json\/wp\/v2\/pages\/30892","targetHints":{"allow":["GET"]}}],"collection":[{"href":"https:\/\/beacontower.io\/da\/wp-json\/wp\/v2\/pages"}],"about":[{"href":"https:\/\/beacontower.io\/da\/wp-json\/wp\/v2\/types\/page"}],"author":[{"embeddable":true,"href":"https:\/\/beacontower.io\/da\/wp-json\/wp\/v2\/users\/2"}],"replies":[{"embeddable":true,"href":"https:\/\/beacontower.io\/da\/wp-json\/wp\/v2\/comments?post=30892"}],"version-history":[{"count":6,"href":"https:\/\/beacontower.io\/da\/wp-json\/wp\/v2\/pages\/30892\/revisions"}],"predecessor-version":[{"id":36474,"href":"https:\/\/beacontower.io\/da\/wp-json\/wp\/v2\/pages\/30892\/revisions\/36474"}],"wp:featuredmedia":[{"embeddable":true,"href":"https:\/\/beacontower.io\/da\/wp-json\/wp\/v2\/media\/30895"}],"wp:attachment":[{"href":"https:\/\/beacontower.io\/da\/wp-json\/wp\/v2\/media?parent=30892"}],"curies":[{"name":"wp","href":"https:\/\/api.w.org\/{rel}","templated":true}]}}